{"id":4989,"date":"2021-03-26T16:40:14","date_gmt":"2021-03-26T20:40:14","guid":{"rendered":"https:\/\/kitesurflasterrenas.com\/tyrolienne-excursion-samana\/"},"modified":"2021-03-26T16:40:14","modified_gmt":"2021-03-26T20:40:14","slug":"tyrolienne-excursion-samana","status":"publish","type":"page","link":"https:\/\/kitesurflasterrenas.com\/fr\/tyrolienne-excursion-samana\/","title":{"rendered":"Tyrolienne \u00e0 Samana | Excursion au d\u00e9part de Las Terrenas"},"content":{"rendered":"\n<p>D\u00e9couvrez les merveilles de la p\u00e9ninsule de Samana \u00e0 100 m\u00e8tre dans les airs, avec un parcours en tyrolienne qui vous vous permettra d&rsquo;explorer la jungle dominicaine depuis la cime des arbres avec, \u00e0 chaque virage, une vue panoramique sur toute la baie. Une excursion qui fera battre votre c\u0153ur \u00e0 mille \u00e0 l&rsquo;heure, sensations fortes garanties!<\/p>\n\n<h2 class=\"wp-block-heading\"><strong>Parcours de tyrolienne \u00e0 Samana &#8211; Sensations fortes garanties!<\/strong><\/h2>\n\n<p>Faire de la tyrolienne est toujours une exp\u00e9rience exceptionnelle, mais faire de la tyrolienne au-dessus de la jungle de Samana est juste magique! C&rsquo;est l&rsquo;une des attractions les plus fun que vous pouvez faire \u00e0 Las Terrenas. Le parcours comprend 12 lignes au total, avec certaines mesurant plus de 300 m\u00e8tres de long, vous atteindrez une vitesse d&rsquo;environ 60 km\/heure. Au total, un parcours de plus de 2 kilom\u00e8tres vous attend, l&rsquo;un des plus grands des Cara\u00efbes!<\/p>\n\n<p>En chemin, vous aurez une vue sur toute la p\u00e9ninsule, d&rsquo;une c\u00f4te \u00e0 l&rsquo;autre, et par temps clair, vous pourrez m\u00eame voir de loin le<a href=\"https:\/\/kitesurflasterrenas.com\/fr\/excursion-parc-national-los-haitises\/\" target=\"_blank\" rel=\"noopener\"> parc national Los Haitises<\/a> et ses formations rocheuses.<\/p>\n\n<h2 class=\"wp-block-heading\"><strong>Faire de la tyrolienne \u00e0 Samana &#8211; S\u00e9curit\u00e9<\/strong><\/h2>\n\n<p>La tyrolienne o\u00f9 nous vous emm\u00e8nerons utilise les derniers \u00e9quipements de s\u00e9curit\u00e9 pour garantir une exp\u00e9rience toute en douceur. Gr\u00e2ce au <strong>syst\u00e8me de freinage automatique,<\/strong> vous profiterez d&rsquo;une exp\u00e9rience totalement \u00ab\u00a0mains libres\u00a0\u00bb et n&rsquo;aurez pas \u00e0 vous soucier de freiner manuellement trop t\u00f4t ou trop tard. Avec un syst\u00e8me de freinage manuel, vous risquez toujours de rester coinc\u00e9 \u00e0 mi-chemin ou de heurter le poteau en bout de ligne. Ici, les freins s&rsquo;enclenchent automatiquement et commencent \u00e0 vous ralentir progressivement \u00e0 mesure que vous vous approchez de la plate-forme suivante.<\/p>\n\n<p>Le parcours utilise un syst\u00e8me de tyrolienne \u00e0 trois c\u00e2bles pour une s\u00e9curit\u00e9 maximale, et les lignes ont \u00e9t\u00e9 test\u00e9es jusqu&rsquo;\u00e0 11 tonnes. Vous serez attach\u00e9 avec un double harnais qui a deux cames qui courent le long de 2 des c\u00e2bles a\u00e9riens.<\/p>\n\n<p>Si vous ne vous sentez pas \u00e0 l&rsquo;aise pour faire le parcours seul ou pour les jeunes enfants, il y a la possibilit\u00e9 de le faire avec un instructeur.<\/p>\n\n<p> Cette visite est parfaite pour toute la famille et les groupes amis qui recherchent un peu d&rsquo;aventure et veulent visiter Samana autrement.<\/p>\n\n<h2 class=\"wp-block-heading\"><strong>Parcours en tyrolienne &#8211; Excursion au d\u00e9part de Las Terrenas<\/strong><\/h2>\n\n<p>Nous viendrons vous chercher \u00e0 votre h\u00f4tel ou villa \u00e0 Las Terrenas, comptez 60 minutes de trajet jusqu&rsquo;\u00e0 la tyrolienne. \u00c0 notre arriv\u00e9e, le personnel vous expliquera les mesures de s\u00e9curit\u00e9 et vous \u00e9quipera. L&rsquo;ensemble du parcours de tyrolienne dure environ 1 heure, selon le nombre de personnes dans votre groupe.<\/p>\n\n<p>Nos excursions sont priv\u00e9es afin d&rsquo;apporter un meilleur service \u00e0 nos clients et pour que vous puissiez profiter de ce moment en toute intimit\u00e9 avec votre famille et vos amis sans aucuns autres touristes.<\/p>\n\n<p>Une fois le parcours de tyrolienne termin\u00e9, nous visiterons la cascade Lulu, \u00e0 proximit\u00e9, pour nous rafra\u00eechir et terminer la journ\u00e9e avec un plongeon rafra\u00eechissant dans la cascade. Vous pourrez nager, sauter depuis les rochers ou m\u00eame profiter d&rsquo;un hydro-massage naturel tout en profitant de la beaut\u00e9 naturelle de notre pays. <\/p>\n\n<p>Vous devrez apporter des chaussures de randonn\u00e9e, un maillot de bain, votre serviette, de la cr\u00e8me solaire, des lunettes de soleil, un appareil photo et un anti-moustique. N&rsquo;oubliez pas d&#8217;emporter \u00e9galement de quoi grignoter et de l&rsquo;eau.<\/p>\n\n<p>Pour r\u00e9server votre parcours en tyrolienne au d\u00e9part de Las Terrenas ou obtenir plus de d\u00e9tails sur l&rsquo;excursion, n&rsquo;h\u00e9sitez pas \u00e0 nous contacter sur <a href=\"https:\/\/api.whatsapp.com\/send?phone=+1%20(809)%20769-4978\" target=\"_blank\" rel=\"noopener\">WhatsApp<\/a> ou via le <a href=\"https:\/\/kitesurflasterrenas.com\/fr\/contactez-nous-kiteworld-las-terrenas\/\" target=\"_blank\" rel=\"noopener\">formulaire de contact.<\/a><\/p>\n\n<p><\/p>\n","protected":false},"excerpt":{"rendered":"<p>D\u00e9couvrez les merveilles de la p\u00e9ninsule de Samana \u00e0 100 m\u00e8tre dans les airs, avec un parcours en tyrolienne qui vous vous permettra d&rsquo;explorer la jungle dominicaine depuis la cime des arbres avec, \u00e0 chaque virage, une vue panoramique sur toute la baie. Une excursion qui fera battre &#8230; <a title=\"Tyrolienne \u00e0 Samana | Excursion au d\u00e9part de Las Terrenas\" class=\"read-more\" href=\"https:\/\/kitesurflasterrenas.com\/fr\/tyrolienne-excursion-samana\/\" aria-label=\"More on Tyrolienne \u00e0 Samana | Excursion au d\u00e9part de Las Terrenas\">Lire plus<\/a><\/p>\n","protected":false},"author":2,"featured_media":4164,"parent":0,"menu_order":0,"comment_status":"closed","ping_status":"closed","template":"","meta":{"_joinchat":[],"footnotes":""},"class_list":{"0":"post-4989","1":"page","2":"type-page","3":"status-publish","4":"has-post-thumbnail","6":"resize-featured-image"},"_links":{"self":[{"href":"https:\/\/kitesurflasterrenas.com\/fr\/wp-json\/wp\/v2\/pages\/4989","targetHints":{"allow":["GET"]}}],"collection":[{"href":"https:\/\/kitesurflasterrenas.com\/fr\/wp-json\/wp\/v2\/pages"}],"about":[{"href":"https:\/\/kitesurflasterrenas.com\/fr\/wp-json\/wp\/v2\/types\/page"}],"author":[{"embeddable":true,"href":"https:\/\/kitesurflasterrenas.com\/fr\/wp-json\/wp\/v2\/users\/2"}],"replies":[{"embeddable":true,"href":"https:\/\/kitesurflasterrenas.com\/fr\/wp-json\/wp\/v2\/comments?post=4989"}],"version-history":[{"count":1,"href":"https:\/\/kitesurflasterrenas.com\/fr\/wp-json\/wp\/v2\/pages\/4989\/revisions"}],"predecessor-version":[{"id":4991,"href":"https:\/\/kitesurflasterrenas.com\/fr\/wp-json\/wp\/v2\/pages\/4989\/revisions\/4991"}],"wp:featuredmedia":[{"embeddable":true,"href":"https:\/\/kitesurflasterrenas.com\/fr\/wp-json\/wp\/v2\/media\/4164"}],"wp:attachment":[{"href":"https:\/\/kitesurflasterrenas.com\/fr\/wp-json\/wp\/v2\/media?parent=4989"}],"curies":[{"name":"wp","href":"https:\/\/api.w.org\/{rel}","templated":true}]}}