{"id":4966,"date":"2021-03-26T11:32:03","date_gmt":"2021-03-26T15:32:03","guid":{"rendered":"https:\/\/kitesurflasterrenas.com\/excursion-parc-national-los-haitises\/"},"modified":"2021-03-26T11:32:03","modified_gmt":"2021-03-26T15:32:03","slug":"excursion-parc-national-los-haitises","status":"publish","type":"page","link":"https:\/\/kitesurflasterrenas.com\/fr\/excursion-parc-national-los-haitises\/","title":{"rendered":"Excursion au Parc National de Los Haitises"},"content":{"rendered":"\n<p>D\u00e9couvrez le magnifique <strong>parc national de Los Haitises,<\/strong> le m\u00e9lange parfait de nature, d&rsquo;aventure et d&rsquo;histoire. En traversant les mangroves et la jungle pour acc\u00e9der \u00e0 des grottes isol\u00e9es, vous vous sentirez comme Indiana Jones en pleine aventure. Admirez la nature et explorez les grottes o\u00f9 les Tainos ont v\u00e9cu pendant des si\u00e8cles.<\/p>\n\n<h2 class=\"wp-block-heading\">Les grottes Taino dans le parc national Los Haitises<\/h2>\n\n<p>Il n&rsquo;y a pas beaucoup d&rsquo;endroits dans le monde o\u00f9 vous pouvez voir des pictogrammes pr\u00e9historiques, et Los Haitises en est un. Il y a plusieurs grottes ouvertes aux visiteurs o\u00f9 vous trouverez des pictogrammes et des p\u00e9troglyphes, certains ant\u00e9rieurs \u00e0 la culture Taino, les arch\u00e9ologues ne savent toujours pas qui les a exactement dessin\u00e9s. Des artefacts datant de l&rsquo;\u00e8re pr\u00e9c\u00e9ramique ont \u00e9t\u00e9 trouv\u00e9s dans certaines des cavernes.<\/p>\n\n<p>Des traces de plusieurs cultures, dont certaines encore inconnues ont \u00e9t\u00e9 retrouv\u00e9es dans le parc. Les cavernes ont \u00e9t\u00e9 habit\u00e9e depuis environ 3 000 ans. Il y a encore de nombreuses grottes qui n&rsquo;ont pas encore \u00e9t\u00e9 excav\u00e9es car elles sont presque impossibles \u00e0 atteindre.<\/p>\n\n<p>Celle que vous pouvez visiter sont situ\u00e9s pr\u00e8s de la c\u00f4te, mais si vous allez plus loin \u00e0 l&rsquo;int\u00e9rieur du parc, vous en trouverez plus. Peint sur les murs, vous pourrez identifier des animaux, des personnes et des divinit\u00e9s, c&rsquo;est incroyable \u00e0 quel point les peintures ont \u00e9t\u00e9 pr\u00e9serv\u00e9es au fil du temps. Les dessins sont du m\u00eame style que ceux que vous trouverez dans d&rsquo;autres grottes en R\u00e9publique dominicaine. Plus de 1000 peintures ont \u00e9t\u00e9 identifi\u00e9es dans le parc \u00e0 ce jour.<\/p>\n\n<p>Les p\u00e9troglyphes trouv\u00e9s dans certaines des grottes sont une autre caract\u00e9ristique unique de Los Haitises. Ils repr\u00e9sentent principalement des figures humaines grav\u00e9es dans la roche, certaines avec des d\u00e9tails complexes. Les artistes ont utilis\u00e9 la forme des roches sur lesquelles ils sculptaient pour cr\u00e9er une sort d&rsquo;effet 3D.<\/p>\n\n<p>\u00c0 certains endroits, \u00e0 l&rsquo;int\u00e9rieur comme \u00e0 l&rsquo;ext\u00e9rieur des grottes, il y a aussi quelques bas-reliefs bien conserv\u00e9s, sculpt\u00e9s dans les roches. Jusqu&rsquo;\u00e0 pr\u00e9sent, cinq ont \u00e9t\u00e9 trouv\u00e9s dans l&rsquo;enceinte du parc.<\/p>\n\n<figure class=\"wp-block-image size-large\"><img fetchpriority=\"high\" decoding=\"async\" width=\"1000\" height=\"617\" src=\"https:\/\/kitesurflasterrenas.com\/wp-content\/uploads\/2021\/03\/Beach-in-Los-Haitises-National-Park.jpg\" alt=\"Plage au Parc National Los Haitises\" class=\"wp-image-4960\" srcset=\"https:\/\/kitesurflasterrenas.com\/wp-content\/uploads\/2021\/03\/Beach-in-Los-Haitises-National-Park.jpg 1000w, https:\/\/kitesurflasterrenas.com\/wp-content\/uploads\/2021\/03\/Beach-in-Los-Haitises-National-Park-300x185.jpg 300w, https:\/\/kitesurflasterrenas.com\/wp-content\/uploads\/2021\/03\/Beach-in-Los-Haitises-National-Park-768x474.jpg 768w\" sizes=\"(max-width: 1000px) 100vw, 1000px\" \/><\/figure>\n<h2 class=\"wp-block-heading\">Flore et faune dans le parc national Los Haitises<\/h2>\n\n<p>Dans la langue taino, Los Haitises signifie terrain \u00e9lev\u00e9 ou montagne, cet \u00e9cosyst\u00e8me unique s&rsquo;\u00e9tend sur plus de 3200 kilom\u00e8tres de for\u00eats tropicales vierges, de mangroves et de plages isol\u00e9es entrelac\u00e9es dans le littoral o\u00f9 vous trouverez des formations rocheuses spectaculaires, sculpt\u00e9es par des si\u00e8cles d&rsquo;\u00e9rosion, de pluie et de vagues.<\/p>\n\n<p>Le parc national Los Haitises abrite plus de 230 esp\u00e8ces d&rsquo;oiseaux, dont le rare faucon noir. La plupart des oiseaux que vous pourrez voir \u00e0 Los Haitises sont end\u00e9miques de la R\u00e9publique Dominicaine, certains ne peuvent \u00eatre trouv\u00e9s que dans le parc de Los Haitises.<\/p>\n\n<p>Dans la zone marine, il existe de nombreux r\u00e9cifs coralliens bien pr\u00e9serv\u00e9s et leurs eaux sont l&rsquo;habitat d&rsquo;innombrables esp\u00e8ces de poissons, crustac\u00e9s et mollusques. Les mammif\u00e8res marins tels que les baleines, les dauphins et les lamantins sont communs dans les eaux du parc.<\/p>\n\n<p>Los Haitises poss\u00e8de la plus grande diversit\u00e9 d&rsquo;animaux sauvages du pays et l&rsquo;observation d&rsquo;oiseaux rares est assez courante. Votre guide cherchera les oiseaux \u00e0 travers les buissons pour que vous puissiez les voir, si vous avez des jumelles, apportez-les.<\/p>\n\n<figure class=\"wp-block-image size-large\"><img decoding=\"async\" width=\"1000\" height=\"750\" src=\"https:\/\/kitesurflasterrenas.com\/wp-content\/uploads\/2021\/03\/Cave-in-Los-Haitises-National-Park.jpg\" alt=\"Grotte dans le parc national de Los Haitises\" class=\"wp-image-4963\" srcset=\"https:\/\/kitesurflasterrenas.com\/wp-content\/uploads\/2021\/03\/Cave-in-Los-Haitises-National-Park.jpg 1000w, https:\/\/kitesurflasterrenas.com\/wp-content\/uploads\/2021\/03\/Cave-in-Los-Haitises-National-Park-300x225.jpg 300w, https:\/\/kitesurflasterrenas.com\/wp-content\/uploads\/2021\/03\/Cave-in-Los-Haitises-National-Park-768x576.jpg 768w\" sizes=\"(max-width: 1000px) 100vw, 1000px\" \/><\/figure>\n<h2 class=\"wp-block-heading\">Visites et excursions au parc national de Los Haitises<\/h2>\n\n<p>La visite commence t\u00f4t le matin, nous viendrons vous chercher \u00e0 votre h\u00f4tel ou villa \u00e0 Las Terrenas, de l\u00e0, nous nous dirigerons vers un petit port de p\u00e8che local sur la baie de Samana. Nous traverserons ensuite la baie jusqu&rsquo;au parc.<\/p>\n\n<p>Une fois dans le parc, nous explorerons les mangroves depuis le bateau, en passant devant des formations rocheuses karstiques spectaculaires et des plages sauvages. Nous nous arr\u00eaterons pour un d\u00e9jeuner rapide puis nous nous dirigerons vers les grottes. Nous essaierons de rep\u00e9rer des oiseaux sur le chemin et des plantes locales. Le guide vous parlera du parc, son histoire, sa faune et sa flore.<\/p>\n\n<p>Nous visiterons plusieurs grottes o\u00f9 vous pourrez voir les peintures murales et les pictogrammes.<\/p>\n\n<p>Nos guides sont des locaux qui ont pass\u00e9 leur vie \u00e0 explorer le parc et ses environs. Vous ne trouverez pas de meilleure source d&rsquo;informations. Ils se consacrent \u00e0 la protection du parc et au partage de ses merveilles avec les touristes.<\/p>\n\n<p>KiteWorld cherche \u00e0 d\u00e9velopper l&rsquo;\u00e9cotourisme en R\u00e9publique Dominicaine et travaille en \u00e9troite collaboration avec les communaut\u00e9s locales pour pr\u00e9server la faune et la flore locales et g\u00e9n\u00e9rer une source de profits qui profitera aux locaux.<\/p>\n\n<p>Prenez de la cr\u00e8me solaire, un anti-moustique, votre maillot de bain (ayez le sur vous), une serviette, de quoi grignoter et de l&rsquo;eau pour le voyage.<\/p>\n\n<p>Pour r\u00e9server votre visite du parc national Los Haitises au d\u00e9part de Las Terrenas ou pour obtenir plus de d\u00e9tails, n&rsquo;h\u00e9sitez pas \u00e0 nous contacter sur <a href=\"https:\/\/api.whatsapp.com\/send?phone=+1%20(809)%20769-4978\" target=\"_blank\" rel=\"noopener\">WhatsApp<\/a> ou via le formulaire de <a href=\"https:\/\/kitesurflasterrenas.com\/fr\/contactez-nous-kiteworld-las-terrenas\/\">contact.<\/a><\/p>\n","protected":false},"excerpt":{"rendered":"<p>D\u00e9couvrez le magnifique parc national de Los Haitises, le m\u00e9lange parfait de nature, d&rsquo;aventure et d&rsquo;histoire. En traversant les mangroves et la jungle pour acc\u00e9der \u00e0 des grottes isol\u00e9es, vous vous sentirez comme Indiana Jones en pleine aventure. Admirez la nature et explorez les grottes o\u00f9 les Tainos &#8230; <a title=\"Excursion au Parc National de Los Haitises\" class=\"read-more\" href=\"https:\/\/kitesurflasterrenas.com\/fr\/excursion-parc-national-los-haitises\/\" aria-label=\"More on Excursion au Parc National de Los Haitises\">Lire plus<\/a><\/p>\n","protected":false},"author":2,"featured_media":4208,"parent":0,"menu_order":0,"comment_status":"closed","ping_status":"closed","template":"","meta":{"_joinchat":[],"footnotes":""},"class_list":{"0":"post-4966","1":"page","2":"type-page","3":"status-publish","4":"has-post-thumbnail","6":"resize-featured-image"},"_links":{"self":[{"href":"https:\/\/kitesurflasterrenas.com\/fr\/wp-json\/wp\/v2\/pages\/4966","targetHints":{"allow":["GET"]}}],"collection":[{"href":"https:\/\/kitesurflasterrenas.com\/fr\/wp-json\/wp\/v2\/pages"}],"about":[{"href":"https:\/\/kitesurflasterrenas.com\/fr\/wp-json\/wp\/v2\/types\/page"}],"author":[{"embeddable":true,"href":"https:\/\/kitesurflasterrenas.com\/fr\/wp-json\/wp\/v2\/users\/2"}],"replies":[{"embeddable":true,"href":"https:\/\/kitesurflasterrenas.com\/fr\/wp-json\/wp\/v2\/comments?post=4966"}],"version-history":[{"count":1,"href":"https:\/\/kitesurflasterrenas.com\/fr\/wp-json\/wp\/v2\/pages\/4966\/revisions"}],"predecessor-version":[{"id":4969,"href":"https:\/\/kitesurflasterrenas.com\/fr\/wp-json\/wp\/v2\/pages\/4966\/revisions\/4969"}],"wp:featuredmedia":[{"embeddable":true,"href":"https:\/\/kitesurflasterrenas.com\/fr\/wp-json\/wp\/v2\/media\/4208"}],"wp:attachment":[{"href":"https:\/\/kitesurflasterrenas.com\/fr\/wp-json\/wp\/v2\/media?parent=4966"}],"curies":[{"name":"wp","href":"https:\/\/api.w.org\/{rel}","templated":true}]}}