{"id":4907,"date":"2021-03-24T07:58:10","date_gmt":"2021-03-24T11:58:10","guid":{"rendered":"https:\/\/kitesurflasterrenas.com\/excursion-observation-baleines-samana\/"},"modified":"2021-03-26T15:23:56","modified_gmt":"2021-03-26T19:23:56","slug":"excursion-observation-baleines-samana","status":"publish","type":"page","link":"https:\/\/kitesurflasterrenas.com\/fr\/excursion-observation-baleines-samana\/","title":{"rendered":"Observation des baleines \u00e0 Samana | Excursions depuis Las Terrenas"},"content":{"rendered":"\n<p>D\u00e9couvrez les majestueuses baleines \u00e0 bosse lors de cette excursion d&rsquo;observation des baleines dans la baie de Samana. Au d\u00e9part de Las Terrenas, nous embarquerons sur un petit bateau de p\u00eacheurs t\u00f4t le matin pour voir les baleines dans leur habitat naturel.<\/p>\n\n<p>Nous vous emmenons dans un endroit secret, guid\u00e9 par un p\u00eacheur local, o\u00f9 vous pourrez assister \u00e0 ce ph\u00e9nom\u00e8ne unique qui se produit chaque ann\u00e9e en hiver. Vous verrez les m\u00e8res jouer avec leur nouveau-n\u00e9 et entendrez les m\u00e2les chanter leur amour aux femelles.<\/p>\n\n<h2 class=\"wp-block-heading\">\u00c0 la d\u00e9couverte des majestueuses baleines \u00e0 bosse de Samana<\/h2>\n\n<p>De la mi-janvier \u00e0 la mi-mars, les baleines \u00e0 bosse affluent vers les eaux chaudes des Cara\u00efbes pour accoucher et apprendre \u00e0 leurs b\u00e9b\u00e9s \u00e0 nager et \u00e0 sauter. Les regarder jouer dans l&rsquo;eau, voir leurs jeunes b\u00e9b\u00e9s, est un spectacle unique.<\/p>\n\n<p>La plupart des groupes de <a href=\"https:\/\/www.francetvinfo.fr\/animaux\/la-plupart-des-baleine-a-bosse-ne-sont-plus-en-danger-d-extinction_1813737.html\" target=\"_blank\" rel=\"noopener\">baleines \u00e0 bosse ne sont plus en voie de disparition<\/a> depuis 2016, mais quelques groupes restent en danger. Ces baleines peuvent devenir plus grande qu&rsquo;un autobus scolaire. Elles peuvent parcourir plus de 8 000 kilom\u00e8tres pendant leur saison de migration et peuvent \u00eatre trouv\u00e9es presque partout dans le monde. Les baleines \u00e0 bosse que vous verrez \u00e0 Samana passent leur \u00e9t\u00e9 dans le nord de l&rsquo;oc\u00e9an Atlantique, o\u00f9 elles se nourrissent pour faire des r\u00e9serves de graisse et migrent vers les Cara\u00efbes en hiver, pour \u00e9chapper au froid, accoucher et se reproduire.<\/p>\n\n<p>Les baleines \u00e0 bosse ont une dur\u00e9e de vie de 80 \u00e0 90 ans et migrent chaque ann\u00e9e. La gestation dure 11 mois et les femelles ont g\u00e9n\u00e9ralement un b\u00e9b\u00e9 tous les 2 \u00e0 3 ans, donnant naissance \u00e0 des baleineaux de 4 \u00e0 5 m\u00e8tres (de longueur). Les b\u00e9b\u00e9s restent jusqu&rsquo;\u00e0 un an avec leur m\u00e8re avant de vivre seuls.<\/p>\n\n<figure class=\"wp-block-image size-large\"><img fetchpriority=\"high\" decoding=\"async\" width=\"1024\" height=\"665\" src=\"https:\/\/kitesurflasterrenas.com\/wp-content\/uploads\/2020\/01\/humpback-whale-591126_1920-1024x665.jpg\" alt=\"Excursion d'observation des baleines &#xE0; bosse &#xE0; Las Terrenas en R&#xE9;publique dominicaine\" class=\"wp-image-4160\" srcset=\"https:\/\/kitesurflasterrenas.com\/wp-content\/uploads\/2020\/01\/humpback-whale-591126_1920-1024x665.jpg 1024w, https:\/\/kitesurflasterrenas.com\/wp-content\/uploads\/2020\/01\/humpback-whale-591126_1920-300x195.jpg 300w, https:\/\/kitesurflasterrenas.com\/wp-content\/uploads\/2020\/01\/humpback-whale-591126_1920-768x499.jpg 768w, https:\/\/kitesurflasterrenas.com\/wp-content\/uploads\/2020\/01\/humpback-whale-591126_1920-1536x998.jpg 1536w, https:\/\/kitesurflasterrenas.com\/wp-content\/uploads\/2020\/01\/humpback-whale-591126_1920.jpg 1920w\" sizes=\"(max-width: 1024px) 100vw, 1024px\" \/><\/figure>\n<p>La baleine \u00e0 bosse est probablement la meilleure esp\u00e8ce pour l&rsquo;observation des baleines car elles aiment venir vers le rivage et rester \u00e0 la surface.<\/p>\n\n<p>Pendant la visite, vous pourrez regarder la m\u00e8re jouer dans l&rsquo;eau avec son baleineau, lui apprenant \u00e0 nager et \u00e0 sauter. Apr\u00e8s avoir accouch\u00e9, les m\u00e8res viennent dans la baie de Samana avec leurs b\u00e9b\u00e9s et y restent quelques mois avant de regagner le nord.<\/p>\n\n<p>Les m\u00e2les et les femelles qui n&rsquo;ont pas accouch\u00e9 se rendent \u00e9galement dans la baie de Samana pour se reproduire. L&rsquo;hiver est le moment o\u00f9 les baleines se reproduisent, et vous pourrez entendre les m\u00e2le chanter leur amour pendant des heures, tentant de s\u00e9duire une femelle. Leur chanson peut souvent \u00eatre entendue \u00e0 plus de 30 kilom\u00e8tres de distance.<\/p>\n\n<h2 class=\"wp-block-heading\">Inclus dans notre excursion d&rsquo;observation des baleines \u00e0 Samana:<\/h2>\n\n<ul class=\"wp-block-list\"><li>Prise en charge depuis votre h\u00f4tel;<\/li><li>Transport vers \/ depuis le port d&#8217;embarquation;<\/li><li>Promenade en bateau;<\/li><li>Guide (anglais, fran\u00e7ais, espagnol ou portugais);<\/li><\/ul>\n<p>Nos visites sont priv\u00e9es, il n&rsquo;y aura que vous et votre groupe, nous commen\u00e7ons le tour avant les autres agences de voyage et allons dans des endroits secrets, afin que vous puissiez profiter du spectacle sans aucun autre touriste.<\/p>\n\n<h2 class=\"wp-block-heading\">Ce dont vous aurez besoin lors de la visite :<\/h2>\n\n<p>Emporter une veste de pluie l\u00e9g\u00e8re, le matin peut \u00eatre frais \u00e0 Samana et il peut pleuvoir, et des v\u00eatements de protection pour le soleil et n&rsquo;oubliez pas vos lunettes de soleil.<\/p>\n\n<p>N&rsquo;oubliez pas votre cr\u00e8me solaire, ainsi qu&rsquo;un spray anti-moustique.<\/p>\n\n<p>Et surtout &#8211; votre appareil photo, pour que vous puissiez prendre de superbes photos et vid\u00e9os des baleines! Si vous avez un \u00e9tui \u00e9tanche, prenez-le aussi, au cas o\u00f9 il pleuvrait. <\/p>\n\n<p><em><strong>Pour r\u00e9server votre excursion d&rsquo;observation des baleines \u00e0 Samana ou obtenir plus de d\u00e9tails, contactez-nous sur <a href=\"https:\/\/api.whatsapp.com\/send?phone=+1%20(809)%20769-4978\" target=\"_blank\" rel=\"noopener\">WhatsApp<\/a> ou via le <a href=\"https:\/\/kitesurflasterrenas.com\/fr\/contactez-nous-kiteworld-las-terrenas\/\">formulaire de contact<\/a>.<\/strong><\/em><\/p>\n","protected":false},"excerpt":{"rendered":"<p>D\u00e9couvrez les majestueuses baleines \u00e0 bosse lors de cette excursion d&rsquo;observation des baleines dans la baie de Samana. Au d\u00e9part de Las Terrenas, nous embarquerons sur un petit bateau de p\u00eacheurs t\u00f4t le matin pour voir les baleines dans leur habitat naturel. Nous vous emmenons dans un endroit &#8230; <a title=\"Observation des baleines \u00e0 Samana | Excursions depuis Las Terrenas\" class=\"read-more\" href=\"https:\/\/kitesurflasterrenas.com\/fr\/excursion-observation-baleines-samana\/\" aria-label=\"More on Observation des baleines \u00e0 Samana | Excursions depuis Las Terrenas\">Lire plus<\/a><\/p>\n","protected":false},"author":2,"featured_media":4801,"parent":0,"menu_order":0,"comment_status":"closed","ping_status":"closed","template":"","meta":{"_joinchat":[],"footnotes":""},"class_list":{"0":"post-4907","1":"page","2":"type-page","3":"status-publish","4":"has-post-thumbnail","6":"resize-featured-image"},"_links":{"self":[{"href":"https:\/\/kitesurflasterrenas.com\/fr\/wp-json\/wp\/v2\/pages\/4907","targetHints":{"allow":["GET"]}}],"collection":[{"href":"https:\/\/kitesurflasterrenas.com\/fr\/wp-json\/wp\/v2\/pages"}],"about":[{"href":"https:\/\/kitesurflasterrenas.com\/fr\/wp-json\/wp\/v2\/types\/page"}],"author":[{"embeddable":true,"href":"https:\/\/kitesurflasterrenas.com\/fr\/wp-json\/wp\/v2\/users\/2"}],"replies":[{"embeddable":true,"href":"https:\/\/kitesurflasterrenas.com\/fr\/wp-json\/wp\/v2\/comments?post=4907"}],"version-history":[{"count":3,"href":"https:\/\/kitesurflasterrenas.com\/fr\/wp-json\/wp\/v2\/pages\/4907\/revisions"}],"predecessor-version":[{"id":4911,"href":"https:\/\/kitesurflasterrenas.com\/fr\/wp-json\/wp\/v2\/pages\/4907\/revisions\/4911"}],"wp:featuredmedia":[{"embeddable":true,"href":"https:\/\/kitesurflasterrenas.com\/fr\/wp-json\/wp\/v2\/media\/4801"}],"wp:attachment":[{"href":"https:\/\/kitesurflasterrenas.com\/fr\/wp-json\/wp\/v2\/media?parent=4907"}],"curies":[{"name":"wp","href":"https:\/\/api.w.org\/{rel}","templated":true}]}}