{"id":4903,"date":"2021-03-22T14:17:32","date_gmt":"2021-03-22T18:17:32","guid":{"rendered":"https:\/\/kitesurflasterrenas.com\/excursion-cascade-el-limon-samana\/"},"modified":"2021-03-22T14:17:37","modified_gmt":"2021-03-22T18:17:37","slug":"excursion-cascade-el-limon-samana","status":"publish","type":"page","link":"https:\/\/kitesurflasterrenas.com\/fr\/excursion-cascade-el-limon-samana\/","title":{"rendered":"Visite de la cascade d&rsquo;El Limon | Excursions \u00e0 Samana"},"content":{"rendered":"\n<p>Des vacances \u00e0 Las Terrenas ne seraient pas compl\u00e8tes sans la visite de la magnifique cascade El Limon. Parcourez ce site naturel \u00e9poustouflant, entour\u00e9 par la nature et le chant des oiseaux, et plongez dans ses eaux rafra\u00eechissantes.<\/p>\n\n<p>Nous organisons des visites priv\u00e9es et des excursions \u00e0 la cascade d&rsquo;El Limon au d\u00e9part de Las Terrenas. Nous partons t\u00f4t le matin afin de pouvoir y arriver avant la foule et avoir la cascade pour nous seuls pendant un moment.<\/p>\n\n<h2 class=\"wp-block-heading\">Trek \u00e0 la cascade El Lim\u00f3n \u00e0 Samana<\/h2>\n\n<p>Le trek est assez facile et n\u00e9cessite un niveau de condition physique basique. <strong> Le sentier fait environ 2 kilom\u00e8tres de long <\/strong>, avec des pentes et des mont\u00e9es, mais rien de trop raide. La marche dure environ <strong> 30 minutes <\/strong>, plus si vous vous arr\u00eatez souvent pour prendre des photos.<\/p>\n\n<p>Les vues le long du chemin sont \u00e0 couper le souffle, avec des collines verdoyantes \u00e0 perte de vue et la mer \u00e0 l&rsquo;horizon. La plupart du chemin est ombrag\u00e9, le sentier serpente \u00e0 travers la jungle et quelques champs de cacao et de caf\u00e9 au d\u00e9but.<\/p>\n\n<p><strong>Il faut traverser la rivi\u00e8re plusieurs fois,<\/strong> elle est peu profonde, mais c&rsquo;est une bonne id\u00e9e d&#8217;emporter des chaussures antid\u00e9rapantes qui peuvent se mouiller pendant le trek, surtout s&rsquo;il a plu r\u00e9cemment car le chemin peut devenir assez boueux.<\/p>\n\n<p>Si vous le souhaitez, vous avez la possibilit\u00e9 de <strong>louer un cheval<\/strong> pour la majeure partie du parcours. Vous devrez encore faire la derni\u00e8re portion \u00e0 pied car elle est trop raide pour les chevaux. C&rsquo;est une bonne id\u00e9e si vous voulez \u00e9conomiser de l&rsquo;\u00e9nergie si vous vous fatiguez facilement ou si vous n&rsquo;aimez pas vraiment la randonn\u00e9e.<\/p>\n\n<div class=\"wp-block-image\"><figure class=\"aligncenter size-large is-resized\"><img fetchpriority=\"high\" decoding=\"async\" src=\"https:\/\/kitesurflasterrenas.com\/wp-content\/uploads\/2021\/03\/view-from-above-of-El-Limon-Waterfall-in-Samana-576x1024.jpg\" alt=\"Cascade El Limon &#xE0; Samana\" class=\"wp-image-4853\" width=\"456\" height=\"811\" srcset=\"https:\/\/kitesurflasterrenas.com\/wp-content\/uploads\/2021\/03\/view-from-above-of-El-Limon-Waterfall-in-Samana-576x1024.jpg 576w, https:\/\/kitesurflasterrenas.com\/wp-content\/uploads\/2021\/03\/view-from-above-of-El-Limon-Waterfall-in-Samana-169x300.jpg 169w, https:\/\/kitesurflasterrenas.com\/wp-content\/uploads\/2021\/03\/view-from-above-of-El-Limon-Waterfall-in-Samana-768x1365.jpg 768w, https:\/\/kitesurflasterrenas.com\/wp-content\/uploads\/2021\/03\/view-from-above-of-El-Limon-Waterfall-in-Samana-864x1536.jpg 864w, https:\/\/kitesurflasterrenas.com\/wp-content\/uploads\/2021\/03\/view-from-above-of-El-Limon-Waterfall-in-Samana.jpg 1125w\" sizes=\"(max-width: 456px) 100vw, 456px\" \/><\/figure><\/div>\n\n<p><\/p>\n\n<p>Avant d&rsquo;atteindre la cascade, vous aurez une vue imprenable sur la jungle luxuriante, avec la cascade qui appara\u00eet au travers des arbres. Avant la derni\u00e8re descente, vous trouverez un petit magasin local o\u00f9 vous pourrez acheter \u00e0 manger et \u00e0 boire, ainsi que des articles locaux tels que du cacao et du caf\u00e9. Vous pouvez \u00e9galement essayer le Mamajuana, un type de rhum local infus\u00e9 avec des dizaines d&rsquo;herbes locales, certaines avec des propri\u00e9t\u00e9s m\u00e9dicinales.<\/p>\n\n<h2 class=\"wp-block-heading\">Baignade \u00e0 la cascade d&rsquo;El Limon<\/h2>\n\n<p>La cascade d&rsquo;El Limon atteint 50 m\u00e8tre de haut et il y a des <strong>endroits pour sauter (l&rsquo;un \u00e0 5 m\u00e8tres de haut et l&rsquo;autre \u00e0 10 m\u00e8tres).<\/strong> Vous pouvez passez sous la cascade pour profiter d&rsquo;un massage puissant ou pour visiter les grottes cach\u00e9es derri\u00e8re la cascade.<\/p>\n\n<p>La temp\u00e9rature de l&rsquo;eau est id\u00e9ale pour se d\u00e9tendre apr\u00e8s la promenade, avec le bassin en partie ombrag\u00e9e par les arbres. En fonction des pluies et de la saison, la quantit\u00e9 d&rsquo;eau de la cascade peut ne pas \u00eatre la m\u00eame, mais vous pourrez toujours vous y baigner.<\/p>\n\n<h2 class=\"wp-block-heading\">Excursion \u00e0 la cascade d&rsquo;El Limon depuis Las Terrenas<\/h2>\n\n<p><strong>La visite comprend le transport depuis \/ vers Las Terrenas, les frais d&rsquo;entr\u00e9e et un guide local parlant votre langue.<\/strong> En cours de route, le guide vous montrera les plantes locales et leur utilisation, en expliquant le mode de vie local et la culture dominicaine. Une fois que nous atteignons la cascade d&rsquo;El Limon, vous pouvez rester aussi longtemps que vous le souhaitez. Lorsque vous serez pr\u00eat, nous rentrerons et ferons un arr\u00eat au caf\u00e9 local si vous avez besoin d&rsquo;acheter quelque chose.<\/p>\n\n<p>N&rsquo;oubliez pas d&rsquo;apporter votre maillot de bain et une serviette. Partez avec votre maillot de bain sur vous car il n&rsquo;y a pas de vestiaire. Pensez \u00e9galement \u00e0 prendre de bonnes chaussures de randonn\u00e9e qui peuvent \u00eatre mouill\u00e9es, de la cr\u00e8me solaire, un anti-moustique, des v\u00eatements l\u00e9gers et une veste de pluie au cas o\u00f9. Emportez \u00e9galement de l&rsquo;eau et de quoi grignoter et essayez de prendre un petit-d\u00e9jeuner copieux avant de partir.<\/p>\n\n<p>Pour r\u00e9server ou pour plus de d\u00e9tails, n&rsquo;h\u00e9sitez pas \u00e0 nous contacter sur notre <a href=\"https:\/\/api.whatsapp.com\/send?phone=+1%20(809)%20769-4978\" target=\"_blank\" rel=\"noopener\">WhatsApp<\/a> ou via le formulaire de <a href=\"https:\/\/kitesurflasterrenas.com\/fr\/contactez-nous-kiteworld-las-terrenas\/\">contact.<\/a><\/p>\n","protected":false},"excerpt":{"rendered":"<p>Des vacances \u00e0 Las Terrenas ne seraient pas compl\u00e8tes sans la visite de la magnifique cascade El Limon. Parcourez ce site naturel \u00e9poustouflant, entour\u00e9 par la nature et le chant des oiseaux, et plongez dans ses eaux rafra\u00eechissantes. Nous organisons des visites priv\u00e9es et des excursions \u00e0 la &#8230; <a title=\"Visite de la cascade d&rsquo;El Limon | Excursions \u00e0 Samana\" class=\"read-more\" href=\"https:\/\/kitesurflasterrenas.com\/fr\/excursion-cascade-el-limon-samana\/\" aria-label=\"More on Visite de la cascade d&rsquo;El Limon | Excursions \u00e0 Samana\">Lire plus<\/a><\/p>\n","protected":false},"author":2,"featured_media":4182,"parent":0,"menu_order":0,"comment_status":"closed","ping_status":"closed","template":"","meta":{"_joinchat":[],"footnotes":""},"class_list":{"0":"post-4903","1":"page","2":"type-page","3":"status-publish","4":"has-post-thumbnail","6":"resize-featured-image"},"_links":{"self":[{"href":"https:\/\/kitesurflasterrenas.com\/fr\/wp-json\/wp\/v2\/pages\/4903","targetHints":{"allow":["GET"]}}],"collection":[{"href":"https:\/\/kitesurflasterrenas.com\/fr\/wp-json\/wp\/v2\/pages"}],"about":[{"href":"https:\/\/kitesurflasterrenas.com\/fr\/wp-json\/wp\/v2\/types\/page"}],"author":[{"embeddable":true,"href":"https:\/\/kitesurflasterrenas.com\/fr\/wp-json\/wp\/v2\/users\/2"}],"replies":[{"embeddable":true,"href":"https:\/\/kitesurflasterrenas.com\/fr\/wp-json\/wp\/v2\/comments?post=4903"}],"version-history":[{"count":3,"href":"https:\/\/kitesurflasterrenas.com\/fr\/wp-json\/wp\/v2\/pages\/4903\/revisions"}],"predecessor-version":[{"id":4906,"href":"https:\/\/kitesurflasterrenas.com\/fr\/wp-json\/wp\/v2\/pages\/4903\/revisions\/4906"}],"wp:featuredmedia":[{"embeddable":true,"href":"https:\/\/kitesurflasterrenas.com\/fr\/wp-json\/wp\/v2\/media\/4182"}],"wp:attachment":[{"href":"https:\/\/kitesurflasterrenas.com\/fr\/wp-json\/wp\/v2\/media?parent=4903"}],"curies":[{"name":"wp","href":"https:\/\/api.w.org\/{rel}","templated":true}]}}