{"id":4898,"date":"2021-03-22T12:50:40","date_gmt":"2021-03-22T16:50:40","guid":{"rendered":"https:\/\/kitesurflasterrenas.com\/route-cafe-tour-culture-samana\/"},"modified":"2025-11-18T23:21:54","modified_gmt":"2025-11-19T03:21:54","slug":"route-cafe-excursion-culture-samana","status":"publish","type":"page","link":"https:\/\/kitesurflasterrenas.com\/fr\/route-cafe-excursion-culture-samana\/","title":{"rendered":"La Route du Caf\u00e9 &#8211; Excursion en quad \u00e0 Samana"},"content":{"rendered":"\n<h2 class=\"gb-headline gb-headline-b0bdc8bc gb-headline-text\">D\u00e9couvrez une exp\u00e9rience unique en R\u00e9publique Dominicaine autour de la p\u00e9ninsule de Samana o\u00f9 vous explorerez le v\u00e9ritable mode de vie dominicain hors des sentiers battus, dans la jungle et la mangrove, avec une d\u00e9gustation des produits organiques provenant directement de la ferme comme le caf\u00e9, le cacao, le miel, la mamajuana et plus encore\u2026 Amenez toute votre famille, surtout les enfants \u00e0 partir de 2 ans.<\/h2>\n\n<p>La visite culturelle en quad de la route du caf\u00e9 est le m\u00e9lange parfait d\u2019adr\u00e9naline, de nature et de culture. Parcourez la Route du Caf\u00e9, amusez-vous sur les chemins de terre en quad, tout en d\u00e9couvrant la campagne de Las Terrenas et la culture vibrante dominicaine. Cette excursion est tout le contraire du tour de l&rsquo;\u00eele Saona avec des bateaux tr\u00e8s bond\u00e9s impossible de profiter de la nature en symbioses. \u00c0 Las Terrenas, vous profiterez d&rsquo;une balade en quad seul avec votre guide dans la beaut\u00e9 de la jungle dominicaine bord\u00e9e de fruits et de fleurs color\u00e9es partout.<\/p>\n\n<div class=\"wp-block-group\"><div class=\"wp-block-group__inner-container is-layout-constrained wp-block-group-is-layout-constrained\">\n<figure class=\"wp-block-gallery has-nested-images columns-default is-cropped wp-block-gallery-1 is-layout-flex wp-block-gallery-is-layout-flex\">\n<figure class=\"wp-block-image size-large\"><img fetchpriority=\"high\" decoding=\"async\" width=\"768\" height=\"1024\" data-id=\"6404\" src=\"https:\/\/kitesurflasterrenas.com\/wp-content\/uploads\/2025\/07\/grego-768x1024.webp\" alt=\"\" class=\"wp-image-6404\" srcset=\"https:\/\/kitesurflasterrenas.com\/wp-content\/uploads\/2025\/07\/grego-768x1024.webp 768w, https:\/\/kitesurflasterrenas.com\/wp-content\/uploads\/2025\/07\/grego-225x300.webp 225w, https:\/\/kitesurflasterrenas.com\/wp-content\/uploads\/2025\/07\/grego-1152x1536.webp 1152w, https:\/\/kitesurflasterrenas.com\/wp-content\/uploads\/2025\/07\/grego-1536x2048.webp 1536w, https:\/\/kitesurflasterrenas.com\/wp-content\/uploads\/2025\/07\/grego-scaled.webp 1920w\" sizes=\"(max-width: 768px) 100vw, 768px\" \/><\/figure>\n\n\n\n<figure class=\"wp-block-image size-large\"><img decoding=\"async\" width=\"768\" height=\"1024\" data-id=\"6407\" src=\"https:\/\/kitesurflasterrenas.com\/wp-content\/uploads\/2025\/07\/grain-768x1024.webp\" alt=\"\" class=\"wp-image-6407\" srcset=\"https:\/\/kitesurflasterrenas.com\/wp-content\/uploads\/2025\/07\/grain-768x1024.webp 768w, https:\/\/kitesurflasterrenas.com\/wp-content\/uploads\/2025\/07\/grain-225x300.webp 225w, https:\/\/kitesurflasterrenas.com\/wp-content\/uploads\/2025\/07\/grain-1152x1536.webp 1152w, https:\/\/kitesurflasterrenas.com\/wp-content\/uploads\/2025\/07\/grain-1536x2048.webp 1536w, https:\/\/kitesurflasterrenas.com\/wp-content\/uploads\/2025\/07\/grain-scaled.webp 1920w\" sizes=\"(max-width: 768px) 100vw, 768px\" \/><\/figure>\n\n\n\n<figure class=\"wp-block-image size-large\"><img decoding=\"async\" width=\"768\" height=\"1024\" data-id=\"6410\" src=\"https:\/\/kitesurflasterrenas.com\/wp-content\/uploads\/2025\/07\/Icafe-feu-prepa-768x1024.webp\" alt=\"\" class=\"wp-image-6410\" srcset=\"https:\/\/kitesurflasterrenas.com\/wp-content\/uploads\/2025\/07\/Icafe-feu-prepa-768x1024.webp 768w, https:\/\/kitesurflasterrenas.com\/wp-content\/uploads\/2025\/07\/Icafe-feu-prepa-225x300.webp 225w, https:\/\/kitesurflasterrenas.com\/wp-content\/uploads\/2025\/07\/Icafe-feu-prepa-1152x1536.webp 1152w, https:\/\/kitesurflasterrenas.com\/wp-content\/uploads\/2025\/07\/Icafe-feu-prepa-1536x2048.webp 1536w, https:\/\/kitesurflasterrenas.com\/wp-content\/uploads\/2025\/07\/Icafe-feu-prepa-scaled.webp 1920w\" sizes=\"(max-width: 768px) 100vw, 768px\" \/><\/figure>\n<\/figure>\n<\/div><\/div>\n\n<p>Le premier arr\u00eat est le point de vue situ\u00e9 au sommet de la colline de la p\u00e9ninsule de Samana avec une vue imprenable expliquant les diff\u00e9rentes plages de Las Terrenas depuis la plage de Coson jusqu&rsquo;\u00e0 la plage de Bonita. Bien s\u00fbr, votre guide n&rsquo;oubliera pas de vous montrer les \u00eeles aux baleines avec leur histoire : <a href=\"https:\/\/kitesurflasterrenas.com\/fr\/excursion-observation-baleines-samana\/\">les baleines \u00e0 bosse<\/a> venues des eaux froides migrent vers la R\u00e9publique Dominicaine afin de mettre bas dans un environnement propice. Commen\u00e7ons maintenant l\u2019aventure sur le chemin de terre qui traverse un petit village o\u00f9 vous trouverez de nombreux sourires de la part de la communaut\u00e9 dominicaine locale.<\/p>\n\n<div class=\"wp-block-group\"><div class=\"wp-block-group__inner-container is-layout-constrained wp-block-group-is-layout-constrained\">\n<figure class=\"wp-block-image size-large\"><img loading=\"lazy\" decoding=\"async\" width=\"768\" height=\"1024\" src=\"https:\/\/kitesurflasterrenas.com\/wp-content\/uploads\/2025\/07\/quad-loma-768x1024.webp\" alt=\"\" class=\"wp-image-6468\" srcset=\"https:\/\/kitesurflasterrenas.com\/wp-content\/uploads\/2025\/07\/quad-loma-768x1024.webp 768w, https:\/\/kitesurflasterrenas.com\/wp-content\/uploads\/2025\/07\/quad-loma-225x300.webp 225w, https:\/\/kitesurflasterrenas.com\/wp-content\/uploads\/2025\/07\/quad-loma-1152x1536.webp 1152w, https:\/\/kitesurflasterrenas.com\/wp-content\/uploads\/2025\/07\/quad-loma-1536x2048.webp 1536w, https:\/\/kitesurflasterrenas.com\/wp-content\/uploads\/2025\/07\/quad-loma-scaled.webp 1920w\" sizes=\"(max-width: 768px) 100vw, 768px\" \/><\/figure>\n<\/div><\/div>\n\n<p>Deuxi\u00e8me \u00e9tape \u00e0 la ferme, les propri\u00e9taires vous recevront dans leur maison, un lieu paisible entour\u00e9 d&rsquo;une v\u00e9g\u00e9tation luxuriante. Le guide vous d\u00e9crira toutes les \u00e9tapes de transformation du caf\u00e9, du chocolat et aussi comment fabriquer un \u00e9lastique \u00e0 partir de l&rsquo;arbre. En m\u00eame temps, ils pr\u00e9parent le caf\u00e9 frais sur le four traditionnel dominicain au feu de bois qui donne cette saveur ancestrale. R\u00e9veillez vos papilles en go\u00fbtant le cacao pur combin\u00e9 \u00e0 la banane du jardin et au miel produit \u00e9galement aux alentours. Le moment est venu d&rsquo;essayer la potion magique de la R\u00e9publique Dominicaine nomm\u00e9e \u00ab\u00a0Mamajuana\u00a0\u00bb utilis\u00e9e \u00e0 des fins m\u00e9dicinales qui peut nettoyer vos reins ou aider \u00e0 votre digestion. Ces agriculteurs ont transmis de g\u00e9n\u00e9ration en g\u00e9n\u00e9ration ces connaissances sur la fa\u00e7on de gu\u00e9rir naturellement les maladies gr\u00e2ce aux plantes.<\/p>\n\n<div class=\"wp-block-group\"><div class=\"wp-block-group__inner-container is-layout-constrained wp-block-group-is-layout-constrained\">\n<figure class=\"wp-block-gallery has-nested-images columns-default is-cropped wp-block-gallery-2 is-layout-flex wp-block-gallery-is-layout-flex\">\n<figure class=\"wp-block-image size-large\"><img loading=\"lazy\" decoding=\"async\" width=\"768\" height=\"1024\" data-id=\"6420\" src=\"https:\/\/kitesurflasterrenas.com\/wp-content\/uploads\/2025\/07\/chocolat-puro-768x1024.webp\" alt=\"\" class=\"wp-image-6420\" srcset=\"https:\/\/kitesurflasterrenas.com\/wp-content\/uploads\/2025\/07\/chocolat-puro-768x1024.webp 768w, https:\/\/kitesurflasterrenas.com\/wp-content\/uploads\/2025\/07\/chocolat-puro-225x300.webp 225w, https:\/\/kitesurflasterrenas.com\/wp-content\/uploads\/2025\/07\/chocolat-puro-1152x1536.webp 1152w, https:\/\/kitesurflasterrenas.com\/wp-content\/uploads\/2025\/07\/chocolat-puro-1536x2048.webp 1536w, https:\/\/kitesurflasterrenas.com\/wp-content\/uploads\/2025\/07\/chocolat-puro-scaled.webp 1920w\" sizes=\"(max-width: 768px) 100vw, 768px\" \/><\/figure>\n\n\n\n<figure class=\"wp-block-image size-large\"><img loading=\"lazy\" decoding=\"async\" width=\"768\" height=\"1024\" data-id=\"6414\" src=\"https:\/\/kitesurflasterrenas.com\/wp-content\/uploads\/2025\/07\/fruta-cacao-cafe-768x1024.webp\" alt=\"\" class=\"wp-image-6414\" srcset=\"https:\/\/kitesurflasterrenas.com\/wp-content\/uploads\/2025\/07\/fruta-cacao-cafe-768x1024.webp 768w, https:\/\/kitesurflasterrenas.com\/wp-content\/uploads\/2025\/07\/fruta-cacao-cafe-225x300.webp 225w, https:\/\/kitesurflasterrenas.com\/wp-content\/uploads\/2025\/07\/fruta-cacao-cafe-1152x1536.webp 1152w, https:\/\/kitesurflasterrenas.com\/wp-content\/uploads\/2025\/07\/fruta-cacao-cafe-1536x2048.webp 1536w, https:\/\/kitesurflasterrenas.com\/wp-content\/uploads\/2025\/07\/fruta-cacao-cafe-scaled.webp 1920w\" sizes=\"(max-width: 768px) 100vw, 768px\" \/><\/figure>\n\n\n\n<figure class=\"wp-block-image size-large\"><img loading=\"lazy\" decoding=\"async\" width=\"768\" height=\"1024\" data-id=\"6417\" src=\"https:\/\/kitesurflasterrenas.com\/wp-content\/uploads\/2025\/07\/productos-finca-768x1024.webp\" alt=\"\" class=\"wp-image-6417\" srcset=\"https:\/\/kitesurflasterrenas.com\/wp-content\/uploads\/2025\/07\/productos-finca-768x1024.webp 768w, https:\/\/kitesurflasterrenas.com\/wp-content\/uploads\/2025\/07\/productos-finca-225x300.webp 225w, https:\/\/kitesurflasterrenas.com\/wp-content\/uploads\/2025\/07\/productos-finca-1152x1536.webp 1152w, https:\/\/kitesurflasterrenas.com\/wp-content\/uploads\/2025\/07\/productos-finca-1536x2048.webp 1536w, https:\/\/kitesurflasterrenas.com\/wp-content\/uploads\/2025\/07\/productos-finca-scaled.webp 1920w\" sizes=\"(max-width: 768px) 100vw, 768px\" \/><\/figure>\n<\/figure>\n<\/div><\/div>\n\n<p>Apr\u00e8s l&rsquo;adr\u00e9naline des mont\u00e9es et descentes de la route du caf\u00e9 en quad, nous terminerons en beaut\u00e9 avec un bain de mer rafra\u00eechissant sur la plus jolie plage de Las Terrenas situ\u00e9e \u00e0 proximit\u00e9 d&rsquo;une rivi\u00e8re dans la mangrove formant une piscine naturelle. C\u2019est un endroit super s\u00fbr pour les mauvais nageurs en raison de l\u2019eau peu profonde o\u00f9 vous pouvez vous allonger dans un jacuzzi, id\u00e9al pour que les enfants puissent jouer !<\/p>\n\n<div class=\"wp-block-group\"><div class=\"wp-block-group__inner-container is-layout-constrained wp-block-group-is-layout-constrained\">\n<figure class=\"wp-block-gallery has-nested-images columns-default is-cropped wp-block-gallery-3 is-layout-flex wp-block-gallery-is-layout-flex\">\n<figure class=\"wp-block-image size-large\"><img loading=\"lazy\" decoding=\"async\" width=\"1024\" height=\"768\" data-id=\"6444\" src=\"https:\/\/kitesurflasterrenas.com\/wp-content\/uploads\/2025\/07\/esperanza-grupo-4-1024x768.webp\" alt=\"\" class=\"wp-image-6444\" srcset=\"https:\/\/kitesurflasterrenas.com\/wp-content\/uploads\/2025\/07\/esperanza-grupo-4-1024x768.webp 1024w, https:\/\/kitesurflasterrenas.com\/wp-content\/uploads\/2025\/07\/esperanza-grupo-4-300x225.webp 300w, https:\/\/kitesurflasterrenas.com\/wp-content\/uploads\/2025\/07\/esperanza-grupo-4-768x576.webp 768w, https:\/\/kitesurflasterrenas.com\/wp-content\/uploads\/2025\/07\/esperanza-grupo-4-1536x1152.webp 1536w, https:\/\/kitesurflasterrenas.com\/wp-content\/uploads\/2025\/07\/esperanza-grupo-4-2048x1536.webp 2048w\" sizes=\"(max-width: 1024px) 100vw, 1024px\" \/><\/figure>\n\n\n\n<figure class=\"wp-block-image size-large\"><img loading=\"lazy\" decoding=\"async\" width=\"768\" height=\"1024\" data-id=\"6465\" src=\"https:\/\/kitesurflasterrenas.com\/wp-content\/uploads\/2025\/07\/quad-plage-grupo-4-768x1024.webp\" alt=\"\" class=\"wp-image-6465\" srcset=\"https:\/\/kitesurflasterrenas.com\/wp-content\/uploads\/2025\/07\/quad-plage-grupo-4-768x1024.webp 768w, https:\/\/kitesurflasterrenas.com\/wp-content\/uploads\/2025\/07\/quad-plage-grupo-4-225x300.webp 225w, https:\/\/kitesurflasterrenas.com\/wp-content\/uploads\/2025\/07\/quad-plage-grupo-4-1152x1536.webp 1152w, https:\/\/kitesurflasterrenas.com\/wp-content\/uploads\/2025\/07\/quad-plage-grupo-4-1536x2048.webp 1536w, https:\/\/kitesurflasterrenas.com\/wp-content\/uploads\/2025\/07\/quad-plage-grupo-4-scaled.webp 1920w\" sizes=\"(max-width: 768px) 100vw, 768px\" \/><\/figure>\n\n\n\n<figure class=\"wp-block-image size-large\"><img loading=\"lazy\" decoding=\"async\" width=\"768\" height=\"1024\" data-id=\"6453\" src=\"https:\/\/kitesurflasterrenas.com\/wp-content\/uploads\/2025\/07\/quad-plage-5-768x1024.webp\" alt=\"\" class=\"wp-image-6453\" srcset=\"https:\/\/kitesurflasterrenas.com\/wp-content\/uploads\/2025\/07\/quad-plage-5-768x1024.webp 768w, https:\/\/kitesurflasterrenas.com\/wp-content\/uploads\/2025\/07\/quad-plage-5-225x300.webp 225w, https:\/\/kitesurflasterrenas.com\/wp-content\/uploads\/2025\/07\/quad-plage-5-1152x1536.webp 1152w, https:\/\/kitesurflasterrenas.com\/wp-content\/uploads\/2025\/07\/quad-plage-5-1536x2048.webp 1536w, https:\/\/kitesurflasterrenas.com\/wp-content\/uploads\/2025\/07\/quad-plage-5-scaled.webp 1920w\" sizes=\"(max-width: 768px) 100vw, 768px\" \/><\/figure>\n<\/figure>\n<\/div><\/div>\n\n<p>Ne vous inqui\u00e9tez pas, si vous ne parlez pas espagnol, notre guide local traduira tout pour vous.<\/p>\n\n<p>La plupart du voyage se fait sur des chemins de terre, o\u00f9 vous pourrez vous amusez \u00e0 conduire le quad. Si vous n&rsquo;\u00eates pas \u00e0 l&rsquo;aise avec le quad ou si la vitesse n&rsquo;est pas votre truc, ne vous inqui\u00e9tez pas, vous pourrez soit conduire lentement (plus de temps pour profiter de la vue!) ou vous pourrez monter avec quelqu&rsquo;un, la plupart des quads peuvent asseoir deux personnes. Conduire un quad est assez simple et m\u00eame si c&rsquo;est votre premi\u00e8re fois, vous devriez vous adapter assez rapidement.<\/p>\n\n<p>En r\u00e8gle g\u00e9n\u00e9rale, la visite dure une demi-journ\u00e9e, mais nous pouvons \u00e9galement planifier une excursion d&rsquo;une journ\u00e9e compl\u00e8te, explorant plus en profondeur les montagnes de Samana et sa jungle luxuriante, et visiter plus de plages et de villages. Sur le chemin du retour, nous pouvons faire un arr\u00eat \u00e0 la <a href=\"https:\/\/kitesurflasterrenas.com\/fr\/excursion-cascade-el-limon-samana\/\" target=\"_blank\" rel=\"noopener\">cascade d&rsquo;El Limon<\/a>, \u00e0 seulement 30 minutes de marche de la route principale.<\/p>\n\n<p>Dites-nous combien de temps vous avez et ce que vous voulez voir et nous cr\u00e9erons une cr\u00e9erons une excursion sur mesure.<\/p>\n\n<p>N&rsquo;oubliez pas votre cr\u00e8me solaire et portez des v\u00eatements de protection (lunettes de soleil et chapeau sont indispensables). Prenez de l&rsquo;eau et de quoi grignoter, nous pourrons nous il y aura des petits magasins sur le chemin si vous avez besoin d&rsquo;acheter quoi que ce soit. Et surtout, n&rsquo;oubliez pas de prendre votre cam\u00e9ra, si vous avez une GoPro, vous pourrez la fixer au quad. <\/p>\n\n<p>Pour r\u00e9server votre excursion en quad \u00e0 travers la p\u00e9ninsule de Samana ou pour plus d&rsquo;informations, contactez-nous sur <a href=\"https:\/\/api.whatsapp.com\/send?phone=+1%20(809)%20769-4978\" target=\"_blank\" rel=\"noopener\">WhatsApp<\/a> ou via le formulaire de <a href=\"https:\/\/kitesurflasterrenas.com\/contact\/\">contact<\/a>.<\/p>\n","protected":false},"excerpt":{"rendered":"<p>D\u00e9couvrez une exp\u00e9rience unique en R\u00e9publique Dominicaine autour de la p\u00e9ninsule de Samana o\u00f9 vous explorerez le v\u00e9ritable mode de vie dominicain hors des sentiers battus, dans la jungle et la mangrove, avec une d\u00e9gustation des produits organiques provenant directement de la ferme comme le caf\u00e9, le cacao, &#8230; <a title=\"La Route du Caf\u00e9 &#8211; Excursion en quad \u00e0 Samana\" class=\"read-more\" href=\"https:\/\/kitesurflasterrenas.com\/fr\/route-cafe-excursion-culture-samana\/\" aria-label=\"More on La Route du Caf\u00e9 &#8211; Excursion en quad \u00e0 Samana\">Lire plus<\/a><\/p>\n","protected":false},"author":2,"featured_media":4163,"parent":0,"menu_order":0,"comment_status":"closed","ping_status":"closed","template":"","meta":{"_joinchat":[],"footnotes":""},"class_list":{"0":"post-4898","1":"page","2":"type-page","3":"status-publish","4":"has-post-thumbnail","6":"resize-featured-image"},"_links":{"self":[{"href":"https:\/\/kitesurflasterrenas.com\/fr\/wp-json\/wp\/v2\/pages\/4898","targetHints":{"allow":["GET"]}}],"collection":[{"href":"https:\/\/kitesurflasterrenas.com\/fr\/wp-json\/wp\/v2\/pages"}],"about":[{"href":"https:\/\/kitesurflasterrenas.com\/fr\/wp-json\/wp\/v2\/types\/page"}],"author":[{"embeddable":true,"href":"https:\/\/kitesurflasterrenas.com\/fr\/wp-json\/wp\/v2\/users\/2"}],"replies":[{"embeddable":true,"href":"https:\/\/kitesurflasterrenas.com\/fr\/wp-json\/wp\/v2\/comments?post=4898"}],"version-history":[{"count":7,"href":"https:\/\/kitesurflasterrenas.com\/fr\/wp-json\/wp\/v2\/pages\/4898\/revisions"}],"predecessor-version":[{"id":7190,"href":"https:\/\/kitesurflasterrenas.com\/fr\/wp-json\/wp\/v2\/pages\/4898\/revisions\/7190"}],"wp:featuredmedia":[{"embeddable":true,"href":"https:\/\/kitesurflasterrenas.com\/fr\/wp-json\/wp\/v2\/media\/4163"}],"wp:attachment":[{"href":"https:\/\/kitesurflasterrenas.com\/fr\/wp-json\/wp\/v2\/media?parent=4898"}],"curies":[{"name":"wp","href":"https:\/\/api.w.org\/{rel}","templated":true}]}}