{"id":4678,"date":"2021-03-11T10:43:43","date_gmt":"2021-03-11T14:43:43","guid":{"rendered":"https:\/\/kitesurflasterrenas.com\/croisiere-kitesurf-republique-dominicaine\/"},"modified":"2021-10-06T01:59:15","modified_gmt":"2021-10-06T05:59:15","slug":"croisiere-kitesurf-republique-dominicaine","status":"publish","type":"page","link":"https:\/\/kitesurflasterrenas.com\/fr\/croisiere-kitesurf-republique-dominicaine\/","title":{"rendered":"Croisi\u00e8res de kitesurf en R\u00e9publique Dominicaine"},"content":{"rendered":"\n<p>Vivez une exp\u00e9rience de kitesurf extraordinaire lors de vos prochaines vacances \u00e0 bord d&rsquo;\u00c9lise, notre catamaran de 47 pieds enti\u00e8rement \u00e9quip\u00e9. Oubliez les h\u00f4tels bruyants et les plages bond\u00e9es, et venez d\u00e9couvrir la <a href=\"https:\/\/www.godominicanrepublic.com\/fr\/\" target=\"_blank\" rel=\"noopener\">R\u00e9publique Dominicaine<\/a> dans toute sa splendeur. Passez votre s\u00e9jour \u00e0 bord de notre catamaran et explorez des plages paradisiaques, des paysages \u00e0 couper le souffle et bien s\u00fbr des spots de kitesurf incroyables. Rejoignez-nous pour une croisi\u00e8re de kitesurf inoubliable!<\/p>\n\n<p>Nous proposons des croisi\u00e8res priv\u00e9es de kitesurf en R\u00e9publique dominicaine o\u00f9 vous pourrez profiter de conditions de vent optimales et de spots peu fr\u00e9quent\u00e9s. R\u00e9servez votre s\u00e9jour avec nous et am\u00e9liorez vos comp\u00e9tences en kitesurf, avec des sessions de kitesurf quotidiennes dans les meilleurs spots du pays, entour\u00e9s de plages paradisiaques et de paysages \u00e9poustouflants.<\/p>\n\n<h3 class=\"wp-block-heading\">Croisi\u00e8re de kitesurf &#8211; Explorez la R\u00e9publique Dominicaine<\/h3>\n\n<p>Notre catamaran dispose de 3 cabines doubles pouvant accueillir jusqu&rsquo;\u00e0 6 personnes et enti\u00e8rement \u00e9quip\u00e9es. La r\u00e9servation inclus le capitaine, un chef et un instructeur de kite et la pension compl\u00e8te. Nous cr\u00e9erons un itin\u00e9raire sur mesure, adapt\u00e9 \u00e0 vos attentes, en fonction des lieux que vous souhaitez visiter, et de votre niveau de kitesurf. Toute la famille peut participer, avec des cours de kitesurf disponibles pour les enfants (\u00e0 condition qu&rsquo;ils p\u00e8sent plus de 45 kilos). <strong>C&rsquo;est \u00e9galement un voyage formidable \u00e0 faire avec ses amis ou pour du team building<\/strong>. Chez KiteWorld, notre objectif est de partager notre paradis et toutes ses merveilles avec nos clients.<\/p>\n\n<p>Nous nous occupons du transport depuis l&rsquo;a\u00e9roport au catamaran et vice versa. \u00c0 bord, vous profiterez d&rsquo;un s\u00e9jour tout compris dans un cadre paradisiaque.<\/p>\n\n<p>Nous vous proposons un s\u00e9jour inoubliable, <strong>\u00e0 la d\u00e9couverte des plages secr\u00e8tes de la c\u00f4te nord de la R\u00e9publique Dominicaine, o\u00f9 les conditions de vent sont optimales pour le kitesurf presque toute l&rsquo;ann\u00e9e.<\/strong> Faire du kitesurf \u00e0 partir d&rsquo;un bateau vous permet d&rsquo;aller dans des endroits recul\u00e9s que vous ne pourriez pas atteindre depuis la plage. <strong>C&rsquo;est une exp\u00e9rience unique que les kitesurfers appr\u00e9cieront<\/strong> et une fa\u00e7on originale de passer vos vacances.<\/p>\n\n<figure class=\"wp-block-image size-large\"><img fetchpriority=\"high\" decoding=\"async\" width=\"1000\" height=\"667\" src=\"https:\/\/kitesurflasterrenas.com\/wp-content\/uploads\/2021\/03\/Kitesurfing-cruise-in-the-Dominican-Republic.jpg\" alt=\"Croisi&#xE8;re de kitesurf en R&#xE9;publique Dominicaine\" class=\"wp-image-4669\" srcset=\"https:\/\/kitesurflasterrenas.com\/wp-content\/uploads\/2021\/03\/Kitesurfing-cruise-in-the-Dominican-Republic.jpg 1000w, https:\/\/kitesurflasterrenas.com\/wp-content\/uploads\/2021\/03\/Kitesurfing-cruise-in-the-Dominican-Republic-300x200.jpg 300w, https:\/\/kitesurflasterrenas.com\/wp-content\/uploads\/2021\/03\/Kitesurfing-cruise-in-the-Dominican-Republic-768x512.jpg 768w\" sizes=\"(max-width: 1000px) 100vw, 1000px\" \/><\/figure>\n<p>Vivez sur un bateau pendant une semaine ou deux, apprenez \u00e0 naviguer un catamaran, faites du kitesurf tous les jours et <a href=\"https:\/\/kitesurflasterrenas.com\/fr\/excursions-tours-republique-dominicaine\/\">explorez les merveilles de la p\u00e9ninsule de Samana.<\/a> Il y a beaucoup d&rsquo;endroits magnifiques \u00e0 d\u00e9couvrir en R\u00e9publique Dominicaine, entre deux sessions de kitesurf, faites une <strong>randonn\u00e9e \u00e0 la <a href=\"https:\/\/kitesurflasterrenas.com\/fr\/excursion-cascade-el-limon-samana\/\" target=\"_blank\" rel=\"noopener\">cascade d&rsquo;El Limon<\/a> et plongez dans ses eaux rafra\u00eechissantes, explorez les grottes Taino dans le <a href=\"https:\/\/kitesurflasterrenas.com\/fr\/excursion-parc-national-los-haitises\/\" target=\"_blank\" rel=\"noopener\">parc national de Los Haitises<\/a>, faites de la tyrolienne \u00e0 travers la jungle luxuriante ou d\u00e9couvrez le c\u00f4t\u00e9 rural de la R\u00e9publique Dominicaine le long de la Ruta del Cafe.<\/strong><\/p>\n\n<p>De mi-janvier \u00e0 mi-mars, vous aurez \u00e9galement l&rsquo;occasion d&rsquo;aller <a href=\"https:\/\/kitesurflasterrenas.com\/fr\/excursion-observation-baleines-samana\/\" target=\"_blank\" rel=\"noopener\"><strong>observer les baleines<\/strong><\/a> dans la baie de Samana. Pendant cette p\u00e9riode, des centaines de baleines \u00e0 bosse viennent dans cette zone prot\u00e9g\u00e9e, profitant des eaux chaudes, pour mettre bas. Regardez-les jouer avec leurs petits et leurs apprendre \u00e0 sauter et \u00e0 nager. Voir ces \u00eatres majestueux dans leur habitat naturel est une exp\u00e9rience unique \u00e0 vivre.<\/p>\n\n<figure class=\"wp-block-image size-large\"><img decoding=\"async\" width=\"1000\" height=\"563\" src=\"https:\/\/kitesurflasterrenas.com\/wp-content\/uploads\/2021\/03\/Kiteboarding-cruise-in-the-Dominican-Republic.jpg\" alt=\"Croisi&#xE8;re de kitesurf en R&#xE9;publique Dominicaine\" class=\"wp-image-4660\" srcset=\"https:\/\/kitesurflasterrenas.com\/wp-content\/uploads\/2021\/03\/Kiteboarding-cruise-in-the-Dominican-Republic.jpg 1000w, https:\/\/kitesurflasterrenas.com\/wp-content\/uploads\/2021\/03\/Kiteboarding-cruise-in-the-Dominican-Republic-300x169.jpg 300w, https:\/\/kitesurflasterrenas.com\/wp-content\/uploads\/2021\/03\/Kiteboarding-cruise-in-the-Dominican-Republic-768x432.jpg 768w\" sizes=\"(max-width: 1000px) 100vw, 1000px\" \/><\/figure>\n<p>Si vous voulez passer vos prochaines vacances au paradis, \u00e0 faire du kitesurf et \u00e0 explorer la R\u00e9publique Dominicaine tout en restant sur un bateau, notre croisi\u00e8re de kitesurf est la meilleure option pour vous! Une belle aventure \u00e0 vivre en famille ou entre amis, \u00e0 la d\u00e9couverte de nouveaux horizons et de nouvelles sensations.<\/p>\n\n<h3 class=\"wp-block-heading\">Croisi\u00e8re de kitesurf &#8211; \u00c0 bord du catamaran<\/h3>\n\n<p><strong>\u00c0 bord, un chef vous concoctera de d\u00e9licieux plats<\/strong> pr\u00e9par\u00e9s avec des ingr\u00e9dients locaux. Vous go\u00fbterez \u00e0 la cuisine des Cara\u00efbes, avec des plats copieux et savoureux. La pension compl\u00e8te est incluse et nous adapterons le menu si vous avez un r\u00e9gime alimentaire particulier.<\/p>\n\n<p><strong>Appr\u00e9ciez votre cabine \u00e0 la ventilation naturelle<\/strong>, avec un grand lit double et sa salle de bain priv\u00e9e. Contemplez les \u00e9toiles depuis votre lit \u00e0 travers le hublot et profitez d&rsquo;un lit confortable pour vous d\u00e9tendre apr\u00e8s une journ\u00e9e d&rsquo;aventures.<\/p>\n\n<p>Si vous souhaitez vous initier \u00e0 la voile, nous vous apprendrons les bases du fonctionnement d&rsquo;un catamaran. Apprenez \u00e0 hisser les voiles et \u00e0 lever l&rsquo;ancre, en d\u00e9finissant votre cap sur le GPS. Vous apprendrez \u00e9galement \u00e0 d\u00e9coller directement depuis le catamaran vous permettant de kiter sur des spots inaccessibles. Profitez de vos vacances pour acqu\u00e9rir de nouvelles comp\u00e9tences en kitesurf et apprendre de nouvelles figures.<\/p>\n\n<figure class=\"wp-block-image size-large\"><img decoding=\"async\" width=\"1000\" height=\"750\" src=\"https:\/\/kitesurflasterrenas.com\/wp-content\/uploads\/2021\/03\/Kitesurfing-cruise-in-the-Dominican-Republic-2.jpg\" alt=\"Croisi&#xE8;re de kitesurf en R&#xE9;publique Dominicaine\" class=\"wp-image-4663\" srcset=\"https:\/\/kitesurflasterrenas.com\/wp-content\/uploads\/2021\/03\/Kitesurfing-cruise-in-the-Dominican-Republic-2.jpg 1000w, https:\/\/kitesurflasterrenas.com\/wp-content\/uploads\/2021\/03\/Kitesurfing-cruise-in-the-Dominican-Republic-2-300x225.jpg 300w, https:\/\/kitesurflasterrenas.com\/wp-content\/uploads\/2021\/03\/Kitesurfing-cruise-in-the-Dominican-Republic-2-768x576.jpg 768w\" sizes=\"(max-width: 1000px) 100vw, 1000px\" \/><\/figure>\n<h3 class=\"wp-block-heading\">Croisi\u00e8re de kitesurf &#8211; d\u00e9couvrez une nouvelle sensation<\/h3>\n\n<p>Les kitesurfeurs avanc\u00e9s peuvent \u00e9galement essayer notre s\u00e9lection de <a href=\"https:\/\/kitesurflasterrenas.com\/fr\/hydro-foil\/\" class=\"rank-math-link\"> foils<\/a>. Nous proposons des cours et de la location de kite foil, wing foil et m\u00eame surf foil ! Pourquoi ne pas ajouter un autre jouet \u00e0 votre collection !<\/p>\n\n<p><strong><a href=\"https:\/\/kitesurflasterrenas.com\/fr\/kiteworld-ecole-de-kitesurf-a-las-terrenas\/\" target=\"_blank\" rel=\"noopener\">KiteWorld<\/a> enseigne le kitesurf \u00e0 Las Terrenas depuis 10 ans et est toujours \u00e0 la pointe des nouveaux sports nautiques. Nos instructeurs certifi\u00e9s se consacrent \u00e0 vous apporter la meilleure exp\u00e9rience de glisse tout en am\u00e9liorant vos comp\u00e9tences et en cr\u00e9ant une atmosph\u00e8re chaleureuse. Ils sont form\u00e9s pour vous aider \u00e0 am\u00e9liorer vos comp\u00e9tences et \u00e0 perdre vos mauvaises habitudes tout au long du voyage. Nous pouvons vous apprendre ces nouveaux sports avec des le\u00e7ons priv\u00e9es, directement depuis le bateau pour des r\u00e9sultats de qualit\u00e9 en peu de temps.<\/strong><\/p>\n\n<p><strong>En hiver, vous pouvez \u00e9galement <a href=\"https:\/\/kitesurflasterrenas.com\/fr\/ecole-surf-las-terrenas-republique-dominicaine\/\" target=\"_blank\" rel=\"noopener\">faire du surf<\/a>.<\/strong> Samana offre plusieurs beaux spots, o\u00f9 les vagues sont id\u00e9ales. Nous choisirons le meilleur emplacement en fonction de votre niveau, vous trouverez des spots de surf pour les surfeurs d\u00e9butants \u00e0 avanc\u00e9s. Le meilleur moment pour faire du surf est t\u00f4t le matin, ce qui est parfait car g\u00e9n\u00e9ralement, le vent se l\u00e8ve l&rsquo;apr\u00e8s-midi, de cette fa\u00e7on vous pouvez surfer le matin et faire du kitesurf l&rsquo;apr\u00e8s-midi.<\/p>\n\n<h3 class=\"wp-block-heading\">La R\u00e9publique Dominicaine &#8211; Une destination id\u00e9ale pour faire du kitesurf<\/h3>\n\n<p>La meilleure p\u00e9riode pour le kitesurf en R\u00e9publique Dominicaine est de f\u00e9vrier \u00e0 ao\u00fbt. \u00c0 cette p\u00e9riode, nous vous garantissons que les conditions de vent seront parfaites pour le kitesurf. La c\u00f4te nord de la R\u00e9publique Dominicaine est constamment berc\u00e9e par les aliz\u00e9s renforc\u00e9s par un vent thermique l&rsquo;apr\u00e8s-midi. Plus vous vous rapprochez de la fronti\u00e8re avec Ha\u00efti, plus le vent est fort.<\/p>\n\n<p>Nous sommes bas\u00e9s \u00e0 Las Terrenas, dans la province de Samana, o\u00f9 le vent est g\u00e9n\u00e9ralement autour de 15 \u00e0 20 n\u0153uds. Las Terrenas est encore relativement peu fr\u00e9quent\u00e9e par rapport \u00e0 des endroits plus connus comme Cabarete. C&rsquo;est un spot de kitesurf secret o\u00f9 vous aurez probablement la mer pour vous tout seul. Cela en fait l&rsquo;endroit id\u00e9al pour les d\u00e9butants ainsi que pour les personnes souhaitant apprendre de nouvelles figures et am\u00e9liorer leur freestyle.<\/p>\n\n<p>Int\u00e9ress\u00e9? N&rsquo;h\u00e9sitez pas \u00e0 <a href=\"https:\/\/kitesurflasterrenas.com\/fr\/contactez-nous-kiteworld-las-terrenas\/\">nous contacter<\/a> pour toute question que vous pourriez avoir sur nos croisi\u00e8res de kitesurf. Nous pouvons \u00e9galement organiser des s\u00e9jours sur notre catamaran pour les personnes non int\u00e9ress\u00e9es par le kitesurf, souhaitant visiter l&rsquo;\u00eele diff\u00e9remment.<\/p>\n","protected":false},"excerpt":{"rendered":"<p>Vivez une exp\u00e9rience de kitesurf extraordinaire lors de vos prochaines vacances \u00e0 bord d&rsquo;\u00c9lise, notre catamaran de 47 pieds enti\u00e8rement \u00e9quip\u00e9. Oubliez les h\u00f4tels bruyants et les plages bond\u00e9es, et venez d\u00e9couvrir la R\u00e9publique Dominicaine dans toute sa splendeur. Passez votre s\u00e9jour \u00e0 bord de notre catamaran et &#8230; <a title=\"Croisi\u00e8res de kitesurf en R\u00e9publique Dominicaine\" class=\"read-more\" href=\"https:\/\/kitesurflasterrenas.com\/fr\/croisiere-kitesurf-republique-dominicaine\/\" aria-label=\"More on Croisi\u00e8res de kitesurf en R\u00e9publique Dominicaine\">Lire plus<\/a><\/p>\n","protected":false},"author":4,"featured_media":4666,"parent":0,"menu_order":0,"comment_status":"closed","ping_status":"closed","template":"","meta":{"_joinchat":[],"footnotes":""},"class_list":{"0":"post-4678","1":"page","2":"type-page","3":"status-publish","4":"has-post-thumbnail","6":"resize-featured-image"},"_links":{"self":[{"href":"https:\/\/kitesurflasterrenas.com\/fr\/wp-json\/wp\/v2\/pages\/4678","targetHints":{"allow":["GET"]}}],"collection":[{"href":"https:\/\/kitesurflasterrenas.com\/fr\/wp-json\/wp\/v2\/pages"}],"about":[{"href":"https:\/\/kitesurflasterrenas.com\/fr\/wp-json\/wp\/v2\/types\/page"}],"author":[{"embeddable":true,"href":"https:\/\/kitesurflasterrenas.com\/fr\/wp-json\/wp\/v2\/users\/4"}],"replies":[{"embeddable":true,"href":"https:\/\/kitesurflasterrenas.com\/fr\/wp-json\/wp\/v2\/comments?post=4678"}],"version-history":[{"count":7,"href":"https:\/\/kitesurflasterrenas.com\/fr\/wp-json\/wp\/v2\/pages\/4678\/revisions"}],"predecessor-version":[{"id":5737,"href":"https:\/\/kitesurflasterrenas.com\/fr\/wp-json\/wp\/v2\/pages\/4678\/revisions\/5737"}],"wp:featuredmedia":[{"embeddable":true,"href":"https:\/\/kitesurflasterrenas.com\/fr\/wp-json\/wp\/v2\/media\/4666"}],"wp:attachment":[{"href":"https:\/\/kitesurflasterrenas.com\/fr\/wp-json\/wp\/v2\/media?parent=4678"}],"curies":[{"name":"wp","href":"https:\/\/api.w.org\/{rel}","templated":true}]}}