{"id":4508,"date":"2021-03-01T14:41:06","date_gmt":"2021-03-01T18:41:06","guid":{"rendered":"https:\/\/kitesurflasterrenas.com\/spot-kitesurf-republique-dominicaine\/"},"modified":"2021-03-26T15:32:29","modified_gmt":"2021-03-26T19:32:29","slug":"spot-kitesurf-republique-dominicaine","status":"publish","type":"page","link":"https:\/\/kitesurflasterrenas.com\/fr\/spot-kitesurf-republique-dominicaine\/","title":{"rendered":"Les meilleurs spots de kitesurf en R\u00e9publique Dominicaine"},"content":{"rendered":"\n<p>La <a href=\"https:\/\/www.godominicanrepublic.com\/fr\/\" target=\"_blank\" rel=\"noopener\">R\u00e9publique Dominicaine<\/a> est l&rsquo;une des plus grandes \u00eeles des Cara\u00efbes et vous y trouverez quelques uns des <strong>meilleurs et des plus beaux spots de kitesurf au monde<\/strong> avec des conditions de vent incroyables de d\u00e9cembre \u00e0 septembre. Ces spots de kitesurf sont facilement accessibles depuis la France et la plupart des grandes m\u00e9tropoles. La R\u00e9publique Dominicaine vous r\u00e9serve des exp\u00e9riences et aventures incroyables, <strong>vous pourrez y apprendre le kitesurf ou d\u00e9velopper vos comp\u00e9tences dans un environnement id\u00e9al et paradisiaque.<\/strong><\/p>\n\n<p>La R\u00e9publique Dominicaine est une destination populaire parmi les kitesurfeurs gr\u00e2ce \u00e0 ses <strong>conditions m\u00e9t\u00e9orologique propice au kitesurf, sa facilit\u00e9 d&rsquo;acc\u00e8s, ses prix relativement bon march\u00e9 et son large \u00e9ventail d&rsquo;activit\u00e9s<\/strong>. Que vous soyez plut\u00f4t trek dans la jungle ou farniente sur une plage, vous trouverez beaucoup de chose \u00e0 faire en R\u00e9publique Dominicaine en plus du kitesurf.<\/p>\n\n<p><strong>Les spots de kitesurf en R\u00e9publique Dominicaine sont accessibles \u00e0 tous les niveaux<\/strong>, du d\u00e9butant au professionnel, avec des vents de l&rsquo;ordre de 10 \u00e0 30 n\u0153uds en moyenne selon les spots. Vous trouverez de l&rsquo;eau plate, des spots de beach break et de reef break, ainsi que des petites \u00e0 grosses vagues (entre 0 et 2,5 m\u00e8tres). Vous n&rsquo;aurez pas besoin de combinaison car la temp\u00e9rature de l&rsquo;eau se situe g\u00e9n\u00e9ralement entre 25 et 28 \u00b0 Celsius toute l&rsquo;ann\u00e9e.<\/p>\n\n<h2 class=\"wp-block-heading\">Les spots de kitesurf en R\u00e9publique Dominicaine<\/h2>\n\n<div class=\"wp-block-image\"><figure class=\"aligncenter size-large\"><img fetchpriority=\"high\" decoding=\"async\" width=\"800\" height=\"600\" src=\"https:\/\/kitesurflasterrenas.com\/wp-content\/uploads\/2020\/01\/poppy-800x600-1.jpg\" alt=\"kitesurfing las terrenas Republic Dominicaine\" class=\"wp-image-4142\" srcset=\"https:\/\/kitesurflasterrenas.com\/wp-content\/uploads\/2020\/01\/poppy-800x600-1.jpg 800w, https:\/\/kitesurflasterrenas.com\/wp-content\/uploads\/2020\/01\/poppy-800x600-1-300x225.jpg 300w, https:\/\/kitesurflasterrenas.com\/wp-content\/uploads\/2020\/01\/poppy-800x600-1-768x576.jpg 768w\" sizes=\"(max-width: 800px) 100vw, 800px\" \/><\/figure><\/div>\n\n<h2 class=\"wp-block-heading\">1 &#8211; LAS TERRENAS<\/h2>\n\n<p>Un des meilleurs spots de kitesurf en R\u00e9publique Dominicaine, \u00e0 Las Terrenas vous trouverez le meilleur vent du pays pour faire du kitesurf, avec une moyenne de 15 \u00e0 20 n\u0153uds de d\u00e9cembre \u00e0 septembre.<\/p>\n\n<p>C&rsquo;est l&rsquo;endroit parfait pour les d\u00e9butants pour y apprendre le kitesurf dans un environnement s\u00fbr.  Si vous \u00eates un rider confirm\u00e9, vous pourrez profiter de la m\u00e9t\u00e9o et du peu de monde dans l&rsquo;eau pour vous am\u00e9liorer, apprendre de nouvelles figures ou d\u00e9couvrir l&rsquo;hydrofoil dans des conditions id\u00e9ales.<\/p>\n\n<p>L&rsquo;avantage de choisir Las Terrenas pour faire du kitesurf est qu&rsquo;il y a g\u00e9n\u00e9ralement peu de monde dans l&rsquo;eau, vous pouvez donc vous concentrer sur vous-m\u00eame et ne pas avoir \u00e0 vous soucier des autres kites autour de vous. Las Terrenas n&rsquo;est pas aussi connue que Cabarete, donc peu de gens connaissent ce spot de kitesurf en R\u00e9publique dominicaine, ce qui en fait une destination de choix pour le kitesurf si vous voulez vous \u00e9loigner de la foule.<\/p>\n\n<p>Le vent \u00e0 Las Terrenas est un vent thermique super r\u00e9gulier, commen\u00e7ant vers 13 h et se terminant vers 18 h.<\/p>\n\n<h4 class=\"wp-block-heading\">Spots de kitesurf \u00e0 Las Terrenas:<\/h4>\n\n<h5 class=\"wp-block-heading\"><span style=\"color: #1e72bd;\"><strong>El Portillo<\/strong><\/span><\/h5>\n\n<p>Avec un vent lat\u00e9ral, un vent descendant et une eau plate, El Portillo convient \u00e0 tous les niveaux. C&rsquo;est aussi un endroit parfait pour essayer l&rsquo;hydrofoil. Pour s&rsquo;y rendre, la plage est \u00e0 15 minutes en voiture du centre-ville de Las Terrenas, puis \u00e0 5 minutes \u00e0 pied du parking depuis le complexe 5 \u00e9toiles Bahia Principe Grand El Portillo. L&rsquo;acc\u00e8s depuis le parking principal se fait par la brousse juste avant l&rsquo;h\u00f4tel tout compris Bahia Principe (devant le panneau bleu \u00ab\u00a0Tortuga\u00a0\u00bb).<\/p>\n\n<p>La plage y est magnifique et assez sauvage, c&rsquo;est aussi un bon endroit pour faire du snorkeling depuis le rivage.<\/p>\n\n<h5 class=\"wp-block-heading\"><span style=\"color: #1e72bd;\"><strong>Punta Popy<\/strong><\/span><\/h5>\n\n<p>\u00c0 Punta Popy, vous trouverez du vent lat\u00e9ralet un peu de vague. C&rsquo;est un bon spot de kitesurf en R\u00e9publique Dominicaine pour les niveaux interm\u00e9diaires \u00e0 avanc\u00e9s, o\u00f9 vous pouvez faire du downwind et essayer l&rsquo;hydrofoil. Punta Popy est facilement accessible, en plein centre-ville de Las Terrenas avec de nombreux restaurants, bars et <a href=\"https:\/\/kitesurflasterrenas.com\/fr\/hebergement-las-terrenas\/\" target=\"_blank\" rel=\"noopener\">h\u00f4tels<\/a> aux alentours.<\/p>\n\n<p><a href=\"https:\/\/kitesurflasterrenas.com\/fr\/kiteworld-ecole-de-kitesurf-a-las-terrenas\/\" target=\"_blank\" rel=\"noopener\">En savoir plus sur le kitesurf \u00e0 Las Terrenas.<\/a><\/p>\n\n<h3 class=\"wp-block-heading\">Autres activit\u00e9s \u00e0 faire \u00e0 Las Terrenas:<\/h3>\n\n<p>Il y a beaucoup de chose \u00e0 voir et \u00e0 faire \u00e0 Las Terrenas si vous venez avec des gens qui ne font pas de kitesurf, les jours de mauvais vent ou le matin avant que le vent ne se l\u00e8ve. Vous pouvez faire une excursion d&rsquo;une demi-journ\u00e9e pour vous rendre \u00e0 la magnifique <strong><a class=\"rank-math-link\" href=\"https:\/\/kitesurflasterrenas.com\/fr\/excursion-cascade-el-limon-samana\/\">cascade d&rsquo;El Limon<\/a><\/strong> et nager dans ses eaux cristallines, faire une excursion en bateau pour <strong>observer les baleines<\/strong> ou explorer les grottes Taino et la faune locale dans le <strong><a class=\"rank-math-link\" href=\"https:\/\/kitesurflasterrenas.com\/fr\/excursion-parc-national-los-haitises\/\">parc national Los Haitises<\/a><\/strong>.<\/p>\n\n<p>\u00c0 Las Terrenas, vous pouvez faire du surf le matin, passer du temps \u00e0 vous d\u00e9tendre \u00e0 la plage ou apprendre la bachata le soir. Vous pouvez \u00e9galement louer un quad pour une balade le long de la Ruta del Cafe (route du caf\u00e9) pour d\u00e9couvrir la vie rurale en R\u00e9publique Dominicaine et admirer les paysages.<\/p>\n\n<p><a href=\"https:\/\/kitesurflasterrenas.com\/fr\/excursions-tours-republique-dominicaine\/\" target=\"_blank\" rel=\"noopener\">Plus de choses \u00e0 d\u00e9couvrir \u00e0 Las Terrenas &gt;&gt;<\/a><\/p>\n\n<h3 class=\"wp-block-heading\">2 &#8211; CABARETE<\/h3>\n\n<p>C&rsquo;est le meilleur spot de kitesurf en R\u00e9publique Dominicaine pour rider les vagues avec un incroyable downwind sur la plage d&rsquo;Encuentro o\u00f9 vous pouvez surfer sur les vagues vitreuses du matin de 1 \u00e0 2 m\u00e8tres en moyenne. Le vent souffle entre 20 et 25 n\u0153uds de midi \u00e0 18 heures.<\/p>\n\n<p>Cabarete est un excellent spot de kitesurf pour les riders avanc\u00e9s car il y a g\u00e9n\u00e9ralement beaucoup de kites dans les airs en m\u00eame temps et un shore break important, ce qui rend difficile l&rsquo;apprentissage pour les nouveaux riders ou pour les personnes qui ne ma\u00eetrisent pas encore compl\u00e8tement le kitesurf.<\/p>\n\n<p>Cabarete est un spot de kitesurf de renomm\u00e9e mondiale o\u00f9 les kitesurfeurs professionnels aiment \u00e0 y passer du temps et \u00e0 s&rsquo;entra\u00eener pour am\u00e9liorer leurs figures de freestyle. Les gens qui savent bien faire du kitesurf s&rsquo;y amuseront.<\/p>\n\n<h4 class=\"wp-block-heading\">Spots de kitesurf \u00e0 Cabarete:<\/h4>\n\n<ul class=\"wp-block-list\"><li><strong>Rivi\u00e8re La Boca:<\/strong> vent de terre, eau plate, niveau expert, vent arri\u00e8re, pas de parking, \u00e0 15 minutes du centre-ville, pas d&rsquo;h\u00f4tels aux alentours.<\/li><li><strong>Plage de Bozo:<\/strong> vent lat\u00e9ral, beach break super agit\u00e9, tous niveaux, hydrofoil, downwind, possibilit\u00e9 de surfer des vagues pr\u00e8s du r\u00e9cif, parking en ville, situ\u00e9 au c\u0153ur du village, h\u00f4tels, restaurants et bars.<\/li><li><strong>Kite beach:<\/strong> vent lat\u00e9ral, niveau interm\u00e9diaire \/ expert, corail, hydrofoil, downwind, parking, h\u00f4tels, restaurants.<\/li><li><strong>Cabarete Bay:<\/strong> \u00e9galement connue sous le nom de Cab bay est le spot le plus fr\u00e9quent\u00e9 avec un long reefbreak, parfait pour attraper les vagues, la zone de lancement est vers la droite, essayez d&rsquo;en sortir une fois dans l&rsquo;eau si vous voulez \u00e9viter la foule.<\/li><\/ul>\n<h4 class=\"wp-block-heading\">Autres activit\u00e9s \u00e0 faire \u00e0 Cabarete:<\/h4>\n\n<p>Lorsqu&rsquo;il n&rsquo;y a pas assez de vent pour faire du kitesurf, il y a beaucoup d&rsquo;autres activit\u00e9s \u00e0 faire \u00e0 Cabarete et plein d&rsquo;endroits \u00e0 visiter. Lorsque les vagues ne sont pas trop fortes, vous pouvez faire une excursion en kayak ou en stand-up paddle pour passer plus de temps dans l&rsquo;eau. Le matin, essayez un cours de surf ou faites de la bou\u00e9e pour une journ\u00e9e au top.<\/p>\n\n<p>Autour de Cabarete, si vous aimez la randonn\u00e9e, pr\u00e9voyez une balade dans la jungle luxuriante de <strong>Damajagua<\/strong> et plongez dans une cascade \u00e0 couper le souffle pour vous rafra\u00eechir et vous ressourcer, en profitant de la nature et \u00e9coutant le chant des oiseaux. Une activit\u00e9 populaire consiste \u00e0 se rendre jusqu&rsquo;au sommet de la plus haute cascade et \u00e0 sauter et \u00e0 nager d&rsquo;une cascade \u00e0 l&rsquo;autre. Il y a 27 cascades au total, la plupart des visites ne vous m\u00e8nent qu&rsquo;\u00e0 7, explorer les 27 est r\u00e9serv\u00e9 aux personnes vraiment en forme et tr\u00e8s motiv\u00e9es.<\/p>\n\n<p>Un autre incontournable \u00e0 Cabarete est de visiter une ferme qui cultive le caf\u00e9, rendez-vous \u00e0 la <strong>Cabarete Coffee Company<\/strong> pour apprendre l&rsquo;histoire du caf\u00e9, comment il est fabriqu\u00e9 et visitez plusieurs fermes de caf\u00e9 o\u00f9 vous pourrez torr\u00e9fier, moudre et pr\u00e9parer votre propre tasse. .<\/p>\n\n<p>Enfin, fa\u00eetes une sortie en bateau pour visiter\u00a0 <strong>Paradise Island et le parc national de Montecristi<\/strong> o\u00f9 lagons, mangroves, eaux cristallines, plages vierges et poissons color\u00e9s vous attendent.<\/p>\n\n<div class=\"wp-block-image\"><figure class=\"aligncenter size-large is-resized\"><img decoding=\"async\" src=\"https:\/\/kitesurflasterrenas.com\/wp-content\/uploads\/2020\/01\/buen-hombre-800x600-1.jpg\" alt=\"Buen Hombre, R&#xE8;publique Dominicaine\" class=\"wp-image-4143\" width=\"609\" height=\"457\" srcset=\"https:\/\/kitesurflasterrenas.com\/wp-content\/uploads\/2020\/01\/buen-hombre-800x600-1.jpg 800w, https:\/\/kitesurflasterrenas.com\/wp-content\/uploads\/2020\/01\/buen-hombre-800x600-1-300x225.jpg 300w, https:\/\/kitesurflasterrenas.com\/wp-content\/uploads\/2020\/01\/buen-hombre-800x600-1-768x576.jpg 768w\" sizes=\"(max-width: 609px) 100vw, 609px\" \/><\/figure><\/div>\n\n<h3 class=\"wp-block-heading\">BUEN HOMBRE<\/h3>\n\n<p>Situ\u00e9e sur la c\u00f4te nord de la R\u00e9publique Dominicaine, pr\u00e8s de la fronti\u00e8re avec Ha\u00efti, Buen Hombre est une plage isol\u00e9e populaire parmi les kitesurfeurs \u00e0 la recherche d&rsquo;une aventure d\u00e9cal\u00e9e. Avec un vent de 25 \u00e0 35 n\u0153uds toute l&rsquo;ann\u00e9e, c&rsquo;est une excellente alternative \u00e0 Cabarete et Las Terrenas s&rsquo;il n&rsquo;y a pas de vent l\u00e0-bas ou si vous visitez en basse saison.<\/p>\n\n<p><strong>Ce spot de kitesurf est r\u00e9serv\u00e9 aux riders confirm\u00e9s<\/strong> car l&rsquo;eau est vraiment peu profonde, il y a des r\u00e9cifs partout, et les vagues et les courants sont assez forts de ce c\u00f4t\u00e9 de l&rsquo;Atlantique.<\/p>\n\n<p>Playa Buen Hombre est un petit village de p\u00eacheurs et se trouve hors des sentiers battus. Il y a quelques restaurants o\u00f9 vous pourrez d\u00e9guster des fruits de mer et du poisson frais mais il n&rsquo;y a pas d&rsquo;h\u00f4tel. Le village est \u00e0 3 heures de route de Cabarete, vous pouvez faire une excursion d&rsquo;une journ\u00e9e ou apporter du mat\u00e9riel de camping et passer la nuit sur la plage. Il existe plusieurs options d&rsquo;h\u00e9bergement dans la ville la plus proche, Montecristi.<\/p>\n\n<p><em><strong>Si vous aimez les aventures de kitesurf sauvages, dormir sur la plage avec une tente, cet endroit est fait pour vous.<\/strong><\/em><\/p>\n\n<div class=\"wp-block-image\"><figure class=\"aligncenter size-large is-resized\"><img decoding=\"async\" src=\"https:\/\/kitesurflasterrenas.com\/wp-content\/uploads\/2020\/01\/spot-uvero-alto.jpg\" alt=\"kitesurfing &#xE0; las terrenas R&#xE9;publique Dominicaine\" class=\"wp-image-4144\" width=\"508\" height=\"508\" srcset=\"https:\/\/kitesurflasterrenas.com\/wp-content\/uploads\/2020\/01\/spot-uvero-alto.jpg 640w, https:\/\/kitesurflasterrenas.com\/wp-content\/uploads\/2020\/01\/spot-uvero-alto-300x300.jpg 300w, https:\/\/kitesurflasterrenas.com\/wp-content\/uploads\/2020\/01\/spot-uvero-alto-150x150.jpg 150w\" sizes=\"(max-width: 508px) 100vw, 508px\" \/><\/figure><\/div>\n\n<h3 class=\"wp-block-heading\">PUNTA CANA<\/h3>\n\n<p>Punta Cana n&rsquo;est pas en soi une destination de kitesurf, vous pourrez peut-\u00eatre faire du kitesurf si vous avez de la chance et que vous y \u00eates entre novembre et d\u00e9cembre. Durant cette p\u00e9riode, vous pourrez trouver un peu de vent cr\u00e9\u00e9 par les d\u00e9pressions hivernales. Vous trouverez un peu plus de vent autour d&rsquo;Uvero Alto. Vous pouvez \u00e9galement aller au parc aquatique situ\u00e9 dans le centre-ville, \u00e0 15 minutes de l&rsquo;a\u00e9roport.<\/p>\n\n<p>Si vous pr\u00e9voyez de rester \u00e0 Punta Cana et que vous souhaitez apprendre le kitesurf ou d\u00e9velopper vos comp\u00e9tences, vous pouvez organiser une excursion d&rsquo;une journ\u00e9e \u00e0 Las Terrenas, le spot de kitesurf le plus proche de Punta Cana, ou pr\u00e9voir d&rsquo;y passer quelques jours.<\/p>\n\n<h4 class=\"wp-block-heading\">Spots de kitesurf \u00e0 Punta Cana:<\/h4>\n\n<ul class=\"wp-block-list\"><li><strong>Playa Blanca:<\/strong> vent lat\u00e9ral, eau peu profonde, r\u00e9cif, niveau expert, entr\u00e9e \u00e0 la plage payante, parking, restaurants, h\u00f4tels.<\/li><li><strong>Cabeza de Toro:<\/strong> vent lat\u00e9ral, eau peu profonde, tous niveaux, pas de parking, h\u00f4tels.<\/li><li><strong>Uvero Alto<\/strong>: vent lat\u00e9ral, eau peu profonde, tous niveaux, pas de parking.<\/li><\/ul>","protected":false},"excerpt":{"rendered":"<p>La R\u00e9publique Dominicaine est l&rsquo;une des plus grandes \u00eeles des Cara\u00efbes et vous y trouverez quelques uns des meilleurs et des plus beaux spots de kitesurf au monde avec des conditions de vent incroyables de d\u00e9cembre \u00e0 septembre. Ces spots de kitesurf sont facilement accessibles depuis la France &#8230; <a title=\"Les meilleurs spots de kitesurf en R\u00e9publique Dominicaine\" class=\"read-more\" href=\"https:\/\/kitesurflasterrenas.com\/fr\/spot-kitesurf-republique-dominicaine\/\" aria-label=\"More on Les meilleurs spots de kitesurf en R\u00e9publique Dominicaine\">Lire plus<\/a><\/p>\n","protected":false},"author":2,"featured_media":4181,"parent":0,"menu_order":0,"comment_status":"closed","ping_status":"closed","template":"","meta":{"_joinchat":[],"footnotes":""},"class_list":{"0":"post-4508","1":"page","2":"type-page","3":"status-publish","4":"has-post-thumbnail","6":"resize-featured-image"},"_links":{"self":[{"href":"https:\/\/kitesurflasterrenas.com\/fr\/wp-json\/wp\/v2\/pages\/4508","targetHints":{"allow":["GET"]}}],"collection":[{"href":"https:\/\/kitesurflasterrenas.com\/fr\/wp-json\/wp\/v2\/pages"}],"about":[{"href":"https:\/\/kitesurflasterrenas.com\/fr\/wp-json\/wp\/v2\/types\/page"}],"author":[{"embeddable":true,"href":"https:\/\/kitesurflasterrenas.com\/fr\/wp-json\/wp\/v2\/users\/2"}],"replies":[{"embeddable":true,"href":"https:\/\/kitesurflasterrenas.com\/fr\/wp-json\/wp\/v2\/comments?post=4508"}],"version-history":[{"count":7,"href":"https:\/\/kitesurflasterrenas.com\/fr\/wp-json\/wp\/v2\/pages\/4508\/revisions"}],"predecessor-version":[{"id":4981,"href":"https:\/\/kitesurflasterrenas.com\/fr\/wp-json\/wp\/v2\/pages\/4508\/revisions\/4981"}],"wp:featuredmedia":[{"embeddable":true,"href":"https:\/\/kitesurflasterrenas.com\/fr\/wp-json\/wp\/v2\/media\/4181"}],"wp:attachment":[{"href":"https:\/\/kitesurflasterrenas.com\/fr\/wp-json\/wp\/v2\/media?parent=4508"}],"curies":[{"name":"wp","href":"https:\/\/api.w.org\/{rel}","templated":true}]}}