{"id":4479,"date":"2021-02-18T19:17:37","date_gmt":"2021-02-18T23:17:37","guid":{"rendered":"https:\/\/kitesurflasterrenas.com\/previsions-vent-vague-republique-dominicaine\/"},"modified":"2022-02-12T07:49:20","modified_gmt":"2022-02-12T11:49:20","slug":"previsions-vent-vague-republique-dominicaine","status":"publish","type":"page","link":"https:\/\/kitesurflasterrenas.com\/fr\/previsions-vent-vague-republique-dominicaine\/","title":{"rendered":"M\u00e9t\u00e9o et vent en R\u00e9publique Dominicaine"},"content":{"rendered":"<p>[vc_row][vc_column][vc_column_text]<\/p>\n<h2 style=\"text-align: center;\">VENT EN R\u00c9PUBLIQUE DOMINICAINE<\/h2>\n<p>[\/vc_column_text][vc_empty_space][vc_row_inner content_placement=\u00a0\u00bbmiddle\u00a0\u00bb][vc_column_inner][vc_raw_html]PGNlbnRlcj48aWZyYW1lIHN0eWxlPSJ3aWR0aDogNTgwcHg7IGhlaWdodDogMjUwcHg7IiBzcmM9Imh0dHBzOi8vd2lkZ2V0LmhvbGZ1eS5jb20vP3N0YXRpb249MTMzMSZhbXA7c3U9a25vdHMmYW1wO3Q9QyZhbXA7bGFuZz1lbiZhbXA7bW9kZT1kZXRhaWxlZCIgZnJhbWVib3JkZXI9IjAiIG1hcmdpbndpZHRoPSIxIiBtYXJnaW5oZWlnaHQ9IjEiIHNjcm9sbGluZz0ibm8iPjwvaWZyYW1lPjwvY2VudGVyPg==[\/vc_raw_html][\/vc_column_inner][\/vc_row_inner][\/vc_column][\/vc_row][vc_row content_placement=\u00a0\u00bbmiddle\u00a0\u00bb][vc_column][vc_column_text]<\/p>\n<p style=\"text-align: center;\"><strong>VENT PAR HEURE<\/strong><\/p>\n<p>[\/vc_column_text][vc_raw_html]PGNlbnRlcj48aWZyYW1lIHN0eWxlPSJ3aWR0aDogMTAwJTsgaGVpZ2h0OiAxNzBweDsiIHNyYz0iaHR0cHM6Ly93aWRnZXQuaG9sZnV5LmNvbS8\/c3RhdGlvbj0xMzMxJmFtcDtzdT1rbm90cyZhbXA7dD1DJmFtcDtsYW5nPWVuJmFtcDttb2RlPWF2ZXJhZ2VfaG91cmx5JmFtcDthdmdyb3dzPTMyIiBmcmFtZWJvcmRlcj0iMCIgbWFyZ2lud2lkdGg9IjEiIG1hcmdpbmhlaWdodD0iMSIgc2Nyb2xsaW5nPSJubyI+PC9pZnJhbWU+PC9jZW50ZXI+[\/vc_raw_html][\/vc_column][\/vc_row][vc_row][vc_column width=\u00a0\u00bb1\/3&Prime;][vc_icon icon_fontawesome=\u00a0\u00bbfas fa-sun\u00a0\u00bb color=\u00a0\u00bbpeacoc\u00a0\u00bb size=\u00a0\u00bbxl\u00a0\u00bb align=\u00a0\u00bbcenter\u00a0\u00bb][vc_column_text]<\/p>\n<h3 style=\"text-align: center;\">Du beau temps toute l&rsquo;ann\u00e9e<\/h3>\n<p>[\/vc_column_text][vc_column_text]La haute saison, de mi-d\u00e9cembre \u00e0 la mi-septembre, offre un temps ensoleill\u00e9 incroyable avec tr\u00e8s peu ou pas de pluie et de grands aliz\u00e9s qui vous rafra\u00eechira juste ce qu&rsquo;il faut.[\/vc_column_text][\/vc_column][vc_column width=\u00a0\u00bb1\/3&Prime;][vc_icon icon_fontawesome=\u00a0\u00bbfas fa-temperature-low\u00a0\u00bb color=\u00a0\u00bbpeacoc\u00a0\u00bb size=\u00a0\u00bbxl\u00a0\u00bb align=\u00a0\u00bbcenter\u00a0\u00bb][vc_column_text]<\/p>\n<h3 style=\"text-align: center;\">UN VENT ET DES TEMP\u00c9RATURES ID\u00c9ALES<\/h3>\n<p>[\/vc_column_text][vc_column_text]Les aliz\u00e9s soufflent constamment de d\u00e9cembre \u00e0 mi-septembre. La temp\u00e9rature de l&rsquo;air est de 30 \u00b0 C toute l&rsquo;ann\u00e9e et la temp\u00e9rature de l&rsquo;eau est de 28 \u00b0 C donc pas besoin d&rsquo;apporter une combinaison.[\/vc_column_text][\/vc_column][vc_column width=\u00a0\u00bb1\/3&Prime;][vc_icon icon_fontawesome=\u00a0\u00bbfas fa-cloud-rain\u00a0\u00bb color=\u00a0\u00bbpeacoc\u00a0\u00bb size=\u00a0\u00bbxl\u00a0\u00bb align=\u00a0\u00bbcenter\u00a0\u00bb][vc_column_text]<\/p>\n<h3 style=\"text-align: center;\">Saison des pluies\/basse &#8211; octobre \u00e0 d\u00e9cembre<\/h3>\n<p>[\/vc_column_text][vc_column_text]La \u00absaison des pluies\u00bb des Cara\u00efbes, d&rsquo;octobre \u00e0 fin d\u00e9cembre, est tr\u00e8s faible et la plupart des ouragans prennent une trajectoire plus au nord.[\/vc_column_text][\/vc_column][vc_column][vc_progress_bar values=\u00a0\u00bb%5B%7B%22label%22%3A%22December%22%2C%22value%22%3A%2250%22%2C%22color%22%3A%22bar_orange%22%7D%2C%7B%22label%22%3A%22January%22%2C%22value%22%3A%2275%22%2C%22color%22%3A%22bar_green%22%7D%2C%7B%22label%22%3A%22February%22%2C%22value%22%3A%2290%22%2C%22color%22%3A%22bar_green%22%7D%2C%7B%22label%22%3A%22March%22%2C%22value%22%3A%2290%22%2C%22color%22%3A%22bar_green%22%7D%2C%7B%22label%22%3A%22APRIL%22%2C%22value%22%3A%2290%22%2C%22color%22%3A%22bar_green%22%7D%2C%7B%22label%22%3A%22MAY%22%2C%22value%22%3A%2250%22%2C%22color%22%3A%22bar_orange%22%7D%2C%7B%22label%22%3A%22june%22%2C%22value%22%3A%2270%22%2C%22color%22%3A%22bar_green%22%7D%2C%7B%22label%22%3A%22july%22%2C%22value%22%3A%22100%22%2C%22color%22%3A%22bar_green%22%7D%2C%7B%22label%22%3A%22AUGUST%22%2C%22value%22%3A%2280%22%2C%22color%22%3A%22bar_green%22%7D%2C%7B%22label%22%3A%22september%22%2C%22value%22%3A%2250%22%2C%22color%22%3A%22bar_orange%22%7D%2C%7B%22label%22%3A%22october%22%2C%22value%22%3A%2210%22%2C%22color%22%3A%22bar_red%22%7D%2C%7B%22label%22%3A%22november%22%2C%22value%22%3A%2210%22%2C%22color%22%3A%22bar_red%22%7D%5D\u00a0\u00bb title=\u00a0\u00bbStatistiques de vent\u00a0\u00bb units=\u00a0\u00bb%\u00a0\u00bb][\/vc_column][\/vc_row]<\/p>\n","protected":false},"excerpt":{"rendered":"<p>[vc_row][vc_column][vc_column_text] VENT EN R\u00c9PUBLIQUE DOMINICAINE [\/vc_column_text][vc_empty_space][vc_row_inner content_placement=\u00a0\u00bbmiddle\u00a0\u00bb][vc_column_inner][vc_raw_html]PGNlbnRlcj48aWZyYW1lIHN0eWxlPSJ3aWR0aDogNTgwcHg7IGhlaWdodDogMjUwcHg7IiBzcmM9Imh0dHBzOi8vd2lkZ2V0LmhvbGZ1eS5jb20vP3N0YXRpb249MTMzMSZhbXA7c3U9a25vdHMmYW1wO3Q9QyZhbXA7bGFuZz1lbiZhbXA7bW9kZT1kZXRhaWxlZCIgZnJhbWVib3JkZXI9IjAiIG1hcmdpbndpZHRoPSIxIiBtYXJnaW5oZWlnaHQ9IjEiIHNjcm9sbGluZz0ibm8iPjwvaWZyYW1lPjwvY2VudGVyPg==[\/vc_raw_html][\/vc_column_inner][\/vc_row_inner][\/vc_column][\/vc_row][vc_row content_placement=\u00a0\u00bbmiddle\u00a0\u00bb][vc_column][vc_column_text] VENT PAR HEURE [\/vc_column_text][vc_raw_html]PGNlbnRlcj48aWZyYW1lIHN0eWxlPSJ3aWR0aDogMTAwJTsgaGVpZ2h0OiAxNzBweDsiIHNyYz0iaHR0cHM6Ly93aWRnZXQuaG9sZnV5LmNvbS8\/c3RhdGlvbj0xMzMxJmFtcDtzdT1rbm90cyZhbXA7dD1DJmFtcDtsYW5nPWVuJmFtcDttb2RlPWF2ZXJhZ2VfaG91cmx5JmFtcDthdmdyb3dzPTMyIiBmcmFtZWJvcmRlcj0iMCIgbWFyZ2lud2lkdGg9IjEiIG1hcmdpbmhlaWdodD0iMSIgc2Nyb2xsaW5nPSJubyI+PC9pZnJhbWU+PC9jZW50ZXI+[\/vc_raw_html][\/vc_column][\/vc_row][vc_row][vc_column width=\u00a0\u00bb1\/3&Prime;][vc_icon icon_fontawesome=\u00a0\u00bbfas fa-sun\u00a0\u00bb color=\u00a0\u00bbpeacoc\u00a0\u00bb size=\u00a0\u00bbxl\u00a0\u00bb align=\u00a0\u00bbcenter\u00a0\u00bb][vc_column_text] Du beau temps toute l&rsquo;ann\u00e9e [\/vc_column_text][vc_column_text]La haute saison, de mi-d\u00e9cembre \u00e0 la mi-septembre, offre un temps ensoleill\u00e9 incroyable avec tr\u00e8s peu ou pas de pluie et de grands aliz\u00e9s qui &#8230; <a title=\"M\u00e9t\u00e9o et vent en R\u00e9publique Dominicaine\" class=\"read-more\" href=\"https:\/\/kitesurflasterrenas.com\/fr\/previsions-vent-vague-republique-dominicaine\/\" aria-label=\"More on M\u00e9t\u00e9o et vent en R\u00e9publique Dominicaine\">Lire plus<\/a><\/p>\n","protected":false},"author":2,"featured_media":0,"parent":0,"menu_order":0,"comment_status":"closed","ping_status":"closed","template":"","meta":{"_joinchat":[],"footnotes":""},"class_list":["post-4479","page","type-page","status-publish"],"_links":{"self":[{"href":"https:\/\/kitesurflasterrenas.com\/fr\/wp-json\/wp\/v2\/pages\/4479","targetHints":{"allow":["GET"]}}],"collection":[{"href":"https:\/\/kitesurflasterrenas.com\/fr\/wp-json\/wp\/v2\/pages"}],"about":[{"href":"https:\/\/kitesurflasterrenas.com\/fr\/wp-json\/wp\/v2\/types\/page"}],"author":[{"embeddable":true,"href":"https:\/\/kitesurflasterrenas.com\/fr\/wp-json\/wp\/v2\/users\/2"}],"replies":[{"embeddable":true,"href":"https:\/\/kitesurflasterrenas.com\/fr\/wp-json\/wp\/v2\/comments?post=4479"}],"version-history":[{"count":13,"href":"https:\/\/kitesurflasterrenas.com\/fr\/wp-json\/wp\/v2\/pages\/4479\/revisions"}],"predecessor-version":[{"id":6089,"href":"https:\/\/kitesurflasterrenas.com\/fr\/wp-json\/wp\/v2\/pages\/4479\/revisions\/6089"}],"wp:attachment":[{"href":"https:\/\/kitesurflasterrenas.com\/fr\/wp-json\/wp\/v2\/media?parent=4479"}],"curies":[{"name":"wp","href":"https:\/\/api.w.org\/{rel}","templated":true}]}}