{"id":4465,"date":"2021-02-18T18:29:01","date_gmt":"2021-02-18T22:29:01","guid":{"rendered":"https:\/\/kitesurflasterrenas.com\/vols-bus-taxi-las-terrenas\/"},"modified":"2021-03-12T11:44:55","modified_gmt":"2021-03-12T15:44:55","slug":"vols-bus-taxi-las-terrenas","status":"publish","type":"page","link":"https:\/\/kitesurflasterrenas.com\/fr\/vols-bus-taxi-las-terrenas\/","title":{"rendered":"VOLS POUR LAS TERRENAS ET LA R\u00c9PUBLIQUE DOMINICAINE"},"content":{"rendered":"\n<p>Se rendre \u00e0 Las Terrenas est assez facile, il existe de nombreuses liaisons a\u00e9riennes internationales vers la R\u00e9publique Dominicaine, et se d\u00e9placer dans le pays est \u00e9galement assez facile. Il n&rsquo;y a pas d&rsquo;a\u00e9roport \u00e0 Las Terrenas, mais voici comment se rendre \u00e0 Las Terrenas depuis les a\u00e9roports les plus proches.<\/p>\n\n<h2 class=\"wp-block-heading\">Vols pour Las Terrenas<\/h2>\n\n<p><strong> L&rsquo;a\u00e9roport le plus proche de Las Terrenas est Samana El Catey (AZS) <\/strong> offrant quelques vols internationaux vers Toronto (YYZ), Montr\u00e9al (YUL), Ottawa (YOW), et Francfort (FRA). Les vols \u00e0 destination de Las Terrenas sont rares et l&rsquo;atterrissage \u00e0 Samana n&rsquo;est pas toujours la meilleure option.<\/p>\n\n<p>Le plus simple est <strong> d&rsquo;atterrir \u00e0 Saint-Domingue <\/strong>, l&rsquo;a\u00e9roport de plus important proche de Las Terrenas, avec beaucoup plus de liaisons a\u00e9riennes qu&rsquo;\u00e0 Samana. <strong> Vous pouvez \u00e9galement atterrir \u00e0 Punta Cana <\/strong>, ce n&rsquo;est pas l&rsquo;a\u00e9roport le plus proche de Las Terrenas, mais c&rsquo;est le plus grand, et vous pourrez g\u00e9n\u00e9ralement trouver des billets moins chers, par contre il vous faudra 4 heures pour arriver \u00e0 Las Terrenas depuis Punta Cana.<\/p>\n\n<h2 class=\"wp-block-heading\">Quelles compagnies a\u00e9riennes desservent Samana ?<\/h2>\n\n<ul class=\"wp-block-list\"><li>Air Canada<\/li><li>Air Transat<\/li><li>West Jet<\/li><li>Condor<\/li><\/ul>\n<p><em> <strong> Vols \u00e0 destination de Las Terrenas au d\u00e9part du Canada : <\/strong> <\/em><\/p>\n<div>Montr\u00e9al (YUL) \u00e0 Samana (AZS) Air Canada\u00a0<a href=\"http:\/\/www.aircanada.com\/\" target=\"_blank\" rel=\"noopener noreferrer\">www.aircanada.com<\/a>, Air Transat\u00a0<a href=\"http:\/\/www.airtransat.com\/\" target=\"_blank\" rel=\"noopener noreferrer\">www.airtransat.com<\/a><\/div>\r\n<div>Toronto (YYZ) \u00e0 Samana (AZS) Air Canada\u00a0<a href=\"http:\/\/www.aircanada.com\/\" target=\"_blank\" rel=\"noopener noreferrer\" data-saferedirecturl=\"https:\/\/www.google.com\/url?q=http:\/\/www.aircanada.com&#038;source=gmail&#038;ust=1579804862125000&#038;usg=AFQjCNH7VOCTRx-HvCfcDM3DOL5cLjpssQ\">www.aircanada.com<\/a>, Air Transat\u00a0<a href=\"http:\/\/www.airtransat.com\/\" target=\"_blank\" rel=\"noopener noreferrer\" data-saferedirecturl=\"https:\/\/www.google.com\/url?q=http:\/\/www.airtransat.com&#038;source=gmail&#038;ust=1579804862125000&#038;usg=AFQjCNFqWbwOQHol1zN5lZo-4j-N8tu72A\">www.airtransat.com<\/a>, WestJet\u00a0<a href=\"http:\/\/www.westjet.com\/\" target=\"_blank\" rel=\"noopener noreferrer\" data-saferedirecturl=\"https:\/\/www.google.com\/url?q=http:\/\/www.westjet.com&#038;source=gmail&#038;ust=1579804862125000&#038;usg=AFQjCNGQ5dl1fa9RcvMChswMLV2splm7Fg\">www.westjet.com<\/a><\/div>\r\n<div>Ottawa (YOW) \u00e0 Samana (AZS) Air Transat\u00a0<a href=\"http:\/\/www.airtransat.com\/\" target=\"_blank\" rel=\"noopener noreferrer\" data-saferedirecturl=\"https:\/\/www.google.com\/url?q=http:\/\/www.airtransat.com&#038;source=gmail&#038;ust=1579804862125000&#038;usg=AFQjCNFqWbwOQHol1zN5lZo-4j-N8tu72A\">www.airtransat.com<\/a><\/div>\r\n<div>Qu\u00e9bec (YQB) \u00e0 Samana ( AZS) Air Transat\u00a0<a href=\"http:\/\/www.airtransat.com\/\" target=\"_blank\" rel=\"noopener noreferrer\" data-saferedirecturl=\"https:\/\/www.google.com\/url?q=http:\/\/www.airtransat.com&#038;source=gmail&#038;ust=1579804862125000&#038;usg=AFQjCNFqWbwOQHol1zN5lZo-4j-N8tu72A\">www.airtransat.com<\/a><\/div>\r\n<div>\u00a0<\/div>\r\n<div>\u00a0<\/div>\r\n<div><strong><em><div> Vols vers Las Terrenas depuis l&rsquo;Allemagne :   <\/div><\/em><\/strong><\/div>\r\n<div>\u00a0<\/div>\r\n<div>Francfort (FRA) \u00e0 Samana (AZS) Condor <a href=\"http:\/\/www.condor.com\" target=\"_blank\" rel=\"noopener\"><span class=\"s1\">www.condor.com<\/span><\/a><\/div>\r\n<div>\u00a0<\/div>\r\n\n<h2 class=\"wp-block-heading\">Arriver en R\u00e9publique Dominicaine<\/h2>\n\n<p>Se rendre en R\u00e9publique Dominicaine est assez facile, il y a deux grands a\u00e9roports avec des liaisons a\u00e9riennes en provenance du monde entier, desservant la plupart des grandes destinations internationales. Une fois sur place, le pays n&rsquo;est pas si grand et routes sont en assez bon \u00e9tat pour que vous arriviez rapidement \u00e0 destination.<\/p>\n\n<p>Votre meilleure option est d&rsquo;atterrir \u00e0 Saint-Domingue. De l&rsquo;a\u00e9roport, vous pouvez facilement prendre un taxi ou prendre un bus pour Las Terrenas. Vous y serez en moins de 2 heures.<\/p>\n\n<h3 class=\"wp-block-heading\">Vols \u00e0 destination de Saint Domingue<\/h3>\n<div class=\"title-h6\"><em><strong>Depuis les \u00c9tats-Unis :<\/strong><\/em><\/div>\r\n<div>\u00a0<\/div>\r\n<div>Miami FL (MIA) \u00e0 Saint Domingue (SDQ) American Airlines\u00a0<a href=\"http:\/\/www.aa.com\/\" target=\"_blank\" rel=\"noopener noreferrer\" data-saferedirecturl=\"https:\/\/www.google.com\/url?q=http:\/\/www.aa.com&#038;source=gmail&#038;ust=1579804862125000&#038;usg=AFQjCNE3nL0P06axw2hSOTGCW7wISjyLhg\">www.aa.com<\/a><\/div>\r\n<div>New York (JFK) \u00e0 Saint Domingue (SDQ) Delta Airlines\u00a0<a href=\"http:\/\/www.delta.com\/\" target=\"_blank\" rel=\"noopener noreferrer\" data-saferedirecturl=\"https:\/\/www.google.com\/url?q=http:\/\/www.delta.com&#038;source=gmail&#038;ust=1579804862125000&#038;usg=AFQjCNEHIuJgK3Qp4eA9_5SKUKgNyNUpZQ\">www.delta.com<\/a>, JetBlue\u00a0<a href=\"http:\/\/www.jetblue.com\/\" target=\"_blank\" rel=\"noopener noreferrer\" data-saferedirecturl=\"https:\/\/www.google.com\/url?q=http:\/\/www.jetblue.com&#038;source=gmail&#038;ust=1579804862125000&#038;usg=AFQjCNGzoq6XtJKALCNDqKGGlZ37MjIsyA\">www.jetblue.com<\/a><\/div>\r\n<div>Newark (EWR) \u00e0 Saint Domingue (SDQ) United\u00a0<a href=\"http:\/\/www.united.com\/\" target=\"_blank\" rel=\"noopener noreferrer\" data-saferedirecturl=\"https:\/\/www.google.com\/url?q=http:\/\/www.united.com&#038;source=gmail&#038;ust=1579804862125000&#038;usg=AFQjCNHYuNSwlDysPu59LlD6KxpO2BDcYw\">www.united.com<\/a><\/div>\r\n<div>Atlanta (ATL) \u00e0 Saint Domingue (SDQ) Delta Airlines\u00a0<a href=\"http:\/\/www.delta.com\/\" target=\"_blank\" rel=\"noopener noreferrer\" data-saferedirecturl=\"https:\/\/www.google.com\/url?q=http:\/\/www.delta.com&#038;source=gmail&#038;ust=1579804862125000&#038;usg=AFQjCNEHIuJgK3Qp4eA9_5SKUKgNyNUpZQ\">www.delta.com<\/a><\/div>\r\n<div>\u00a0<\/div>\r\n\n<p class=\"title-h6\"><strong><em>Depuis la France :<\/em><\/strong><\/p>\n<div>Paris (CDG) \u00e0 Saint Domingue (SDQ) Air France <a href=\"http:\/\/www.airfrance.fr\" target=\"_blank\" rel=\"noopener\"><span class=\"s1\">www.airfrance.fr<\/span><\/a>, Delta Airlines <a href=\"http:\/\/www.delta.com\" target=\"_blank\" rel=\"noopener\"><span class=\"s1\">www.delta.com<\/span><\/a>, American Airlines <a href=\"http:\/\/www.aa.com\" target=\"_blank\" rel=\"noopener\"><span class=\"s1\">www.aa.com<\/span><\/a><\/div>\r\n<div>Paris (ORY) \u00e0 Saint Domingue (SDQ) Air Caraibes <a href=\"http:\/\/www.aircaraibes.com\" target=\"_blank\" rel=\"noopener\"><span class=\"s1\">www.aircaraibes.com<\/span><\/a>, Ib\u00e9ria <a href=\"http:\/\/www.iberia.com\" target=\"_blank\" rel=\"noopener\"><span class=\"s1\">www.iberia.com<\/span><\/a>, Air Europa <a href=\"http:\/\/www.aireuropa.com\" target=\"_blank\" rel=\"noopener\"><span class=\"s1\">www.aireuropa.com<\/span><\/a><\/div>\r\n<div>Lyon (LYS) \u00e0 Saint Domingue (SDQ) Ib\u00e9ria <a href=\"http:\/\/www.iberia.com\" target=\"_blank\" rel=\"noopener\"><span class=\"s1\">www.iberia.com<\/span><\/a>, Air France <a href=\"http:\/\/www.airfrance.com\" target=\"_blank\" rel=\"noopener\"><span class=\"s1\">www.airfrance.com<\/span><\/a><\/div>\r\n<div>Marseille (MRS) \u00e0 Saint Domingue (SDQ) Ib\u00e9ria <a href=\"http:\/\/www.iberia.com\" target=\"_blank\" rel=\"noopener\"><span class=\"s1\">www.iberia.com<\/span><\/a>, Air France <a href=\"http:\/\/www.airfrance.com\" target=\"_blank\" rel=\"noopener\"><span class=\"s1\">www.airfrance.com<\/span><\/a><\/div>\r\n\n<p>Bordeaux (BOD) \u00e0 Saint Domingue (SDQ) Ib\u00e9ria <a href=\"http:\/\/www.iberia.com\" target=\"_blank\" rel=\"noopener\"><span class=\"s1\">www.iberia.com<\/span><\/a>, Air France <a href=\"http:\/\/www.airfrance.com\" target=\"_blank\" rel=\"noopener\"><span class=\"s1\">www.airfrance.com<\/span><\/a><\/p>\n\n<p class=\"title-h6\"><strong><em>Depuis la Belgique :<\/em><\/strong><\/p>\n\n<p>Bruxelles (BRU) \u00e0 Saint Domingue (SDQ) Tui Fly <a href=\"http:\/\/www.tuifly.be\" target=\"_blank\" rel=\"noopener\"><span class=\"s1\">www.tuifly.be<\/span><\/a><\/p>\n\n<p class=\"title-h6\"><em><strong>Depuis l&rsquo;Allemagne :<\/strong><\/em><\/p>\n\n<p>Munich (MUC) \u00e0 Saint Domingue (SDQ) Air Europa <a href=\"http:\/\/www.aireuropa.com\" target=\"_blank\" rel=\"noopener\"><span class=\"s1\">www.aireuropa.com<\/span><\/a>, Delta Airlines <a href=\"http:\/\/www.delta.com\" target=\"_blank\" rel=\"noopener\"><span class=\"s1\">www.delta.com<\/span><\/a>, Ib\u00e9ria <a href=\"http:\/\/www.iberia.com\" target=\"_blank\" rel=\"noopener\"><span class=\"s1\">www.iberia.com<\/span><\/a>, Air France <a href=\"http:\/\/www.airfrance.com\" target=\"_blank\" rel=\"noopener\"><span class=\"s1\">www.airfrance.com<\/span><\/a><\/p>\n\n<p class=\"title-h6\"><em><strong>Depuis le Royaume Uni :<\/strong><\/em><\/p>\n\n<p class=\"p1\">London (LHR) \u00e0 Saint Domingue (SDQ) British Airways <a href=\"http:\/\/www.britishairways.com\" target=\"_blank\" rel=\"noopener\"><span class=\"s1\">www.britishairways.com<\/span><\/a>, Air Europa <a href=\"http:\/\/www.aireuropa.com\" target=\"_blank\" rel=\"noopener\"><span class=\"s1\">www.aireuropa.com<\/span><\/a>, Delta Airlines <a href=\"http:\/\/www.delta.com\" target=\"_blank\" rel=\"noopener\"><span class=\"s1\">www.delta.com<\/span><\/a>, Ib\u00e9ria <a href=\"http:\/\/www.iberia.com\" target=\"_blank\" rel=\"noopener\"><span class=\"s1\">www.iberia.com<\/span><\/a><\/p>\n\n<p class=\"title-h6\"><em><strong>Depuis l&rsquo;Espagne :<\/strong><\/em>:<\/p>\n\n<p class=\"p1\">Madrid (MAD) \u00e0 Saint Domingue (SDQ) Ib\u00e9ria <a href=\"http:\/\/www.iberia.com\" target=\"_blank\" rel=\"noopener\"><span class=\"s1\">www.iberia.com<\/span><\/a>, Air Europa <a href=\"http:\/\/www.aireuropa.com\" target=\"_blank\" rel=\"noopener\"><span class=\"s1\">www.aireuropa.com<\/span><\/a><\/p>\n\n<h2 class=\"wp-block-heading\">Comment aller de Punta Cana \u00e0 Las Terrenas<\/h2>\n\n<p>L&rsquo;option la plus confortable pour aller de Punta Cana \u00e0 Las Terrenas est de r\u00e9server un taxi, ce qui vous co\u00fbtera environ 300 \u00e0 350 USD, si vous n&rsquo;\u00eates pas un grand groupe, vous pouvez facilement trouver des personnes pour partager le trajet avec vous. Nous pouvons vous aider \u00e0 organiser le transport si vous en avez besoin, il vous suffit de <a href=\"https:\/\/kitesurflasterrenas.com\/fr\/contactez-nous-kiteworld-las-terrenas\/\" target=\"_blank\" rel=\"noopener\"> nous contacter. <\/a><\/p>\n\n<p>Vous pouvez \u00e9galement prendre le bus. Il n&rsquo;y en a pas de direct, vous devrez changer pr\u00e8s de Saint-Domingue. Pour vous rendre \u00e0 l&rsquo;arr\u00eat de bus, prenez un taxi de l&rsquo;a\u00e9roport \u00e0 l &lsquo;<strong> arr\u00eat de bus \u00abCruce de Veron\u00bb <\/strong>, la soci\u00e9t\u00e9 exploitant cette <strong> ligne de bus est \u00abEspresso Bavaro\u00bb <\/strong><\/p>\n\n<p><em> Horaires : <\/em> 7h &#8211; 9h &#8211; 11h &#8211; 13h &#8211; 15h &#8211; 16h (toujours complet, achetez votre billet 30 min avant)<\/p>\n\n<p>Descendez du bus avant Saint-Domingue, \u00e0 la gare routi\u00e8re <strong> \u00abParada Samana\u00bb <\/strong> &#8211; la compagnie op\u00e9rant la ligne vers Las Terrenas s\u2019appelle \u00ab<strong> Transporte Las Terrenas <\/strong>\u00bb<\/p>\n\n<p><em> Horaires <\/em>: 8h50 &#8211; 9h50 &#8211; 11h20 &#8211; 14h &#8211; 15h20 &#8211; 18h20<\/p>\n\n<h2 class=\"wp-block-heading\">Comment aller de Saint-Domingue \u00e0 Las Terrenas<\/h2>\n\n<p>Selon l&rsquo;heure \u00e0 laquelle votre vol atterrit, il peut \u00eatre plus facile de louer une voiture avec chauffeur, car le dernier bus de la journ\u00e9e part pour Las Terrenas \u00e0 18h20. Depuis l&rsquo;a\u00e9roport, un taxi vous co\u00fbtera environ 150 $, vous pourrez \u00e9galement facilement trouver des personnes arrivant sur le m\u00eame vol que vous pour partager le taxi.<\/p>\n\n<p>Si vous pr\u00e9voyez de prendre le bus, depuis l&rsquo;a\u00e9roport, prenez un taxi jusqu&rsquo;\u00e0 l&rsquo;arr\u00eat de bus <strong> \u00ab\u00a0Parada Samana\u00a0\u00bb <\/strong> et prenez le bus de la compagnie <strong> \u00ab\u00a0Transporte Las Terrenas\u00a0\u00bb. <\/strong><\/p>\n\n<p><em> Horaires : <\/em> 8h50 &#8211; 9h50 &#8211; 11h20 &#8211; 14h &#8211; 15h20 &#8211; 18h20<\/p>\n\n<p>Il vous faudra environ 2 heures pour rejoindre Las Terrenas depuis l&rsquo;a\u00e9roport de Saint-Domingue.<\/p>\n","protected":false},"excerpt":{"rendered":"<p>Se rendre \u00e0 Las Terrenas est assez facile, il existe de nombreuses liaisons a\u00e9riennes internationales vers la R\u00e9publique Dominicaine, et se d\u00e9placer dans le pays est \u00e9galement assez facile. Il n&rsquo;y a pas d&rsquo;a\u00e9roport \u00e0 Las Terrenas, mais voici comment se rendre \u00e0 Las Terrenas depuis les a\u00e9roports &#8230; <a title=\"VOLS POUR LAS TERRENAS ET LA R\u00c9PUBLIQUE DOMINICAINE\" class=\"read-more\" href=\"https:\/\/kitesurflasterrenas.com\/fr\/vols-bus-taxi-las-terrenas\/\" aria-label=\"More on VOLS POUR LAS TERRENAS ET LA R\u00c9PUBLIQUE DOMINICAINE\">Lire plus<\/a><\/p>\n","protected":false},"author":2,"featured_media":4329,"parent":0,"menu_order":0,"comment_status":"closed","ping_status":"closed","template":"","meta":{"_joinchat":[],"footnotes":""},"class_list":{"0":"post-4465","1":"page","2":"type-page","3":"status-publish","4":"has-post-thumbnail","6":"resize-featured-image"},"_links":{"self":[{"href":"https:\/\/kitesurflasterrenas.com\/fr\/wp-json\/wp\/v2\/pages\/4465","targetHints":{"allow":["GET"]}}],"collection":[{"href":"https:\/\/kitesurflasterrenas.com\/fr\/wp-json\/wp\/v2\/pages"}],"about":[{"href":"https:\/\/kitesurflasterrenas.com\/fr\/wp-json\/wp\/v2\/types\/page"}],"author":[{"embeddable":true,"href":"https:\/\/kitesurflasterrenas.com\/fr\/wp-json\/wp\/v2\/users\/2"}],"replies":[{"embeddable":true,"href":"https:\/\/kitesurflasterrenas.com\/fr\/wp-json\/wp\/v2\/comments?post=4465"}],"version-history":[{"count":6,"href":"https:\/\/kitesurflasterrenas.com\/fr\/wp-json\/wp\/v2\/pages\/4465\/revisions"}],"predecessor-version":[{"id":4749,"href":"https:\/\/kitesurflasterrenas.com\/fr\/wp-json\/wp\/v2\/pages\/4465\/revisions\/4749"}],"wp:featuredmedia":[{"embeddable":true,"href":"https:\/\/kitesurflasterrenas.com\/fr\/wp-json\/wp\/v2\/media\/4329"}],"wp:attachment":[{"href":"https:\/\/kitesurflasterrenas.com\/fr\/wp-json\/wp\/v2\/media?parent=4465"}],"curies":[{"name":"wp","href":"https:\/\/api.w.org\/{rel}","templated":true}]}}