{"id":4458,"date":"2021-02-18T17:47:29","date_gmt":"2021-02-18T21:47:29","guid":{"rendered":"https:\/\/kitesurflasterrenas.com\/hebergement-las-terrenas\/"},"modified":"2021-12-06T12:34:05","modified_gmt":"2021-12-06T16:34:05","slug":"hebergement-las-terrenas","status":"publish","type":"page","link":"https:\/\/kitesurflasterrenas.com\/fr\/hebergement-las-terrenas\/","title":{"rendered":"H\u00c9BERGEMENT \u00c0 LAS TERRENAS &#8211; R\u00c9SERVEZ VOTRE S\u00c9JOUR"},"content":{"rendered":"\n<p>KiteWorld peut vous aider \u00e0 trouver les meilleurs h\u00e9bergements \u00e0 Las Terrenas, \u00e0 proximit\u00e9 des meilleurs spots de kite de la R\u00e9publique Dominicaine, en fonction de votre budget et de ce que vous recherchez. N&rsquo;h\u00e9sitez pas \u00e0 nous contacter et nous vous aiderons \u00e0 trouver la meilleure solution pour vous !<\/p>\n\n<p>Las Terrenas est un endroit id\u00e9al pour partir en vacances, il y a beaucoup de choses \u00e0 faire, d&rsquo;endroits \u00e0 d\u00e9couvrir et d&rsquo;aventures \u00e0 vivre. Vous y trouverez des h\u00e9bergements pour tous budgets et qui conviennent \u00e0 tous les styles de voyage, que vous soyez un groupe \u00e0 la recherche d&rsquo;une villa en bord de mer, un couple \u00e0 la recherche d&rsquo;un h\u00f4tel romantique ou un routard \u00e0 la recherche d&rsquo;un lit pas cher dans une auberge, nous avons ce qu&rsquo;il vous faut.<\/p>\n\n<h2 class=\"styled-subtitle wp-block-heading\">R\u00c9SERVEZ VOTRE H\u00c9BERGEMENT A LAS TERRENAS<\/h2>\n\n<p>Pour des vacances sans soucis, <strong> nous pouvons vous aider \u00e0 organiser votre s\u00e9jour \u00e0 Las Terrenas <\/strong>, de la prise en charge \u00e0 l&rsquo;a\u00e9roport et la r\u00e9servation d&rsquo;h\u00f4tels ou de villas, jusqu&rsquo;\u00e0 l&rsquo;organisation d&rsquo;excursions. Laissez-nous vous aider avec tout ce dont vous pourriez avoir besoin.<\/p>\n\n<p>Nous avons soigneusement s\u00e9lectionn\u00e9 les <strong> meilleurs h\u00e9bergements \u00e0 Las Terrenas, <\/strong> en fonction des services offerts, de la gentillesse du personnel, de l&#8217;emplacement, des \u00e9quipements et de la satisfaction des clients. <strong> Nous n&rsquo;avons s\u00e9lectionn\u00e9 que les meilleurs h\u00f4tels, villas et appartements \u00e0 louer <\/strong>, pour que vous puissiez vous d\u00e9tendre et n&rsquo;avoir \u00e0 vous soucier de rien.<\/p>\n\n<p>Dites-nous ce que vous recherchez et nous r\u00e9serverons la meilleure option disponible en fonction de votre budget. <strong> Nous garantissons les meilleurs prix et travaillons en \u00e9troite collaboration avec les h\u00e9bergements que nous recommandons <\/strong>.<\/p>\n\n<p>\u00c0 Las Terrenas, vous trouverez une large gamme d&rsquo;h\u00e9bergements pour tous les go\u00fbts, tels que des auberges, des h\u00f4tels de charme, des villas priv\u00e9es face \u00e0 la mer, des complexes h\u00f4telier 5 \u00e9toiles tout compris, etc.<\/p>\n\n<h2 class=\"wp-block-heading\">H\u00d4TELS \u00c0 LAS TERRENAS<\/h2>\n\n<p>\u00c0 Las Terrenas, vous trouverez une large s\u00e9lection d&rsquo;h\u00f4tels (auberges, B&amp;B, 5 \u00e9toiles, club de vacances&#8230;) . Tous les h\u00e9bergements que nous proposons se trouvent directement sur les spots de kite, et \u00e0 environ 15 minutes du centre-ville, o\u00f9 vous trouverez de nombreux restaurants, bars et \u00e9piceries; vous n&rsquo;avez m\u00eame pas besoin de louer une voiture, tout est accessible \u00e0 pied.<\/p>\n\n<div class=\"wp-block-columns is-layout-flex wp-container-core-columns-is-layout-9d6595d7 wp-block-columns-is-layout-flex\">\n<div class=\"wp-block-column is-layout-flow wp-block-column-is-layout-flow\" style=\"flex-basis:33.33%\">\n<div class=\"wp-block-image\"><figure class=\"aligncenter size-large\"><img decoding=\"async\" src=\"https:\/\/kitesurflasterrenas.com\/wp-content\/uploads\/2020\/01\/entr&#xE9;e-1024x768.jpeg\" alt=\"H&#xF4;tel Afreeka, Las Terrenas, R&#xE9;publique Dominicaine\" class=\"wp-image-1492\"\/><\/figure><\/div>\n<\/div>\n\n\n\n<div class=\"wp-block-column is-layout-flow wp-block-column-is-layout-flow\" style=\"flex-basis:66.66%\">\n<h3 class=\"wp-block-heading\"><a class=\"rank-math-link\" href=\"https:\/\/afreekabeachhotel.com\/\" target=\"_blank\" rel=\"noreferrer noopener\" aria-label=\"AFFREEKA HOTEL (opens in a new tab)\">H\u00d4TEL AFFREEKA<\/a><\/h3>\n\n\n\n<p>Juste devant Punta Popy, un des meilleurs <a class=\"rank-math-link\" href=\"https:\/\/kitesurflasterrenas.com\/fr\/spot-kitesurf-republique-dominicaine\/\" target=\"_blank\" rel=\"noreferrer noopener\" aria-label=\"AFFREEKA HOTEL (opens in a new tab)\">spots de kite en R\u00e9publique Dominicaine <\/a>, L&rsquo;Afreeka se trouve \u00e0 moins de 10 minutes \u00e0 pied du centre-ville. Avec son front de mer, ses deux restaurants, sa piscine et son petit-d\u00e9jeuner en option, c&rsquo;est l&rsquo;un des meilleurs h\u00e9bergements de Las Terrenas.<\/p>\n\n\n\n<p>Vous y trouverez plusieurs bungalows avec climatisation, TV, coffre-fort, deux \u00e9tages et une terrasse priv\u00e9e pour regarder le coucher du soleil. Les bungalows peuvent accueillir jusqu&rsquo;\u00e0 quatre personnes. L&rsquo;h\u00f4tel dispose \u00e9galement de lits en dortoir (6 lits) pour les voyageurs en solo, les routards et les petits budgets.<\/p>\n\n\n\n<p>Si vous \u00eates un groupe ou une grande famille, l&rsquo;h\u00f4tel dispose d&rsquo;un penthouse pouvant accueillir jusqu&rsquo;\u00e0 14 personnes. Avec 7 chambres qui comprennent une t\u00e9l\u00e9vision, la climatisation et une salle de bains privative, le penthouse b\u00e9n\u00e9ficie d&rsquo;une grande terrasse sur le toit, d&rsquo;une cuisine enti\u00e8rement \u00e9quip\u00e9e, d&rsquo;un salon ouvert et d&rsquo;un jacuzzi. Le penthouse peut \u00e9galement \u00eatre divis\u00e9 en deux pour les petits groupes.<\/p>\n<\/div>\n<\/div>\n\n<div class=\"wp-block-columns is-layout-flex wp-container-core-columns-is-layout-9d6595d7 wp-block-columns-is-layout-flex\">\n<div class=\"wp-block-column is-layout-flow wp-block-column-is-layout-flow\" style=\"flex-basis:33.33%\">\n<div class=\"wp-block-image\"><figure class=\"aligncenter size-large\"><img fetchpriority=\"high\" decoding=\"async\" width=\"1024\" height=\"540\" src=\"https:\/\/kitesurflasterrenas.com\/wp-content\/uploads\/2020\/02\/all-inclusive-swimming-pool.jpg\" alt=\"H&#xF4;tel tout compris - H&#xE9;bergement &#xE0; Las Terrenas, R&#xE9;publique dominicaine\" class=\"wp-image-4169\" srcset=\"https:\/\/kitesurflasterrenas.com\/wp-content\/uploads\/2020\/02\/all-inclusive-swimming-pool.jpg 1024w, https:\/\/kitesurflasterrenas.com\/wp-content\/uploads\/2020\/02\/all-inclusive-swimming-pool-300x158.jpg 300w, https:\/\/kitesurflasterrenas.com\/wp-content\/uploads\/2020\/02\/all-inclusive-swimming-pool-768x405.jpg 768w\" sizes=\"(max-width: 1024px) 100vw, 1024px\" \/><\/figure><\/div>\n<\/div>\n\n\n\n<div class=\"wp-block-column is-layout-flow wp-block-column-is-layout-flow\" style=\"flex-basis:66.66%\">\n<h3 class=\"wp-block-heading\"><a class=\"rank-math-link\" href=\"https:\/\/www.bahia-principe.com\/en\/resorts-in-dominican-republic\/resort-el-portillo\/\" target=\"_blank\" rel=\"noreferrer noopener\" aria-label=\"AFFREEKA HOTEL (opens in a new tab)\">BAHIA PRINCIPE GRAND- EL PORTILLO<\/a><\/h3>\n\n\n\n<p>Situ\u00e9 sur la plage d&rsquo;El Portillo, un autre spot de kitesurf populaire \u00e0 Las Terrenas, le Bahia Principe Grand est un complexe 5 \u00e9toiles tout compris situ\u00e9 \u00e0 45 minutes \u00e0 pied de la ville ou \u00e0 10 minutes en voiture ou en scooter. Ce complexe tout compris en bord de mer \u00e0 Las Terrenas propose six restaurants, deux piscines, un spa, une salle de sport, un espace adapt\u00e9 aux enfants, une salle de conf\u00e9rence et quatre types de chambres et suites.<\/p>\n<\/div>\n<\/div>\n\n<div class=\"wp-block-buttons is-content-justification-center is-layout-flex wp-block-buttons-is-layout-flex\">\n<div class=\"wp-block-button\"><a class=\"wp-block-button__link has-background\" href=\"https:\/\/kitesurflasterrenas.com\/fr\/contactez-nous-kiteworld-las-terrenas\/\" style=\"background-color:#1a9edb\" target=\"_blank\" rel=\"noreferrer noopener\"><strong>CONTACTEZ-NOUS MAINTENANT POUR R\u00c9SERVER VOTRE H\u00c9BERGEMENT \u00c0 LAS TERRENAS<\/strong><\/a><\/div>\n<\/div>\n\n<h2 class=\"wp-block-heading\">LOCATION DE VILLAS PRIV\u00c9ES \u00c0 LAS TERRENAS<\/h2>\n\n<p>Si vous souhaitez venir avec toute votre famille \u00e0 Las Terrenas, en groupe, ou voulez \u00eatre au calme, vous pouvez louer une maison ou un appartement \u00e0 Las Terrenas. Nous pouvons vous aider \u00e0 trouver ce que vous recherchez (locations de vacances, maisons, villas avec service et personnel de maison&#8230;) Voici quelques-unes des options que nous proposons, mais n&rsquo;h\u00e9sitez pas \u00e0 nous contacter, nous trouverons quelque chose qui correspond \u00e0 votre budget et \u00e0 vos attentes.<\/p>\n\n<p><\/p>\n\n<div class=\"wp-block-columns is-layout-flex wp-container-core-columns-is-layout-9d6595d7 wp-block-columns-is-layout-flex\">\n<div class=\"wp-block-column is-layout-flow wp-block-column-is-layout-flow\" style=\"flex-basis:33.33%\">\n<div class=\"wp-block-image\"><figure class=\"aligncenter size-large\"><img decoding=\"async\" width=\"1024\" height=\"505\" src=\"https:\/\/kitesurflasterrenas.com\/wp-content\/uploads\/2020\/01\/vue-drone-arrieretest-1024x505.jpg\" alt=\"Villa priv&#xE9;e &#xE0; Las Terrenas R&#xE9;publique dominicaine\" class=\"wp-image-4156\" srcset=\"https:\/\/kitesurflasterrenas.com\/wp-content\/uploads\/2020\/01\/vue-drone-arrieretest-1024x505.jpg 1024w, https:\/\/kitesurflasterrenas.com\/wp-content\/uploads\/2020\/01\/vue-drone-arrieretest-300x148.jpg 300w, https:\/\/kitesurflasterrenas.com\/wp-content\/uploads\/2020\/01\/vue-drone-arrieretest-768x378.jpg 768w, https:\/\/kitesurflasterrenas.com\/wp-content\/uploads\/2020\/01\/vue-drone-arrieretest.jpg 1386w\" sizes=\"(max-width: 1024px) 100vw, 1024px\" \/><\/figure><\/div>\n<\/div>\n\n\n\n<div class=\"wp-block-column is-layout-flow wp-block-column-is-layout-flow\" style=\"flex-basis:66.66%\">\n<h3 class=\"wp-block-heading\">VILLA SUR LES HAUTEURS DE LA VILLE<\/h3>\n\n\n\n<p>Propri\u00e9t\u00e9 de luxe offrant une vue mer panoramique \u00e0 couper le souffle, situ\u00e9e au sommet d&rsquo;une colline face \u00e0 Playa Coson avec une piscine \u00e0 d\u00e9bordement et 8 chambres.<\/p>\n\n\n\n<p>La maison a \u00e9t\u00e9 con\u00e7ue comme un hameau. Chaque h\u00f4te profite de son espace et de la libert\u00e9 des lieux, tout en partageant de grands espaces de convivialit\u00e9.<\/p>\n\n\n\n<p>Le staff dominicain prendra bien soin de vous (m\u00e9nage, cuisine, livraison de nourriture, garderie, massage, etc.). La villa peut accueillir jusqu&rsquo;\u00e0 16 personnes. Situ\u00e9 dans un quartier calme et paisible, la villa est \u00e0 seulement 5 minutes en voiture de la plage et \u00e0 10 minutes du centre du village.<\/p>\n<\/div>\n<\/div>\n\n<div class=\"wp-block-columns is-layout-flex wp-container-core-columns-is-layout-9d6595d7 wp-block-columns-is-layout-flex\">\n<div class=\"wp-block-column is-layout-flow wp-block-column-is-layout-flow\" style=\"flex-basis:33.33%\">\n<div class=\"wp-block-image\"><figure class=\"aligncenter size-large\"><img decoding=\"async\" width=\"1024\" height=\"768\" src=\"https:\/\/kitesurflasterrenas.com\/wp-content\/uploads\/2020\/01\/sunser-villa-del-mar-scaled-1024x768.jpg\" alt=\"Coucher de soleil depuis une villa de luxe, h&#xE9;bergement &#xE0; Las Terrenas R&#xE9;publique dominicaine\" class=\"wp-image-4118\" srcset=\"https:\/\/kitesurflasterrenas.com\/wp-content\/uploads\/2020\/01\/sunser-villa-del-mar-scaled-1024x768.jpg 1024w, https:\/\/kitesurflasterrenas.com\/wp-content\/uploads\/2020\/01\/sunser-villa-del-mar-scaled-300x225.jpg 300w, https:\/\/kitesurflasterrenas.com\/wp-content\/uploads\/2020\/01\/sunser-villa-del-mar-scaled-768x576.jpg 768w, https:\/\/kitesurflasterrenas.com\/wp-content\/uploads\/2020\/01\/sunser-villa-del-mar-scaled-1536x1152.jpg 1536w, https:\/\/kitesurflasterrenas.com\/wp-content\/uploads\/2020\/01\/sunser-villa-del-mar-scaled-2048x1536.jpg 2048w\" sizes=\"(max-width: 1024px) 100vw, 1024px\" \/><\/figure><\/div>\n<\/div>\n\n\n\n<div class=\"wp-block-column is-layout-flow wp-block-column-is-layout-flow\" style=\"flex-basis:66.66%\">\n<h3 class=\"wp-block-heading\">VILLA DEL MAR<\/h3>\n\n\n\n<p>Une magnifique villa en bord de mer dans une r\u00e9sidence priv\u00e9e, Villa del Mar est un paradis sur terre. Profitez de 6500m2 de surface habitable, de 13 chambres, d&rsquo;une piscine avec jacuzzi et de nombreux autres \u00e9quipements et services pour rendre votre s\u00e9jour \u00e0 Las Terrenas relaxant, en louant cette villa tout inclus.<\/p>\n\n\n\n<p>Situ\u00e9 \u00e0 Playa Coson, vous profiterez du calme et de la tranquillit\u00e9 tout en \u00e9tant proche du centre-ville de Las Terrenas o\u00f9 vous trouverez de nombreux restaurants, bars et activit\u00e9s.<\/p>\n<\/div>\n<\/div>\n\n<div class=\"wp-block-columns is-layout-flex wp-container-core-columns-is-layout-9d6595d7 wp-block-columns-is-layout-flex\">\n<div class=\"wp-block-column is-layout-flow wp-block-column-is-layout-flow\" style=\"flex-basis:33.33%\">\n<figure class=\"wp-block-image size-large\"><img loading=\"lazy\" decoding=\"async\" width=\"700\" height=\"407\" src=\"https:\/\/kitesurflasterrenas.com\/wp-content\/uploads\/2021\/02\/La-Fenice-appartment-rentals-in-Las-Terrenas.jpg\" alt=\"La Fenice, location d'appartement &#xE0; Las Terrenas\" class=\"wp-image-4398\" srcset=\"https:\/\/kitesurflasterrenas.com\/wp-content\/uploads\/2021\/02\/La-Fenice-appartment-rentals-in-Las-Terrenas.jpg 700w, https:\/\/kitesurflasterrenas.com\/wp-content\/uploads\/2021\/02\/La-Fenice-appartment-rentals-in-Las-Terrenas-300x174.jpg 300w\" sizes=\"(max-width: 700px) 100vw, 700px\" \/><\/figure><\/div>\n\n\n\n<div class=\"wp-block-column is-layout-flow wp-block-column-is-layout-flow\" style=\"flex-basis:66.66%\">\n<h3 class=\"wp-block-heading\">LA FENICE<\/h3>\n\n\n\n<p>Situ\u00e9 \u00e0 Punta Poppy, au c\u0153ur de Las Terrenas, La Fenice propose des locations d&rsquo;appartements pour 4 personnes dans une r\u00e9sidence priv\u00e9e avec piscine. L&rsquo;appartement dispose d&rsquo;une terrasse avec vue sur la piscine, d&rsquo;une cuisine enti\u00e8rement \u00e9quip\u00e9e et de tout ce dont vous avez besoin pour un s\u00e9jour d\u00e9tente \u00e0 Las Terrenas.<\/p>\n\n\n\n<p>C&rsquo;est un endroit parfait pour les familles ou les couples qui veulent leur propre espace. L&#8217;emplacement est \u00e9galement id\u00e9al, tout est accessible \u00e0 pied.<\/p>\n<\/div>\n<\/div>\n\n<div class=\"wp-block-buttons is-content-justification-center is-layout-flex wp-block-buttons-is-layout-flex\">\n<div class=\"wp-block-button\"><a class=\"wp-block-button__link has-background\" href=\"https:\/\/kitesurflasterrenas.com\/fr\/contactez-nous-kiteworld-las-terrenas\/\" style=\"background-color:#1a9edb\" target=\"_blank\" rel=\"noreferrer noopener\"><strong>CONTACTEZ-NOUS MAINTENANT POUR R\u00c9SERVER VOTRE H\u00c9BERGEMENT \u00c0 LAS TERRENAS<\/strong><\/a><\/div>\n<\/div>\n","protected":false},"excerpt":{"rendered":"<p>KiteWorld peut vous aider \u00e0 trouver les meilleurs h\u00e9bergements \u00e0 Las Terrenas, \u00e0 proximit\u00e9 des meilleurs spots de kite de la R\u00e9publique Dominicaine, en fonction de votre budget et de ce que vous recherchez. N&rsquo;h\u00e9sitez pas \u00e0 nous contacter et nous vous aiderons \u00e0 trouver la meilleure solution &#8230; <a title=\"H\u00c9BERGEMENT \u00c0 LAS TERRENAS &#8211; R\u00c9SERVEZ VOTRE S\u00c9JOUR\" class=\"read-more\" href=\"https:\/\/kitesurflasterrenas.com\/fr\/hebergement-las-terrenas\/\" aria-label=\"More on H\u00c9BERGEMENT \u00c0 LAS TERRENAS &#8211; R\u00c9SERVEZ VOTRE S\u00c9JOUR\">Lire plus<\/a><\/p>\n","protected":false},"author":2,"featured_media":4202,"parent":0,"menu_order":0,"comment_status":"closed","ping_status":"closed","template":"elementor_header_footer","meta":{"_joinchat":[],"footnotes":""},"class_list":{"0":"post-4458","1":"page","2":"type-page","3":"status-publish","4":"has-post-thumbnail","6":"resize-featured-image"},"_links":{"self":[{"href":"https:\/\/kitesurflasterrenas.com\/fr\/wp-json\/wp\/v2\/pages\/4458","targetHints":{"allow":["GET"]}}],"collection":[{"href":"https:\/\/kitesurflasterrenas.com\/fr\/wp-json\/wp\/v2\/pages"}],"about":[{"href":"https:\/\/kitesurflasterrenas.com\/fr\/wp-json\/wp\/v2\/types\/page"}],"author":[{"embeddable":true,"href":"https:\/\/kitesurflasterrenas.com\/fr\/wp-json\/wp\/v2\/users\/2"}],"replies":[{"embeddable":true,"href":"https:\/\/kitesurflasterrenas.com\/fr\/wp-json\/wp\/v2\/comments?post=4458"}],"version-history":[{"count":7,"href":"https:\/\/kitesurflasterrenas.com\/fr\/wp-json\/wp\/v2\/pages\/4458\/revisions"}],"predecessor-version":[{"id":5798,"href":"https:\/\/kitesurflasterrenas.com\/fr\/wp-json\/wp\/v2\/pages\/4458\/revisions\/5798"}],"wp:featuredmedia":[{"embeddable":true,"href":"https:\/\/kitesurflasterrenas.com\/fr\/wp-json\/wp\/v2\/media\/4202"}],"wp:attachment":[{"href":"https:\/\/kitesurflasterrenas.com\/fr\/wp-json\/wp\/v2\/media?parent=4458"}],"curies":[{"name":"wp","href":"https:\/\/api.w.org\/{rel}","templated":true}]}}