{"id":4454,"date":"2021-02-18T15:34:21","date_gmt":"2021-02-18T19:34:21","guid":{"rendered":"https:\/\/kitesurflasterrenas.com\/las-terrenas-republique-dominicaine\/"},"modified":"2021-03-12T11:30:29","modified_gmt":"2021-03-12T15:30:29","slug":"las-terrenas-republique-dominicaine","status":"publish","type":"page","link":"https:\/\/kitesurflasterrenas.com\/fr\/las-terrenas-republique-dominicaine\/","title":{"rendered":"Las Terrenas et la R\u00e9publique Dominicaine"},"content":{"rendered":"<p>[vc_row][vc_column][vc_empty_space][\/vc_column]<\/p>\n<p>[\/vc_row][vc_row]<\/p>\n<p>[vc_column width=\u00a0\u00bb1\/3&Prime;][vc_icon icon_fontawesome=\u00a0\u00bbfas fa-money-bill-alt\u00a0\u00bb color=\u00a0\u00bbpeacoc\u00a0\u00bb size=\u00a0\u00bbxl\u00a0\u00bb align=\u00a0\u00bbcenter\u00a0\u00bb][vc_column_text]<\/p>\n<h3 style=\"text-align: center;\">Monnaie en R\u00e9publique Dominicaine<\/h3>\n<p>[\/vc_column_text][vc_column_text]La monnaie locale utilis\u00e9e est le peso dominicain. Vous pouvez facilement \u00e9changer des dollars, des euros et des dollars canadiens \u00e0 Las Terrenas \u00e0 un bon taux. \u00c9vitez de changer de l&rsquo;argent dans les a\u00e9roports car leur taux de change est terrible.[\/vc_column_text][\/vc_column][vc_column width=\u00a0\u00bb1\/3&Prime;][vc_icon icon_fontawesome=\u00a0\u00bbfas fa-plane-arrival\u00a0\u00bb color=\u00a0\u00bbpeacoc\u00a0\u00bb size=\u00a0\u00bbxl\u00a0\u00bb align=\u00a0\u00bbcenter\u00a0\u00bb][vc_column_text]<\/p>\n<h3 style=\"text-align: center;\">Vols vers la R\u00e9publique Dominicaine<\/h3>\n<p>[\/vc_column_text][vc_column_text]La R\u00e9publique Dominicaine dispose de 2 grands a\u00e9roports internationaux avec des liaisons a\u00e9riennes en provenance du monde entier. L&rsquo;a\u00e9roport le plus proche de Las Terrenas est Samana El Catey (AZS), mais les vols y sont limit\u00e9s, le mieux est d&rsquo;atterrir \u00e0 Santo Domingo Las Americas (SDQ). De l\u00e0, il faudra compter 2 heures de trajet entre l&rsquo;a\u00e9roport et Las Terrenas en bus local, voiture priv\u00e9e ou taxi. Vous pouvez \u00e9galement atterrir \u00e0 Punta Cana, mais il vous faudra plus de temps pour atteindre Las Terrenas.[\/vc_column_text][vc_btn title=\u00a0\u00bbEN SAVOIR PLUS\u00a0\u00bb color=\u00a0\u00bbprimary\u00a0\u00bb align=\u00a0\u00bbcenter\u00a0\u00bb link=\u00a0\u00bburl:https%3A%2F%2Fkitesurflasterrenas.com%2Ffr%2Fvols-bus-taxi-las-terrenas%2F|title:VOLS%20POUR%20LAS%20TERRENAS%20ET%20LA%20R%C3%89PUBLIQUE%20DOMINICAINE|target:_blank|\u00a0\u00bb][\/vc_column][vc_column width=\u00a0\u00bb1\/3&Prime;][vc_icon icon_fontawesome=\u00a0\u00bbfas fa-hotel\u00a0\u00bb color=\u00a0\u00bbpeacoc\u00a0\u00bb size=\u00a0\u00bbxl\u00a0\u00bb align=\u00a0\u00bbcenter\u00a0\u00bb][vc_column_text]<\/p>\n<h3 style=\"text-align: center;\">H\u00f4tels \u00e0 Las Terrenas<\/h3>\n<p>[\/vc_column_text][vc_column_text]\u00c0 Las Terrenas, vous trouverez de nombreuses options d&rsquo;h\u00e9bergement, telles que des h\u00f4tels, des villas priv\u00e9es, des airbnbs &#8230; Nous pouvons vous aider \u00e0 trouver la meilleure solution pour vous. R\u00e9server directement avec nous vous garantira le prix le plus bas, avec des options \u00e0 proximit\u00e9 des spots de kitesurf.<\/p>\n<p>Tous les h\u00f4tels et villas que nous proposons \u00e0 la r\u00e9servation sont id\u00e9alement situ\u00e9s \u00e0 proximit\u00e9 de la plage, des restaurants et des bars. Nous avons \u00e9galement quelques endroits plus \u00e9loign\u00e9s si vous avez envie d&rsquo;intimit\u00e9 et de tranquillit\u00e9.[\/vc_column_text][vc_btn title=\u00a0\u00bbPLUS D&rsquo;INFORMATIONS\u00a0\u00bb color=\u00a0\u00bbprimary\u00a0\u00bb align=\u00a0\u00bbcenter\u00a0\u00bb link=\u00a0\u00bburl:https%3A%2F%2Fkitesurflasterrenas.com%2Ffr%2Fhebergement-las-terrenas%2F|title:VOLS%20POUR%20LAS%20TERRENAS%20ET%20LA%20R%C3%89PUBLIQUE%20DOMINICAINE|target:_blank|\u00a0\u00bb][\/vc_column][vc_column][\/vc_column]<\/p>\n<p>[\/vc_row][vc_row]<\/p>\n<p>[vc_column][vc_column_text]<\/p>\n<h2>VENT ET SPOTS DE KITESURF EN R\u00c9PUBLIQUE DOMINICAINE<\/h2>\n<p>[\/vc_column_text][vc_empty_space][\/vc_column]<\/p>\n<p>[\/vc_row][vc_row]<\/p>\n<p>[vc_column width=\u00a0\u00bb1\/2&Prime;][vc_icon icon_fontawesome=\u00a0\u00bbfas fa-wind\u00a0\u00bb color=\u00a0\u00bbgreen\u00a0\u00bb size=\u00a0\u00bbxl\u00a0\u00bb align=\u00a0\u00bbcenter\u00a0\u00bb][vc_column_text]<\/p>\n<h3 style=\"text-align: center;\">VENT ET CLIMAT<\/h3>\n<p>[\/vc_column_text][vc_column_text]La meilleure saison pour faire du kitesurf en R\u00e9publique Dominicaine va de d\u00e9cembre \u00e0 mi-septembre, c&rsquo;est \u00e0 ce moment l\u00e0 que vous trouverez le meilleur vent. Las Terrenas offre un vent thermique super r\u00e9gulier (environ 20 n\u0153uds) parfait pour tous les niveaux.<\/p>\n<p>La temp\u00e9rature de l&rsquo;air est de 30 \u00b0 C toute l&rsquo;ann\u00e9e et la temp\u00e9rature de l&rsquo;eau de 28 \u00b0 C, donc pas besoin d&rsquo;apporter une combinaison. Le temps est g\u00e9n\u00e9ralement ensoleill\u00e9 avec un aliz\u00e9 pendant la saison de kitesurf.[\/vc_column_text][vc_btn title=\u00a0\u00bbSTATISTIQUES &#8211; VENT\u00a0\u00bb color=\u00a0\u00bbprimary\u00a0\u00bb align=\u00a0\u00bbcenter\u00a0\u00bb link=\u00a0\u00bburl:https%3A%2F%2Fkitesurflasterrenas.com%2Ffr%2Fprevisions-vent-vague-republique-dominicaine%2F|title:VOLS%20POUR%20LAS%20TERRENAS%20ET%20LA%20R%C3%89PUBLIQUE%20DOMINICAINE|target:_blank|\u00a0\u00bb][\/vc_column][vc_column width=\u00a0\u00bb1\/2&Prime;][vc_icon icon_fontawesome=\u00a0\u00bbfas fa-map-marker-alt\u00a0\u00bb color=\u00a0\u00bbgreen\u00a0\u00bb size=\u00a0\u00bbxl\u00a0\u00bb align=\u00a0\u00bbcenter\u00a0\u00bb][vc_column_text]<\/p>\n<h3 style=\"text-align: center;\">LES SPOTS DE KITE<\/h3>\n<p>[\/vc_column_text][vc_column_text]La R\u00e9publique Dominicaine offre quelques uns des plus beaux spots de kitesurfing des Cara\u00efbes avec des conditions de vent incroyables de d\u00e9cembre \u00e0 septembre. Vous y trouverez tous types de conditions, eau plate avec un vent constant de 20 n\u0153uds, vent de 30 n\u0153uds avec de grosses vagues&#8230;[\/vc_column_text][vc_btn title=\u00a0\u00bbD\u00c9COUVREZ LES MEILLEURS SPOTS DE KITESURF\u00a0\u00bb color=\u00a0\u00bbprimary\u00a0\u00bb align=\u00a0\u00bbcenter\u00a0\u00bb link=\u00a0\u00bburl:https%3A%2F%2Fkitesurflasterrenas.com%2Ffr%2Fspot-kitesurf-republique-dominicaine%2F|title:VOLS%20POUR%20LAS%20TERRENAS%20ET%20LA%20R%C3%89PUBLIQUE%20DOMINICAINE|target:_blank|\u00a0\u00bb][\/vc_column]<\/p>\n<p>[\/vc_row][vc_row]<\/p>\n<p>[vc_column][vc_column_text]<\/p>\n<h2>INFORMATIONS PRATIQUES SUR LA R\u00c9PUBLIQUE DOMINICAINE<\/h2>\n<div><b> ARGENT\u00a0<\/b> Peso dominicain (RD $). Vous pouvez changer des dollars, des euros et des dollars canadiens.<\/div>\n<div><b> LANGUE: <\/b> espagnol. L&rsquo;anglais est parl\u00e9 dans les zones touristiques.<\/div>\n<div><b> D\u00c9CALAGE HORAIRE <\/b> GMT -5 heures<\/div>\n<div><b> \u00c9LECTRICIT\u00c9 <\/b> Courant alternatif 110\/120 volts, 60 hertz. Un adaptateur am\u00e9ricain est recommand\u00e9.<\/div>\n<div><b> VACCINATION <\/b> seulement les plus courantes, rien de sp\u00e9cial.<\/div>\n<div><b> VISA <\/b> aucun visa n\u00e9cessaire pour la plupart des pays<\/div>\n<div><b> T\u00c9L\u00c9PHONE <\/b> Le code pays est +1. Possibilit\u00e9 d&rsquo;acheter une carte SIM locale pour une connexion Internet 3G partout<\/div>\n<div><b> CLIMAT <\/b> Le climat est tropical avec des temp\u00e9ratures autour de 28-30 degr\u00e9s. Saison des pluies de mi-septembre \u00e0 mi-d\u00e9cembre<\/div>\n<div><b> TEMP\u00c9RATURE DE L&rsquo;EAU <\/b> pas de combinaison n\u00e9cessaire, mer autour de 28 \u00b0 C toute l&rsquo;ann\u00e9e<\/div>\n<div><b> VENT\u00a0<\/b> de d\u00e9cembre \u00e0 mi-septembre, les meilleurs mois \u00e9tant f\u00e9vrier, mars et avril en hiver et juillet \/ ao\u00fbt en \u00e9t\u00e9.<\/div>\n<div><b> VAGUES\u00a0<\/b> d&rsquo;octobre \u00e0 fin mars<\/div>\n<p>[\/vc_column_text][\/vc_column]<\/p>\n<p>[\/vc_row][vc_row]<\/p>\n<p>[vc_column][vc_column_text]<\/p>\n<h2>EXCURSIONS ET TOURS \u00c0 LAS TERRENAS<\/h2>\n<p>Il y a beaucoup de choses \u00e0 faire autour de Las Terrenas. Nous pouvons organiser des visites priv\u00e9es dans la p\u00e9ninsule de Samana et au-del\u00e0, essayez la tyrolienne \u00e0 travers la jungle, plongez\u00a0 dans une cascade paradisiaque, explorez des grottes pr\u00e9historiques&#8230;<\/p>\n<p>Si vous aimez la nature et souhaitez un peu d&rsquo;aventure, vous allez adorer Las Terrenas. Vous pouvez faire des excursions d&rsquo;une journ\u00e9e ou d&rsquo;une demi-journ\u00e9e pour visiter la p\u00e9ninsule, faire des excursions en bateau (p\u00eache, snorkeling, plages d\u00e9sertes, observation des baleines &#8230;), passer du temps \u00e0 vous d\u00e9tendre \u00e0 la plage et, bien s\u00fbr, essayer le kitesurf![\/vc_column_text][vc_btn title=\u00a0\u00bbD\u00c9COUVREZ NOS EXCURSIONS\u00a0\u00bb color=\u00a0\u00bbprimary\u00a0\u00bb align=\u00a0\u00bbcenter\u00a0\u00bb link=\u00a0\u00bburl:https%3A%2F%2Fkitesurflasterrenas.com%2Ffr%2Fexcursions-tours-republique-dominicaine%2F|target:_blank|\u00a0\u00bb][\/vc_column][\/vc_row]<\/p>\n","protected":false},"excerpt":{"rendered":"<p>[vc_row][vc_column][vc_empty_space][\/vc_column] [\/vc_row][vc_row] [vc_column width=\u00a0\u00bb1\/3&Prime;][vc_icon icon_fontawesome=\u00a0\u00bbfas fa-money-bill-alt\u00a0\u00bb color=\u00a0\u00bbpeacoc\u00a0\u00bb size=\u00a0\u00bbxl\u00a0\u00bb align=\u00a0\u00bbcenter\u00a0\u00bb][vc_column_text] Monnaie en R\u00e9publique Dominicaine [\/vc_column_text][vc_column_text]La monnaie locale utilis\u00e9e est le peso dominicain. Vous pouvez facilement \u00e9changer des dollars, des euros et des dollars canadiens \u00e0 Las Terrenas \u00e0 un bon taux. \u00c9vitez de changer de l&rsquo;argent dans les a\u00e9roports &#8230; <a title=\"Las Terrenas et la R\u00e9publique Dominicaine\" class=\"read-more\" href=\"https:\/\/kitesurflasterrenas.com\/fr\/las-terrenas-republique-dominicaine\/\" aria-label=\"More on Las Terrenas et la R\u00e9publique Dominicaine\">Lire plus<\/a><\/p>\n","protected":false},"author":2,"featured_media":4181,"parent":0,"menu_order":0,"comment_status":"closed","ping_status":"closed","template":"","meta":{"_joinchat":[],"footnotes":""},"class_list":{"0":"post-4454","1":"page","2":"type-page","3":"status-publish","4":"has-post-thumbnail","6":"resize-featured-image"},"_links":{"self":[{"href":"https:\/\/kitesurflasterrenas.com\/fr\/wp-json\/wp\/v2\/pages\/4454","targetHints":{"allow":["GET"]}}],"collection":[{"href":"https:\/\/kitesurflasterrenas.com\/fr\/wp-json\/wp\/v2\/pages"}],"about":[{"href":"https:\/\/kitesurflasterrenas.com\/fr\/wp-json\/wp\/v2\/types\/page"}],"author":[{"embeddable":true,"href":"https:\/\/kitesurflasterrenas.com\/fr\/wp-json\/wp\/v2\/users\/2"}],"replies":[{"embeddable":true,"href":"https:\/\/kitesurflasterrenas.com\/fr\/wp-json\/wp\/v2\/comments?post=4454"}],"version-history":[{"count":7,"href":"https:\/\/kitesurflasterrenas.com\/fr\/wp-json\/wp\/v2\/pages\/4454\/revisions"}],"predecessor-version":[{"id":4739,"href":"https:\/\/kitesurflasterrenas.com\/fr\/wp-json\/wp\/v2\/pages\/4454\/revisions\/4739"}],"wp:featuredmedia":[{"embeddable":true,"href":"https:\/\/kitesurflasterrenas.com\/fr\/wp-json\/wp\/v2\/media\/4181"}],"wp:attachment":[{"href":"https:\/\/kitesurflasterrenas.com\/fr\/wp-json\/wp\/v2\/media?parent=4454"}],"curies":[{"name":"wp","href":"https:\/\/api.w.org\/{rel}","templated":true}]}}