{"id":4443,"date":"2021-02-18T12:28:08","date_gmt":"2021-02-18T16:28:08","guid":{"rendered":"https:\/\/kitesurflasterrenas.com\/cours-kitesurfing-enfants\/"},"modified":"2021-03-12T11:58:39","modified_gmt":"2021-03-12T15:58:39","slug":"cours-kitesurfing-enfants","status":"publish","type":"page","link":"https:\/\/kitesurflasterrenas.com\/fr\/cours-kitesurfing-enfants\/","title":{"rendered":"Cours de kitesurf pour enfants \u00e0 Las Terrenas"},"content":{"rendered":"\n<h2 class=\"wp-block-heading\">D\u00e9couvrez le kitesurf pour les enfants dans l&rsquo;un des meilleurs spots de kitesurf pour d\u00e9butants au monde<\/h2>\n\n<p><strong><a class=\"rank-math-link\" href=\"https:\/\/kitesurflasterrenas.com\/fr\/kiteworld-ecole-de-kitesurf-a-las-terrenas\/\" target=\"_blank\" rel=\"noreferrer noopener\" aria-label=\"KiteWorld Las Terrenas (opens in a new tab)\">KiteWorld Las Terrenas<\/a> propose des cours de kitesurf pour enfants et adolescents afin qu&rsquo;ils s&rsquo;initient au kitesurf \u00e0 un rythme adapt\u00e9 et dans de bonnes conditions, avec du mat\u00e9riel ad\u00e9quat <\/strong>. Notre \u00e9cole choisira les meilleures conditions m\u00e9t\u00e9orologiques, le lieu d&rsquo;apprentissage et l&rsquo;\u00e9quipement, en fonction de leur morphologie, afin qu&rsquo;ils puissent apprendre dans des conditions parfaites!<\/p>\n\n<p>Nous essayons g\u00e9n\u00e9ralement de regrouper les cours pour enfants, de les rassembler afin qu&rsquo;ils soient entour\u00e9s d&rsquo;autres enfants et puissent apprendre tout en s&rsquo;amusant.<\/p>\n\n<div class=\"wp-block-columns is-layout-flex wp-container-core-columns-is-layout-9d6595d7 wp-block-columns-is-layout-flex\">\n<div class=\"wp-block-column is-layout-flow wp-block-column-is-layout-flow\" style=\"flex-basis:100%\">\n<h2 class=\"wp-block-heading\">Kitesurfing pour enfant &#8211; \u00c0 partir de quel age ?<\/h2>\n<\/div>\n<\/div>\n\n<p>Il n&rsquo;y a pas d&rsquo;\u00e2ge sp\u00e9cifique pour commencer \u00e0 apprendre le kitesurf, cela d\u00e9pend plus du poids de l&rsquo;enfant. Les cours sont possibles \u00e0 partir de 40 kg (environ 90 lb), donc environ 8 \u00e0 10 ans. Cela d\u00e9pend aussi de leur motivation. Ils doivent se sentir \u00e0 l&rsquo;aise dans l&rsquo;eau et avoir de bonnes comp\u00e9tences en natation.<\/p>\n\n<h2 class=\"wp-block-heading\">Kitesurf pour les enfants &#8211; Quelles sont les conditions id\u00e9ales (spot, vent, eau &#8230;) ?<\/h2>\n\n<p>Las Terrenas est un endroit id\u00e9al pour les enfants pour apprendre le kitesurf, car il n&rsquo;y a pas trop de monde dans l&rsquo;eau. Les conditions sont \u00e9galement id\u00e9ales avec un aliz\u00e9 constant d&rsquo;environ 20 n\u0153uds et une eau cristalline plate et peu profonde.<\/p>\n\n<h2 class=\"wp-block-heading\">Kitesurfing pour les enfants &#8211; Quel \u00e9quipement ?<\/h2>\n\n<p>L&rsquo;\u00e9quipement ne change pas tellement, nous commen\u00e7ons g\u00e9n\u00e9ralement avec un kite de 1 m\u00e8tre avec des lignes plus courtes et utilisons tout l&rsquo;\u00e9quipement de s\u00e9curit\u00e9 n\u00e9cessaire (harnais, gilets de sauvetage et casques)<\/p>\n\n<h2 class=\"wp-block-heading\">Cours de kitesurfing pour enfants &#8211; Notre p\u00e9dagogie<\/h2>\n\n<p>En plus d&rsquo;un spot bien choisi, des conditions de vent optimales et d&rsquo;un \u00e9quipement adapt\u00e9, l&rsquo;enseignement du kitesurf aux enfants n\u00e9cessite une p\u00e9dagogie adapt\u00e9e.<\/p>\n\n<p>Les enfants se fatiguent g\u00e9n\u00e9ralement rapidement et n&rsquo;ont pas la m\u00eame concentration que les adultes, \u00e0 KiteWorld nous adaptons nos cours aux besoins et aux temp\u00e9raments des enfants. Chaque enfant est diff\u00e9rent et n\u00e9cessite des m\u00e9thodes p\u00e9dagogiques sp\u00e9cifiques, <strong> notre personnel est form\u00e9 pour adapter les le\u00e7ons et le style d&rsquo;enseignement \u00e0 chaque enfant, afin qu&rsquo;ils se sentent en s\u00e9curit\u00e9 et apprennent en s&rsquo;amusant. <\/strong><\/p>\n\n<p>Les cours durent g\u00e9n\u00e9ralement de 2,5 \u00e0 3 heures avec de nombreuses pauses et du temps pour s&rsquo;amuser dans l&rsquo;eau. Le but est de leur donner confiance en eux, de les aider \u00e0 ma\u00eetriser les bases du kitesurf, et qu&rsquo;ils s&rsquo;amusent!<\/p>\n\n<p><strong> Avec plus de 10 ans d&rsquo;exp\u00e9rience dans l&rsquo;enseignement du kitesurf en R\u00e9publique dominicaine, Kiteworld a d\u00e9velopp\u00e9 une m\u00e9thode d&rsquo;apprentissage sp\u00e9cifique pour les jeunes enfants. <\/strong> Le seul pr\u00e9 requis important est qu\u2019il soit \u00e0 l\u2019aise dans l\u2019eau avec une bonne ma\u00eetrise de la nage !<\/p>\n\n<p><strong>Peu importe l\u2019\u00e2ge de l\u2019\u00e9l\u00e8ve car nous allons \u00e9valuer son niveau de compr\u00e9hension ainsi que sa motivation sur l\u2019initiation gratuite<\/strong> : elle consiste \u00e0 voler un mini kite de 1 m carr\u00e9 sur la plage dans un vent l\u00e9ger. La seule vraie limite pour la pratique du kitesurf en R\u00e9publique dominicaine est le poids de l\u2019enfant; que si trop faible ne donnera pas l\u2019acc\u00e8s au cours comple<\/p>\n\n<div class=\"wp-block-image\"><figure class=\"aligncenter size-large is-resized\"><img fetchpriority=\"high\" decoding=\"async\" src=\"https:\/\/kitesurflasterrenas.com\/wp-content\/uploads\/2020\/06\/kitefam-scaled-1024x1024.jpg\" alt=\"kitesurfing en famille en R&#xE9;publique Dominicaine\" class=\"wp-image-1711\" width=\"418\" height=\"418\" srcset=\"https:\/\/kitesurflasterrenas.com\/wp-content\/uploads\/2020\/06\/kitefam-scaled-1024x1024.jpg 1024w, https:\/\/kitesurflasterrenas.com\/wp-content\/uploads\/2020\/06\/kitefam-scaled-300x300.jpg 300w, https:\/\/kitesurflasterrenas.com\/wp-content\/uploads\/2020\/06\/kitefam-scaled-150x150.jpg 150w, https:\/\/kitesurflasterrenas.com\/wp-content\/uploads\/2020\/06\/kitefam-scaled-768x768.jpg 768w, https:\/\/kitesurflasterrenas.com\/wp-content\/uploads\/2020\/06\/kitefam-scaled-1536x1536.jpg 1536w, https:\/\/kitesurflasterrenas.com\/wp-content\/uploads\/2020\/06\/kitefam-scaled-2048x2048.jpg 2048w\" sizes=\"(max-width: 418px) 100vw, 418px\" \/><\/figure><\/div>\n\n<p>Nous prenons un r\u00e9el plaisir a transmettre notre passion pour le kitesurf \u00e0 la nouvelle g\u00e9n\u00e9ration qui est le futur de ce sport tout jeune encore. C\u2019est pour cela que nous offrons une gamme d\u2019\u00e9quipement adapt\u00e9 pour eux avec des harnais, gilets de sauvetage et casques aux tailles infantiles.<\/p>\n\n<p><strong>Il en est de m\u00eame pour les voiles connect\u00e9es avec des lignes tr\u00e8s courtes qui ont plein d\u2019avantages : <\/strong><\/p>\n\n<ul class=\"wp-block-list\"><li>Beaucoup moins de puissance g\u00e9n\u00e9r\u00e9e car le kite n\u2019a pas le temps d\u2019acc\u00e9l\u00e9rer<\/li><li>Une aprehensi\u00f3n r\u00e9duite de la hauteur de vol qui est normalement \u00e0 25m<\/li><li>Un dialogue facilit\u00e9 proche de l\u2019\u00e9l\u00e8ve pour apprendre en toute s\u00e9curit\u00e9 les man\u0153uvres d\u00e9licates d\u2019atterrissage et d\u00e9collage<\/li><li>Offre une plus grande marge de s\u00e9curit\u00e9 dans la le\u00e7on de d\u00e9clenchement des syst\u00e8mes de s\u00e9curit\u00e9 sur la plage<\/li><\/ul>\n<p>La m\u00e9thodologie est simplifi\u00e9e au maximum pour rendre les exercices ludiques sans trop d\u2019explications th\u00e9oriques en insistant plus sur l\u2019apprentissage par l\u2019erreur. Une attention tout particuli\u00e8re sera accord\u00e9 pendant le stage de kitesurf o\u00f9 le moniteur sera toujours accroch\u00e9 derri\u00e8re le jeune \u00e9l\u00e8ve jusqu\u2019\u00e0 il puisse voler de ses propres ailes en toute s\u00e9curit\u00e9.<\/p>\n\n<div class=\"wp-block-buttons aligncenter is-layout-flex wp-block-buttons-is-layout-flex\">\n<div class=\"wp-block-button\"><a class=\"wp-block-button__link has-background\" href=\"https:\/\/kitesurflasterrenas.com\/fr\/contactez-nous-kiteworld-las-terrenas\/\" style=\"background-color:#0071a1\"><strong>CONTACTEZ NOUS POUR R\u00c9SERVER VOTRE INITIATION GRATUITE<\/strong><\/a><\/div>\n<\/div>\n","protected":false},"excerpt":{"rendered":"<p>D\u00e9couvrez le kitesurf pour les enfants dans l&rsquo;un des meilleurs spots de kitesurf pour d\u00e9butants au monde KiteWorld Las Terrenas propose des cours de kitesurf pour enfants et adolescents afin qu&rsquo;ils s&rsquo;initient au kitesurf \u00e0 un rythme adapt\u00e9 et dans de bonnes conditions, avec du mat\u00e9riel ad\u00e9quat . &#8230; <a title=\"Cours de kitesurf pour enfants \u00e0 Las Terrenas\" class=\"read-more\" href=\"https:\/\/kitesurflasterrenas.com\/fr\/cours-kitesurfing-enfants\/\" aria-label=\"More on Cours de kitesurf pour enfants \u00e0 Las Terrenas\">Lire plus<\/a><\/p>\n","protected":false},"author":2,"featured_media":4288,"parent":0,"menu_order":0,"comment_status":"closed","ping_status":"closed","template":"","meta":{"_joinchat":[],"footnotes":""},"class_list":{"0":"post-4443","1":"page","2":"type-page","3":"status-publish","4":"has-post-thumbnail","6":"resize-featured-image"},"_links":{"self":[{"href":"https:\/\/kitesurflasterrenas.com\/fr\/wp-json\/wp\/v2\/pages\/4443","targetHints":{"allow":["GET"]}}],"collection":[{"href":"https:\/\/kitesurflasterrenas.com\/fr\/wp-json\/wp\/v2\/pages"}],"about":[{"href":"https:\/\/kitesurflasterrenas.com\/fr\/wp-json\/wp\/v2\/types\/page"}],"author":[{"embeddable":true,"href":"https:\/\/kitesurflasterrenas.com\/fr\/wp-json\/wp\/v2\/users\/2"}],"replies":[{"embeddable":true,"href":"https:\/\/kitesurflasterrenas.com\/fr\/wp-json\/wp\/v2\/comments?post=4443"}],"version-history":[{"count":4,"href":"https:\/\/kitesurflasterrenas.com\/fr\/wp-json\/wp\/v2\/pages\/4443\/revisions"}],"predecessor-version":[{"id":4759,"href":"https:\/\/kitesurflasterrenas.com\/fr\/wp-json\/wp\/v2\/pages\/4443\/revisions\/4759"}],"wp:featuredmedia":[{"embeddable":true,"href":"https:\/\/kitesurflasterrenas.com\/fr\/wp-json\/wp\/v2\/media\/4288"}],"wp:attachment":[{"href":"https:\/\/kitesurflasterrenas.com\/fr\/wp-json\/wp\/v2\/media?parent=4443"}],"curies":[{"name":"wp","href":"https:\/\/api.w.org\/{rel}","templated":true}]}}