{"id":4429,"date":"2021-02-18T10:54:15","date_gmt":"2021-02-18T14:54:15","guid":{"rendered":"https:\/\/kitesurflasterrenas.com\/cours-kitesurfing-las-terrenas\/"},"modified":"2025-06-29T11:41:40","modified_gmt":"2025-06-29T15:41:40","slug":"cours-kitesurfing-las-terrenas","status":"publish","type":"page","link":"https:\/\/kitesurflasterrenas.com\/fr\/cours-kitesurfing-las-terrenas\/","title":{"rendered":"Cours de kitesurf \u00e0 Las Terrenas, R\u00e9publique Dominicaine"},"content":{"rendered":"\n<h3 class=\"wp-block-heading styled-subtitle\"><h3>KiteWorld Las Terrenas propose des cours de kitesurfing en R\u00e9publique Dominicaine<\/h3><\/h3>\n\n<p>Apprends \u00e0 faire du kitesurf en R\u00e9publique Dominicaine dans l&rsquo;un des meilleurs spots de kitesurf au monde avec notre \u00e9quipe d&rsquo;instructeurs form\u00e9s et certifi\u00e9s. Las Terrenas, au c\u0153ur des Cara\u00efbes, offre des conditions de vent incroyables pour s&rsquo;initier au kitesurf de d\u00e9cembre \u00e0 septembre. Parfait pour les d\u00e9butants, Las Terrenas offre une eau plate, un vent r\u00e9gulier et est peu fr\u00e9quent\u00e9, contrairement \u00e0 Cabarete.<\/p>\n\n<h2 class=\"wp-block-heading\">Nos offres de cours de kitesurf:<\/h2>\n<div class=\"gb-grid-wrapper gb-grid-wrapper-11e9a45c\">\n<div class=\"gb-grid-column gb-grid-column-b6dddcba\"><div class=\"gb-container gb-container-b6dddcba\"><div class=\"gb-inside-container\">\n<div class=\"gb-container gb-container-b37d841c\"><div class=\"gb-inside-container\">\n\n<h4 class=\"wp-block-heading has-text-align-center\"><strong>D\u00c9COUVERTE<\/strong><br\/>3 heures &#8211; 1 jour<\/h4>\n\n\n\n<p class=\"has-text-align-center\">Si tu n&rsquo;as jamais pratiqu\u00e9 d&rsquo;autres sports nautiques auparavant, tu peux apprendre le kitesurf avec nous et vivre des sensations incroyables, dans un environnement d&rsquo;enseignement s\u00fbr.<br\/>A Las Terrenas seulement pour un jour ou deux? Avec ce forfait, tu auras un avant-go\u00fbt du kitesurf. \u00c0 la fin, tu seras capable de d\u00e9marrer dans l&rsquo;eau avec la planche.<\/p>\n\n\n\n<p class=\"has-text-align-left\"><strong>Le forfait comprend :<\/strong><\/p>\n\n\n\n<ul class=\"wp-block-list\">\n<li>1h de pilotage de la voile sur la plage<\/li>\n\n\n\n<li>1h de nage tract\u00e9e sans la planche<\/li>\n\n\n\n<li>1h de pratique avec la planche aux pieds<\/li>\n\n\n\n<li>Parfait pour une apr\u00e8s midi d\u00e9couverte<\/li>\n\n\n\n<li>Lycra manches longues<\/li>\n<\/ul>\n\n\n\n<p class=\"has-text-align-center has-large-font-size\"><strong>$225<\/strong><\/p>\n\n<\/div><\/div>\n<\/div><\/div><\/div>\n\n<div class=\"gb-grid-column gb-grid-column-b9759731\"><div class=\"gb-container gb-container-b9759731\"><div class=\"gb-inside-container\">\n<div class=\"gb-container gb-container-6d4f22f7\"><div class=\"gb-inside-container\">\n\n<h4 class=\"wp-block-heading has-text-align-center\"><strong>ACCRO&#13;\n<\/strong>6 heures &#8211; 3 jours<\/h4>\n\n\n\n<p class=\"has-text-align-center\">La meilleure solution si tu souhaites devenir ind\u00e9pendant et pouvoir faire du kitesurf seul. C&rsquo;est le moyen le plus rapide, avec un instructeur rien que pour toi. Apr\u00e8s ce cours, tu pourras contr\u00f4ler ton kite en toute s\u00e9curit\u00e9 dans toutes les situations et piloter la planche. Tu recevras une certification IKO.<\/p>\n\n\n\n<p><strong>Le forfait comprend :<\/strong><\/p>\n\n\n\n<ul class=\"wp-block-list\">\n<li>Montage de l&rsquo;\u00e9quipement, fen\u00eatre de vent, d\u00e9collage \/ att\u00e9rissage<\/li>\n\n\n\n<li>Nage tract\u00e9e, technique de r\u00e9cup\u00e9ration de la planche, d\u00e9marrage avec la planche \u00e0 pied<\/li>\n\n\n\n<li>Radio pour une progression rapide, lycra<\/li>\n<\/ul>\n\n\n\n<p class=\"has-text-align-center has-large-font-size\"><strong>$420<\/strong><\/p>\n\n<\/div><\/div>\n<\/div><\/div><\/div>\n\n<div class=\"gb-grid-column gb-grid-column-f9e9b9e2\"><div class=\"gb-container gb-container-f9e9b9e2\"><div class=\"gb-inside-container\">\n<div class=\"gb-container gb-container-087913ad\"><div class=\"gb-inside-container\">\n\n<h4 class=\"wp-block-heading has-text-align-center\"><strong>INTENSE<\/strong><br\/>7 jours<\/h4>\n\n\n\n<p class=\"has-text-align-center\">Envie d&rsquo;apprendre les bases du kitesurf et au-del\u00e0? Ce forfait est fait pour les amateurs de sport qui veulent vraiment se lancer dans le kitesurf et apprendre \u00e0 rider comme un pro. Nous te rendrons totalement ind\u00e9pendant et tr\u00e8s \u00e0 l&rsquo;aise avec la mise en place de ton \u00e9quipement. \u00c0 la fin du cours, tu obtiendras ta certification IKO.<\/p>\n\n\n\n<p class=\"has-text-align-left\"><strong>Le forfait comprend :<\/strong><\/p>\n\n\n\n<ul class=\"wp-block-list\">\n<li>8h de cours divis\u00e9s en 4 jours <\/li>\n\n\n\n<li>3 jours de en plus de location supervi\u00e9e<\/li>\n\n\n\n<li>Radio, lycra<\/li>\n<\/ul>\n\n\n\n<p class=\"has-text-align-center has-large-font-size\"><strong>$790<\/strong><\/p>\n\n<\/div><\/div>\n<\/div><\/div><\/div>\n<\/div>\n<div style=\"height:100px\" aria-hidden=\"true\" class=\"wp-block-spacer\"><\/div>\n\n<div class=\"wp-block-columns is-layout-flex wp-container-core-columns-is-layout-9d6595d7 wp-block-columns-is-layout-flex\">\n<div class=\"wp-block-column is-layout-flow wp-block-column-is-layout-flow\">\n<h4 class=\"wp-block-heading has-text-align-center\"><h4 style=\"text-align: center;\"><strong>COURS COLLECTIFS<\/strong><\/h4><\/h4>\n\n\n\n<p class=\"has-text-align-center\">Id\u00e9al pour les familles ou les couples souhaitant prendre des cours ensemble. Ces cours collectifs de kitesurf vous permettront d&rsquo;apprendre le kitesurf tout en profitant des r\u00e9ductions tarifaires de groupe. Deux \u00e9tudiants partageant ensemble un \u00e9quipement.<\/p>\n\n\n\n<p class=\"has-text-align-center has-large-font-size\"><strong>2 heures &#8211; 100$ \/ personne<\/strong><\/p>\n<\/div>\n\n\n\n<div class=\"wp-block-column is-layout-flow wp-block-column-is-layout-flow\">\n<h4 class=\"wp-block-heading has-text-align-center\"><h4 style=\"text-align: center;\"><strong>COURS POUR ENFANTS<\/strong><\/h4><br\/><p style=\"text-align: center;\"><a href=\"https:\/\/kitesurflasterrenas.com\/fr\/cours-kitesurfing-enfants\/\">En savoir plus sur les cours de kitesurfing pour enfants.<\/a><\/p><\/h4>\n\n\n\n<p class=\"has-text-align-center\">Le premier cours de kitesurf peut commencer d\u00e8s 8 ans, cela d\u00e9pend surtout de leur poids et de leur motivation. Les enfants de plus de 40 kilos (environ 90 livres) peuvent commencer \u00e0 apprendre le kitesurf.<br\/><\/p>\n\n\n\n<p class=\"has-text-align-center has-large-font-size\"><strong>Essai gratuit<\/strong><\/p>\n<\/div>\n<\/div>\n\n<h2 class=\"wp-block-heading\">COURS AVANC\u00c9<\/h2>\n\n<h3 class=\"wp-block-heading\"><h3>Apprends de nouvelles figures de kitesurf ou d\u00e9couvres l&rsquo;hydrofoil<\/h3><\/h3>\n\n<p>Nous sommes la seule \u00e9cole de R\u00e9publique Dominicaine affili\u00e9e \u00e0 <a href=\"http:\/\/www.onelaunchkiteboarding.com\/\" target=\"_blank\" rel=\"noopener\">One Launch Kiteboarding<\/a>. Nous enseignons \u00e0 travers de m\u00e9thodes de coaching exclusives pour permettre \u00e0 nos \u00e9l\u00e8ves d&rsquo;optimiser leurs r\u00e9sultats tout en s&rsquo;amusant. Nous proposons des cours avec radio et vid\u00e9o afin d&rsquo;analyser ta fa\u00e7on de rider pour que tu puisse te fixer de nouveaux objectifs en fonction de ton niveau et corriger les petites erreurs.<\/p>\n<div class=\"gb-grid-wrapper gb-grid-wrapper-37a6928a\">\n<div class=\"gb-grid-column gb-grid-column-4f3c0a89\"><div class=\"gb-container gb-container-4f3c0a89\"><div class=\"gb-inside-container\">\n<div class=\"gb-container gb-container-9e6ea422\"><div class=\"gb-inside-container\">\n\n<h4 class=\"wp-block-heading has-text-align-center\"><h4 style=\"text-align: center;\"><strong>HYDROFOIL<\/strong><\/h4><\/h4>\n\n\n\n<p class=\"has-text-align-center\">Un hydro foil est une grande aile sous une sorte de planche de surf, ajout\u00e9e \u00e0 votre carquois de kite, ce qui vous donne une toute nouvelle impulsion.<\/p>\n\n\n\n<p class=\"has-text-align-center\">Uniquement pour les riders avanc\u00e9s, essayer le kitefoil te mettra au d\u00e9fi et te fera ressentir de nouvelles sensations.<\/p>\n\n\n\n<p class=\"has-text-align-center\">KiteWorld propose des cours de kitefoiling avec un foil avec un m\u00e2t court pour une progression plus facile.<\/p>\n\n\n\n<p class=\"has-text-align-center\"><a href=\"https:\/\/kitesurflasterrenas.com\/fr\/hydro-foil\/\">D\u00e9couvre l&rsquo;hydrofoil.<\/a><\/p>\n\n<\/div><\/div>\n<\/div><\/div><\/div>\n\n<div class=\"gb-grid-column gb-grid-column-72e00f0a\"><div class=\"gb-container gb-container-72e00f0a\"><div class=\"gb-inside-container\">\n<div class=\"gb-container gb-container-de1209dd\"><div class=\"gb-inside-container\">\n\n<h4 class=\"wp-block-heading has-text-align-center\"><h4 style=\"text-align: center;\"><strong>COACHING<\/strong><\/h4><\/h4>\n\n\n\n<p class=\"has-text-align-center\">Nous sommes fiers d&rsquo;\u00eatre une \u00e9cole affili\u00e9e KITEBOARDING ONE LAUNCH<br\/>et nous sommes l\u00e0 pour t&rsquo;aider \u00e0 passer au niveau suivant. Commences \u00e0 faire des sauts, des virages, back rolls, et plein d&rsquo;autres figures freestyles, puis effectues une s\u00e9ance d&rsquo;entra\u00eenement avanc\u00e9e individuelle avec un instructeur de niveau 3. Tout d&rsquo;abord, nous te filmons au ralenti afin d&rsquo;analyser ta technique et de te fixer des objectifs d&rsquo;apprentissage pour ta prochaine session. Pendant le cours, nous te guiderons avec un talkie-walkie pour une progression plus rapide. \u00c0 la fin de la journ\u00e9e, nous faisons un d\u00e9briefing pour parler de ce que tu as accompli et de ce que tu peux am\u00e9liorer.<\/p>\n\n\n\n<p class=\"has-text-align-center has-large-font-size\"><strong>$90 \/ heure<\/strong><\/p>\n\n\n\n<p><\/p>\n\n<\/div><\/div>\n<\/div><\/div><\/div>\n\n<div class=\"gb-grid-column gb-grid-column-9967238c\"><div class=\"gb-container gb-container-9967238c\"><div class=\"gb-inside-container\">\n<div class=\"gb-container gb-container-ee0e1075\"><div class=\"gb-inside-container\">\n\n<h4 class=\"wp-block-heading has-text-align-center\"><h4 style=\"text-align: center;\"><strong>REFRESH<\/strong><\/h4><\/h4>\n\n\n\n<p class=\"has-text-align-center\">Si cela fait longtemps que tu n&rsquo;as pas fait de kitesurf, nous t&rsquo;aiderons \u00e0 rafra\u00eechir tes comp\u00e9tences.<\/p>\n\n\n\n<ul class=\"wp-block-list\">\n<li>2 heures de lesson priv\u00e9es<\/li>\n\n\n\n<li>Ajust\u00e9e selon votre niveau et envies d&rsquo;apprendre <\/li>\n\n\n\n<li>Radio pour une progression rapide<\/li>\n<\/ul>\n\n\n\n<p class=\"has-text-align-center has-large-font-size\"><strong>$150<\/strong><\/p>\n\n\n\n<p><\/p>\n\n\n\n<p><\/p>\n\n<\/div><\/div>\n<\/div><\/div><\/div>\n<\/div>\n<p><\/p>\n<div class=\"wp-block-image wp-block-image aligncenter size-large is-resized\">\n<figure ><img fetchpriority=\"high\" decoding=\"async\" width=\"1024\" height=\"768\" src=\"https:\/\/kitesurflasterrenas.com\/wp-content\/uploads\/2021\/09\/kiteboarding-gear-dominican-republic-1024x768.jpg\" alt=\"&#xE9;quipement kitesurf r&#xE9;publique dominicaine\" class=\"wp-image-5485\" srcset=\"https:\/\/kitesurflasterrenas.com\/wp-content\/uploads\/2021\/09\/kiteboarding-gear-dominican-republic-1024x768.jpg 1024w, https:\/\/kitesurflasterrenas.com\/wp-content\/uploads\/2021\/09\/kiteboarding-gear-dominican-republic-300x225.jpg 300w, https:\/\/kitesurflasterrenas.com\/wp-content\/uploads\/2021\/09\/kiteboarding-gear-dominican-republic-768x576.jpg 768w, https:\/\/kitesurflasterrenas.com\/wp-content\/uploads\/2021\/09\/kiteboarding-gear-dominican-republic-1536x1152.jpg 1536w, https:\/\/kitesurflasterrenas.com\/wp-content\/uploads\/2021\/09\/kiteboarding-gear-dominican-republic-2048x1536.jpg 2048w\" sizes=\"(max-width: 1024px) 100vw, 1024px\" \/><\/figure>\n<\/div>\n<h2 class=\"wp-block-heading\">LOCATION DE MAT\u00c9RIEL<\/h2>\n\n<p>Si tu pr\u00e9f\u00e8res voyager l\u00e9ger ou si tu souhaites simplement \u00e9conomiser sur l&rsquo;exc\u00e9dent de bagages, tu peux louer ton \u00e9quipement de kitesurf ici \u00e0 <a href=\"https:\/\/kitesurflasterrenas.com\/fr\/kiteworld-ecole-de-kitesurf-a-las-terrenas\/\" target=\"_blank\" rel=\"noopener\">KiteWorld Las Terrenas<\/a>. Nous avons les derniers kites et planches de kitesurf <a href=\"https:\/\/www.duotonesports.com\/\" target=\"_blank\" rel=\"noopener\">Duotone<\/a> disponibles \u00e0 la location. Ach\u00e8tes un pass pour une journ\u00e9e compl\u00e8te ou une semaine \u00e0 prix r\u00e9duit, qui te donne acc\u00e8s \u00e0 toutes les tailles et planches de kite disponibles dans notre centre de kite.<\/p>\n\n<p><em><strong>La location de kites est disponible uniquement pour les kitesurfeurs exp\u00e9riment\u00e9s et les riders sont responsables de tous les dommages caus\u00e9s au kite.<\/strong><\/em><\/p>\n\n<p>La supervision s&rsquo;adresse \u00e0 ceux qui ont encore besoin d&rsquo;un peu d&rsquo;aide afin de remonter le vent, ou si l&rsquo;instructeur ne pense pas que tu sois pr\u00eat \u00e0 pratiquer seul. La supervision comprend tout l&rsquo;\u00e9quipement dont tu as besoin ainsi qu&rsquo;un assistant qui restera avec toi et te surveillera de pr\u00e8s pour ta s\u00e9curit\u00e9.<\/p>\n\n<p>Toutes les locations non surveill\u00e9es sont soumises \u00e0 des conditions et \u00e0 un acompte. Vous devez avoir un niveau d&rsquo;autonomie suffisant et \u00eatre capable de rider seul pour louer sans surveillance.<\/p>\n\n<p>Si vous n&rsquo;avez pas de carte IKO Kiteboarder, une br\u00e8ve \u00e9valuation pourra \u00eatre fa\u00eete.<\/p>\n","protected":false},"excerpt":{"rendered":"<p>KiteWorld Las Terrenas propose des cours de kitesurfing en R\u00e9publique Dominicaine Apprends \u00e0 faire du kitesurf en R\u00e9publique Dominicaine dans l&rsquo;un des meilleurs spots de kitesurf au monde avec notre \u00e9quipe d&rsquo;instructeurs form\u00e9s et certifi\u00e9s. Las Terrenas, au c\u0153ur des Cara\u00efbes, offre des conditions de vent incroyables pour &#8230; <a title=\"Cours de kitesurf \u00e0 Las Terrenas, R\u00e9publique Dominicaine\" class=\"read-more\" href=\"https:\/\/kitesurflasterrenas.com\/fr\/cours-kitesurfing-las-terrenas\/\" aria-label=\"More on Cours de kitesurf \u00e0 Las Terrenas, R\u00e9publique Dominicaine\">Lire plus<\/a><\/p>\n","protected":false},"author":2,"featured_media":4110,"parent":0,"menu_order":0,"comment_status":"closed","ping_status":"closed","template":"","meta":{"_joinchat":[],"footnotes":""},"class_list":{"0":"post-4429","1":"page","2":"type-page","3":"status-publish","4":"has-post-thumbnail","6":"resize-featured-image"},"_links":{"self":[{"href":"https:\/\/kitesurflasterrenas.com\/fr\/wp-json\/wp\/v2\/pages\/4429","targetHints":{"allow":["GET"]}}],"collection":[{"href":"https:\/\/kitesurflasterrenas.com\/fr\/wp-json\/wp\/v2\/pages"}],"about":[{"href":"https:\/\/kitesurflasterrenas.com\/fr\/wp-json\/wp\/v2\/types\/page"}],"author":[{"embeddable":true,"href":"https:\/\/kitesurflasterrenas.com\/fr\/wp-json\/wp\/v2\/users\/2"}],"replies":[{"embeddable":true,"href":"https:\/\/kitesurflasterrenas.com\/fr\/wp-json\/wp\/v2\/comments?post=4429"}],"version-history":[{"count":10,"href":"https:\/\/kitesurflasterrenas.com\/fr\/wp-json\/wp\/v2\/pages\/4429\/revisions"}],"predecessor-version":[{"id":6392,"href":"https:\/\/kitesurflasterrenas.com\/fr\/wp-json\/wp\/v2\/pages\/4429\/revisions\/6392"}],"wp:featuredmedia":[{"embeddable":true,"href":"https:\/\/kitesurflasterrenas.com\/fr\/wp-json\/wp\/v2\/media\/4110"}],"wp:attachment":[{"href":"https:\/\/kitesurflasterrenas.com\/fr\/wp-json\/wp\/v2\/media?parent=4429"}],"curies":[{"name":"wp","href":"https:\/\/api.w.org\/{rel}","templated":true}]}}