{"id":4347,"date":"2021-02-11T12:58:49","date_gmt":"2021-02-11T16:58:49","guid":{"rendered":"https:\/\/kitesurflasterrenas.com\/hydro-foil\/"},"modified":"2021-03-12T13:12:52","modified_gmt":"2021-03-12T17:12:52","slug":"hydro-foil","status":"publish","type":"page","link":"https:\/\/kitesurflasterrenas.com\/fr\/hydro-foil\/","title":{"rendered":"Tester l&rsquo;hydrofoil \u00e0 Las Terrenas en R\u00e9publique Dominicaine"},"content":{"rendered":"\n<p>KiteWorld propose des cours d&rsquo;hydrofoil et des cours d&rsquo;initiation pour les kitesurfeurs qui veulent essayer quelque chose de nouveau et se lancer un nouveau d\u00e9fi. Nos moniteurs certifi\u00e9s vous apprendront les bases ainsi que les aspects de s\u00e9curit\u00e9 du kitefoil afin que vous puissiez essayer ce nouveau sport pendant vos vacances \u00e0 Las Terrenas.<\/p>\n\n<h3 class=\"styled-subtitle wp-block-heading\"><h2>D\u00e9couvrez le kite foiling dans une des meilleures destinations de kitesurfing!<\/h2>&#13;\n<strong>\u00a0<\/strong><\/h3>\n\n<p>Un hydrofoil, ou hydropt\u00e8re, est une grande aile ajout\u00e9e sous une sorte de planche de surf. C\u2019est un concept assez nouveau qui est apparu il y a moins de 10 ans. Au d\u00e9but, l\u2019hydrofoil \u00e9tait principalement utilis\u00e9 pour le ski nautique et les voiliers. <\/p>\n\n<p>En 2014, <strong>En 2014, l\u2019industrie du kite s\u2019est rendue compte que cela pouvait \u00eatre un ajout int\u00e9ressant \u00e0 un carquois de kite et ainsi cr\u00e9er une toute nouvelle impulsion au kite.<\/strong>.<\/p>\n\n<p>M\u00eame avec tr\u00e8s peu de vent, vous pouvez commencer \u00e0 rider, et une fois debout, vous commencerez \u00e0 flotter pratiquement sans aucune r\u00e9sistance. C\u2019est un sport incroyable pour les personnes sachant faire du kitesurf et qui souhaitent <strong>d\u00e9couvrir de nouvelles sensations et apprendre une nouvelle fa\u00e7on de faire du kite.<\/strong><\/p>\n\n<h3 class=\"wp-block-heading\">\u00a0<\/h3>\n\n<h3 class=\"wp-block-heading\">Essayez l\u2019hydrofoil dans notre centre de kite!<\/h3>\n\n<p>Chez <a href=\"https:\/\/kitesurflasterrenas.com\/fr\/kiteworld-ecole-de-kitesurf-a-las-terrenas\/\">KiteWorld<\/a>, nous pensons que rien n\u2019est impossible, nous sommes la seule \u00e9cole en R\u00e9publique Dominicaine \u00e0 proposer des cours d\u2019hydrofoil. <strong>Nous avons d\u00e9velopp\u00e9 un programme sp\u00e9cial pour enseigner ce nouveau sport en toute s\u00e9curit\u00e9 et qui vous permettra de vous am\u00e9liorer et de voir rapidement des r\u00e9sultats.<\/strong><\/p>\n\n<p><strong>Le kite foil est r\u00e9serv\u00e9 aux kitesurfers qui ont d\u00e9j\u00e0 un bon niveau<\/strong>. KiteWorld propose des cours d\u2019hydrofoil en utilisant un foil adapt\u00e9 \u00e0 l\u2019apprentissage avec un m\u00e2t court pour une progression plus facile. Apprendre l\u2019hydrofoil est souvent plus difficile qu\u2019il n\u2019y para\u00eet et peut \u00eatre dangereux, nous vous recommandons donc de faire les <a href=\"https:\/\/www.surfshop.fr\/blog\/tendance-kitefoil-prendre-hauteur-kitesurf\/\" target=\"_blank\" rel=\"noopener\">recherches appropri\u00e9es<\/a> avant de r\u00e9server une le\u00e7on. N\u2019h\u00e9sitez pas \u00e0 <a href=\"https:\/\/kitesurflasterrenas.com\/fr\/contactez-nous-kiteworld-las-terrenas\/\" target=\"_blank\" rel=\"noopener\">nous contacter<\/a> pour toute question que vous pourriez avoir.<\/p>\n\n<p>Le but de votre premi\u00e8re le\u00e7on est <strong>d\u2019apprendre les principes du kitefoil<\/strong>.<\/p>\n\n<p>Nous vous expliquerons les meilleures conditions pour vous familiariser avec l\u2019hydrofoil et les <strong>normes de s\u00e9curit\u00e9<\/strong> que vous devez conna\u00eetre avant de vous lancer. Nous parlerons de la mise \u00e0 l\u2019eau en nage tract\u00e9e avec le foil, puis de la fa\u00e7on de d\u00e9marrer dans l\u2019eau avec la planche. Vous apprendrez \u00e0 d\u00e9marrer correctement dans l\u2019eau et comment vous lever sur le m\u00e2t court.<\/p>\n\n<p>Une fois que la planche est hors de l\u2019eau, le kitefoil entre en jeu. Vous vous l\u00e8verez hors de l\u2019eau et retomberez \u00e0 plusieurs reprises jusqu\u2019\u00e0 ce que vous appreniez \u00e0 \u00e9quilibrer votre poids pour diriger la planche correctement.<\/p>\n\n<p><strong>En bref, vous apprendrez:<\/strong><\/p>\n\n<ul class=\"wp-block-list\"><li>La mise en place du foil;<\/li><li>Aspects de s\u00e9curit\u00e9 (marche, nage tract\u00e9e);<\/li><li>D\u00e9marrage dans l\u2019eau avec la planche;<\/li><li>Se diriger et monter sur le m\u00e2t court;<\/li><li>Comment ralentir;<\/li><li>Techniques de ride;<\/li><\/ul>\n<p>Il est recommand\u00e9 de prendre le forfait de 3 jours, ou au moins 2 le\u00e7ons si vous voulez vraiment apprendre et ma\u00eetriser le foil kite. Le kitefoil est vraiment diff\u00e9rent du kitesurf, vous devrez apprendre un tout nouveau style de pilotage et modifier le positionnement de votre corps. Une fois que vous arrivez \u00e0 rider, les sensations sont uniques.<\/p>\n\n<h3 class=\"wp-block-heading\">COURS DE KITE FOIL \u2013 TARIFS<\/h3>\n\n<figure class=\"wp-block-table\"><table><thead><tr><th>\u00a0<\/th><th>EQUIPEMENT + COURS<\/th><th>LOCATION DU FOIL<\/th><th>COURS SEUL<\/th><\/tr><\/thead><tbody><tr><td>1 HEURE<\/td><td>150$<\/td><td>50$<\/td><td>100$<\/td><\/tr><tr><td>3 JOURS<\/td><td>590$<\/td><td>\u00a0<\/td><\/tr><\/tbody><\/table><\/figure>\n<div class=\"wp-block-buttons aligncenter is-layout-flex wp-block-buttons-is-layout-flex\">\n<div class=\"wp-block-button\"><a class=\"wp-block-button__link has-background\" href=\"https:\/\/kitesurflasterrenas.com\/fr\/contactez-nous-kiteworld-las-terrenas\/\" style=\"background-color:#0071a1\">PR\u00caT POUR UN NOUVEAU CHALLENGE ? CONTACTEZ NOUS!<\/a><\/div>\n<\/div>\n","protected":false},"excerpt":{"rendered":"<p>KiteWorld propose des cours d&rsquo;hydrofoil et des cours d&rsquo;initiation pour les kitesurfeurs qui veulent essayer quelque chose de nouveau et se lancer un nouveau d\u00e9fi. Nos moniteurs certifi\u00e9s vous apprendront les bases ainsi que les aspects de s\u00e9curit\u00e9 du kitefoil afin que vous puissiez essayer ce nouveau sport &#8230; <a title=\"Tester l&rsquo;hydrofoil \u00e0 Las Terrenas en R\u00e9publique Dominicaine\" class=\"read-more\" href=\"https:\/\/kitesurflasterrenas.com\/fr\/hydro-foil\/\" aria-label=\"More on Tester l&rsquo;hydrofoil \u00e0 Las Terrenas en R\u00e9publique Dominicaine\">Lire plus<\/a><\/p>\n","protected":false},"author":2,"featured_media":4134,"parent":0,"menu_order":0,"comment_status":"closed","ping_status":"closed","template":"","meta":{"_joinchat":[],"footnotes":""},"class_list":{"0":"post-4347","1":"page","2":"type-page","3":"status-publish","4":"has-post-thumbnail","6":"resize-featured-image"},"_links":{"self":[{"href":"https:\/\/kitesurflasterrenas.com\/fr\/wp-json\/wp\/v2\/pages\/4347","targetHints":{"allow":["GET"]}}],"collection":[{"href":"https:\/\/kitesurflasterrenas.com\/fr\/wp-json\/wp\/v2\/pages"}],"about":[{"href":"https:\/\/kitesurflasterrenas.com\/fr\/wp-json\/wp\/v2\/types\/page"}],"author":[{"embeddable":true,"href":"https:\/\/kitesurflasterrenas.com\/fr\/wp-json\/wp\/v2\/users\/2"}],"replies":[{"embeddable":true,"href":"https:\/\/kitesurflasterrenas.com\/fr\/wp-json\/wp\/v2\/comments?post=4347"}],"version-history":[{"count":6,"href":"https:\/\/kitesurflasterrenas.com\/fr\/wp-json\/wp\/v2\/pages\/4347\/revisions"}],"predecessor-version":[{"id":4778,"href":"https:\/\/kitesurflasterrenas.com\/fr\/wp-json\/wp\/v2\/pages\/4347\/revisions\/4778"}],"wp:featuredmedia":[{"embeddable":true,"href":"https:\/\/kitesurflasterrenas.com\/fr\/wp-json\/wp\/v2\/media\/4134"}],"wp:attachment":[{"href":"https:\/\/kitesurflasterrenas.com\/fr\/wp-json\/wp\/v2\/media?parent=4347"}],"curies":[{"name":"wp","href":"https:\/\/api.w.org\/{rel}","templated":true}]}}