{"id":4295,"date":"2021-02-05T15:22:38","date_gmt":"2021-02-05T19:22:38","guid":{"rendered":"https:\/\/kitesurflasterrenas.com\/bienvenue-a-kiteworld-notre-ecole-de-kitesurf-a-las-terrenas\/"},"modified":"2022-02-12T07:45:21","modified_gmt":"2022-02-12T11:45:21","slug":"kiteworld-ecole-de-kitesurf-a-las-terrenas","status":"publish","type":"page","link":"https:\/\/kitesurflasterrenas.com\/fr\/kiteworld-ecole-de-kitesurf-a-las-terrenas\/","title":{"rendered":"Bienvenue \u00e0 KiteWorld, notre \u00e9cole de kitesurf \u00e0 Las Terrenas"},"content":{"rendered":"\n<p>Notre \u00e9cole de kite en R\u00e9publique Dominicaine propose des cours de kitesurf pour d\u00e9butants ainsi qu&rsquo;un coaching avanc\u00e9 pour ceux qui savent d\u00e9j\u00e0 en faire. Vous avez \u00e9galement la possibilit\u00e9 de louer du mat\u00e9riel de kite si vous n&rsquo;avez pas besoin de cours, tout nos \u00e9quipements sont de qualit\u00e9s et sont fabriqu\u00e9s par <strong>Duotone Kiteboarding et Ion Sport.<\/strong><\/p>\n\n<p>Dans notre \u00e9cole, vous pourrez louer des paddles et des planches de surf ainsi que prendre des cours de surf et de kitesurf. Tous nos professeurs sont certifi\u00e9s et vous aideront \u00e0 atteindre vos objectifs dans une ambiance conviviale et un cadre paradisiaque. <\/p>\n\n<h2 class=\"wp-block-heading\">Faire du kitesurf \u00e0 Las Terrenas :<\/h2>\n\n<p>Situ\u00e9 sur la c\u00f4te nord de la R\u00e9publique Dominicaine, Las Terrenas est \u00e0 seulement 2 heures de route de Cabarete, un spot de kitesurf de renomm\u00e9e mondiale. Avec des aliz\u00e9s constants, de l&rsquo;eau chaude et des vagues presque toute l&rsquo;ann\u00e9e,  Que vous soyez un d\u00e9butant souhaitant apprendre le kitesurf ou un kitesurfeur chevronn\u00e9 \u00e0 la recherche d&rsquo;un coaching avanc\u00e9, Las Terrenas est l&rsquo;endroit id\u00e9al pour faire du kitesurf en R\u00e9publique Dominicaine,<\/p>\n\n<p>\u00c0 Cabarete, vous vous retrouverez souvent \u00e0 faire du kitesurf avec plus de 200 autres kites alors qu&rsquo;\u00e0 Las Terrenas, un petit village de p\u00eacheurs, vous aurez la mer pour vous tout seul. Las Terrenas est un petit coin de paradis o\u00f9 vous y trouverez des eaux plates et cristallines, parfait pour tous les niveaux. Las Terrenas est l&rsquo;un des meilleurs spots de kitesurf en R\u00e9publique Dominicaine.<\/p>\n\n<p>C&rsquo;est aussi un endroit parfait pour les d\u00e9butants car il n&rsquo;y a pas trop de monde et les caract\u00e9ristiques de la mer et du vent sont optimales pour apprendre le kitesurf.<\/p>\n\n<p>Las Terrenas est \u00e9galement un endroit id\u00e9al pour passer ses vacances, avec de <a href=\"https:\/\/kitesurflasterrenas.com\/fr\/excursions-tours-republique-dominicaine\/\" target=\"_blank\" rel=\"noopener\">nombreuses attractions naturelles et activit\u00e9s<\/a> pour vous occuper. Vous y trouverez \u00e9galement quelques unes des plus belles plages de la R\u00e9publique Dominicaine, offrant une eau cristalline et des paysages paradisiaques.<\/p>\n\n<figure class=\"wp-block-image size-large\"><img fetchpriority=\"high\" decoding=\"async\" width=\"1024\" height=\"682\" src=\"https:\/\/kitesurflasterrenas.com\/wp-content\/uploads\/2021\/02\/Dominican-Republic-1.jpg\" alt=\"Kitesurfing en R&#xE9;publique Dominicaine\" class=\"wp-image-4284\" srcset=\"https:\/\/kitesurflasterrenas.com\/wp-content\/uploads\/2021\/02\/Dominican-Republic-1.jpg 1024w, https:\/\/kitesurflasterrenas.com\/wp-content\/uploads\/2021\/02\/Dominican-Republic-1-300x200.jpg 300w, https:\/\/kitesurflasterrenas.com\/wp-content\/uploads\/2021\/02\/Dominican-Republic-1-768x512.jpg 768w\" sizes=\"(max-width: 1024px) 100vw, 1024px\" \/><\/figure>\n<div class=\"wp-block-buttons is-content-justification-center is-layout-flex wp-block-buttons-is-layout-flex\">\n<div class=\"wp-block-button is-style-fill\"><a class=\"wp-block-button__link has-white-color has-text-color has-background\" href=\"https:\/\/kitesurflasterrenas.com\/fr\/contactez-nous-kiteworld-las-terrenas\/\" style=\"border-radius:20px;background-color:#1a9edb\" rel=\"https:\/\/kitesurflasterrenas.com\/contact\/\">PR\u00caT POUR DES VACANCES AU PARADIS ? CONTACTEZ NOUS !<\/a><\/div>\n<\/div>\n\n<h2 class=\"wp-block-heading\">Notre \u00e9cole de kitesurf en R\u00e9publique Dominicaine<\/h2>\n\n<ul class=\"wp-block-list\"><li>Instructeurs certifi\u00e9s avec une m\u00e9thodologie d&rsquo;enseignement optimis\u00e9e de qualit\u00e9 et s\u00fbre ;<\/li><li>Des cours en anglais, fran\u00e7ais, espagnol et portugais ;<\/li><li>Cours avec un talkie-walkie pour des r\u00e9sultats rapides ;<\/li><li>Ambiance chaleureuse et amicale ;<\/li><\/ul>\n<p>Notre \u00e9cole de kitesurf, KiteWorld, a \u00e9t\u00e9 cr\u00e9\u00e9e en 2013 avec l&rsquo;id\u00e9e de d\u00e9velopper la communaut\u00e9 locale de kitesurf et de faire passer les m\u00e9thodes d&rsquo;enseignement au niveau sup\u00e9rieur. Auparavant, les Dominicains impliqu\u00e9s dans le kitesurf \u00e9taient g\u00e9n\u00e9ralement des assistants et non des instructeurs, nous avons donc lanc\u00e9 un programme caritatif pour mettre sur pied une formation d&rsquo;instructeur de haut niveau \u00e0 un co\u00fbt abordable pour les locaux.<\/p>\n\n<p>Ils ont appris \u00e0 enseigner correctement le kitesurf, selon les normes de s\u00e9curit\u00e9, avec une m\u00e9thode d&rsquo;essai et d&rsquo;erreur. La formation comprend \u00e9galement des cours de physique li\u00e9s au vol du kite, des cours sur les conditions m\u00e9t\u00e9orologiques et des cours de p\u00e9dagogie. Le dipl\u00f4me de kitesurf qu&rsquo;ils obtiennent est reconnu partout dans le monde, donnant \u00e0 la population locale une chance de partir de la R\u00e9publique dominicaine et de d\u00e9couvrir le monde tout en donnant des cours de kitesurf.<\/p>\n\n<figure class=\"wp-block-image size-large\"><img decoding=\"async\" width=\"1024\" height=\"682\" src=\"https:\/\/kitesurflasterrenas.com\/wp-content\/uploads\/2021\/02\/PORTILLO-kitesurfing-spot-in-the-Dominican-Republic-1.jpg\" alt=\"Portillo, un spot de kitesurf en R&#xE9;publique Dominicaine\" class=\"wp-image-4290\" srcset=\"https:\/\/kitesurflasterrenas.com\/wp-content\/uploads\/2021\/02\/PORTILLO-kitesurfing-spot-in-the-Dominican-Republic-1.jpg 1024w, https:\/\/kitesurflasterrenas.com\/wp-content\/uploads\/2021\/02\/PORTILLO-kitesurfing-spot-in-the-Dominican-Republic-1-300x200.jpg 300w, https:\/\/kitesurflasterrenas.com\/wp-content\/uploads\/2021\/02\/PORTILLO-kitesurfing-spot-in-the-Dominican-Republic-1-768x512.jpg 768w\" sizes=\"(max-width: 1024px) 100vw, 1024px\" \/><\/figure>\n<p>KiteWorld est bien plus qu&rsquo;une simple \u00e9cole de kitesurf classique, donnant des cours de kitesurf et enseignant \u00e0 de nouveaux \u00e9tudiants. Notre objectif est de partager notre passion pour ce sport incroyable et de le rendre accessible et abordable pour tous.<\/p>\n\n<p><strong>Kiteworld Las Terrenas propose des cours de kitesurf et fait de la location d&rsquo;\u00e9quipement en R\u00e9publique Dominicaine, offrant les derniers et meilleurs kites des marques Duotone Kiteboarding et Ion Sport.<\/strong><\/p>\n\n<p>Kiteworld Las Terrenas est heureux de faire partie de la communaut\u00e9 <a href=\"http:\/\/www.onelaunchkiteboarding.com\" target=\"_blank\" rel=\"noopener\">One Launch Kiteboarding<\/a>. Ce r\u00e9seau vous propose une liste d&rsquo;\u00e9coles de kitesurf de qualit\u00e9 \u00e0 travers le monde avec des normes d&rsquo;enseignement strictes. De plus, vous avez un acc\u00e8s gratuit \u00e0 des<a href=\"https:\/\/www.youtube.com\/watch?v=DLWpfzTfYQE&amp;list=PLPwaCfpntpbr9-nf4BjrzEYv91XZqtMkN\" target=\"_blank\" rel=\"noopener\"> tutoriels vid\u00e9o de kitesurf<\/a> pour perfectionner vos connaissances et am\u00e9liorer votre niveau. \u00c0 la fin de votre cours de kitesurf, o<span lang=\"fr\">btenez votre certification de kitesurf<\/span> !<\/p>\n\n<p>N&rsquo;oubliez pas de remplir le <a href=\"https:\/\/docs.google.com\/forms\/d\/e\/1FAIpQLSfjGX1bsoPQ9rC7ZORnr_8-IS87cVfBqBBVUWhLFzlfdhc46w\/viewform\" target=\"_blank\" rel=\"noopener\">formulaire de satisfaction OLK<\/a> apr\u00e8s votre cours afin de nous aider \u00e0 nous am\u00e9liorer.<\/p>\n\n<p>Plus qu&rsquo;une \u00e9cole de kitesurf, nous proposons \u00e9galement des cours et mettons en location du mat\u00e9riel pour une large gamme de sports nautiques. Nous donnons des cours de surf, ainsi que la louons des planches de surf et des paddles. Notre \u00e9cole peut \u00e9galement vous aider \u00e0 r\u00e9server un <a href=\"https:\/\/kitesurflasterrenas.com\/fr\/hebergement-las-terrenas\/\" target=\"_blank\" rel=\"noopener\">h\u00f4tel ou une villa priv\u00e9e<\/a> selon votre budget, et\u00a0 <a href=\"https:\/\/kitesurflasterrenas.com\/fr\/excursions-tours-republique-dominicaine\/\">organiser des activit\u00e9s et des excursions<\/a> lorsque vous n&rsquo;\u00eates pas dans l&rsquo;eau, pour que vous puissiez passer les meilleures vacances possible en R\u00e9publique Dominicaine. N&rsquo;h\u00e9sitez pas \u00e0 <a href=\"https:\/\/kitesurflasterrenas.com\/fr\/contactez-nous-kiteworld-las-terrenas\/\" target=\"_blank\" rel=\"noopener\">nous contacter<\/a> pour en savoir plus ou pour toute demande concernant votre voyage \u00e0 Las Terrenas.<\/p>\n\n<p>Pour les amateurs de kitesurf, nous proposons des <a href=\"https:\/\/kitesurflasterrenas.com\/fr\/croisiere-kitesurf-republique-dominicaine\/\" target=\"_blank\" rel=\"noopener\">croisi\u00e8res de kitesurf<\/a> &#8211; passez une semaine \u00e0 faire du kitesurf depuis notre catamaran, et atteignez des spots de kitesurf uniques que vous ne pourriez pas atteindre depuis la plage.<\/p>\n\n<div class=\"wp-block-buttons is-content-justification-center is-layout-flex wp-block-buttons-is-layout-flex\">\n<div class=\"wp-block-button is-style-fill\"><a class=\"wp-block-button__link has-white-color has-text-color has-background\" href=\"https:\/\/kitesurflasterrenas.com\/fr\/contactez-nous-kiteworld-las-terrenas\/\" style=\"border-radius:20px;background-color:#1a9edb\" rel=\"https:\/\/kitesurflasterrenas.com\/contact\/\"><strong>PR\u00caT POUR DES VACANCES AU PARADIS ? CONTACTEZ NOUS !<\/strong><\/a><\/div>\n<\/div>\n\n<h2 class=\"wp-block-heading\">KiteWorld &#8211; Notre \u00e9quipe<\/h2>\n\n<div class=\"wp-block-columns is-layout-flex wp-container-core-columns-is-layout-9d6595d7 wp-block-columns-is-layout-flex\">\n<div class=\"wp-block-column is-layout-flow wp-block-column-is-layout-flow\" style=\"flex-basis:33.33%\"><\/div>\n\n\n\n<div class=\"wp-block-column is-layout-flow wp-block-column-is-layout-flow\" style=\"flex-basis:66.66%\"><\/div>\n<\/div>\n\n<div class=\"wp-block-columns is-layout-flex wp-container-core-columns-is-layout-9d6595d7 wp-block-columns-is-layout-flex\">\n<div class=\"wp-block-column is-layout-flow wp-block-column-is-layout-flow\" style=\"flex-basis:33.33%\">\n<figure class=\"wp-block-image size-large\"><img decoding=\"async\" width=\"540\" height=\"801\" src=\"https:\/\/kitesurflasterrenas.com\/wp-content\/uploads\/2021\/02\/Fritz-Kiteboarding-instructor.jpg\" alt=\"Fritz - Prof de Kitesurf &#xE0; Las Terrenas\" class=\"wp-image-4239\" srcset=\"https:\/\/kitesurflasterrenas.com\/wp-content\/uploads\/2021\/02\/Fritz-Kiteboarding-instructor.jpg 540w, https:\/\/kitesurflasterrenas.com\/wp-content\/uploads\/2021\/02\/Fritz-Kiteboarding-instructor-202x300.jpg 202w\" sizes=\"(max-width: 540px) 100vw, 540px\" \/><\/figure><\/div>\n\n\n\n<div class=\"wp-block-column is-layout-flow wp-block-column-is-layout-flow\" style=\"flex-basis:66.66%\">\n<h3 class=\"wp-block-heading\">Fritz &#8211; Prof de kitesurf<\/h3>\n\n\n\n<p>N\u00e9 \u00e0 Ha\u00efti, Fritz a v\u00e9cu dans une petite commune avec sa famille o\u00f9 il a fait toute sa scolarit\u00e9 jusqu&rsquo;\u00e0 l&rsquo;universit\u00e9. En 2008, sa s\u0153ur l&rsquo;invite en R\u00e9publique Dominicaine o\u00f9 il commence \u00e0 travailler dans la construction et le jardinage.<\/p>\n\n\n\n<p>Plus tard, il rencontre un Fran\u00e7ais, Leif Leiriche, le premier moniteur de kitesurf en R\u00e9publique Dominicaine. Ce dernier offre \u00e0 Fritz son premier emploi r\u00e9gulier \u00e0 Las Terrenas et lui donne des cours de kitesurf afin qu&rsquo;il puisse se construire un avenir meilleur.<\/p>\n\n\n\n<p>Apr\u00e8s 5 ans de travail dans l&rsquo;\u00e9cole de kite de Leif, Leif l&rsquo;aide \u00e0 construire le premier h\u00f4tel et \u00e9cole de kitesurf en Ha\u00efti. En 2017, il suit le cours d&rsquo;instructeur de kite propos\u00e9 par KiteWorld; la premi\u00e8re \u00e9cole officielle de Las Terrenas proposant une nouvelle m\u00e9thode d&rsquo;enseignement du kitesurf.<\/p>\n\n\n\n<p>La crise en Ha\u00efti empirant, il retourne en R\u00e9publique Dominicaine o\u00f9 il fait partie de l&rsquo;\u00e9quipe KiteWorld depuis l&rsquo;ann\u00e9e derni\u00e8re. Il y donne des cours de kitesurf en fran\u00e7ais et en anglais et cherche \u00e0 partager sa passion et son amour pour le kitesurf.<\/p>\n\n\n\n<p>Il est \u00e9galement un expert en r\u00e9paration de kite avec son adage pr\u00e9f\u00e9r\u00e9 \u00e9tant \u00ab\u00a0rien n&rsquo;est impossible\u00a0\u00bb.<\/p>\n<\/div>\n<\/div>\n","protected":false},"excerpt":{"rendered":"<p>Notre \u00e9cole de kite en R\u00e9publique Dominicaine propose des cours de kitesurf pour d\u00e9butants ainsi qu&rsquo;un coaching avanc\u00e9 pour ceux qui savent d\u00e9j\u00e0 en faire. Vous avez \u00e9galement la possibilit\u00e9 de louer du mat\u00e9riel de kite si vous n&rsquo;avez pas besoin de cours, tout nos \u00e9quipements sont de &#8230; <a title=\"Bienvenue \u00e0 KiteWorld, notre \u00e9cole de kitesurf \u00e0 Las Terrenas\" class=\"read-more\" href=\"https:\/\/kitesurflasterrenas.com\/fr\/kiteworld-ecole-de-kitesurf-a-las-terrenas\/\" aria-label=\"More on Bienvenue \u00e0 KiteWorld, notre \u00e9cole de kitesurf \u00e0 Las Terrenas\">Lire plus<\/a><\/p>\n","protected":false},"author":2,"featured_media":4181,"parent":0,"menu_order":0,"comment_status":"closed","ping_status":"closed","template":"","meta":{"_joinchat":[],"footnotes":""},"class_list":{"0":"post-4295","1":"page","2":"type-page","3":"status-publish","4":"has-post-thumbnail","6":"resize-featured-image"},"_links":{"self":[{"href":"https:\/\/kitesurflasterrenas.com\/fr\/wp-json\/wp\/v2\/pages\/4295","targetHints":{"allow":["GET"]}}],"collection":[{"href":"https:\/\/kitesurflasterrenas.com\/fr\/wp-json\/wp\/v2\/pages"}],"about":[{"href":"https:\/\/kitesurflasterrenas.com\/fr\/wp-json\/wp\/v2\/types\/page"}],"author":[{"embeddable":true,"href":"https:\/\/kitesurflasterrenas.com\/fr\/wp-json\/wp\/v2\/users\/2"}],"replies":[{"embeddable":true,"href":"https:\/\/kitesurflasterrenas.com\/fr\/wp-json\/wp\/v2\/comments?post=4295"}],"version-history":[{"count":18,"href":"https:\/\/kitesurflasterrenas.com\/fr\/wp-json\/wp\/v2\/pages\/4295\/revisions"}],"predecessor-version":[{"id":6085,"href":"https:\/\/kitesurflasterrenas.com\/fr\/wp-json\/wp\/v2\/pages\/4295\/revisions\/6085"}],"wp:featuredmedia":[{"embeddable":true,"href":"https:\/\/kitesurflasterrenas.com\/fr\/wp-json\/wp\/v2\/media\/4181"}],"wp:attachment":[{"href":"https:\/\/kitesurflasterrenas.com\/fr\/wp-json\/wp\/v2\/media?parent=4295"}],"curies":[{"name":"wp","href":"https:\/\/api.w.org\/{rel}","templated":true}]}}