{"id":4244,"date":"2021-02-03T14:27:01","date_gmt":"2021-02-03T18:27:01","guid":{"rendered":"https:\/\/kitesurflasterrenas.com\/contactez-nous-kiteworld-las-terrenas\/"},"modified":"2021-02-05T08:35:41","modified_gmt":"2021-02-05T12:35:41","slug":"contactez-nous-kiteworld-las-terrenas","status":"publish","type":"page","link":"https:\/\/kitesurflasterrenas.com\/fr\/contactez-nous-kiteworld-las-terrenas\/","title":{"rendered":"Contactez-nous &#8211; KiteWorld Las Terrenas"},"content":{"rendered":"<p>[vc_row][vc_column][\/vc_column][vc_column width=\u00a0\u00bb1\/2&Prime;][vc_column_text]<\/p>\n<h4 class=\"wp-block-heading\">Remplissez le formulaire et nous vous r\u00e9pondrons dans les plus brefs d\u00e9lais<\/h4>\n<p>[\/vc_column_text]\n<div class=\"wpcf7 no-js\" id=\"wpcf7-f4255-o1\" lang=\"fr-FR\" dir=\"ltr\" data-wpcf7-id=\"4255\">\n<div class=\"screen-reader-response\"><p role=\"status\" aria-live=\"polite\" aria-atomic=\"true\"><\/p> <ul><\/ul><\/div>\n<form action=\"\/fr\/wp-json\/wp\/v2\/pages\/4244#wpcf7-f4255-o1\" method=\"post\" class=\"wpcf7-form init\" aria-label=\"Formulaire de contact\" novalidate=\"novalidate\" data-status=\"init\">\n<fieldset class=\"hidden-fields-container\"><input type=\"hidden\" name=\"_wpcf7\" value=\"4255\" \/><input type=\"hidden\" name=\"_wpcf7_version\" value=\"6.1.5\" \/><input type=\"hidden\" name=\"_wpcf7_locale\" value=\"fr_FR\" \/><input type=\"hidden\" name=\"_wpcf7_unit_tag\" value=\"wpcf7-f4255-o1\" \/><input type=\"hidden\" name=\"_wpcf7_container_post\" value=\"0\" \/><input type=\"hidden\" name=\"_wpcf7_posted_data_hash\" value=\"\" \/><input type=\"hidden\" name=\"_wpcf7_recaptcha_response\" value=\"\" \/>\n<\/fieldset>\n<p><label> Nom (requis)<br \/>\n<span class=\"wpcf7-form-control-wrap\" data-name=\"your-name\"><input size=\"40\" maxlength=\"400\" class=\"wpcf7-form-control wpcf7-text wpcf7-validates-as-required\" aria-required=\"true\" aria-invalid=\"false\" value=\"\" type=\"text\" name=\"your-name\" \/><\/span> <\/label>\n<\/p>\n<p><label> Email (requis)<br \/>\n<span class=\"wpcf7-form-control-wrap\" data-name=\"your-email\"><input size=\"40\" maxlength=\"400\" class=\"wpcf7-form-control wpcf7-email wpcf7-validates-as-required wpcf7-text wpcf7-validates-as-email\" aria-required=\"true\" aria-invalid=\"false\" value=\"\" type=\"email\" name=\"your-email\" \/><\/span> <\/label>\n<\/p>\n<p><label> Num\u00e9ro de t\u00e9l\u00e9phone<br \/>\n<span class=\"wpcf7-form-control-wrap\" data-name=\"tel-229\"><input size=\"40\" maxlength=\"400\" class=\"wpcf7-form-control wpcf7-tel wpcf7-text wpcf7-validates-as-tel\" aria-invalid=\"false\" value=\"\" type=\"tel\" name=\"tel-229\" \/><\/span> <\/label>\n<\/p>\n<p><label> Objet<br \/>\n<span class=\"wpcf7-form-control-wrap\" data-name=\"menu-95\"><select class=\"wpcf7-form-control wpcf7-select wpcf7-validates-as-required\" aria-required=\"true\" aria-invalid=\"false\" name=\"menu-95\"><option value=\"\">&#8212;Veuillez choisir une option&#8212;<\/option><option value=\"Offre d\u00e9couverte- 3h - $170\">Offre d\u00e9couverte- 3h - $170<\/option><option value=\"Offre Hook-on - 6h - $320\">Offre Hook-on - 6h - $320<\/option><option value=\"Semaine intensive - $690\">Semaine intensive - $690<\/option><option value=\"Hydrofoil\">Hydrofoil<\/option><option value=\"Coaching\">Coaching<\/option><option value=\"Offre Refresh -2h - $120\">Offre Refresh -2h - $120<\/option><option value=\"Location de mat\u00e9riel\">Location de mat\u00e9riel<\/option><option value=\"Autre\">Autre<\/option><\/select><\/span> <\/label>\n<\/p>\n<p><label> Votre message - veuillez nous indiquer votre date d'arriv\u00e9e<br \/>\n<span class=\"wpcf7-form-control-wrap\" data-name=\"your-message\"><textarea cols=\"40\" rows=\"10\" maxlength=\"2000\" class=\"wpcf7-form-control wpcf7-textarea\" aria-invalid=\"false\" name=\"your-message\"><\/textarea><\/span> <\/label>\n<\/p>\n\n<p><input class=\"wpcf7-form-control wpcf7-submit has-spinner\" type=\"submit\" value=\"Envoyer\" \/>\n<\/p><input type=\"hidden\" id=\"ct_checkjs_cf7_32b30a250abd6331e03a2a1f16466346\" name=\"ct_checkjs_cf7\" value=\"0\" \/><script >setTimeout(function(){var ct_input_name = \"ct_checkjs_cf7_32b30a250abd6331e03a2a1f16466346\";if (document.getElementById(ct_input_name) !== null) {var ct_input_value = document.getElementById(ct_input_name).value;document.getElementById(ct_input_name).value = document.getElementById(ct_input_name).value.replace(ct_input_value, 'c0b9a8c117f5dd5f6a7698a09891aca5dc55093d8e5ab30c7e5fa51fd8cc008b');}}, 1000);<\/script><input\n                    class=\"apbct_special_field apbct_email_id__wp_contact_form_7\"\n                    name=\"apbct__email_id__wp_contact_form_7\"\n                    aria-label=\"apbct__label_id__wp_contact_form_7\"\n                    type=\"text\" size=\"30\" maxlength=\"200\" autocomplete=\"off\"\n                    value=\"\"\n                \/><div class=\"wpcf7-response-output\" aria-hidden=\"true\"><\/div>\n<\/form>\n<\/div>\n[\/vc_column][vc_column width=\u00a0\u00bb1\/2&Prime;][vc_column_text]<\/p>\n<h2 style=\"text-align: center;\">O\u00f9 nous trouver :<\/h2>\n<p>[\/vc_column_text][vc_wp_text]<\/p>\n<div class=\"wp-block-columns is-layout-flex wp-container-core-columns-is-layout-9d6595d7 wp-block-columns-is-layout-flex\">\n<div class=\"wp-block-column is-layout-flow wp-block-column-is-layout-flow\">\n<p class=\"has-text-align-center\"><em><strong>Adresse principale:<br \/>\n<\/strong><\/em> Playa Punta Popy<br \/>\n<a href=\"https:\/\/www.google.com\/maps\/place\/Kiteworld+-+Kitesurf+Las+Terrenas\/@19.3248156,-69.5296266,15z\/data=!4m2!3m1!1s0x0:0x3482e8976d9e1ce8?sa=X&amp;ved=2ahUKEwj5icHTlKjuAhWMwFkKHXcxARkQ_BIwDHoECBMQBQ\" target=\"_blank\" rel=\"noreferrer noopener\">27 de Febrero<\/a><br \/>\n<a href=\"https:\/\/www.google.com\/maps\/place\/Kiteworld+-+Kitesurf+Las+Terrenas\/@19.3248156,-69.5296266,15z\/data=!4m2!3m1!1s0x0:0x3482e8976d9e1ce8?sa=X&amp;ved=2ahUKEwj5icHTlKjuAhWMwFkKHXcxARkQ_BIwDHoECBMQBQ\" target=\"_blank\" rel=\"noreferrer noopener\">Las Terrenas 32000<\/a><br \/>\n&#13;<br \/>\n(\u00e0 l&rsquo;int\u00e9rieur de l&rsquo;h\u00f4tel Afreeka)<\/p>\n<p><\/div>\n<p><br \/>\n<\/p>\n<div class=\"wp-block-column is-layout-flow wp-block-column-is-layout-flow\">\n<p class=\"has-text-align-center\"><em><strong>Adresse secondaire:<br \/>\n<\/strong><\/em> Turtle Lagoon Beach<br \/>\n&#13;<br \/>\nPlaya Bonita<br \/>\n&#13;<br \/>\nLas Terrenas 32000<\/p>\n<p><\/div>\n<p><\/div>\n<p>[\/vc_wp_text][vc_column_text]<\/p>\n<p><br \/>Contactez nous sur Whatsapp: <a href=\"https:\/\/api.whatsapp.com\/send?phone=+1%20(809)%20769-4978\" target=\"_blank\" rel=\"noopener\">+1 (809) 769-4978<\/a> ou via notre <a href=\"https:\/\/www.facebook.com\/kiteworlddr\/\" target=\"_blank\" rel=\"noopener\">page Facebook <\/a>.<\/p>\n<p><strong>Suivez nous sur les r\u00e9seaux sociaux pour rester au courant de nos derni\u00e8res actualit\u00e9s et de nos offres exclusives:<\/strong><\/p>\n<p>[\/vc_column_text][vc_row_inner content_placement=\u00a0\u00bbtop\u00a0\u00bb][vc_column_inner width=\u00a0\u00bb1\/5&Prime;][\/vc_column_inner][vc_column_inner width=\u00a0\u00bb1\/5&Prime;][vc_icon icon_fontawesome=\u00a0\u00bbfab fa-facebook-square\u00a0\u00bb align=\u00a0\u00bbcenter\u00a0\u00bb link=\u00a0\u00bburl:https%3A%2F%2Ffacebook.com%2Fkiteworlddr%3F_rdc%3D1%26_rdr|target:_blank\u00a0\u00bb][\/vc_column_inner][vc_column_inner width=\u00a0\u00bb1\/5&Prime;][vc_icon icon_fontawesome=\u00a0\u00bbfab fa-youtube\u00a0\u00bb color=\u00a0\u00bbjuicy_pink\u00a0\u00bb align=\u00a0\u00bbcenter\u00a0\u00bb link=\u00a0\u00bburl:https%3A%2F%2Fwww.youtube.com%2Fchannel%2FUCVfgZ-PnykIjrKsEf3ghCHg\u00a0\u00bb][\/vc_column_inner][vc_column_inner width=\u00a0\u00bb1\/5&Prime;][vc_icon icon_fontawesome=\u00a0\u00bbfab fa-instagram\u00a0\u00bb color=\u00a0\u00bbpink\u00a0\u00bb align=\u00a0\u00bbcenter\u00a0\u00bb link=\u00a0\u00bburl:https%3A%2F%2Fwww.instagram.com%2Fkiteworlddr%2F|target:_blank\u00a0\u00bb][\/vc_column_inner][vc_column_inner width=\u00a0\u00bb1\/5&Prime;][\/vc_column_inner][\/vc_row_inner][\/vc_column][\/vc_row]<\/p>\n","protected":false},"excerpt":{"rendered":"<p>[vc_row][vc_column][\/vc_column][vc_column width=\u00a0\u00bb1\/2&Prime;][vc_column_text] Remplissez le formulaire et nous vous r\u00e9pondrons dans les plus brefs d\u00e9lais Contactez nous sur Whatsapp: +1 (809) 769-4978 ou via notre page Facebook . Suivez nous sur les r\u00e9seaux sociaux pour rester au courant de nos derni\u00e8res actualit\u00e9s et de nos offres exclusives: [\/vc_column_text][vc_row_inner content_placement=\u00a0\u00bbtop\u00a0\u00bb][vc_column_inner &#8230; <a title=\"Contactez-nous &#8211; KiteWorld Las Terrenas\" class=\"read-more\" href=\"https:\/\/kitesurflasterrenas.com\/fr\/contactez-nous-kiteworld-las-terrenas\/\" aria-label=\"More on Contactez-nous &#8211; KiteWorld Las Terrenas\">Lire plus<\/a><\/p>\n","protected":false},"author":2,"featured_media":0,"parent":0,"menu_order":0,"comment_status":"closed","ping_status":"closed","template":"","meta":{"_joinchat":[],"footnotes":""},"class_list":["post-4244","page","type-page","status-publish"],"_links":{"self":[{"href":"https:\/\/kitesurflasterrenas.com\/fr\/wp-json\/wp\/v2\/pages\/4244","targetHints":{"allow":["GET"]}}],"collection":[{"href":"https:\/\/kitesurflasterrenas.com\/fr\/wp-json\/wp\/v2\/pages"}],"about":[{"href":"https:\/\/kitesurflasterrenas.com\/fr\/wp-json\/wp\/v2\/types\/page"}],"author":[{"embeddable":true,"href":"https:\/\/kitesurflasterrenas.com\/fr\/wp-json\/wp\/v2\/users\/2"}],"replies":[{"embeddable":true,"href":"https:\/\/kitesurflasterrenas.com\/fr\/wp-json\/wp\/v2\/comments?post=4244"}],"version-history":[{"count":15,"href":"https:\/\/kitesurflasterrenas.com\/fr\/wp-json\/wp\/v2\/pages\/4244\/revisions"}],"predecessor-version":[{"id":4269,"href":"https:\/\/kitesurflasterrenas.com\/fr\/wp-json\/wp\/v2\/pages\/4244\/revisions\/4269"}],"wp:attachment":[{"href":"https:\/\/kitesurflasterrenas.com\/fr\/wp-json\/wp\/v2\/media?parent=4244"}],"curies":[{"name":"wp","href":"https:\/\/api.w.org\/{rel}","templated":true}]}}