{"id":4193,"date":"2021-01-29T13:09:46","date_gmt":"2021-01-29T17:09:46","guid":{"rendered":"https:\/\/kitesurflasterrenas.com\/ecole-de-kitesurf-a-las-terrenas-samana-republique-dominicaine\/"},"modified":"2021-12-13T11:06:48","modified_gmt":"2021-12-13T15:06:48","slug":"ecole-de-kitesurf-a-las-terrenas-samana-republique-dominicaine","status":"publish","type":"page","link":"https:\/\/kitesurflasterrenas.com\/fr\/ecole-de-kitesurf-a-las-terrenas-samana-republique-dominicaine\/","title":{"rendered":"\u00c9cole de Kitesurf \u00e0 Las Terrenas, Samana, R\u00e9publique Dominicaine"},"content":{"rendered":"<p>[vc_row css=\u00a0\u00bb.vc_custom_1639404867127{margin-right: 10px !important;margin-left: 10px !important;}\u00a0\u00bb][vc_column][vc_row_inner content_placement=\u00a0\u00bbmiddle\u00a0\u00bb][vc_column_inner][vc_empty_space][vc_column_text]<\/p>\n<h2 style=\"text-align: center;\"><b>KITE WORLD &#8211; \u00c9COLE DE KITESURFING EN R\u00c9PUBLIQUE DOMINICAINE<\/b><\/h2>\n<p style=\"text-align: center;\"><span style=\"font-weight: 400;\">Bienvenue dans notre <\/span><b>\u00e9cole de kitesurfing \u00e0 Las Terrenas,<\/b><span style=\"font-weight: 400;\">\u00a0un petit coin de paradis dans le nord de la R\u00e9publique Dominicaine, o\u00f9 vous pourrez vous d\u00e9tendre et d\u00e9couvrir la nature avoisinante.<\/span><b> Rejoignez-nous pour apprendre le kitesurf ou vous perfectionner. Quel que soit votre niveau<\/b><span style=\"font-weight: 400;\">, notre \u00e9quipe de professeurs s&rsquo;adaptera \u00e0 vos besoins dans un cadre idyllique et chaleureux. Nous vous partagerons notre passion pour le kitesurf et notre \u00e9cole vous donnera les meilleurs conseils pour <strong>une exp\u00e9rience r\u00e9ussie en R\u00e9publique Dominicaine<\/strong>.<\/span><\/p>\n<p style=\"text-align: center;\"><span style=\"font-weight: 400;\">Nous pouvons aussi vous aider \u00e0 organiser vos vacances : <\/span><b>transport, location et r\u00e9servation d\u2019h\u00e9bergement, tours et visites des centres d\u2019int\u00e9r\u00eats autour de Las Terrenas, location d\u2019\u00e9quipement&#8230;<\/b><\/p>\n<h5 style=\"text-align: center;\">Ecole de surf n\u00b01 en R\u00e9publique Dominicaine depuis 2013, ouverte aux d\u00e9butants, enfants et kiters avanc\u00e9s.<\/h5>\n<p>[\/vc_column_text][\/vc_column_inner][\/vc_row_inner][vc_row_inner content_placement=\u00a0\u00bbtop\u00a0\u00bb gap=\u00a0\u00bb5&Prime;][vc_column_inner width=\u00a0\u00bb1\/3&Prime;][vc_column_text]<\/p>\n<h2 style=\"text-align: center;\">Ecole de Kitesurf<\/h2>\n<p style=\"text-align: center;\">Nous enseignons aux enfants, aux d\u00e9butants et aux experts avec des instructeurs certifi\u00e9s. Notre \u00e9quipe est la seule de Las Terrenas a parler couramment anglais et fran\u00e7ais !<\/p>\n<p>[\/vc_column_text][\/vc_column_inner][vc_column_inner width=\u00a0\u00bb1\/3&Prime;][vc_column_text]<\/p>\n<h2 style=\"text-align: center;\">Location de Kite<\/h2>\n<p>Du d\u00e9butant au kiter ind\u00e9pendant, Kiteworld dispose de tout le mat\u00e9riel de location de kitesurf \u00e0 Las Terrenas:\u00a0 \u00e9quipement pour les enfants, les d\u00e9butants et les kiters avanc\u00e9s (ailes, planches, foils, kayaks, casques, &#8230;)[\/vc_column_text][\/vc_column_inner][vc_column_inner width=\u00a0\u00bb1\/3&Prime;][vc_column_text]<\/p>\n<h2 style=\"text-align: center;\">Croisi\u00e8res de Kitesurf<\/h2>\n<p style=\"text-align: center;\">Au d\u00e9part de Las Terrenas, des paysages \u00e0 couper le souffle et les meilleurs spots de kitesurf en R\u00e9publique Dominicaine. Profitez aussi de la cascade rafra\u00eechissante d&rsquo;El Limon, faites de la tyrolienne \u00e0 Samana \u00e0 travers la jungle luxuriante ou observez les baleines dans la baie<\/p>\n<p>[\/vc_column_text][\/vc_column_inner][\/vc_row_inner][vc_row_inner][vc_column_inner][vc_btn title=\u00a0\u00bb<b>Vent en direct via la station m\u00e9t\u00e9o Holfuy<b>\u00a0\u00bb style=\u00a0\u00bbflat\u00a0\u00bb shape=\u00a0\u00bbround\u00a0\u00bb color=\u00a0\u00bbwarning\u00a0\u00bb align=\u00a0\u00bbcenter\u00a0\u00bb i_icon_fontawesome=\u00a0\u00bbfas fa-wind\u00a0\u00bb add_icon=\u00a0\u00bbtrue\u00a0\u00bb link=\u00a0\u00bburl:https%3A%2F%2Fkitesurflasterrenas.com%2Fdominican-republic-wind-waves-forecast%2F|title:LIVE%20WIND\u00a0\u00bb css=\u00a0\u00bb.vc_custom_1639236742763{margin-top: 50px !important;}\u00a0\u00bb][vc_empty_space height=\u00a0\u00bb15px\u00a0\u00bb][\/vc_column_inner][\/vc_row_inner][\/vc_column][\/vc_row][vc_row equal_height=\u00a0\u00bbyes\u00a0\u00bb content_placement=\u00a0\u00bbtop\u00a0\u00bb css_animation=\u00a0\u00bbfadeIn\u00a0\u00bb css=\u00a0\u00bb.vc_custom_1639400298828{background-color: #f2f2f2 !important;}\u00a0\u00bb][vc_column width=\u00a0\u00bb1\/4&Prime;][vc_single_image image=\u00a0\u00bb4110&Prime; img_size=\u00a0\u00bb300&#215;200&Prime; alignment=\u00a0\u00bbcenter\u00a0\u00bb title=\u00a0\u00bbCours de Kite\u00a0\u00bb][vc_column_text]<\/b><\/b><\/p>\n<p style=\"text-align: center;\"><em>De d\u00e9butants \u00e0 cours avanc\u00e9s (foil, freestyle, surf)<\/em><\/p>\n<p style=\"text-align: center;\">Las Terrenas est id\u00e9al pour apprendre le kitesurf en R\u00e9publique Dominicaine gr\u00e2ce \u00e0 l&rsquo;eau peu profonde et son vent constant sur un spot peu fr\u00e9quent\u00e9<\/p>\n<p>[\/vc_column_text][vc_btn title=\u00a0\u00bbPlus d&rsquo;informations\u00a0\u00bb style=\u00a0\u00bbflat\u00a0\u00bb shape=\u00a0\u00bbround\u00a0\u00bb color=\u00a0\u00bbwarning\u00a0\u00bb align=\u00a0\u00bbcenter\u00a0\u00bb button_block=\u00a0\u00bbtrue\u00a0\u00bb link=\u00a0\u00bburl:https%3A%2F%2Fkitesurflasterrenas.com%2Ffr%2Fcours-kitesurfing-las-terrenas%2F\u00a0\u00bb css=\u00a0\u00bb.vc_custom_1639242191006{margin-top: 50px !important;}\u00a0\u00bb][\/vc_column][vc_column width=\u00a0\u00bb1\/4&Prime;][vc_single_image image=\u00a0\u00bb4166&Prime; img_size=\u00a0\u00bb300&#215;200&Prime; alignment=\u00a0\u00bbcenter\u00a0\u00bb title=\u00a0\u00bbLocation\u00a0\u00bb][vc_column_text]<\/p>\n<p style=\"text-align: center;\"><em>DUOTONE &amp; ION<\/em><\/p>\n<div class=\"QmZWSe\">\n<div class=\"DHcWmd\" style=\"text-align: center;\"><span lang=\"fr\">Nous offrons \u00e0 la location des \u00e9quipements de kitesurf Duotone et Ion, marques de renomm\u00e9e mondiale et leaders sur le march\u00e9. Parfait pour ceux qui ont d\u00e9j\u00e0 un bon niveau et qui veulent faire du kitesurf seuls.<\/span><\/div>\n<\/div>\n<p>[\/vc_column_text][vc_btn title=\u00a0\u00bbTarifs\u00a0\u00bb style=\u00a0\u00bbflat\u00a0\u00bb shape=\u00a0\u00bbround\u00a0\u00bb color=\u00a0\u00bbwarning\u00a0\u00bb align=\u00a0\u00bbcenter\u00a0\u00bb button_block=\u00a0\u00bbtrue\u00a0\u00bb link=\u00a0\u00bburl:https%3A%2F%2Fkitesurflasterrenas.com%2Ffr%2Ftarifs%2F\u00a0\u00bb css=\u00a0\u00bb.vc_custom_1639242197909{margin-top: 50px !important;}\u00a0\u00bb][\/vc_column][vc_column width=\u00a0\u00bb1\/4&Prime;][vc_single_image image=\u00a0\u00bb4157&Prime; img_size=\u00a0\u00bb300&#215;200&Prime; alignment=\u00a0\u00bbcenter\u00a0\u00bb title=\u00a0\u00bbH\u00f4tels\u00a0\u00bb][vc_column_text]<\/p>\n<p style=\"text-align: center;\"><em>H\u00f4tels, resort ou villa priv\u00e9e, proche des plages de kite<\/em><\/p>\n<p style=\"text-align: center;\"><span lang=\"fr\">D\u00e9couvrez notre s\u00e9lection des meilleurs h\u00e9bergements \u00e0 Las Terrenas, pour tous les budgets et \u00e0 proximit\u00e9 des meilleures plages de kitesurf.<\/span><\/p>\n<p>[\/vc_column_text][vc_btn title=\u00a0\u00bbEn savoir plus\u00a0\u00bb style=\u00a0\u00bbflat\u00a0\u00bb shape=\u00a0\u00bbround\u00a0\u00bb color=\u00a0\u00bbwarning\u00a0\u00bb align=\u00a0\u00bbcenter\u00a0\u00bb button_block=\u00a0\u00bbtrue\u00a0\u00bb link=\u00a0\u00bburl:https%3A%2F%2Fkitesurflasterrenas.com%2Ffr%2Fhebergement-las-terrenas%2F\u00a0\u00bb css=\u00a0\u00bb.vc_custom_1639242204204{margin-top: 50px !important;}\u00a0\u00bb][\/vc_column][vc_column width=\u00a0\u00bb1\/4&Prime;][vc_single_image image=\u00a0\u00bb4182&Prime; img_size=\u00a0\u00bb300&#215;200&Prime; alignment=\u00a0\u00bbcenter\u00a0\u00bb title=\u00a0\u00bbExcursions\u00a0\u00bb][vc_column_text]<\/p>\n<p style=\"text-align: center;\"><em>Excursions d&rsquo;une demi-journ\u00e9e autour de Las Terrenas<\/em><\/p>\n<p style=\"text-align: center;\">D\u00e9couvrez la p\u00e9ninsule de Samana avec nos excursions matinales: explorer la jungle, les plages paradisiaques, et les richesses culturelles de la r\u00e9gion &#8230;<\/p>\n<p>[\/vc_column_text][vc_btn title=\u00a0\u00bbD\u00e9couvrir\u00a0\u00bb style=\u00a0\u00bbflat\u00a0\u00bb shape=\u00a0\u00bbround\u00a0\u00bb color=\u00a0\u00bbwarning\u00a0\u00bb align=\u00a0\u00bbcenter\u00a0\u00bb button_block=\u00a0\u00bbtrue\u00a0\u00bb link=\u00a0\u00bburl:https%3A%2F%2Fkitesurflasterrenas.com%2Ffr%2Fexcursions-tours-republique-dominicaine%2F\u00a0\u00bb css=\u00a0\u00bb.vc_custom_1639242211382{margin-top: 50px !important;}\u00a0\u00bb][\/vc_column][\/vc_row][vc_row][vc_column width=\u00a0\u00bb2\/3&Prime; css=\u00a0\u00bb.vc_custom_1639238213232{padding-left: 50px !important;}\u00a0\u00bb][vc_empty_space height=\u00a0\u00bb15px\u00a0\u00bb][vc_column_text css_animation=\u00a0\u00bbnone\u00a0\u00bb]<\/p>\n<h3 class=\"styled-subtitle\">KITESURF \u00c0 LAS TERRENAS:<\/h3>\n<p>[\/vc_column_text][vc_column_text css_animation=\u00a0\u00bbbottom-to-top\u00a0\u00bb]<\/p>\n<ul>\n<li>Eau plate, lagon peu profond, parfait pour tous niveaux;<\/li>\n<li>Devant le complexe h\u00f4telier tout compris, <a href=\"https:\/\/kitesurflasterrenas.com\/fr\/hebergement-las-terrenas\/\">Gran Bahia Principe El Portillo;<\/a><\/li>\n<li>Aliz\u00e9 constant et eau chaude <a href=\"https:\/\/kitesurflasterrenas.com\/fr\/previsions-vent-vague-republique-dominicaine\/\" target=\"_blank\" rel=\"noopener\">toute l&rsquo;ann\u00e9e<\/a>;<\/li>\n<li>Endroit peu connu donc peu fr\u00e9quent\u00e9;<\/li>\n<li>Possibilit\u00e9 de faire des <a href=\"https:\/\/kitesurflasterrenas.com\/fr\/excursions-tours-republique-dominicaine\/\" target=\"_blank\" rel=\"noopener\">excursions<\/a> pour les personnes qui ne font pas de kite ou si le vent n&rsquo;est pas au rendez-vous;<\/li>\n<li>Pas d&rsquo;algues, contrairement \u00e0 beaucoup d&rsquo;endroits dans les Cara\u00efbes;<\/li>\n<li>A 2 heure de route de Cabarete, la plage de kitesurf la plus connue de la R\u00e9publique Dominicaine.<\/li>\n<\/ul>\n<p>[\/vc_column_text][vc_btn title=\u00a0\u00bbEn savoir plus sur notre \u00e9cole de Kitesurf \u00e0 Las Terrenas\u00a0\u00bb color=\u00a0\u00bbinfo\u00a0\u00bb align=\u00a0\u00bbcenter\u00a0\u00bb link=\u00a0\u00bburl:https%3A%2F%2Fkitesurflasterrenas.com%2Ffr%2Fkiteworld-ecole-de-kitesurf-a-las-terrenas%2F|title:About%20us|\u00a0\u00bb][\/vc_column][vc_column width=\u00a0\u00bb1\/3&Prime;][vc_empty_space height=\u00a0\u00bb15px\u00a0\u00bb][vc_single_image image=\u00a0\u00bb5291&Prime; img_size=\u00a0\u00bbfull\u00a0\u00bb][\/vc_column][\/vc_row][vc_row][vc_column][vc_column_text]<\/p>\n<h3 style=\"text-align: center;\"><strong>AVIS 5 \u00c9TOILES SUR TRIP ADVISOR<\/strong><\/h3>\n<p>[\/vc_column_text][vc_column_text][trustindex no-registration=tripadvisor][\/vc_column_text][\/vc_column][\/vc_row][vc_row][vc_column width=\u00a0\u00bb1\/4&Prime;][vc_column_text css_animation=\u00a0\u00bbnone\u00a0\u00bb]<\/p>\n<h3 style=\"text-align: center;\">D\u00c9COUVREZ NOS CROISI\u00c8RES KITESURF<\/h3>\n<h4 style=\"text-align: center;\"><em>Pour la premi\u00e8re fois en R\u00e9publique Dominicaine!<\/em><\/h4>\n<p style=\"text-align: center;\">Pour des vacances inoubliables, rejoignez nous au paradis et passez une semaine sur notre catamaran. Nous vous emm\u00e8nerons \u00e0 la d\u00e9couverte des meilleurs spots de kitesurf du pays pour une exp\u00e9rience hors du commun.<\/p>\n<p>[\/vc_column_text][vc_empty_space height=\u00a0\u00bb15px\u00a0\u00bb][vc_btn title=\u00a0\u00bbEn savoir plus\u00a0\u00bb style=\u00a0\u00bbflat\u00a0\u00bb shape=\u00a0\u00bbround\u00a0\u00bb color=\u00a0\u00bbwarning\u00a0\u00bb align=\u00a0\u00bbcenter\u00a0\u00bb button_block=\u00a0\u00bbtrue\u00a0\u00bb link=\u00a0\u00bburl:https%3A%2F%2Fkitesurflasterrenas.com%2Ffr%2Fcroisiere-kitesurf-republique-dominicaine%2F|title:Croisi%C3%A8re%20Kitesurf\u00a0\u00bb css=\u00a0\u00bb.vc_custom_1639243315010{margin-top: 50px !important;}\u00a0\u00bb][\/vc_column][vc_column width=\u00a0\u00bb3\/4&Prime;][vc_single_image image=\u00a0\u00bb4652&Prime; img_size=\u00a0\u00bbfull\u00a0\u00bb alignment=\u00a0\u00bbcenter\u00a0\u00bb][\/vc_column][\/vc_row][vc_row][vc_column][vc_row_inner][vc_column_inner][vc_text_separator title=\u00a0\u00bbPartenaires de Kiteworld\u00a0\u00bb][\/vc_column_inner][\/vc_row_inner][vc_row_inner equal_height=\u00a0\u00bbyes\u00a0\u00bb content_placement=\u00a0\u00bbmiddle\u00a0\u00bb][vc_column_inner width=\u00a0\u00bb1\/3&Prime;][vc_single_image image=\u00a0\u00bb5982&Prime; alignment=\u00a0\u00bbcenter\u00a0\u00bb onclick=\u00a0\u00bbcustom_link\u00a0\u00bb link=\u00a0\u00bbhttp:\/\/www.flysurf.com\/\u00a0\u00bb][\/vc_column_inner][vc_column_inner width=\u00a0\u00bb1\/3&Prime;][vc_single_image image=\u00a0\u00bb4174&Prime; alignment=\u00a0\u00bbcenter\u00a0\u00bb onclick=\u00a0\u00bbcustom_link\u00a0\u00bb link=\u00a0\u00bb\/http:\/\/www.onelaunchkiteboarding.com\/\u00a0\u00bb][\/vc_column_inner][vc_column_inner width=\u00a0\u00bb1\/3&Prime;][vc_single_image image=\u00a0\u00bb5986&Prime; alignment=\u00a0\u00bbcenter\u00a0\u00bb onclick=\u00a0\u00bbcustom_link\u00a0\u00bb link=\u00a0\u00bbhttps:\/\/www.duotonesports.com\/\u00a0\u00bb][\/vc_column_inner][\/vc_row_inner][\/vc_column][\/vc_row]<\/p>\n","protected":false},"excerpt":{"rendered":"<p>[vc_row css=\u00a0\u00bb.vc_custom_1639404867127{margin-right: 10px !important;margin-left: 10px !important;}\u00a0\u00bb][vc_column][vc_row_inner content_placement=\u00a0\u00bbmiddle\u00a0\u00bb][vc_column_inner][vc_empty_space][vc_column_text] KITE WORLD &#8211; \u00c9COLE DE KITESURFING EN R\u00c9PUBLIQUE DOMINICAINE Bienvenue dans notre \u00e9cole de kitesurfing \u00e0 Las Terrenas,\u00a0un petit coin de paradis dans le nord de la R\u00e9publique Dominicaine, o\u00f9 vous pourrez vous d\u00e9tendre et d\u00e9couvrir la nature avoisinante. Rejoignez-nous pour &#8230; <a title=\"\u00c9cole de Kitesurf \u00e0 Las Terrenas, Samana, R\u00e9publique Dominicaine\" class=\"read-more\" href=\"https:\/\/kitesurflasterrenas.com\/fr\/ecole-de-kitesurf-a-las-terrenas-samana-republique-dominicaine\/\" aria-label=\"More on \u00c9cole de Kitesurf \u00e0 Las Terrenas, Samana, R\u00e9publique Dominicaine\">Lire plus<\/a><\/p>\n","protected":false},"author":2,"featured_media":5255,"parent":0,"menu_order":0,"comment_status":"closed","ping_status":"closed","template":"","meta":{"_joinchat":[],"footnotes":""},"class_list":{"0":"post-4193","1":"page","2":"type-page","3":"status-publish","4":"has-post-thumbnail","6":"resize-featured-image"},"_links":{"self":[{"href":"https:\/\/kitesurflasterrenas.com\/fr\/wp-json\/wp\/v2\/pages\/4193","targetHints":{"allow":["GET"]}}],"collection":[{"href":"https:\/\/kitesurflasterrenas.com\/fr\/wp-json\/wp\/v2\/pages"}],"about":[{"href":"https:\/\/kitesurflasterrenas.com\/fr\/wp-json\/wp\/v2\/types\/page"}],"author":[{"embeddable":true,"href":"https:\/\/kitesurflasterrenas.com\/fr\/wp-json\/wp\/v2\/users\/2"}],"replies":[{"embeddable":true,"href":"https:\/\/kitesurflasterrenas.com\/fr\/wp-json\/wp\/v2\/comments?post=4193"}],"version-history":[{"count":112,"href":"https:\/\/kitesurflasterrenas.com\/fr\/wp-json\/wp\/v2\/pages\/4193\/revisions"}],"predecessor-version":[{"id":5997,"href":"https:\/\/kitesurflasterrenas.com\/fr\/wp-json\/wp\/v2\/pages\/4193\/revisions\/5997"}],"wp:featuredmedia":[{"embeddable":true,"href":"https:\/\/kitesurflasterrenas.com\/fr\/wp-json\/wp\/v2\/media\/5255"}],"wp:attachment":[{"href":"https:\/\/kitesurflasterrenas.com\/fr\/wp-json\/wp\/v2\/media?parent=4193"}],"curies":[{"name":"wp","href":"https:\/\/api.w.org\/{rel}","templated":true}]}}