{"id":4992,"date":"2021-03-26T17:16:37","date_gmt":"2021-03-26T21:16:37","guid":{"rendered":"https:\/\/kitesurflasterrenas.com\/tirolina-tour-samana\/"},"modified":"2021-03-26T17:17:03","modified_gmt":"2021-03-26T21:17:03","slug":"tirolina-tour-samana","status":"publish","type":"page","link":"https:\/\/kitesurflasterrenas.com\/es\/tirolina-tour-samana\/","title":{"rendered":"Aventura en tirolina &#8211; Tour desde Las Terrenas"},"content":{"rendered":"\n<p>Descubra las maravillas de la pen\u00ednsula de Saman\u00e1 a 350 pies de altura, en tirolesa a trav\u00e9s de la exuberante jungla dominicana. En cada curva, admira vistas panor\u00e1micas de toda la bah\u00eda y haz subir tu adrenalina con este tour \u00e9pico.<\/p>\n\n<h2 class=\"wp-block-heading\"><strong>Tirolesa en Saman\u00e1: \u00a1m\u00e1xima adrenalina!<\/strong><\/h2>\n\n<p>Hacer tirolesa es siempre muy divertido, pero hay algo m\u00e1gico en hacer tirolesa sobre la exuberante jungla de Saman\u00e1. Es uno de los paseos m\u00e1s emocionantes, elev\u00e1ndote hacia el dosel y haciendo tirolesa a 350 pies en el aire. Hay 12 l\u00edneas en total, algunas de ellas tienen m\u00e1s de 1,000 pies, y volar\u00e1 a alrededor de 60 km\/hora, mientras salta de la cima de una monta\u00f1a a la siguiente con m\u00e1s de 7,400 pies de l\u00ednea en total, \u00a1la m\u00e1s larga del Caribe!<\/p>\n\n<p>En el camino, podr\u00e1s tener una vista de toda la pen\u00ednsula, de costa a costa, y en d\u00edas despejados incluso podr\u00e1s ver el <a href=\"https:\/\/kitesurflasterrenas.com\/es\/excursion-parque-nacional-los-haitises\/\" target=\"_blank\" rel=\"noopener\">Parque Nacional Los Haitises<\/a> y sus formaciones rocosas desde lejos.<\/p>\n\n<h2 class=\"wp-block-heading\"><strong>Zipline en Saman\u00e1 &#8211; Seguridad<\/strong><\/h2>\n\n<p>La tirolesa a la que te llevaremos utiliza el \u00faltimo equipo de seguridad para garantizar un recorrido sin problemas. Gracias al<strong> sistema de frenado autom\u00e1tico<\/strong>, disfrutar\u00e1s de una experiencia totalmente \u00abmanos libres\u00bb durante este viaje incre\u00edble y no tendr\u00e1s que preocuparte con frenar manualmente demasiado pronto o demasiado tarde. Con un sistema de frenado manual, siempre corre el riesgo de quedarte atascado a mitad de camino o golpear el poste al final de la l\u00ednea. Aqu\u00ed, los frenos se activan autom\u00e1ticamente y comienzan a ralentizarte progresivamente a medida que te acercas a la siguiente plataforma.<\/p>\n\n<p>Usan un sistema de tirolesa de tres cables para una seguridad m\u00e1xima, y las l\u00edneas han sido clasificadas para hasta 26,000 libras. Te lo sujetar\u00e1 con un arn\u00e9s doble que tiene dos levas que corren a lo largo de 2 de los cables por encima de la cabeza.<\/p>\n\n<p>Si no te sientas c\u00f3modo yendo solo o para ni\u00f1os m\u00e1s peque\u00f1os, existe la posibilidad de hacer el recorrido con un instructor.<\/p>\n\n<p>Este extraordinario recorrido es perfecto para toda la familia y amigos y ser\u00e1 el tema de su cena durante los pr\u00f3ximos meses despu\u00e9s de su tiempo con nosotros.<\/p>\n\n<h2 class=\"wp-block-heading\"><strong>Excursi\u00f3n de tirolesa desde Las Terrenas<\/strong><\/h2>\n\n<p>Te recogeremos en tu hotel o villa en Las Terrenas, luego es un viaje de 60 minutos hasta la tirolesa. Una vez que lleguemos, el personal le informar\u00e1 sobre las medidas de seguridad y te equipar\u00e1s. El recorrido en tirolesa dura aproximadamente 1 hora, dependiendo de cu\u00e1ntas personas hay en su grupo.<\/p>\n\n<p>Nuestros tours son privados para brindar una mejor atenci\u00f3n a nuestros hu\u00e9spedes y para que puedes disfrutar de la privacidad y estar con tu familia y amigos sin otros turistas.<\/p>\n\n<p>Una vez que hayamos terminado el recorrido de tirolesa, nos dirigiremos a la cercana cascada de Lulu, para refrescarnos de un viaje caluroso y terminar el d\u00eda con un refrescante chapuz\u00f3n en la cascada. All\u00ed podr\u00e1s nadar, saltar de las rocas o incluso recibir un hidromasaje natural mientras disfruta de la belleza natural de nuestro pa\u00eds. \u00a1Ven y vivas una aventura \u00fanica con nosotros!<\/p>\n\n<p>Te recomendamos traer zapatos para caminar, un traje de ba\u00f1o, tu toalla, bloqueador solar, lentes de sol, una c\u00e1mara y repelente de mosquitos. No olvida llevar tambi\u00e9n algunos bocadillos y agua.<\/p>\n\n<p>Para reservar nuestro recorrido en Tirolesa desde Las Terrenas u obtener m\u00e1s detalles sobre la excursi\u00f3n, no duda en contactarnos por <a href=\"https:\/\/api.whatsapp.com\/send?phone=+1%20(809)%20769-4978\" target=\"_blank\" rel=\"noopener\">WhatsApp<\/a> o mediante del <a href=\"https:\/\/kitesurflasterrenas.com\/es\/contacto\/\">formulario de contacto<\/a>.<\/p>\n\n<p><\/p>\n","protected":false},"excerpt":{"rendered":"<p>Descubra las maravillas de la pen\u00ednsula de Saman\u00e1 a 350 pies de altura, en tirolesa a trav\u00e9s de la exuberante jungla dominicana. En cada curva, admira vistas panor\u00e1micas de toda la bah\u00eda y haz subir tu adrenalina con este tour \u00e9pico. Tirolesa en Saman\u00e1: \u00a1m\u00e1xima adrenalina! Hacer tirolesa &#8230; <a title=\"Aventura en tirolina &#8211; Tour desde Las Terrenas\" class=\"read-more\" href=\"https:\/\/kitesurflasterrenas.com\/es\/tirolina-tour-samana\/\" aria-label=\"M\u00e1s en Aventura en tirolina &#8211; Tour desde Las Terrenas\">Leer m\u00e1s<\/a><\/p>\n","protected":false},"author":2,"featured_media":4990,"parent":0,"menu_order":0,"comment_status":"closed","ping_status":"closed","template":"","meta":{"_joinchat":[],"footnotes":""},"class_list":{"0":"post-4992","1":"page","2":"type-page","3":"status-publish","4":"has-post-thumbnail","6":"resize-featured-image"},"_links":{"self":[{"href":"https:\/\/kitesurflasterrenas.com\/es\/wp-json\/wp\/v2\/pages\/4992","targetHints":{"allow":["GET"]}}],"collection":[{"href":"https:\/\/kitesurflasterrenas.com\/es\/wp-json\/wp\/v2\/pages"}],"about":[{"href":"https:\/\/kitesurflasterrenas.com\/es\/wp-json\/wp\/v2\/types\/page"}],"author":[{"embeddable":true,"href":"https:\/\/kitesurflasterrenas.com\/es\/wp-json\/wp\/v2\/users\/2"}],"replies":[{"embeddable":true,"href":"https:\/\/kitesurflasterrenas.com\/es\/wp-json\/wp\/v2\/comments?post=4992"}],"version-history":[{"count":3,"href":"https:\/\/kitesurflasterrenas.com\/es\/wp-json\/wp\/v2\/pages\/4992\/revisions"}],"predecessor-version":[{"id":4995,"href":"https:\/\/kitesurflasterrenas.com\/es\/wp-json\/wp\/v2\/pages\/4992\/revisions\/4995"}],"wp:featuredmedia":[{"embeddable":true,"href":"https:\/\/kitesurflasterrenas.com\/es\/wp-json\/wp\/v2\/media\/4990"}],"wp:attachment":[{"href":"https:\/\/kitesurflasterrenas.com\/es\/wp-json\/wp\/v2\/media?parent=4992"}],"curies":[{"name":"wp","href":"https:\/\/api.w.org\/{rel}","templated":true}]}}