{"id":4970,"date":"2021-03-26T14:32:27","date_gmt":"2021-03-26T18:32:27","guid":{"rendered":"https:\/\/kitesurflasterrenas.com\/excursion-parque-nacional-los-haitises\/"},"modified":"2021-03-26T14:32:27","modified_gmt":"2021-03-26T18:32:27","slug":"excursion-parque-nacional-los-haitises","status":"publish","type":"page","link":"https:\/\/kitesurflasterrenas.com\/es\/excursion-parque-nacional-los-haitises\/","title":{"rendered":"Excursion al Parque Nacional Los Haitises"},"content":{"rendered":"\n<p>Descubra el impresionante Parque Nacional Los Haitises, la combinaci\u00f3n perfecta de naturaleza, aventura e historia. Al atravesar manglares y junglas para acceder a cuevas remotas, te sentir\u00e1s como Indiana Jones en una adventura. Contempla la naturaleza y explora los intrincados sistemas de cuevas donde sol\u00edan vivir los ta\u00ednos hace milenios.<\/p>\n\n<h2 class=\"wp-block-heading\">Cuevas Ta\u00ednas en el Parque Nacional Los Haitises<\/h2>\n\n<p>No hay muchos lugares en el mundo donde se puedan ver pictogramas de la \u00e9poca prehist\u00f3rica, y Los Haitises es uno de ellos. Hay varias cuevas que est\u00e1n abiertas a los visitantes donde encontrar\u00e1s pictograf\u00edas y petroglifos, algunos anteriores a la cultura ta\u00edna, los arque\u00f3logos a\u00fan no est\u00e1n seguros de qui\u00e9n los dibuj\u00f3 exactamente. En algunas de las cavernas se han encontrado artefactos que datan de la \u00e9poca precer\u00e1mica.<\/p>\n\n<p>Dentro del parque se han encontrado rastros de varias culturas, algunas a\u00fan desconocidas. Se estima que la gente ha estado habitando las cavernas durante un per\u00edodo de 3.000 a\u00f1os. Todav\u00eda hay muchas cuevas que a\u00fan no han sido excavadas, ya que son casi imposibles de alcanzar.<\/p>\n\n<p>Las que puedes visitar est\u00e1n ubicadas cerca de la costa, pero m\u00e1s adentro del parque encontrar\u00e1s m\u00e1s. Pintado en las paredes, podr\u00e1s identificar animales, personas y deidades, es incre\u00edble lo bien que se han conservado a lo largo del tiempo. Los dibujos son del mismo estilo que los que encontrar\u00e1s en otras cuevas de la Rep\u00fablica Dominicana. Hasta ahora, se han encontrado m\u00e1s de 1000 pinturas dentro del parque.<\/p>\n\n<p>Otra caracter\u00edstica \u00fanica de Los Haitises son los petroglifos que se encuentran en algunas de las cuevas. En su mayor\u00eda representan figuras humanas talladas en la roca, algunas con detalles intrincados. Los artistas utilizaron las formas de las rocas en las que estaban tallando para crear un efecto especial.<\/p>\n\n<p>En algunos lugares, tanto adentro como afuera de las cuevas, tambi\u00e9n hay un par de bajorrelieves bien conservados, tallados en la roca. Hasta el momento, se han encontrado cinco dentro del \u00e1rea protegida.<\/p>\n\n<figure class=\"wp-block-image size-large\"><img fetchpriority=\"high\" decoding=\"async\" width=\"1000\" height=\"617\" src=\"https:\/\/kitesurflasterrenas.com\/wp-content\/uploads\/2021\/03\/Beach-in-Los-Haitises-National-Park.jpg\" alt=\"Playa en Los Haitises\" class=\"wp-image-4961\" srcset=\"https:\/\/kitesurflasterrenas.com\/wp-content\/uploads\/2021\/03\/Beach-in-Los-Haitises-National-Park.jpg 1000w, https:\/\/kitesurflasterrenas.com\/wp-content\/uploads\/2021\/03\/Beach-in-Los-Haitises-National-Park-300x185.jpg 300w, https:\/\/kitesurflasterrenas.com\/wp-content\/uploads\/2021\/03\/Beach-in-Los-Haitises-National-Park-768x474.jpg 768w\" sizes=\"(max-width: 1000px) 100vw, 1000px\" \/><\/figure>\n<h2 class=\"wp-block-heading\">Fauna y flora en el Parque Nacional Los Haitises<\/h2>\n\n<p>En el idioma ta\u00edno, Los Haitises significa terreno alto o monte, este ecosistema \u00fanico se extiende por m\u00e1s de 2,000 millas de bosques tropicales v\u00edrgenes, manglares y playas solitarias entretejidas en la costa donde encontrar\u00e1s espectaculares formaciones rocosas, talladas por siglos de erosi\u00f3n y lluvia.<\/p>\n\n<p>El Parque Nacional Los Haitises alberga m\u00e1s de 230 especies de aves, incluida el raro halc\u00f3n negro. Muchas de las aves que puedes ver en Los Haitises son end\u00e9micas de Rep\u00fablica Dominicana, algunas solo se pueden encontrar dentro del \u00e1rea protegida.<\/p>\n\n<p>En el \u00e1rea marina hay muchos arrecifes de coral bien conservados y sus aguas son el h\u00e1bitat de innumerables especies de peces, crust\u00e1ceos y moluscos. Los mam\u00edferos marinos como ballenas, delfines y manat\u00edes son comunes en las aguas del parque.<\/p>\n\n<p>Los Haitises tiene la mayor diversidad de vida silvestre del pa\u00eds y es bastante com\u00fan observar aves raras. Su gu\u00eda estar\u00e1 all\u00ed para buscar p\u00e1jaros a trav\u00e9s de los arbustos, si tiene binoculares, tr\u00e1igalos.<\/p>\n\n<figure class=\"wp-block-image size-large\"><img decoding=\"async\" width=\"1000\" height=\"750\" src=\"https:\/\/kitesurflasterrenas.com\/wp-content\/uploads\/2021\/03\/Cave-in-Los-Haitises-National-Park.jpg\" alt=\"Cueva en el Parque Nacional Los Haitises\" class=\"wp-image-4964\" srcset=\"https:\/\/kitesurflasterrenas.com\/wp-content\/uploads\/2021\/03\/Cave-in-Los-Haitises-National-Park.jpg 1000w, https:\/\/kitesurflasterrenas.com\/wp-content\/uploads\/2021\/03\/Cave-in-Los-Haitises-National-Park-300x225.jpg 300w, https:\/\/kitesurflasterrenas.com\/wp-content\/uploads\/2021\/03\/Cave-in-Los-Haitises-National-Park-768x576.jpg 768w\" sizes=\"(max-width: 1000px) 100vw, 1000px\" \/><\/figure>\n<h2 class=\"wp-block-heading\">Tours y excursiones al Parque Nacional Los Haitises<\/h2>\n\n<p>El recorrido comienza temprano en la ma\u00f1ana, pasaremos a buscarte atsu hotel o villa en Las Terrenas, desde all\u00ed nos dirigiremos a un muelle de pescadores local en la Bah\u00eda de Saman\u00e1. Luego cruzaremos la bah\u00eda hasta el parque.<\/p>\n\n<p>Una vez en el parque, exploraremos los manglares desde el bote, viendo algunas formaciones rocosas k\u00e1rsticas espectaculares y playas salvajes en el camino. Nos detendremos para un almuerzo r\u00e1pido y luego nos dirigiremos a las cuevas, caminando a trav\u00e9s de una exuberante selva. Intentaremos avistar p\u00e1jaros en el camino y plantas locales. El gu\u00eda te contar\u00e1 todo sobre el parque, su historia y su fauna y flora.<\/p>\n\n<p>Visitaremos varias cuevas donde podr\u00e1s ver los murales y pictogramas.<\/p>\n\n<p>Nuestros gu\u00edas son lugare\u00f1os que han pasado su vida explorando el Parque Nacional Los Haitises y sus alrededores. No encontrar\u00e1s una mejor fuente de conocimiento. Se dedican a proteger el parque y compartir sus maravillas con los turistas.<\/p>\n\n<p>KiteWorld trata de desarrollar el ecoturismo en la Rep\u00fablica Dominicana y trabaja en estrecha colaboraci\u00f3n con las comunidades locales para preservar la fauna y la flora locales y generar una fuente de ganancias que beneficiar\u00e1 a los lugare\u00f1os.<\/p>\n\n<p>Aseg\u00farate de empacar bloqueador solar, repelente de mosquitos, tu traje de ba\u00f1o (t\u00e9ngalo puesto), una toalla, bocadillos y agua para el viaje.<\/p>\n\n<p>Para reservar tu tour al Parque Nacional Los Haitises desde Las Terrenas u obtener m\u00e1s detalles, no duda en contactarnos por <a href=\"https:\/\/api.whatsapp.com\/send?phone=+1%20(809)%20769-4978\" target=\"_blank\" rel=\"noopener\">WhatsApp<\/a> o mediante del <a href=\"https:\/\/kitesurflasterrenas.com\/es\/contacto\/\">formulario de contacto<\/a>.<\/p>\n","protected":false},"excerpt":{"rendered":"<p>Descubra el impresionante Parque Nacional Los Haitises, la combinaci\u00f3n perfecta de naturaleza, aventura e historia. Al atravesar manglares y junglas para acceder a cuevas remotas, te sentir\u00e1s como Indiana Jones en una adventura. Contempla la naturaleza y explora los intrincados sistemas de cuevas donde sol\u00edan vivir los ta\u00ednos &#8230; <a title=\"Excursion al Parque Nacional Los Haitises\" class=\"read-more\" href=\"https:\/\/kitesurflasterrenas.com\/es\/excursion-parque-nacional-los-haitises\/\" aria-label=\"M\u00e1s en Excursion al Parque Nacional Los Haitises\">Leer m\u00e1s<\/a><\/p>\n","protected":false},"author":2,"featured_media":4704,"parent":0,"menu_order":0,"comment_status":"closed","ping_status":"closed","template":"","meta":{"_joinchat":[],"footnotes":""},"class_list":{"0":"post-4970","1":"page","2":"type-page","3":"status-publish","4":"has-post-thumbnail","6":"resize-featured-image"},"_links":{"self":[{"href":"https:\/\/kitesurflasterrenas.com\/es\/wp-json\/wp\/v2\/pages\/4970","targetHints":{"allow":["GET"]}}],"collection":[{"href":"https:\/\/kitesurflasterrenas.com\/es\/wp-json\/wp\/v2\/pages"}],"about":[{"href":"https:\/\/kitesurflasterrenas.com\/es\/wp-json\/wp\/v2\/types\/page"}],"author":[{"embeddable":true,"href":"https:\/\/kitesurflasterrenas.com\/es\/wp-json\/wp\/v2\/users\/2"}],"replies":[{"embeddable":true,"href":"https:\/\/kitesurflasterrenas.com\/es\/wp-json\/wp\/v2\/comments?post=4970"}],"version-history":[{"count":1,"href":"https:\/\/kitesurflasterrenas.com\/es\/wp-json\/wp\/v2\/pages\/4970\/revisions"}],"predecessor-version":[{"id":4971,"href":"https:\/\/kitesurflasterrenas.com\/es\/wp-json\/wp\/v2\/pages\/4970\/revisions\/4971"}],"wp:featuredmedia":[{"embeddable":true,"href":"https:\/\/kitesurflasterrenas.com\/es\/wp-json\/wp\/v2\/media\/4704"}],"wp:attachment":[{"href":"https:\/\/kitesurflasterrenas.com\/es\/wp-json\/wp\/v2\/media?parent=4970"}],"curies":[{"name":"wp","href":"https:\/\/api.w.org\/{rel}","templated":true}]}}