{"id":4942,"date":"2021-03-26T09:31:56","date_gmt":"2021-03-26T13:31:56","guid":{"rendered":"https:\/\/kitesurflasterrenas.com\/excursion-caballo-las-terrenas\/"},"modified":"2021-03-26T09:31:56","modified_gmt":"2021-03-26T13:31:56","slug":"excursion-caballo-las-terrenas","status":"publish","type":"page","link":"https:\/\/kitesurflasterrenas.com\/es\/excursion-caballo-las-terrenas\/","title":{"rendered":"Excursi\u00f3n a caballo en Las Terrenas"},"content":{"rendered":"\n<p>Desde un paseo rom\u00e1ntico en la playa al atardecer hasta explorar la jungla con amigos y familiares, te llevaremos a trav\u00e9s de algunos de los lugares m\u00e1s hermosos alrededor de Las Terrenas en este tour a caballo.<\/p>\n\n<p>\u00bfQui\u00e9n no sue\u00f1a con montar a caballo en una playa salvaje o con descubrir la exuberante jungla de Saman\u00e1 a trav\u00e9s de senderos secretos que solo unos pocos lugare\u00f1os conocen? En esta excursi\u00f3n, explorar\u00e1s y ver\u00e1s algunos de los lugares m\u00e1s hermosos cerca de Las Terrenas. Es un recorrido perfecto para las personas a las que les gustan los caballos y la naturaleza y desean visitar algunos lugares remotos de la Rep\u00fablica Dominicana durante sus vacaciones.<\/p>\n\n<p>Tanto si eres principiante como si estas acostumbrado a montar a cabello, adaptaremos la excursi\u00f3n a cualquier nivel y crearemos un itinerario en funci\u00f3n de lo que quieras ver y del tiempo del que dispongas. Nuestros dos objetivos son respetar a nuestros animales y ofrecerte una experiencia inolvidable.<\/p>\n\n<p>Aseg\u00farate de traer tu traje de ba\u00f1o (tenerlo puesto), una toalla, bloqueador solar y ropa de lluvia. Tambi\u00e9n puedes llevar algunos bocadillos y agua.<\/p>\n\n<p>Para reservar nuestro paseo a caballo en Las Terrenas u obtener m\u00e1s detalles, no dude en contactarnos por <a href=\"https:\/\/api.whatsapp.com\/send?phone=+1%20(809)%20769-4978\" target=\"_blank\" rel=\"noopener\">WhatsApp<\/a> o a trav\u00e9s de nuestro formulario de <a href=\"https:\/\/kitesurflasterrenas.com\/es\/contacto\/\">contacto<\/a>.<\/p>\n","protected":false},"excerpt":{"rendered":"<p>Desde un paseo rom\u00e1ntico en la playa al atardecer hasta explorar la jungla con amigos y familiares, te llevaremos a trav\u00e9s de algunos de los lugares m\u00e1s hermosos alrededor de Las Terrenas en este tour a caballo. \u00bfQui\u00e9n no sue\u00f1a con montar a caballo en una playa salvaje &#8230; <a title=\"Excursi\u00f3n a caballo en Las Terrenas\" class=\"read-more\" href=\"https:\/\/kitesurflasterrenas.com\/es\/excursion-caballo-las-terrenas\/\" aria-label=\"M\u00e1s en Excursi\u00f3n a caballo en Las Terrenas\">Leer m\u00e1s<\/a><\/p>\n","protected":false},"author":2,"featured_media":4915,"parent":0,"menu_order":0,"comment_status":"closed","ping_status":"closed","template":"","meta":{"_joinchat":[],"footnotes":""},"class_list":{"0":"post-4942","1":"page","2":"type-page","3":"status-publish","4":"has-post-thumbnail","6":"resize-featured-image"},"_links":{"self":[{"href":"https:\/\/kitesurflasterrenas.com\/es\/wp-json\/wp\/v2\/pages\/4942","targetHints":{"allow":["GET"]}}],"collection":[{"href":"https:\/\/kitesurflasterrenas.com\/es\/wp-json\/wp\/v2\/pages"}],"about":[{"href":"https:\/\/kitesurflasterrenas.com\/es\/wp-json\/wp\/v2\/types\/page"}],"author":[{"embeddable":true,"href":"https:\/\/kitesurflasterrenas.com\/es\/wp-json\/wp\/v2\/users\/2"}],"replies":[{"embeddable":true,"href":"https:\/\/kitesurflasterrenas.com\/es\/wp-json\/wp\/v2\/comments?post=4942"}],"version-history":[{"count":1,"href":"https:\/\/kitesurflasterrenas.com\/es\/wp-json\/wp\/v2\/pages\/4942\/revisions"}],"predecessor-version":[{"id":4943,"href":"https:\/\/kitesurflasterrenas.com\/es\/wp-json\/wp\/v2\/pages\/4942\/revisions\/4943"}],"wp:featuredmedia":[{"embeddable":true,"href":"https:\/\/kitesurflasterrenas.com\/es\/wp-json\/wp\/v2\/media\/4915"}],"wp:attachment":[{"href":"https:\/\/kitesurflasterrenas.com\/es\/wp-json\/wp\/v2\/media?parent=4942"}],"curies":[{"name":"wp","href":"https:\/\/api.w.org\/{rel}","templated":true}]}}