{"id":4938,"date":"2021-03-26T09:20:26","date_gmt":"2021-03-26T13:20:26","guid":{"rendered":"https:\/\/kitesurflasterrenas.com\/excursion-salto-del-limon-samana\/"},"modified":"2021-03-26T09:20:27","modified_gmt":"2021-03-26T13:20:27","slug":"excursion-salto-del-limon-samana","status":"publish","type":"page","link":"https:\/\/kitesurflasterrenas.com\/es\/excursion-salto-del-limon-samana\/","title":{"rendered":"Tour al Salto del Lim\u00f3n | Excursiones en Saman\u00e1"},"content":{"rendered":"\n<p>Una visita a Las Terrenas no estar\u00eda completa sin visitar el hermoso Salto del Lim\u00f3n. Camina hacia esta impresionante vista natural, rodeado de naturaleza y del canto de los p\u00e1jaros, y date un chapuz\u00f3n en sus refrescantes aguas.<\/p>\n\n<p>Organizamos tours privados y excursiones al salto del Lim\u00f3n en Saman\u00e1 desde Las Terrenas. Salimos temprano en la ma\u00f1ana para poder llegar antes que las multitudes y tener la cascada para nosotros a solos por un tiempo.<\/p>\n\n<h2 class=\"wp-block-heading\">Trekking a la cascada El Lim\u00f3n en Saman\u00e1<\/h2>\n\n<p>La caminata es bastante f\u00e1cil y requiere un nivel b\u00e1sico de condici\u00f3n f\u00edsica.<strong> El sendero tiene unos 2 kil\u00f3metros de largo,<\/strong> sube y baja, pero nada demasiado empinado. La caminata dura unos <strong>30 minutos<\/strong>, m\u00e1s si se detiene a menudo para tomar fotograf\u00edas.<\/p>\n\n<p>Las vistas a lo largo del camino son impresionantes, con exuberantes colinas y el mar en el horizonte. La mayor parte del camino es sombreado, el sendero serpentea a trav\u00e9s de la jungla y, al principio, algunos campos de cacao y caf\u00e9.<\/p>\n\n<p><strong>Tendr\u00e1s que cruzar el r\u00edo varias veces,<\/strong> no es profundo, pero es una buena idea empacar zapatos antideslizantes que se puedan mojar para la caminata, especialmente si ha estado lloviendo ya que el camino puede enlodarse bastante.<\/p>\n\n<p>Si lo deseas, tienes la opci\u00f3n de alquilar un caballo durante la mayor parte del recorrido. A\u00fan tendr\u00e1s que hacer la \u00faltima parte a pie, ya que es demasiado empinada para los caballos. Te ahorrar\u00e1 algo de energ\u00eda si te cansa con facilidad o si no gusta mucho caminar.<\/p>\n\n<div class=\"wp-block-image\"><figure class=\"aligncenter size-large is-resized\"><img fetchpriority=\"high\" decoding=\"async\" src=\"https:\/\/kitesurflasterrenas.com\/wp-content\/uploads\/2021\/03\/view-from-above-of-El-Limon-Waterfall-in-Samana-576x1024.jpg\" alt=\"Vista desde arriba del Salto del Lim&#xF3;n en Saman&#xE1;\" class=\"wp-image-4854\" width=\"456\" height=\"811\" srcset=\"https:\/\/kitesurflasterrenas.com\/wp-content\/uploads\/2021\/03\/view-from-above-of-El-Limon-Waterfall-in-Samana-576x1024.jpg 576w, https:\/\/kitesurflasterrenas.com\/wp-content\/uploads\/2021\/03\/view-from-above-of-El-Limon-Waterfall-in-Samana-169x300.jpg 169w, https:\/\/kitesurflasterrenas.com\/wp-content\/uploads\/2021\/03\/view-from-above-of-El-Limon-Waterfall-in-Samana-768x1365.jpg 768w, https:\/\/kitesurflasterrenas.com\/wp-content\/uploads\/2021\/03\/view-from-above-of-El-Limon-Waterfall-in-Samana-864x1536.jpg 864w, https:\/\/kitesurflasterrenas.com\/wp-content\/uploads\/2021\/03\/view-from-above-of-El-Limon-Waterfall-in-Samana.jpg 1125w\" sizes=\"(max-width: 456px) 100vw, 456px\" \/><\/figure><\/div>\n\n<p><\/p>\n\n<p>Antes de llegar a la cascada, obtendr\u00e1s una vista impresionante de la exuberante jungla, con la cascada asomando desde los \u00e1rboles. All\u00ed, encontrar\u00e1s una peque\u00f1a tienda local donde puedes comprar bocadillos y bebidas, as\u00ed como art\u00edculos locales como cacao y caf\u00e9. Tambi\u00e9n puedes probar Mamajuana, un tipo de ron local impregnado de docenas de hierbas locales, algunas con propiedades medicinales. \u00a1Preg\u00fantale a tu gu\u00eda al respecto!<\/p>\n\n<h2 class=\"wp-block-heading\">Nadar en el Salto del Lim\u00f3n<\/h2>\n\n<p>El Salto del Lim\u00f3n alcanza los 50 metros de altura y <strong>hay algunos lugares para saltar (uno de 5 pies de alto y el otro de 10 pies de alto)<\/strong>. Puedes meterte debajo de la cascada para disfrutar de un fuerte masaje o meterte un poco m\u00e1s debajo para ver las cuevas escondidas.<\/p>\n\n<p>El agua tiene la temperatura perfecta para relajarse despu\u00e9s de la caminata, con la piscina a la sombra de los \u00e1rboles. Dependiendo de las lluvias y de la temporada que visites, es posible que la cantidad de agua que salga de la cascada no sea la misma, pero siempre podr\u00e1s nadar en la piscina.<\/p>\n\n<h2 class=\"wp-block-heading\">Excursi\u00f3n al Salto del Lim\u00f3n desde Las Terrenas<\/h2>\n\n<p>El tour incluye transporte hacia \/ desde Las Terrenas, todas las entradas y un gu\u00eda local que habla tu idioma. En el camino, el gu\u00eda te mostrar\u00e1 las plantas locales y sus usos, y te explicar\u00e1 sobre la forma de vida local y la cultura dominicana. Una vez que lleguemos a la cascada El Lim\u00f3n, puedes quedarte todo el tiempo que deseas. Cuando estas listo, regresaremos y haremos una parada en el caf\u00e9 local si necesita comprar algo.<\/p>\n\n<p>No olvides traer tu traje de ba\u00f1o y una toalla. Ponte el traje de ba\u00f1o antes de salir, ya que no hay lugar para cambiarse en la cascada. Tambi\u00e9n llevas buenos zapatos para caminar que se puedan mojar, bloqueador solar, repelente de mosquitos, ropa ligera y una chaqueta para la lluvia por si acaso. Tambi\u00e9n lleva agua y bocadillos, y trate de desayunar bien antes de la excursi\u00f3n.<\/p>\n\n<p>Para reservar o para m\u00e1s detalles, no duda en contactarnos a trav\u00e9s de nuestro <a href=\"https:\/\/api.whatsapp.com\/send?phone=+1%20(809)%20769-4978\" target=\"_blank\" rel=\"noopener\">WhatsApp<\/a> o mediante del formulario de <a href=\"https:\/\/kitesurflasterrenas.com\/es\/contacto\/\" target=\"_blank\" rel=\"noopener\">contacto.<\/a><\/p>\n","protected":false},"excerpt":{"rendered":"<p>Una visita a Las Terrenas no estar\u00eda completa sin visitar el hermoso Salto del Lim\u00f3n. Camina hacia esta impresionante vista natural, rodeado de naturaleza y del canto de los p\u00e1jaros, y date un chapuz\u00f3n en sus refrescantes aguas. Organizamos tours privados y excursiones al salto del Lim\u00f3n en &#8230; <a title=\"Tour al Salto del Lim\u00f3n | Excursiones en Saman\u00e1\" class=\"read-more\" href=\"https:\/\/kitesurflasterrenas.com\/es\/excursion-salto-del-limon-samana\/\" aria-label=\"M\u00e1s en Tour al Salto del Lim\u00f3n | Excursiones en Saman\u00e1\">Leer m\u00e1s<\/a><\/p>\n","protected":false},"author":2,"featured_media":4706,"parent":0,"menu_order":0,"comment_status":"closed","ping_status":"closed","template":"","meta":{"_joinchat":[],"footnotes":""},"class_list":{"0":"post-4938","1":"page","2":"type-page","3":"status-publish","4":"has-post-thumbnail","6":"resize-featured-image"},"_links":{"self":[{"href":"https:\/\/kitesurflasterrenas.com\/es\/wp-json\/wp\/v2\/pages\/4938","targetHints":{"allow":["GET"]}}],"collection":[{"href":"https:\/\/kitesurflasterrenas.com\/es\/wp-json\/wp\/v2\/pages"}],"about":[{"href":"https:\/\/kitesurflasterrenas.com\/es\/wp-json\/wp\/v2\/types\/page"}],"author":[{"embeddable":true,"href":"https:\/\/kitesurflasterrenas.com\/es\/wp-json\/wp\/v2\/users\/2"}],"replies":[{"embeddable":true,"href":"https:\/\/kitesurflasterrenas.com\/es\/wp-json\/wp\/v2\/comments?post=4938"}],"version-history":[{"count":1,"href":"https:\/\/kitesurflasterrenas.com\/es\/wp-json\/wp\/v2\/pages\/4938\/revisions"}],"predecessor-version":[{"id":4939,"href":"https:\/\/kitesurflasterrenas.com\/es\/wp-json\/wp\/v2\/pages\/4938\/revisions\/4939"}],"wp:featuredmedia":[{"embeddable":true,"href":"https:\/\/kitesurflasterrenas.com\/es\/wp-json\/wp\/v2\/media\/4706"}],"wp:attachment":[{"href":"https:\/\/kitesurflasterrenas.com\/es\/wp-json\/wp\/v2\/media?parent=4938"}],"curies":[{"name":"wp","href":"https:\/\/api.w.org\/{rel}","templated":true}]}}