{"id":4934,"date":"2021-03-26T08:15:08","date_gmt":"2021-03-26T12:15:08","guid":{"rendered":"https:\/\/kitesurflasterrenas.com\/ruta-cafe-excursion-atv-samana\/"},"modified":"2025-11-18T23:28:14","modified_gmt":"2025-11-19T03:28:14","slug":"ruta-cafe-excursion-cuatrimoto-samana","status":"publish","type":"page","link":"https:\/\/kitesurflasterrenas.com\/es\/ruta-cafe-excursion-cuatrimoto-samana\/","title":{"rendered":"Ruta del Cafe &#8211; Excursion cultural en cuatrimoto"},"content":{"rendered":"\n<h2 class=\"gb-headline gb-headline-b0bdc8bc gb-headline-text\">Descubra una experiencia \u00fanica en Rep\u00fablica Dominicana alrededor de la pen\u00ednsula de Saman\u00e1, donde explorar\u00e1 el verdadero estilo de vida dominicano fuera de la pista, entre la jungla y los manglares con el sabor de productos org\u00e1nicos provenientes directamente de la granja, como caf\u00e9, cacao, miel, mamajuana y m\u00e1s&#8230; Traiga a toda su familia, especialmente a los ni\u00f1os a partir de 2 a\u00f1os.<\/h2>\n\n<p>El Tour Cultural de cuatrimoto Ruta del Caf\u00e9 es la combinaci\u00f3n perfecta de adrenalina, naturaleza y cultura. Conduzca por la Ruta del Caf\u00e9, divi\u00e9rtase en los caminos de tierra conduciendo el veh\u00edculo todo terreno, mientras descubre el campo de Las Terrenas y la vibrante cultura dominicana. Esta excursi\u00f3n es todo lo contrario al recorrido por la isla Saona con embarcaciones muy concurridas imposibles de disfrutar de la naturaleza en simbiosis. En Las Terrenas, disfrutar\u00e1 de un paseo en cuatrimoto solo con su gu\u00eda hacia la belleza de la selva dominicana llena de frutas decoradas con flores de colores por todas partes.<\/p>\n\n<div class=\"wp-block-group\"><div class=\"wp-block-group__inner-container is-layout-constrained wp-block-group-is-layout-constrained\">\n<figure class=\"wp-block-gallery has-nested-images columns-default is-cropped wp-block-gallery-1 is-layout-flex wp-block-gallery-is-layout-flex\">\n<figure class=\"wp-block-image size-large\"><img fetchpriority=\"high\" decoding=\"async\" width=\"768\" height=\"1024\" data-id=\"6404\" src=\"https:\/\/kitesurflasterrenas.com\/wp-content\/uploads\/2025\/07\/grego-768x1024.webp\" alt=\"\" class=\"wp-image-6404\" srcset=\"https:\/\/kitesurflasterrenas.com\/wp-content\/uploads\/2025\/07\/grego-768x1024.webp 768w, https:\/\/kitesurflasterrenas.com\/wp-content\/uploads\/2025\/07\/grego-225x300.webp 225w, https:\/\/kitesurflasterrenas.com\/wp-content\/uploads\/2025\/07\/grego-1152x1536.webp 1152w, https:\/\/kitesurflasterrenas.com\/wp-content\/uploads\/2025\/07\/grego-1536x2048.webp 1536w, https:\/\/kitesurflasterrenas.com\/wp-content\/uploads\/2025\/07\/grego-scaled.webp 1920w\" sizes=\"(max-width: 768px) 100vw, 768px\" \/><\/figure>\n\n\n\n<figure class=\"wp-block-image size-large\"><img decoding=\"async\" width=\"768\" height=\"1024\" data-id=\"6407\" src=\"https:\/\/kitesurflasterrenas.com\/wp-content\/uploads\/2025\/07\/grain-768x1024.webp\" alt=\"\" class=\"wp-image-6407\" srcset=\"https:\/\/kitesurflasterrenas.com\/wp-content\/uploads\/2025\/07\/grain-768x1024.webp 768w, https:\/\/kitesurflasterrenas.com\/wp-content\/uploads\/2025\/07\/grain-225x300.webp 225w, https:\/\/kitesurflasterrenas.com\/wp-content\/uploads\/2025\/07\/grain-1152x1536.webp 1152w, https:\/\/kitesurflasterrenas.com\/wp-content\/uploads\/2025\/07\/grain-1536x2048.webp 1536w, https:\/\/kitesurflasterrenas.com\/wp-content\/uploads\/2025\/07\/grain-scaled.webp 1920w\" sizes=\"(max-width: 768px) 100vw, 768px\" \/><\/figure>\n\n\n\n<figure class=\"wp-block-image size-large\"><img decoding=\"async\" width=\"768\" height=\"1024\" data-id=\"6410\" src=\"https:\/\/kitesurflasterrenas.com\/wp-content\/uploads\/2025\/07\/Icafe-feu-prepa-768x1024.webp\" alt=\"\" class=\"wp-image-6410\" srcset=\"https:\/\/kitesurflasterrenas.com\/wp-content\/uploads\/2025\/07\/Icafe-feu-prepa-768x1024.webp 768w, https:\/\/kitesurflasterrenas.com\/wp-content\/uploads\/2025\/07\/Icafe-feu-prepa-225x300.webp 225w, https:\/\/kitesurflasterrenas.com\/wp-content\/uploads\/2025\/07\/Icafe-feu-prepa-1152x1536.webp 1152w, https:\/\/kitesurflasterrenas.com\/wp-content\/uploads\/2025\/07\/Icafe-feu-prepa-1536x2048.webp 1536w, https:\/\/kitesurflasterrenas.com\/wp-content\/uploads\/2025\/07\/Icafe-feu-prepa-scaled.webp 1920w\" sizes=\"(max-width: 768px) 100vw, 768px\" \/><\/figure>\n<\/figure>\n<\/div><\/div>\n\n<p>La primera parada es el mirador ubicado en la cima de la colina de la pen\u00ednsula de Saman\u00e1 con una vista impresionante que explica las diferentes playas de Las Terrenas desde la playa Cos\u00f3n hasta la playa Bonita. Por supuesto, su gu\u00eda no olvidar\u00e1 mostrarle las islas de las ballenas con la historia detr\u00e1s: <a href=\"https:\/\/kitesurflasterrenas.com\/es\/avistamiento-ballenas-samana\/\">las ballenas jorobadas<\/a> provenientes de aguas fr\u00edas migran a la Rep\u00fablica Dominicana para dar a luz en un ambiente conveniente. Ahora comencemos la aventura por el camino de tierra pasando por un peque\u00f1o pueblo donde encontrar\u00e1s muchas sonrisas de la comunidad dominicana local.<\/p>\n\n<div class=\"wp-block-group\"><div class=\"wp-block-group__inner-container is-layout-constrained wp-block-group-is-layout-constrained\">\n<figure class=\"wp-block-image size-large\"><img loading=\"lazy\" decoding=\"async\" width=\"768\" height=\"1024\" src=\"https:\/\/kitesurflasterrenas.com\/wp-content\/uploads\/2025\/07\/quad-loma-768x1024.webp\" alt=\"\" class=\"wp-image-6468\" srcset=\"https:\/\/kitesurflasterrenas.com\/wp-content\/uploads\/2025\/07\/quad-loma-768x1024.webp 768w, https:\/\/kitesurflasterrenas.com\/wp-content\/uploads\/2025\/07\/quad-loma-225x300.webp 225w, https:\/\/kitesurflasterrenas.com\/wp-content\/uploads\/2025\/07\/quad-loma-1152x1536.webp 1152w, https:\/\/kitesurflasterrenas.com\/wp-content\/uploads\/2025\/07\/quad-loma-1536x2048.webp 1536w, https:\/\/kitesurflasterrenas.com\/wp-content\/uploads\/2025\/07\/quad-loma-scaled.webp 1920w\" sizes=\"(max-width: 768px) 100vw, 768px\" \/><\/figure>\n<\/div><\/div>\n\n<p>Segunda parada en la finca, los propietarios les recibir\u00e1n en su casa, un lugar tranquilo rodeado de exuberante vegetaci\u00f3n. La gu\u00eda le describir\u00e1 todos los pasos para procesar caf\u00e9, chocolate y tambi\u00e9n c\u00f3mo hacer una goma el\u00e1stica del \u00e1rbol. Al mismo tiempo preparan el caf\u00e9 reci\u00e9n hecho sobre el tradicional horno dominicano de le\u00f1a que le da este sabor ancestral. Despierte sus papilas gustativas probando el cacao puro combinado con guineo del jard\u00edn y miel producida en la zona. Ha llegado el momento de probar la poci\u00f3n m\u00e1gica de Rep\u00fablica Dominicana llamada \u00abMamajuana\u00bb utilizada con fines medicinales que puede limpiar tu ri\u00f1\u00f3n o ayudar en tu digesti\u00f3n. Esos agricultores tienen este conocimiento transmitido generaci\u00f3n tras generaci\u00f3n sobre c\u00f3mo curar enfermedades de forma natural con las plantas.<\/p>\n\n<div class=\"wp-block-group\"><div class=\"wp-block-group__inner-container is-layout-constrained wp-block-group-is-layout-constrained\">\n<figure class=\"wp-block-gallery has-nested-images columns-default is-cropped wp-block-gallery-2 is-layout-flex wp-block-gallery-is-layout-flex\">\n<figure class=\"wp-block-image size-large\"><img loading=\"lazy\" decoding=\"async\" width=\"768\" height=\"1024\" data-id=\"6420\" src=\"https:\/\/kitesurflasterrenas.com\/wp-content\/uploads\/2025\/07\/chocolat-puro-768x1024.webp\" alt=\"\" class=\"wp-image-6420\" srcset=\"https:\/\/kitesurflasterrenas.com\/wp-content\/uploads\/2025\/07\/chocolat-puro-768x1024.webp 768w, https:\/\/kitesurflasterrenas.com\/wp-content\/uploads\/2025\/07\/chocolat-puro-225x300.webp 225w, https:\/\/kitesurflasterrenas.com\/wp-content\/uploads\/2025\/07\/chocolat-puro-1152x1536.webp 1152w, https:\/\/kitesurflasterrenas.com\/wp-content\/uploads\/2025\/07\/chocolat-puro-1536x2048.webp 1536w, https:\/\/kitesurflasterrenas.com\/wp-content\/uploads\/2025\/07\/chocolat-puro-scaled.webp 1920w\" sizes=\"(max-width: 768px) 100vw, 768px\" \/><\/figure>\n\n\n\n<figure class=\"wp-block-image size-large\"><img loading=\"lazy\" decoding=\"async\" width=\"768\" height=\"1024\" data-id=\"6414\" src=\"https:\/\/kitesurflasterrenas.com\/wp-content\/uploads\/2025\/07\/fruta-cacao-cafe-768x1024.webp\" alt=\"\" class=\"wp-image-6414\" srcset=\"https:\/\/kitesurflasterrenas.com\/wp-content\/uploads\/2025\/07\/fruta-cacao-cafe-768x1024.webp 768w, https:\/\/kitesurflasterrenas.com\/wp-content\/uploads\/2025\/07\/fruta-cacao-cafe-225x300.webp 225w, https:\/\/kitesurflasterrenas.com\/wp-content\/uploads\/2025\/07\/fruta-cacao-cafe-1152x1536.webp 1152w, https:\/\/kitesurflasterrenas.com\/wp-content\/uploads\/2025\/07\/fruta-cacao-cafe-1536x2048.webp 1536w, https:\/\/kitesurflasterrenas.com\/wp-content\/uploads\/2025\/07\/fruta-cacao-cafe-scaled.webp 1920w\" sizes=\"(max-width: 768px) 100vw, 768px\" \/><\/figure>\n\n\n\n<figure class=\"wp-block-image size-large\"><img loading=\"lazy\" decoding=\"async\" width=\"768\" height=\"1024\" data-id=\"6417\" src=\"https:\/\/kitesurflasterrenas.com\/wp-content\/uploads\/2025\/07\/productos-finca-768x1024.webp\" alt=\"\" class=\"wp-image-6417\" srcset=\"https:\/\/kitesurflasterrenas.com\/wp-content\/uploads\/2025\/07\/productos-finca-768x1024.webp 768w, https:\/\/kitesurflasterrenas.com\/wp-content\/uploads\/2025\/07\/productos-finca-225x300.webp 225w, https:\/\/kitesurflasterrenas.com\/wp-content\/uploads\/2025\/07\/productos-finca-1152x1536.webp 1152w, https:\/\/kitesurflasterrenas.com\/wp-content\/uploads\/2025\/07\/productos-finca-1536x2048.webp 1536w, https:\/\/kitesurflasterrenas.com\/wp-content\/uploads\/2025\/07\/productos-finca-scaled.webp 1920w\" sizes=\"(max-width: 768px) 100vw, 768px\" \/><\/figure>\n<\/figure>\n<\/div><\/div>\n\n<p>Despu\u00e9s de la adrenalina de subir y bajar la colina por el sendero del caf\u00e9 en cuatrimoto, terminaremos con un refrescante ba\u00f1o de mar en la playa m\u00e1s bonita de Las Terrenas, ubicada cerca de un r\u00edo que se adentra en el manglar formando una piscina natural. \u00a1Es un lugar s\u00faper seguro para los malos nadadores debido a las aguas poco profundas donde puedes tumbarte tipo jacuzzi, ideal para que jueguen los ni\u00f1os!<\/p>\n\n<div class=\"wp-block-group\"><div class=\"wp-block-group__inner-container is-layout-constrained wp-block-group-is-layout-constrained\">\n<figure class=\"wp-block-gallery has-nested-images columns-default is-cropped wp-block-gallery-3 is-layout-flex wp-block-gallery-is-layout-flex\">\n<figure class=\"wp-block-image size-large\"><img loading=\"lazy\" decoding=\"async\" width=\"1024\" height=\"768\" data-id=\"6444\" src=\"https:\/\/kitesurflasterrenas.com\/wp-content\/uploads\/2025\/07\/esperanza-grupo-4-1024x768.webp\" alt=\"\" class=\"wp-image-6444\" srcset=\"https:\/\/kitesurflasterrenas.com\/wp-content\/uploads\/2025\/07\/esperanza-grupo-4-1024x768.webp 1024w, https:\/\/kitesurflasterrenas.com\/wp-content\/uploads\/2025\/07\/esperanza-grupo-4-300x225.webp 300w, https:\/\/kitesurflasterrenas.com\/wp-content\/uploads\/2025\/07\/esperanza-grupo-4-768x576.webp 768w, https:\/\/kitesurflasterrenas.com\/wp-content\/uploads\/2025\/07\/esperanza-grupo-4-1536x1152.webp 1536w, https:\/\/kitesurflasterrenas.com\/wp-content\/uploads\/2025\/07\/esperanza-grupo-4-2048x1536.webp 2048w\" sizes=\"(max-width: 1024px) 100vw, 1024px\" \/><\/figure>\n\n\n\n<figure class=\"wp-block-image size-large\"><img loading=\"lazy\" decoding=\"async\" width=\"768\" height=\"1024\" data-id=\"6465\" src=\"https:\/\/kitesurflasterrenas.com\/wp-content\/uploads\/2025\/07\/quad-plage-grupo-4-768x1024.webp\" alt=\"\" class=\"wp-image-6465\" srcset=\"https:\/\/kitesurflasterrenas.com\/wp-content\/uploads\/2025\/07\/quad-plage-grupo-4-768x1024.webp 768w, https:\/\/kitesurflasterrenas.com\/wp-content\/uploads\/2025\/07\/quad-plage-grupo-4-225x300.webp 225w, https:\/\/kitesurflasterrenas.com\/wp-content\/uploads\/2025\/07\/quad-plage-grupo-4-1152x1536.webp 1152w, https:\/\/kitesurflasterrenas.com\/wp-content\/uploads\/2025\/07\/quad-plage-grupo-4-1536x2048.webp 1536w, https:\/\/kitesurflasterrenas.com\/wp-content\/uploads\/2025\/07\/quad-plage-grupo-4-scaled.webp 1920w\" sizes=\"(max-width: 768px) 100vw, 768px\" \/><\/figure>\n\n\n\n<figure class=\"wp-block-image size-large\"><img loading=\"lazy\" decoding=\"async\" width=\"768\" height=\"1024\" data-id=\"6453\" src=\"https:\/\/kitesurflasterrenas.com\/wp-content\/uploads\/2025\/07\/quad-plage-5-768x1024.webp\" alt=\"\" class=\"wp-image-6453\" srcset=\"https:\/\/kitesurflasterrenas.com\/wp-content\/uploads\/2025\/07\/quad-plage-5-768x1024.webp 768w, https:\/\/kitesurflasterrenas.com\/wp-content\/uploads\/2025\/07\/quad-plage-5-225x300.webp 225w, https:\/\/kitesurflasterrenas.com\/wp-content\/uploads\/2025\/07\/quad-plage-5-1152x1536.webp 1152w, https:\/\/kitesurflasterrenas.com\/wp-content\/uploads\/2025\/07\/quad-plage-5-1536x2048.webp 1536w, https:\/\/kitesurflasterrenas.com\/wp-content\/uploads\/2025\/07\/quad-plage-5-scaled.webp 1920w\" sizes=\"(max-width: 768px) 100vw, 768px\" \/><\/figure>\n<\/figure>\n<\/div><\/div>\n\n<p> No se preocupe, si habla otra idioma, nuestro gu\u00eda tur\u00edstico local lo traducir\u00e1 todo.<\/p>\n\n<p>La mayor parte del viaje se realiza por caminos de tierra, es muy divertido conducir el cuatrimoto all\u00ed, arriba y abajo, a trav\u00e9s de baches y hoyos. Si no te sientes 100% c\u00f3modo conduciendo un cuatrimoto o si la velocidad no es lo tuyo, no te preocupes, podr\u00e1s conducir despacio (\u00a1m\u00e1s tiempo para disfrutar de la vista!) o podr\u00e1s viajar con alguien, la mayor\u00eda de los cuatrimotos pueden sentar dos personas. Conducir un cuatrimoto es bastante sencillo e incluso si es la primera vez, deber\u00edas dominarlo con bastante rapidez.<\/p>\n\n<p>El recorrido dura medio d\u00eda, pero tambi\u00e9n podemos planificar un recorrido de d\u00eda completo, adentr\u00e1ndonos m\u00e1s en las monta\u00f1as de Saman\u00e1 y su exuberante jungla, explorando playas y pueblos m\u00e1s remotos en el camino. En el camino de regreso, podemos hacer una parada en la <a href=\"https:\/\/kitesurflasterrenas.com\/es\/excursion-salto-del-limon-samana\/\">Cascada El Lim\u00f3n<\/a>, a solo 30 minutos de caminata desde la carretera principal.<\/p>\n\n<p>\u00a1D\u00edganos cu\u00e1nto tiempo tienes y lo qu\u00e9 deseas ver y experimentar, y crearemos un recorrido solo para ti y tu grupo!<\/p>\n\n<p>Aseg\u00farate de usar bloqueador solar y ropa protectora (al memos gafas de sol y sombrero). Traiga agua y bocadillos, tambi\u00e9n habr\u00e1 algunas tiendas en el camino si necesitas comprar algo. Y lo m\u00e1s importante, no olvides traer tu c\u00e1mara, si tienes una GoPro puedes conectarla al cuatrimoto y tendr\u00e1s un video perfecto de tu viaje en Saman\u00e1.<\/p>\n\n<p>Para reservar nuestro tour cultural en cuatrimoto por la <a href=\"https:\/\/api.whatsapp.com\/send?phone=+1%20(809)%20769-4978\" target=\"_blank\" rel=\"noopener\">Pen\u00ednsula de Saman\u00e1<\/a> u obtener m\u00e1s detalles, cont\u00e1ctenos por WhatsApp o mediante del formulario de <a href=\"https:\/\/kitesurflasterrenas.com\/contact\/\">contacto<\/a>.<\/p>\n","protected":false},"excerpt":{"rendered":"<p>Descubra una experiencia \u00fanica en Rep\u00fablica Dominicana alrededor de la pen\u00ednsula de Saman\u00e1, donde explorar\u00e1 el verdadero estilo de vida dominicano fuera de la pista, entre la jungla y los manglares con el sabor de productos org\u00e1nicos provenientes directamente de la granja, como caf\u00e9, cacao, miel, mamajuana y &#8230; <a title=\"Ruta del Cafe &#8211; Excursion cultural en cuatrimoto\" class=\"read-more\" href=\"https:\/\/kitesurflasterrenas.com\/es\/ruta-cafe-excursion-cuatrimoto-samana\/\" aria-label=\"M\u00e1s en Ruta del Cafe &#8211; Excursion cultural en cuatrimoto\">Leer m\u00e1s<\/a><\/p>\n","protected":false},"author":2,"featured_media":4899,"parent":0,"menu_order":0,"comment_status":"closed","ping_status":"closed","template":"","meta":{"_joinchat":[],"footnotes":""},"class_list":{"0":"post-4934","1":"page","2":"type-page","3":"status-publish","4":"has-post-thumbnail","6":"resize-featured-image"},"_links":{"self":[{"href":"https:\/\/kitesurflasterrenas.com\/es\/wp-json\/wp\/v2\/pages\/4934","targetHints":{"allow":["GET"]}}],"collection":[{"href":"https:\/\/kitesurflasterrenas.com\/es\/wp-json\/wp\/v2\/pages"}],"about":[{"href":"https:\/\/kitesurflasterrenas.com\/es\/wp-json\/wp\/v2\/types\/page"}],"author":[{"embeddable":true,"href":"https:\/\/kitesurflasterrenas.com\/es\/wp-json\/wp\/v2\/users\/2"}],"replies":[{"embeddable":true,"href":"https:\/\/kitesurflasterrenas.com\/es\/wp-json\/wp\/v2\/comments?post=4934"}],"version-history":[{"count":7,"href":"https:\/\/kitesurflasterrenas.com\/es\/wp-json\/wp\/v2\/pages\/4934\/revisions"}],"predecessor-version":[{"id":7193,"href":"https:\/\/kitesurflasterrenas.com\/es\/wp-json\/wp\/v2\/pages\/4934\/revisions\/7193"}],"wp:featuredmedia":[{"embeddable":true,"href":"https:\/\/kitesurflasterrenas.com\/es\/wp-json\/wp\/v2\/media\/4899"}],"wp:attachment":[{"href":"https:\/\/kitesurflasterrenas.com\/es\/wp-json\/wp\/v2\/media?parent=4934"}],"curies":[{"name":"wp","href":"https:\/\/api.w.org\/{rel}","templated":true}]}}