{"id":4834,"date":"2021-03-15T20:21:21","date_gmt":"2021-03-16T00:21:21","guid":{"rendered":"https:\/\/kitesurflasterrenas.com\/crucero-kitesurf-republica-dominicana\/"},"modified":"2021-03-26T09:58:40","modified_gmt":"2021-03-26T13:58:40","slug":"crucero-kitesurf-republica-dominicana","status":"publish","type":"page","link":"https:\/\/kitesurflasterrenas.com\/es\/crucero-kitesurf-republica-dominicana\/","title":{"rendered":"Crucero de kitesurf en la Rep\u00fablica Dominicana"},"content":{"rendered":"\n<p>Vive una experiencia de kitesurf extraordinaria en tus pr\u00f3ximas vacaciones a bordo de \u00c9lise, nuestro catamar\u00e1n de 47 pies totalmente equipado. Olv\u00eddate de los hoteles ruidosos y las playas llenas de gente y venga a descubrir la <a href=\"https:\/\/www.godominicanrepublic.com\/es\/\" target=\"_blank\" rel=\"noopener\">Rep\u00fablica Dominicana<\/a> en todo su esplendor. Qu\u00e9date en nuestro catamar\u00e1n y visitas playas hermosas, paisajes impresionantes y, por supuesto, incre\u00edbles lugares para practicar el kitesurf. \u00a1\u00danete a nosotros en un crucero de kitesurf \u00e9pico!&#13;\n&#13;\n\u00a0&#13;\n&#13;\n\u00a0<\/p>\n\n<p>Ofrecemos cruceros privados de kitesurf en la Rep\u00fablica Dominicana donde podr\u00e1s disfrutar de condiciones \u00f3ptimas de viento y lugares con poca gente. Qu\u00e9date con nosotros y lleva sus habilidades de kitesurf a nuevas alturas, con sesiones diarias de kitesurf en los mejores lugares que el pa\u00eds tiene para ofrecer, rodeado de playas hermosas y naturaleza virgen.<\/p>\n\n<h3 class=\"wp-block-heading\">Crucero de kitesurf &#8211; Explora la Rep\u00fablica Dominicana<\/h3>\n\n<p>Nuestro catamar\u00e1n cuenta con 3 cabinas de tama\u00f1o queen que pueden albergar hasta 6 personas y cuenta con personal completo con el capit\u00e1n, un chef y un instructor de kitesurf. Crearemos un itinerario a la medida de tus expectativas, seg\u00fan los lugares que quieras visitar y tu nivel de kitesurf. Toda la familia puede unirse, con lecciones de <a href=\"https:\/\/kitesurflasterrenas.com\/es\/clases-kitesurf-ninos\/\" target=\"_blank\" rel=\"noopener\">kitesurf disponibles para ni\u00f1os<\/a> (siempre que pesen m\u00e1s de 90 libras). Tambi\u00e9n ser\u00e1 un viaje incre\u00edble para un <strong>grupo de amigos o para un viaje de team building<\/strong>. En KiteWorld, nuestro objetivo es compartir nuestro para\u00edso con nuestros hu\u00e9spedes.<\/p>\n\n<p>Proporcionamos todo el equipo de kitesurf y transporte necesarios desde \/ hacia el aeropuerto hasta el catamar\u00e1n. A bordo, disfrutar\u00e1 de unas vacaciones con todo incluido en un entorno paradis\u00edaco.<\/p>\n\n<p>Te ofrecemos una estad\u00eda inolvidable, <strong>descubriendo las playas secretas de la costa norte de la Rep\u00fablica Dominicana, donde las condiciones de viento son \u00f3ptimas para practicar kitesurf casi todo el a\u00f1o.<\/strong> El kitesurf desde un barco te permite llegar a lugares a los que no podr\u00edas si empezaras desde la playa. Es<strong> una experiencia \u00fanica que disfrutar\u00e1n los kitesurfistas<\/strong> y una forma especial de pasar sus vacaciones.<\/p>\n\n<figure class=\"wp-block-image size-large\"><img fetchpriority=\"high\" decoding=\"async\" width=\"1000\" height=\"667\" src=\"https:\/\/kitesurflasterrenas.com\/wp-content\/uploads\/2021\/03\/Kitesurfing-cruise-in-the-Dominican-Republic.jpg\" alt=\"Crucero de kitesurf en Rep&#xFA;blica Dominicana\" class=\"wp-image-4670\" srcset=\"https:\/\/kitesurflasterrenas.com\/wp-content\/uploads\/2021\/03\/Kitesurfing-cruise-in-the-Dominican-Republic.jpg 1000w, https:\/\/kitesurflasterrenas.com\/wp-content\/uploads\/2021\/03\/Kitesurfing-cruise-in-the-Dominican-Republic-300x200.jpg 300w, https:\/\/kitesurflasterrenas.com\/wp-content\/uploads\/2021\/03\/Kitesurfing-cruise-in-the-Dominican-Republic-768x512.jpg 768w\" sizes=\"(max-width: 1000px) 100vw, 1000px\" \/><\/figure>\n<p>Viva en un barco durante una semana o dos, aprende a navegar, practica kitesurf todos los d\u00edas y explora la hermosa Pen\u00ednsula de Saman\u00e1. Hay muchos lugares impresionantes para descubrir en la Rep\u00fablica Dominicana, entre dos sesiones de kiteboarding, <strong>camina hasta la refrescante cascada El Lim\u00f3n, explora las cuevas Ta\u00ednas en el <a href=\"https:\/\/kitesurflasterrenas.com\/es\/excursion-parque-nacional-los-haitises\/\" target=\"_blank\" rel=\"noopener\">Parque Nacional Los Haitises<\/a>, haga tirolesa a trav\u00e9s de la exuberante jungla o descubra el lado rural de Rep\u00fablica Dominicana a lo largo de la Ruta del Caf\u00e9.<\/strong><\/p>\n\n<p>Desde mediados de enero hasta mediados de marzo, tambi\u00e9n tendr\u00e1s la oportunidad de <a href=\"https:\/\/kitesurflasterrenas.com\/es\/avistamiento-ballenas-samana\/\" target=\"_blank\" rel=\"noopener\">observar ballenas en la bah\u00eda de Saman\u00e1<\/a>. Durante este tiempo, cientos de ballenas jorobadas llegan a esta \u00e1rea protegida, aprovechando de las aguas caliente, para parir. Observa c\u00f3mo juegan con sus peque\u00f1os y les ense\u00f1an a saltar y nadar. Es una experiencia \u00fanica, observar a estos majestuosos seres en su h\u00e1bitat natural.<\/p>\n\n<figure class=\"wp-block-image size-large\"><img decoding=\"async\" width=\"1000\" height=\"563\" src=\"https:\/\/kitesurflasterrenas.com\/wp-content\/uploads\/2021\/03\/Kiteboarding-cruise-in-the-Dominican-Republic.jpg\" alt=\"Crucero de kitesurf en Rep&#xFA;blica Dominicana\" class=\"wp-image-4661\" srcset=\"https:\/\/kitesurflasterrenas.com\/wp-content\/uploads\/2021\/03\/Kiteboarding-cruise-in-the-Dominican-Republic.jpg 1000w, https:\/\/kitesurflasterrenas.com\/wp-content\/uploads\/2021\/03\/Kiteboarding-cruise-in-the-Dominican-Republic-300x169.jpg 300w, https:\/\/kitesurflasterrenas.com\/wp-content\/uploads\/2021\/03\/Kiteboarding-cruise-in-the-Dominican-Republic-768x432.jpg 768w\" sizes=\"(max-width: 1000px) 100vw, 1000px\" \/><\/figure>\n<p>Si est\u00e1s listo para pasar tus pr\u00f3ximas vacaciones en para\u00edso, haciendo kitesurf y explorando la Rep\u00fablica Dominicana mientras te quedas en un barco, disfrutando de la paz y la tranquilidad, \u00a1nuestro crucero de kitesurf es la mejor opci\u00f3n para ti! Es una gran aventura para vivir con tu familia y amigos, descubriendo nuevos horizontes y creando recuerdos que durar\u00e1n toda la vida.<\/p>\n\n<h3 class=\"wp-block-heading\">Crucero de kitesurf &#8211; a bordo del catamar\u00e1n<\/h3>\n\n<p><strong>A bordo, un chef te invitar\u00e1 a disfrutar de deliciosas comidas frescas elaboradas con comida local.<\/strong> Descubrir\u00e1s la cocina caribe\u00f1a y disfrutar\u00e1s de platos deliciosos y abundantes. La pensi\u00f3n completa est\u00e1 incluida y adaptaremos el men\u00fa si tienes una dieta especial.<\/p>\n\n<p>Disfrute de lujosas cabinas, con una grande cama doble y ba\u00f1o en suite en cada cabina, excelentes condiciones de iluminaci\u00f3n y ventilaci\u00f3n, y todo lo que puedes necesitar. Contemple las estrellas desde la cama a trav\u00e9s de la escotilla justo encima de ti y disfrute de una c\u00f3moda cama para relajarse despu\u00e9s de un d\u00eda de aventuras.<\/p>\n\n<p>Si lo deseas, te ense\u00f1aremos los conceptos b\u00e1sicos de c\u00f3mo funciona un catamar\u00e1n, aprendas a izar las velas y levantar la tinta, si tienes suerte, el capit\u00e1n podr\u00eda incluso mostrarte c\u00f3mo navegarlo. Tambi\u00e9n aprender\u00e1s a partir directamente desde el catamar\u00e1n con tu equipo de kitesurf, para poder navegar en todos los puntos, incluso de dif\u00edcil acceso. Aprovecha tus vacaciones para adquirir nuevas habilidades de kitesurf y aprender nuevos trucos, mejorando tus figuras de estilo libre.<\/p>\n\n<figure class=\"wp-block-image size-large\"><img decoding=\"async\" width=\"1000\" height=\"750\" src=\"https:\/\/kitesurflasterrenas.com\/wp-content\/uploads\/2021\/03\/Kitesurfing-cruise-in-the-Dominican-Republic-2.jpg\" alt=\"Crucero de kitesurf en Rep&#xFA;blica Dominicana\" class=\"wp-image-4664\" srcset=\"https:\/\/kitesurflasterrenas.com\/wp-content\/uploads\/2021\/03\/Kitesurfing-cruise-in-the-Dominican-Republic-2.jpg 1000w, https:\/\/kitesurflasterrenas.com\/wp-content\/uploads\/2021\/03\/Kitesurfing-cruise-in-the-Dominican-Republic-2-300x225.jpg 300w, https:\/\/kitesurflasterrenas.com\/wp-content\/uploads\/2021\/03\/Kitesurfing-cruise-in-the-Dominican-Republic-2-768x576.jpg 768w\" sizes=\"(max-width: 1000px) 100vw, 1000px\" \/><\/figure>\n<h3 class=\"wp-block-heading\">Crucero de kitesurf: aprenda nuevos tricks y descubra nuevos deportes de tabla<\/h3>\n\n<p>Los kitesurfistas avanzados tambi\u00e9n pueden probar el hydro foil o el deporte de tabla m\u00e1s reciente: el wing foil. Ambos son desafiantes y llevar\u00e1n tus habilidades de kitesurf a niveles completamente nuevos.<\/p>\n\n<p><a href=\"https:\/\/kitesurflasterrenas.com\/es\/kiteworld-escuela-kitesurf-republica-dominicana\/\" target=\"_blank\" rel=\"noopener\">KiteWorld<\/a> ha estado ense\u00f1ando kitesurf en Las Terrenas durante los \u00faltimos 10 a\u00f1os y siempre est\u00e1 a la vanguardia de los nuevos deportes acu\u00e1ticos. Nuestros instructores certificados est\u00e1n dedicados a brindarte la mejor experiencia mientras mejoras tus habilidades mientras te diviertas. Est\u00e1n capacitados para asegurarse de que mejorar\u00e1s tus habilidades a lo largo del viaje y perder\u00e1s tus malos h\u00e1bitos. Podemos ense\u00f1arte esos nuevos deportes con lecciones privadas directamente desde el bote para obtener resultados de calidad en poco tiempo.<\/p>\n\n<p><strong>En el invierno, tambi\u00e9n se puede practicar <a href=\"https:\/\/kitesurflasterrenas.com\/es\/\" target=\"_blank\" rel=\"noopener\">surf<\/a>.<\/strong> Saman\u00e1 ofrece un par de spots donde las olas son ideales. Elegiremos la mejor ubicaci\u00f3n de acuerdo a tu nivel, encontrar\u00e1s lugares para surfear para principiantes y avanzados. El mejor momento para hacer surf es temprano en la ma\u00f1ana, lo cual es perfecto porque generalmente, el viento se levanta por la tarde, de esta manera se puede surfear por las ma\u00f1anas y hacer kitesurf por las tardes.<\/p>\n\n<h3 class=\"wp-block-heading\">Rep\u00fablica Dominicana: el destino perfecto para el kitesurf<\/h3>\n\n<p>La mejor temporada para practicar kitesurf en la Rep\u00fablica Dominicana es de febrero a agosto. Entonces, te garantizamos que encontrar\u00e1s las <a href=\"https:\/\/www.windguru.cz\/208998\" target=\"_blank\" rel=\"noopener\">condiciones de viento<\/a> perfectas para practicar kitesurf. La costa norte de la Rep\u00fablica Dominicana est\u00e1 constantemente sacudida por vientos alisios, reforzados por un viento t\u00e9rmico en la tarde. Cuanto m\u00e1s se acerque a la frontera con Hait\u00ed, m\u00e1s fuerte ser\u00e1 el viento.<\/p>\n\n<p>Estamos ubicados en Las Terrenas, en la provincia de Saman\u00e1, donde el viento es alrededor de los 15 a 20 nudos. Las Terrenas todav\u00eda est\u00e1 relativamente poco concurrida en comparaci\u00f3n con lugares m\u00e1s conocidos como Cabarete. Es un lugar secreto para practicar kitesurf donde probablemente tendr\u00e1s el mar para ti solo. Es el lugar perfecto tanto para principiantes como para personas que quieran aprender nuevos tricks y mejorar tus figuras de estilo libre.<\/p>\n\n<p>\u00bfInteresado? No duda en <a href=\"https:\/\/kitesurflasterrenas.com\/es\/contacto\/\" target=\"_blank\" rel=\"noopener\">contactarnos<\/a> para cualquier consulta que puedes tener sobre nuestros cruceros de kitesurf. Tambi\u00e9n podemos organizar estancias en nuestro catamar\u00e1n para personas que no est\u00e9n interesadas en el kitesurf, y que quieren visitar la isla y vivir la experiencia a bordo.<\/p>\n","protected":false},"excerpt":{"rendered":"<p>Vive una experiencia de kitesurf extraordinaria en tus pr\u00f3ximas vacaciones a bordo de \u00c9lise, nuestro catamar\u00e1n de 47 pies totalmente equipado. Olv\u00eddate de los hoteles ruidosos y las playas llenas de gente y venga a descubrir la Rep\u00fablica Dominicana en todo su esplendor. Qu\u00e9date en nuestro catamar\u00e1n y &#8230; <a title=\"Crucero de kitesurf en la Rep\u00fablica Dominicana\" class=\"read-more\" href=\"https:\/\/kitesurflasterrenas.com\/es\/crucero-kitesurf-republica-dominicana\/\" aria-label=\"M\u00e1s en Crucero de kitesurf en la Rep\u00fablica Dominicana\">Leer m\u00e1s<\/a><\/p>\n","protected":false},"author":4,"featured_media":4667,"parent":0,"menu_order":0,"comment_status":"closed","ping_status":"closed","template":"","meta":{"_joinchat":[],"footnotes":""},"class_list":{"0":"post-4834","1":"page","2":"type-page","3":"status-publish","4":"has-post-thumbnail","6":"resize-featured-image"},"_links":{"self":[{"href":"https:\/\/kitesurflasterrenas.com\/es\/wp-json\/wp\/v2\/pages\/4834","targetHints":{"allow":["GET"]}}],"collection":[{"href":"https:\/\/kitesurflasterrenas.com\/es\/wp-json\/wp\/v2\/pages"}],"about":[{"href":"https:\/\/kitesurflasterrenas.com\/es\/wp-json\/wp\/v2\/types\/page"}],"author":[{"embeddable":true,"href":"https:\/\/kitesurflasterrenas.com\/es\/wp-json\/wp\/v2\/users\/4"}],"replies":[{"embeddable":true,"href":"https:\/\/kitesurflasterrenas.com\/es\/wp-json\/wp\/v2\/comments?post=4834"}],"version-history":[{"count":3,"href":"https:\/\/kitesurflasterrenas.com\/es\/wp-json\/wp\/v2\/pages\/4834\/revisions"}],"predecessor-version":[{"id":4951,"href":"https:\/\/kitesurflasterrenas.com\/es\/wp-json\/wp\/v2\/pages\/4834\/revisions\/4951"}],"wp:featuredmedia":[{"embeddable":true,"href":"https:\/\/kitesurflasterrenas.com\/es\/wp-json\/wp\/v2\/media\/4667"}],"wp:attachment":[{"href":"https:\/\/kitesurflasterrenas.com\/es\/wp-json\/wp\/v2\/media?parent=4834"}],"curies":[{"name":"wp","href":"https:\/\/api.w.org\/{rel}","templated":true}]}}