{"id":4832,"date":"2021-03-15T19:08:20","date_gmt":"2021-03-15T23:08:20","guid":{"rendered":"https:\/\/kitesurflasterrenas.com\/spots-kitesurf-republica-dominicana\/"},"modified":"2021-03-26T15:40:29","modified_gmt":"2021-03-26T19:40:29","slug":"spots-kitesurf-republica-dominicana","status":"publish","type":"page","link":"https:\/\/kitesurflasterrenas.com\/es\/spots-kitesurf-republica-dominicana\/","title":{"rendered":"Los mejores spots de kitesurf en la Rep\u00fablica Dominicana"},"content":{"rendered":"\n<p>La <a href=\"https:\/\/www.godominicanrepublic.com\/es\/\" target=\"_blank\" rel=\"noopener\">Rep\u00fablica Dominicana<\/a> es una de las islas m\u00e1s grandes del Caribe y ofrece algunos de <strong>los mejores y m\u00e1s hermosos lugares para practicar kitesurf en el mundo<\/strong> con incre\u00edbles condiciones de viento de diciembre hasta septiembre. <strong>Los lugares para practicar kitesurf en Rep\u00fablica Dominicana son f\u00e1cilmente accesibles<\/strong> y le ofrecer\u00e1n algunas de las mejores experiencias de kitesurf que jam\u00e1s haya tenido.<\/p>\n\n<p>La Rep\u00fablica Dominicana es un destino popular entre los kitesurfistas gracias a su <strong>clima perfecto para hacer kitesurf, f\u00e1cil accesibilidad, precios relativamente econ\u00f3micos y su muchas opciones de actividades.<\/strong> Desde hacer caminatas en la jungla hasta relajarse en la playa, el pa\u00eds tiene mucho que ofrecer adem\u00e1s del kitesurf.<\/p>\n\n<p><strong>Los lugares para practicar kitesurf en la Rep\u00fablica Dominicana son accesibles para todos los niveles,<\/strong> desde principiantes hasta profesionales, con vientos promedio de 10 a 30 nudos dependiendo del lugar. Encontrar\u00e1s puntos de agua plana, beach break y arrecifes, y olas peque\u00f1as a grandes (entre 0 y 2,5 metros). No necesitar\u00e1s un traje de neopreno, ya que la temperatura del agua es usualmente alrededor de los 25 a 28 \u00b0 Celsius.<\/p>\n\n<h2 class=\"wp-block-heading\">Los mejores lugares para hacer kitesurf en la Rep\u00fablica Dominicana<\/h2>\n\n<div class=\"wp-block-image\"><figure class=\"aligncenter size-large\"><img fetchpriority=\"high\" decoding=\"async\" width=\"800\" height=\"600\" src=\"https:\/\/kitesurflasterrenas.com\/wp-content\/uploads\/2020\/01\/poppy-800x600-1.jpg\" alt=\"Kitesurf en Las Terrenas, Rep&#xFA;blica Dominicana\" class=\"wp-image-4701\" srcset=\"https:\/\/kitesurflasterrenas.com\/wp-content\/uploads\/2020\/01\/poppy-800x600-1.jpg 800w, https:\/\/kitesurflasterrenas.com\/wp-content\/uploads\/2020\/01\/poppy-800x600-1-300x225.jpg 300w, https:\/\/kitesurflasterrenas.com\/wp-content\/uploads\/2020\/01\/poppy-800x600-1-768x576.jpg 768w\" sizes=\"(max-width: 800px) 100vw, 800px\" \/><\/figure><\/div>\n\n<h2 class=\"wp-block-heading\">1 &#8211; LAS TERRENAS<\/h2>\n\n<p>Las Terrenas es uno de los mejores lugares para practicar kitesurf en la Rep\u00fablica Dominicana. Las Terrenas ofrece el mejor viento del pa\u00eds para practicar kitesurf, con un promedio de 15 a 20 nudos de diciembre hasta septiembre.<\/p>\n\n<p>Tambi\u00e9n es un lugar perfecto para que los principiantes aprendan kitesurf en un entorno seguro. Los kitesurfistas avanzados tambi\u00e9n pueden disfrutar del kitesurf en Las Terrenas y aprovechar el clima para mejorar, aprender nuevos trucos o descubrir el hidrofoil en condiciones ideales.<\/p>\n\n<p>Lo mejor del hacer kitesurf en Las Terrenas es que generalmente hay poca gente en el agua, por lo que puedes concentrarte en ti mismo y no tener que preocuparte por otras cometas a tu alrededor. Las Terrenas no es tan famosa como Cabarete, por lo que pocas personas conocen este lugar de kitesurf en la Rep\u00fablica Dominicana, lo que lo convierte en uno de los mejores destinos de kitesurf si quieres alejarte de las multitudes.<\/p>\n\n<p>El viento en Las Terrenas es un viento t\u00e9rmico s\u00faper constante, que comienza alrededor de la 1 pm y termina alrededor de las 6 pm.<\/p>\n\n<h4 class=\"wp-block-heading\">Spots de kitesurf en Las Terrenas:<\/h4>\n\n<h5 class=\"wp-block-heading\"><span style=\"color: #1e72bd;\"><strong>El Portillo<\/strong><\/span><\/h5>\n\n<p>El Portillo ofrece viento lateral, downwind ride y agua plana. Es un lugar adecuado para todos los niveles. Tambi\u00e9n es un lugar perfecto para probar el hidrofoil. Para llegar all\u00ed, sigas la carretera de la playa en dirrecion del resort <a href=\"https:\/\/www.bahia-principe.com\/es\/hoteles-en-republica-dominicana\/resort-el-portillo\/\" target=\"_blank\" rel=\"noopener\">Bahia Principe Grand El Portillo<\/a>, hay un estacionamiento justo antes (frente al cartel azul \u00abTortuga\u00bb).<\/p>\n\n<p>La playa es hermosa y bastante salvaje, tambi\u00e9n es un buen lugar para hacer snorkeling desde la playa.<\/p>\n\n<h5 class=\"wp-block-heading\"><span style=\"color: #1e72bd;\"><strong>Punta Popy<\/strong><\/span><\/h5>\n\n<p>En Punta Popy, encontrar\u00e1s viento lateral, con el mar un poco ondulado. Es un buen lugar para practicar kitesurf en Rep\u00fablica Dominicana para niveles intermedios a avanzados, donde puedes navegar downwind y probar el hidrofoil. El lugar es f\u00e1cil de acceso, justo en el centro de la ciudad de Las Terrenas, con muchos restaurantes, bares y peque\u00f1os hoteles a su alrededor.<\/p>\n\n<p><a href=\"https:\/\/kitesurflasterrenas.com\/es\/kiteworld-escuela-kitesurf-republica-dominicana\/\" target=\"_blank\" rel=\"noopener\">Leer m\u00e1s sobre el kitesurf en Las Terrenas.<\/a><\/p>\n\n<h3 class=\"wp-block-heading\">Otras cosas que puedes hacer en Las Terrenas:<\/h3>\n\n<p>Hay muchas cosas que hacer en Las Terrenas si vienes con gente que no practican kitesurf, en d\u00edas de mal viento o por las ma\u00f1anas antes de que se levante el viento. Puedes hacer un <strong>excursi\u00f3n de medio d\u00eda caminando hasta la hermosa <a href=\"https:\/\/kitesurflasterrenas.com\/es\/excursion-salto-del-limon-samana\/\" target=\"_blank\" rel=\"noopener\">cascada El Lim\u00f3n<\/a><\/strong> y nadar en sus aguas cristalinas, hacer un viaje en bote para ver ballenas o explorar las cuevas Ta\u00ednas y la fauna local en el<a href=\"https:\/\/kitesurflasterrenas.com\/es\/excursion-parque-nacional-los-haitises\/\" target=\"_blank\" rel=\"noopener\"><strong> Parque Nacional Los Haitises.<\/strong><\/a><\/p>\n\n<p>En Las Terrenas, puedes ir a surfear por la ma\u00f1ana, pasar un rato relaj\u00e1ndote en la playa y aprender la bachata por la noche. Tambi\u00e9n puedes alquilar un veh\u00edculo todo terreno para dar un paseo divertido por la Ruta del Caf\u00e9 y descubrir la vida rural en la Rep\u00fablica Dominicana y probar la comida local.<\/p>\n\n<p>Descubre m\u00e1s <a href=\"https:\/\/kitesurflasterrenas.com\/es\/excursiones-tours-republica-dominicana\/\" target=\"_blank\" rel=\"noopener\">cosas que puedes hacer en Las Terrenas.<\/a><\/p>\n\n<h3 class=\"wp-block-heading\">2 &#8211; CABARETE<\/h3>\n\n<p>Cabarete es el mejor lugar para practicar kitesurf en la Rep\u00fablica Dominicana para wave riding con un incre\u00edble downwind en la playa Encuentro, donde puedes surfear en las olas cristalinas de la ma\u00f1ana que promedian 3 a 6 pies. El viento sopla entre 20 y 25 nudos desde el mediod\u00eda hasta las 6 de la tarde.<\/p>\n\n<p>Cabarete es un lugar perfecto para practicar kitesurf para los riders avanzados, ya que generalmente hay muchos kites en el aire y un shore break grande, lo que dificulta el aprendizaje para los nuevos kitesurfistas o para las personas que a\u00fan no dominan completamente el kitesurf.<\/p>\n\n<p>Cabarete es un lugar de kitesurf de renombre mundial donde a los kitesurfistas profesionales les gusta pasar el rato y practicar sus figuras de estilo libre. Las personas que saben hacer kitesurf bien se lo pasar\u00e1n en grande all\u00ed.<\/p>\n\n<h4 class=\"wp-block-heading\">Los mejores lugares para practicar el kitesurf en Cabarete:<\/h4>\n\n<ul class=\"wp-block-list\"><li><strong><b>R\u00edo La Boca:<\/b><\/strong> onshore viento, agua plana, nivel experto, downwind, sin estacionamiento, a 15 minutos del centro de la ciudad, sin hoteles alrededor.<\/li><li><strong>Playa Bozo:<\/strong> viento lateral, beach break s\u00faper agitado, todos niveles, hidrofoil, downwind, wave riding cerca del arrecife, estacionamiento en la ciudad, ubicado en el coraz\u00f3n del pueblo, hoteles, restaurantes y bares.<\/li><li><strong>Kite beach:<\/strong> viento lateral, nivel intermedio \/ experto, arrecife, hidrofoil, downwind, estacionamiento, hoteles, restaurantes.<\/li><li><strong>Bah\u00eda de Cabarete:<\/strong> tambi\u00e9n conocida como Cab Bay, el lugar m\u00e1s concurrido con un largo reef break, perfecto para atrapar olas, el \u00e1rea de lanzamiento est\u00e1 hacia la derecha, intente salir de all\u00ed una vez que estas en el agua si quieres evitar las multitudes.<\/li><\/ul>\n<h4 class=\"wp-block-heading\">Otras cosas que puedes hacer en Cabarete:<\/h4>\n\n<p>Cuando el viento no es lo suficientemente bueno para practicar kitesurf, hay muchas otras actividades para hacer y lugares para visitar alrededor de Cabarete. Cuando el oleaje no sea demasiado fuerte, puedes realizar una excursi\u00f3n en kayak o en stand-up paddle para pasar m\u00e1s tiempo en el agua. Por la ma\u00f1ana, prueba una clase de surf o practica tubing para pasar un d\u00eda divertido.<\/p>\n\n<p>Alrededor de Cabarete, si te gusta el trekking, camine por la exuberante <strong>jungla de Damajagua<\/strong> y b\u00e1\u00f1ate en una impresionante cascada para refrescarte y recargarte, disfrutando de la naturaleza, escuchando el canto de los p\u00e1jaros. Una actividad popular es caminar hasta la cima de la cascada m\u00e1s alta y simplemente saltar y nadar de cascada en cascada. Aseg\u00farate de ir con un gu\u00eda y empacar una bolsa seca para mantener sus pertenencias secas. Hay 27 cascadas en total, la mayor\u00eda de los recorridos solo lo llevan a trav\u00e9s de 7, ya que las 27 son solo para personas realmente en forma y muy motivadas.<\/p>\n\n<p>Otra casa que puedes hacer en Cabarete es visitar una finca de caf\u00e9, va a <strong>Cabarete Coffee Company<\/strong> para conocer la historia del caf\u00e9, c\u00f3mo se hace y visitar varias fincas de caf\u00e9 donde podr\u00e1s tostar, moler y preparar tu propia taza.<\/p>\n\n<p>Por \u00faltimo, pero no menos importante, puedes visitar <strong>Paradise Island y al Parque Nacional Montecristi<\/strong> y ver lagunas, manglares, aguas cristalinas, playas v\u00edrgenes y bonitos peces.<\/p>\n\n<div class=\"wp-block-image\"><figure class=\"aligncenter size-large is-resized\"><img decoding=\"async\" src=\"https:\/\/kitesurflasterrenas.com\/wp-content\/uploads\/2020\/01\/buen-hombre-800x600-1.jpg\" alt=\"Vista a&#xE9;rea de la playa de Buen Hombre. RD\" class=\"wp-image-4752\" width=\"609\" height=\"457\" srcset=\"https:\/\/kitesurflasterrenas.com\/wp-content\/uploads\/2020\/01\/buen-hombre-800x600-1.jpg 800w, https:\/\/kitesurflasterrenas.com\/wp-content\/uploads\/2020\/01\/buen-hombre-800x600-1-300x225.jpg 300w, https:\/\/kitesurflasterrenas.com\/wp-content\/uploads\/2020\/01\/buen-hombre-800x600-1-768x576.jpg 768w\" sizes=\"(max-width: 609px) 100vw, 609px\" \/><\/figure><\/div>\n\n<h3 class=\"wp-block-heading\">BUEN HOMBRE<\/h3>\n\n<p>Ubicada en la costa norte de la Rep\u00fablica Dominicana, cerca de la frontera con Hait\u00ed, Buen Hombre es una playa remota popular entre los kitesurfistas que buscan una aventura fuera de lo com\u00fan. Con un viento de 25 a 35 nudos durante todo el a\u00f1o, es una excelente alternativa a Cabarete y Las Terrenas si no hay viento all\u00ed o si visitas fuera de temporada.<\/p>\n\n<p><strong>Playa Buen Hombre es solo para kitesurfistas avanzados<\/strong>, ya que el agua es muy poco profunda, hay arrecifes en todas partes y las olas y las corrientes son bastante fuertes en este lado del Atl\u00e1ntico.<\/p>\n\n<p>Playa Buen Hombre es un peque\u00f1o pueblo de pescadores y est\u00e1 fuera de la ruta tur\u00edstica principal. Hay algunos restaurantes donde se puede degustar pescados y mariscos frescos, pero no hay hoteles. Es un viaje de 3 horas desde Cabarete, puedes hacer una excursi\u00f3n de un d\u00eda o traer equipo de campamento y pasar la noche en la playa. Hay un par de opciones de alojamiento en la ciudad m\u00e1s cercana, Montecristi.<\/p>\n\n<p><em><strong>Si te gustan las aventuras, hacer kitesurf en lugares salvajes, dormir en la playa con una carpa, este lugar es para ti.<\/strong><\/em><\/p>\n\n<div class=\"wp-block-image\"><figure class=\"aligncenter size-large is-resized\"><img decoding=\"async\" src=\"https:\/\/kitesurflasterrenas.com\/wp-content\/uploads\/2020\/01\/spot-uvero-alto.jpg\" alt=\"Kitesurf en Las Terrenas, Rep&#xFA;blica Dominicana\" class=\"wp-image-4753\" width=\"508\" height=\"508\" srcset=\"https:\/\/kitesurflasterrenas.com\/wp-content\/uploads\/2020\/01\/spot-uvero-alto.jpg 640w, https:\/\/kitesurflasterrenas.com\/wp-content\/uploads\/2020\/01\/spot-uvero-alto-300x300.jpg 300w, https:\/\/kitesurflasterrenas.com\/wp-content\/uploads\/2020\/01\/spot-uvero-alto-150x150.jpg 150w\" sizes=\"(max-width: 508px) 100vw, 508px\" \/><\/figure><\/div>\n\n<h3 class=\"wp-block-heading\">PUNTA CANA<\/h3>\n\n<p>Punta Cana no es un destino de kitesurf, podr\u00edas hacer kitesurf si tienes suerte y est\u00e1s all\u00ed entre noviembre y diciembre. Entonces puedes atrapar algo de viento creado por las depresiones invernales. Encontrar\u00e1s un poco m\u00e1s de viento subiendo alrededor de Uvero Alto. Tambi\u00e9n puedes visitar el parque de wake park ubicado en el centro de la ciudad, a 15 minutos del aeropuerto.<\/p>\n\n<p>Si planeas quedarte en Punta Cana y quieres aprender a hacer kitesurf o desarrollar tus habilidades, tendr\u00edas que organizar una excursi\u00f3n de un d\u00eda a Las Terrenas, el lugar de kitesurf m\u00e1s cercano a Punta Cana, o planear pasar unos d\u00edas all\u00ed.<\/p>\n\n<h4 class=\"wp-block-heading\">Spots de kitesurf en Punta Cana:<\/h4>\n\n<ul class=\"wp-block-list\"><li><strong>Playa Blanca:<\/strong> viento lateral, aguas poco profundas, arrecifes, nivel experto, cuota para acceder a la playa, estacionamiento, restaurantes, hoteles.<\/li><li><strong>Cabeza de Toro<\/strong>: viento lateral, aguas poco profundas, todo nivel, sin estacionamiento, hoteles.<\/li><li><strong>Uvero Alto:<\/strong> viento lateral, aguas poco profundas, todo nivel, sin estacionamiento.<\/li><\/ul>","protected":false},"excerpt":{"rendered":"<p>La Rep\u00fablica Dominicana es una de las islas m\u00e1s grandes del Caribe y ofrece algunos de los mejores y m\u00e1s hermosos lugares para practicar kitesurf en el mundo con incre\u00edbles condiciones de viento de diciembre hasta septiembre. Los lugares para practicar kitesurf en Rep\u00fablica Dominicana son f\u00e1cilmente accesibles &#8230; <a title=\"Los mejores spots de kitesurf en la Rep\u00fablica Dominicana\" class=\"read-more\" href=\"https:\/\/kitesurflasterrenas.com\/es\/spots-kitesurf-republica-dominicana\/\" aria-label=\"M\u00e1s en Los mejores spots de kitesurf en la Rep\u00fablica Dominicana\">Leer m\u00e1s<\/a><\/p>\n","protected":false},"author":2,"featured_media":4591,"parent":0,"menu_order":0,"comment_status":"closed","ping_status":"closed","template":"","meta":{"_joinchat":[],"footnotes":""},"class_list":{"0":"post-4832","1":"page","2":"type-page","3":"status-publish","4":"has-post-thumbnail","6":"resize-featured-image"},"_links":{"self":[{"href":"https:\/\/kitesurflasterrenas.com\/es\/wp-json\/wp\/v2\/pages\/4832","targetHints":{"allow":["GET"]}}],"collection":[{"href":"https:\/\/kitesurflasterrenas.com\/es\/wp-json\/wp\/v2\/pages"}],"about":[{"href":"https:\/\/kitesurflasterrenas.com\/es\/wp-json\/wp\/v2\/types\/page"}],"author":[{"embeddable":true,"href":"https:\/\/kitesurflasterrenas.com\/es\/wp-json\/wp\/v2\/users\/2"}],"replies":[{"embeddable":true,"href":"https:\/\/kitesurflasterrenas.com\/es\/wp-json\/wp\/v2\/comments?post=4832"}],"version-history":[{"count":5,"href":"https:\/\/kitesurflasterrenas.com\/es\/wp-json\/wp\/v2\/pages\/4832\/revisions"}],"predecessor-version":[{"id":4983,"href":"https:\/\/kitesurflasterrenas.com\/es\/wp-json\/wp\/v2\/pages\/4832\/revisions\/4983"}],"wp:featuredmedia":[{"embeddable":true,"href":"https:\/\/kitesurflasterrenas.com\/es\/wp-json\/wp\/v2\/media\/4591"}],"wp:attachment":[{"href":"https:\/\/kitesurflasterrenas.com\/es\/wp-json\/wp\/v2\/media?parent=4832"}],"curies":[{"name":"wp","href":"https:\/\/api.w.org\/{rel}","templated":true}]}}