{"id":4821,"date":"2021-03-15T17:02:34","date_gmt":"2021-03-15T21:02:34","guid":{"rendered":"https:\/\/kitesurflasterrenas.com\/clima-viento-pronotisco-republica-dominicana\/"},"modified":"2022-02-12T07:54:03","modified_gmt":"2022-02-12T11:54:03","slug":"clima-viento-pronotisco-republica-dominicana","status":"publish","type":"page","link":"https:\/\/kitesurflasterrenas.com\/es\/clima-viento-pronotisco-republica-dominicana\/","title":{"rendered":"Clima y viento en la Rep\u00fablica Dominicana"},"content":{"rendered":"<p>[vc_row][vc_column][vc_column_text]<\/p>\n<h2 style=\"text-align: center;\">VIENTO EN LA REP\u00daBLICA DOMINICANA<\/h2>\n<p>[\/vc_column_text][vc_empty_space][vc_row_inner content_placement=\u00bbmiddle\u00bb][vc_column_inner][vc_raw_html]PGNlbnRlcj48aWZyYW1lIHN0eWxlPSJ3aWR0aDogNTgwcHg7IGhlaWdodDogMjUwcHg7IiBzcmM9Imh0dHBzOi8vd2lkZ2V0LmhvbGZ1eS5jb20vP3N0YXRpb249MTMzMSZhbXA7c3U9a25vdHMmYW1wO3Q9QyZhbXA7bGFuZz1lbiZhbXA7bW9kZT1kZXRhaWxlZCIgZnJhbWVib3JkZXI9IjAiIG1hcmdpbndpZHRoPSIxIiBtYXJnaW5oZWlnaHQ9IjEiIHNjcm9sbGluZz0ibm8iPjwvaWZyYW1lPjwvY2VudGVyPg==[\/vc_raw_html][\/vc_column_inner][\/vc_row_inner][\/vc_column][\/vc_row][vc_row content_placement=\u00bbmiddle\u00bb][vc_column][vc_column_text]<\/p>\n<p style=\"text-align: center;\"><strong>VIENTO POR HORAS<\/strong><\/p>\n<p>[\/vc_column_text][vc_raw_html]PGNlbnRlcj48aWZyYW1lIHN0eWxlPSJ3aWR0aDogMTAwJTsgaGVpZ2h0OiAxNzBweDsiIHNyYz0iaHR0cHM6Ly93aWRnZXQuaG9sZnV5LmNvbS8\/c3RhdGlvbj0xMzMxJmFtcDtzdT1rbm90cyZhbXA7dD1DJmFtcDtsYW5nPWVuJmFtcDttb2RlPWF2ZXJhZ2VfaG91cmx5JmFtcDthdmdyb3dzPTMyIiBmcmFtZWJvcmRlcj0iMCIgbWFyZ2lud2lkdGg9IjEiIG1hcmdpbmhlaWdodD0iMSIgc2Nyb2xsaW5nPSJubyI+PC9pZnJhbWU+PC9jZW50ZXI+[\/vc_raw_html][\/vc_column][\/vc_row][vc_row][vc_column width=\u00bb1\/3&#8243;][vc_icon icon_fontawesome=\u00bbfas fa-sun\u00bb color=\u00bbpeacoc\u00bb size=\u00bbxl\u00bb align=\u00bbcenter\u00bb][vc_column_text]<\/p>\n<h3 class=\"styled-subtitle\" style=\"text-align: center;\">Buen clima todo el a\u00f1o<\/h3>\n<p>[\/vc_column_text][vc_column_text]La temporada alta, desde mediados de diciembre hasta mediados de septiembre, ofrece un clima soleado incre\u00edble con muy poca o ninguna lluvia y vientos alisios para refrescarte del clima c\u00e1lido.[\/vc_column_text][\/vc_column][vc_column width=\u00bb1\/3&#8243;][vc_icon icon_fontawesome=\u00bbfas fa-temperature-low\u00bb color=\u00bbpeacoc\u00bb size=\u00bbxl\u00bb align=\u00bbcenter\u00bb][vc_column_text]<\/p>\n<h3 class=\"styled-subtitle\" style=\"text-align: center;\">Excelentes vientos y temperaturas.<\/h3>\n<p>[\/vc_column_text][vc_column_text]Los vientos alisios soplan constantemente desde diciembre hasta mediados de septiembre. La temperatura del aire es de 30 \u00b0 C todo el a\u00f1o y la temperatura del agua es de 28 \u00b0 C, por lo que no es necesario llevar traje de neopreno.[\/vc_column_text][\/vc_column][vc_column width=\u00bb1\/3&#8243;][vc_icon icon_fontawesome=\u00bbfas fa-cloud-rain\u00bb color=\u00bbpeacoc\u00bb size=\u00bbxl\u00bb align=\u00bbcenter\u00bb][vc_column_text]<\/p>\n<h3 class=\"styled-subtitle\" style=\"text-align: center;\">Temporada baja \/ lluviosa: octubre a diciembre<\/h3>\n<p>[\/vc_column_text][vc_column_text]La \u201ctemporada de lluvias\u201d del Caribe, desde octubre hasta finales de diciembre, es muy d\u00e9bil y la mayor\u00eda de los huracanes toman un camino m\u00e1s al norte.[\/vc_column_text][\/vc_column][vc_column][vc_progress_bar values=\u00bb%5B%7B%22label%22%3A%22December%22%2C%22value%22%3A%2250%22%2C%22color%22%3A%22bar_orange%22%7D%2C%7B%22label%22%3A%22January%22%2C%22value%22%3A%2275%22%2C%22color%22%3A%22bar_green%22%7D%2C%7B%22label%22%3A%22February%22%2C%22value%22%3A%2290%22%2C%22color%22%3A%22bar_green%22%7D%2C%7B%22label%22%3A%22March%22%2C%22value%22%3A%2290%22%2C%22color%22%3A%22bar_green%22%7D%2C%7B%22label%22%3A%22APRIL%22%2C%22value%22%3A%2290%22%2C%22color%22%3A%22bar_green%22%7D%2C%7B%22label%22%3A%22MAY%22%2C%22value%22%3A%2250%22%2C%22color%22%3A%22bar_orange%22%7D%2C%7B%22label%22%3A%22june%22%2C%22value%22%3A%2270%22%2C%22color%22%3A%22bar_green%22%7D%2C%7B%22label%22%3A%22july%22%2C%22value%22%3A%22100%22%2C%22color%22%3A%22bar_green%22%7D%2C%7B%22label%22%3A%22AUGUST%22%2C%22value%22%3A%2280%22%2C%22color%22%3A%22bar_green%22%7D%2C%7B%22label%22%3A%22september%22%2C%22value%22%3A%2250%22%2C%22color%22%3A%22bar_orange%22%7D%2C%7B%22label%22%3A%22october%22%2C%22value%22%3A%2210%22%2C%22color%22%3A%22bar_red%22%7D%2C%7B%22label%22%3A%22november%22%2C%22value%22%3A%2210%22%2C%22color%22%3A%22bar_red%22%7D%5D\u00bb title=\u00bbEstad\u00edsticas de viento\u00bb units=\u00bb%\u00bb][\/vc_column][\/vc_row]<\/p>\n","protected":false},"excerpt":{"rendered":"<p>[vc_row][vc_column][vc_column_text] VIENTO EN LA REP\u00daBLICA DOMINICANA [\/vc_column_text][vc_empty_space][vc_row_inner content_placement=\u00bbmiddle\u00bb][vc_column_inner][vc_raw_html]PGNlbnRlcj48aWZyYW1lIHN0eWxlPSJ3aWR0aDogNTgwcHg7IGhlaWdodDogMjUwcHg7IiBzcmM9Imh0dHBzOi8vd2lkZ2V0LmhvbGZ1eS5jb20vP3N0YXRpb249MTMzMSZhbXA7c3U9a25vdHMmYW1wO3Q9QyZhbXA7bGFuZz1lbiZhbXA7bW9kZT1kZXRhaWxlZCIgZnJhbWVib3JkZXI9IjAiIG1hcmdpbndpZHRoPSIxIiBtYXJnaW5oZWlnaHQ9IjEiIHNjcm9sbGluZz0ibm8iPjwvaWZyYW1lPjwvY2VudGVyPg==[\/vc_raw_html][\/vc_column_inner][\/vc_row_inner][\/vc_column][\/vc_row][vc_row content_placement=\u00bbmiddle\u00bb][vc_column][vc_column_text] VIENTO POR HORAS [\/vc_column_text][vc_raw_html]PGNlbnRlcj48aWZyYW1lIHN0eWxlPSJ3aWR0aDogMTAwJTsgaGVpZ2h0OiAxNzBweDsiIHNyYz0iaHR0cHM6Ly93aWRnZXQuaG9sZnV5LmNvbS8\/c3RhdGlvbj0xMzMxJmFtcDtzdT1rbm90cyZhbXA7dD1DJmFtcDtsYW5nPWVuJmFtcDttb2RlPWF2ZXJhZ2VfaG91cmx5JmFtcDthdmdyb3dzPTMyIiBmcmFtZWJvcmRlcj0iMCIgbWFyZ2lud2lkdGg9IjEiIG1hcmdpbmhlaWdodD0iMSIgc2Nyb2xsaW5nPSJubyI+PC9pZnJhbWU+PC9jZW50ZXI+[\/vc_raw_html][\/vc_column][\/vc_row][vc_row][vc_column width=\u00bb1\/3&#8243;][vc_icon icon_fontawesome=\u00bbfas fa-sun\u00bb color=\u00bbpeacoc\u00bb size=\u00bbxl\u00bb align=\u00bbcenter\u00bb][vc_column_text] Buen clima todo el a\u00f1o [\/vc_column_text][vc_column_text]La temporada alta, desde mediados de diciembre hasta mediados de septiembre, ofrece un clima soleado incre\u00edble con muy poca o ninguna lluvia y vientos &#8230; <a title=\"Clima y viento en la Rep\u00fablica Dominicana\" class=\"read-more\" href=\"https:\/\/kitesurflasterrenas.com\/es\/clima-viento-pronotisco-republica-dominicana\/\" aria-label=\"M\u00e1s en Clima y viento en la Rep\u00fablica Dominicana\">Leer m\u00e1s<\/a><\/p>\n","protected":false},"author":2,"featured_media":0,"parent":0,"menu_order":0,"comment_status":"closed","ping_status":"closed","template":"","meta":{"_joinchat":[],"footnotes":""},"class_list":["post-4821","page","type-page","status-publish"],"_links":{"self":[{"href":"https:\/\/kitesurflasterrenas.com\/es\/wp-json\/wp\/v2\/pages\/4821","targetHints":{"allow":["GET"]}}],"collection":[{"href":"https:\/\/kitesurflasterrenas.com\/es\/wp-json\/wp\/v2\/pages"}],"about":[{"href":"https:\/\/kitesurflasterrenas.com\/es\/wp-json\/wp\/v2\/types\/page"}],"author":[{"embeddable":true,"href":"https:\/\/kitesurflasterrenas.com\/es\/wp-json\/wp\/v2\/users\/2"}],"replies":[{"embeddable":true,"href":"https:\/\/kitesurflasterrenas.com\/es\/wp-json\/wp\/v2\/comments?post=4821"}],"version-history":[{"count":13,"href":"https:\/\/kitesurflasterrenas.com\/es\/wp-json\/wp\/v2\/pages\/4821\/revisions"}],"predecessor-version":[{"id":6091,"href":"https:\/\/kitesurflasterrenas.com\/es\/wp-json\/wp\/v2\/pages\/4821\/revisions\/6091"}],"wp:attachment":[{"href":"https:\/\/kitesurflasterrenas.com\/es\/wp-json\/wp\/v2\/media?parent=4821"}],"curies":[{"name":"wp","href":"https:\/\/api.w.org\/{rel}","templated":true}]}}