{"id":4819,"date":"2021-03-15T16:53:30","date_gmt":"2021-03-15T20:53:30","guid":{"rendered":"https:\/\/kitesurflasterrenas.com\/alojamientos-las-terrenas\/"},"modified":"2021-03-15T20:57:10","modified_gmt":"2021-03-16T00:57:10","slug":"alojamientos-las-terrenas","status":"publish","type":"page","link":"https:\/\/kitesurflasterrenas.com\/es\/alojamientos-las-terrenas\/","title":{"rendered":"ALOJAMIENTOS EN LAS TERRENAS &#8211; RESERVE TU ESTANCIA AHORA!"},"content":{"rendered":"\n<p>KiteWorld puede ayudarte a reservar los mejores alojamientos en Las Terrenas, cerca de algunos de los mejores lugares para practicar el kitesurf en la Rep\u00fablica Dominicana, de acuerdo con tu presupuesto y lo que est\u00e1s buscando. No dudes en ponerte en contacto con nosotros y te ayudaremos a encontrar el alojamiento que mejor se adapte a ti, ocup\u00e1ndonos de todo, para que tengas una cosa menos de la que preocuparte.<\/p>\n\n<p>Las Terrenas es un lugar perfecto para ir de vacaciones, hay muchas cosas que hacer, lugares para descubrir y aventuras a vivir. Los alojamientos en Las Terrenas se adaptan a todos los presupuestos y estilos de viaje, ya sea que se trate de un grupo grande que busca alquilar una villa frente al mar, una pareja que busca un hotel rom\u00e1ntico o un mochilero que busca una cama barata en un albergue, te ayudamos a encontrar el lugar perfecto para ti.<\/p>\n\n<h2 class=\"styled-subtitle wp-block-heading\">RESERVA  LOS MEJORES ALOJAMIENTOS EN LAS TERRENAS<\/h2>\n\n<p>Para unas vacaciones sin preocupaciones, <strong>podemos organizar tu estad\u00eda en Las Terrenas<\/strong>, desde la recogida en el aeropuerto hasta la reserva de hoteles o villas. Te ayudaremos con todo lo que puedes necesitar.<\/p>\n\n<p>Hemos seleccionado cuidadosamente <strong>los mejores alojamientos en Las Terrenas,<\/strong> bas\u00e1ndonos en los servicios ofrecidos, la amabilidad del personal, la ubicaci\u00f3n, las comodidades y la satisfacci\u00f3n de los clientes. <strong>Hemos seleccionado solo los mejores hoteles, villas y apartamentos en alquiler<\/strong> para que puedes relajarte y no tener que preocuparte por nada.<\/p>\n\n<p>Cu\u00e9ntanos qu\u00e9 buscas y te reservaremos la mejor opci\u00f3n disponible seg\u00fan tu presupuesto. <strong>Garantizamos los mejores precios y trabajamos en estrecha colaboraci\u00f3n con los alojamientos que recomendamos.<\/strong><\/p>\n\n<p>En Las Terrenas encontrar\u00e1s una amplia gama de alojamientos para todos los gustos, como hostales para mochileros, hoteles rom\u00e1nticos, villas privadas frente al mar, resorts 5 estrellas todo incluido, etc.<\/p>\n\n<h2 class=\"wp-block-heading\">MEJORES HOTELES EN LAS TERRENAS<\/h2>\n\n<p>En Las Terrenas encontrar\u00e1s una amplia selecci\u00f3n de hoteles, desde hostales hasta resorts de 5 estrellas, con muchas opciones de todo incluido. Todos los alojamientos que ofrecemos est\u00e1n justo en los lugares para practicar kitesurf, y a unos 15 minutos del centro de la ciudad, donde encontrar\u00e1s muchos restaurantes, bares y tiendas de comestibles; ni siquiera necesitas alquilar un coche, todo est\u00e1 a poca distancia.<\/p>\n\n<div class=\"wp-block-columns is-layout-flex wp-container-core-columns-is-layout-9d6595d7 wp-block-columns-is-layout-flex\">\n<div class=\"wp-block-column is-layout-flow wp-block-column-is-layout-flow\" style=\"flex-basis:33.33%\">\n<div class=\"wp-block-image\"><figure class=\"aligncenter size-large\"><img decoding=\"async\" src=\"https:\/\/kitesurflasterrenas.com\/wp-content\/uploads\/2020\/01\/entr&#xE9;e-1024x768.jpeg\" alt=\"Hospedaje Afreeka Hotel en Las Terrenas, Rep&#xFA;blica Dominicana\" class=\"wp-image-1492\"\/><\/figure><\/div>\n<\/div>\n\n\n\n<div class=\"wp-block-column is-layout-flow wp-block-column-is-layout-flow\" style=\"flex-basis:66.66%\">\n<h3 class=\"wp-block-heading\"><a class=\"rank-math-link\" href=\"https:\/\/afreekabeachhotel.com\/\" target=\"_blank\" rel=\"noreferrer noopener\" aria-label=\"AFFREEKA HOTEL (opens in a new tab)\">AFFREEKA HOTEL<\/a><\/h3>\n\n\n\n<p>Justo frente a Punta Popy, uno de <a href=\"https:\/\/kitesurflasterrenas.com\/es\/spots-kitesurf-republica-dominicana\/\" target=\"_blank\" rel=\"noopener\">los mejores lugares para practicar kitesurf en Rep\u00fablica Dominicana,<\/a> Afreeka Hotel est\u00e1 a no m\u00e1s de 10 minutos a pie del centro de la ciudad. Con su playa, dos restaurantes, piscina y una opci\u00f3n de desayuno, es uno de los mejores alojamientos en Las Terrenas.<\/p>\n\n\n\n<p>All\u00ed encontrar\u00e1s varios bungalows con aire acondicionado, TV, caja de seguridad, dos pisos y una terraza privada para ver el atardecer. Los bungalows pueden alojar hasta cuatro personas. Tambi\u00e9n ofrecen literas en su dormitorio de 6 camas para viajeros en solitario, mochileros y viajeros con un presupuesto limitado.<\/p>\n\n\n\n<p>Si vienes en grupo o en familia numerosa, ofrecen un penthouse que puede alojar hasta 14 personas. Con 7 habitaciones que incluyen TV, aire acondicionado y ba\u00f1o privado, el penthouse incluye una terraza en la azotea, una cocina totalmente equipada, una sala de estar abierta y un jacuzzi. El penthouse tambi\u00e9n se puede dividir en dos para grupos m\u00e1s peque\u00f1os.<\/p>\n<\/div>\n<\/div>\n\n<div class=\"wp-block-columns is-layout-flex wp-container-core-columns-is-layout-9d6595d7 wp-block-columns-is-layout-flex\">\n<div class=\"wp-block-column is-layout-flow wp-block-column-is-layout-flow\" style=\"flex-basis:33.33%\">\n<div class=\"wp-block-image\"><figure class=\"aligncenter size-large\"><img fetchpriority=\"high\" decoding=\"async\" width=\"1024\" height=\"540\" src=\"https:\/\/kitesurflasterrenas.com\/wp-content\/uploads\/2020\/02\/all-inclusive-swimming-pool.jpg\" alt=\"Hotel todo incluido - Alojamiento en Las Terrenas, Rep&#xFA;blica Dominicana\" class=\"wp-image-4743\" srcset=\"https:\/\/kitesurflasterrenas.com\/wp-content\/uploads\/2020\/02\/all-inclusive-swimming-pool.jpg 1024w, https:\/\/kitesurflasterrenas.com\/wp-content\/uploads\/2020\/02\/all-inclusive-swimming-pool-300x158.jpg 300w, https:\/\/kitesurflasterrenas.com\/wp-content\/uploads\/2020\/02\/all-inclusive-swimming-pool-768x405.jpg 768w\" sizes=\"(max-width: 1024px) 100vw, 1024px\" \/><\/figure><\/div>\n<\/div>\n\n\n\n<div class=\"wp-block-column is-layout-flow wp-block-column-is-layout-flow\" style=\"flex-basis:66.66%\">\n<h3 class=\"wp-block-heading\"><a class=\"rank-math-link\" href=\"https:\/\/www.bahia-principe.com\/en\/resorts-in-dominican-republic\/resort-el-portillo\/\" target=\"_blank\" rel=\"noreferrer noopener\" aria-label=\"AFFREEKA HOTEL (opens in a new tab)\">BAHIA PRINCIPE GRAND- EL PORTILLO<\/a><\/h3>\n\n\n\n<p>Justo en la playa de El Portillo, otro lugar popular para practicar kitesurf en Las Terrenas, Bahia Principe Grand es un resort de 5 estrellas con todo incluido ubicado a 45 minutos a pie de la ciudad o a 10 minutos en autom\u00f3vil o scooter. Este resort todo incluido frente a la playa en Las Terrenas ofrece seis restaurantes, dos piscinas, un spa, un gimnasio, un \u00e1rea para ni\u00f1os, una sala de conferencias y cuatro tipos de habitaciones y suites.<\/p>\n<\/div>\n<\/div>\n\n<div class=\"wp-block-buttons is-content-justification-center is-layout-flex wp-block-buttons-is-layout-flex\">\n<div class=\"wp-block-button\"><a class=\"wp-block-button__link has-background\" href=\"https:\/\/kitesurflasterrenas.com\/es\/contacto\/\" style=\"background-color:#1a9edb\" target=\"_blank\" rel=\"noreferrer noopener\"><strong>CONT\u00c1CTANOS AHORA PARA RESERVAR SU ALOJAMIENTO EN LAS TERRENAS<\/strong><\/a><\/div>\n<\/div>\n\n<h2 class=\"wp-block-heading\">ALQUILA UNA VILLA PRIVADA EN LAS TERRENAS<\/h2>\n\n<p>Si quieres venir con toda tu familia a Las Terrenas, en grupo, o quieres privacidad, puedes alquilar una casa o apartamento en Las Terrenas. Podemos ayudarte a encontrar lo que est\u00e1s buscando, desde peque\u00f1os alquileres de vacaciones hasta villas de lujo completas con un chef, barman, sala de masajes, entrenador de gimnasio, amas de llaves &#8230; Estas son algunas de las opciones que ofrecemos, pero no dudas en contactarnos y encontraremos algo que se ajuste a tu presupuesto y a lo que buscas.<\/p>\n\n<p><\/p>\n\n<div class=\"wp-block-columns is-layout-flex wp-container-core-columns-is-layout-9d6595d7 wp-block-columns-is-layout-flex\">\n<div class=\"wp-block-column is-layout-flow wp-block-column-is-layout-flow\" style=\"flex-basis:33.33%\">\n<div class=\"wp-block-image\"><figure class=\"aligncenter size-large\"><img decoding=\"async\" width=\"1024\" height=\"505\" src=\"https:\/\/kitesurflasterrenas.com\/wp-content\/uploads\/2020\/01\/vue-drone-arrieretest-1024x505.jpg\" alt=\"Villa privada en Las Terrenas, Rep&#xFA;blica Dominicana\" class=\"wp-image-1503\" srcset=\"https:\/\/kitesurflasterrenas.com\/wp-content\/uploads\/2020\/01\/vue-drone-arrieretest-1024x505.jpg 1024w, https:\/\/kitesurflasterrenas.com\/wp-content\/uploads\/2020\/01\/vue-drone-arrieretest-300x148.jpg 300w, https:\/\/kitesurflasterrenas.com\/wp-content\/uploads\/2020\/01\/vue-drone-arrieretest-768x378.jpg 768w, https:\/\/kitesurflasterrenas.com\/wp-content\/uploads\/2020\/01\/vue-drone-arrieretest.jpg 1386w\" sizes=\"(max-width: 1024px) 100vw, 1024px\" \/><\/figure><\/div>\n<\/div>\n\n\n\n<div class=\"wp-block-column is-layout-flow wp-block-column-is-layout-flow\" style=\"flex-basis:66.66%\">\n<h3 class=\"wp-block-heading\">HILLTOP VILLA<\/h3>\n\n\n\n<p>Propiedad de lujo que ofrece una impresionante vista panor\u00e1mica al mar, ubicada en la cima de una colina frente a Playa Coson con una piscina infinita y 8 habitaciones.<\/p>\n\n\n\n<p>La casa ha sido dise\u00f1ada como un caser\u00edo. Cada hu\u00e9sped disfruta de la privacidad y libertad del local, con la ventaja de compartir amplias \u00e1reas comunes.<\/p>\n\n\n\n<p>El personal dominicano te cuidar\u00e1 muy bien (limpieza, cocina, entrega de comida, guarder\u00eda, masajes y m\u00e1s\u2026). La villa puede alojar hasta 16 personas. Situado en una zona tranquila, est\u00e1 a solo 5 minutos en coche de la playa y a 10 minutos del centro del pueblo.<\/p>\n<\/div>\n<\/div>\n\n<div class=\"wp-block-columns is-layout-flex wp-container-core-columns-is-layout-9d6595d7 wp-block-columns-is-layout-flex\">\n<div class=\"wp-block-column is-layout-flow wp-block-column-is-layout-flow\" style=\"flex-basis:33.33%\">\n<div class=\"wp-block-image\"><figure class=\"aligncenter size-large\"><img decoding=\"async\" width=\"1024\" height=\"768\" src=\"https:\/\/kitesurflasterrenas.com\/wp-content\/uploads\/2020\/01\/sunser-villa-del-mar-scaled-1024x768.jpg\" alt=\"Atardecer desde una villa de lujo, alojamiento en Las Terrenas, Rep&#xFA;blica Dominicana\" class=\"wp-image-1288\" srcset=\"https:\/\/kitesurflasterrenas.com\/wp-content\/uploads\/2020\/01\/sunser-villa-del-mar-scaled-1024x768.jpg 1024w, https:\/\/kitesurflasterrenas.com\/wp-content\/uploads\/2020\/01\/sunser-villa-del-mar-scaled-300x225.jpg 300w, https:\/\/kitesurflasterrenas.com\/wp-content\/uploads\/2020\/01\/sunser-villa-del-mar-scaled-768x576.jpg 768w, https:\/\/kitesurflasterrenas.com\/wp-content\/uploads\/2020\/01\/sunser-villa-del-mar-scaled-1536x1152.jpg 1536w, https:\/\/kitesurflasterrenas.com\/wp-content\/uploads\/2020\/01\/sunser-villa-del-mar-scaled-2048x1536.jpg 2048w\" sizes=\"(max-width: 1024px) 100vw, 1024px\" \/><\/figure><\/div>\n<\/div>\n\n\n\n<div class=\"wp-block-column is-layout-flow wp-block-column-is-layout-flow\" style=\"flex-basis:66.66%\">\n<h3 class=\"wp-block-heading\">VILLA DEL MAR<\/h3>\n\n\n\n<p>Una hermosa villa frente al mar dentro de una comunidad cerrada, Villa del Mar es un para\u00edso en la tierra. Disfrute de 21,500 pies cuadrados de \u00e1rea habitable, 13 habitaciones, una piscina con jacuzzi y muchas m\u00e1s comodidades y servicios para que su estad\u00eda en Las Terrenas sea relajante, alquilando esta villa todo incluido.<\/p>\n\n\n\n<p>Ubicado en Playa Coson, disfrutar\u00e1s de la calma y tranquilidad mientras est\u00e1s cerca del centro de la ciudad de Las Terrenas, donde encontrar\u00e1s muchos restaurantes, bares y actividades.<\/p>\n<\/div>\n<\/div>\n\n<div class=\"wp-block-columns is-layout-flex wp-container-core-columns-is-layout-9d6595d7 wp-block-columns-is-layout-flex\">\n<div class=\"wp-block-column is-layout-flow wp-block-column-is-layout-flow\" style=\"flex-basis:33.33%\">\n<figure class=\"wp-block-image size-large\"><img loading=\"lazy\" decoding=\"async\" width=\"700\" height=\"407\" src=\"https:\/\/kitesurflasterrenas.com\/wp-content\/uploads\/2021\/02\/La-Fenice-appartment-rentals-in-Las-Terrenas.jpg\" alt=\"La Fenice, renta de appartamientos en Las Terrenas\" class=\"wp-image-4744\" srcset=\"https:\/\/kitesurflasterrenas.com\/wp-content\/uploads\/2021\/02\/La-Fenice-appartment-rentals-in-Las-Terrenas.jpg 700w, https:\/\/kitesurflasterrenas.com\/wp-content\/uploads\/2021\/02\/La-Fenice-appartment-rentals-in-Las-Terrenas-300x174.jpg 300w\" sizes=\"(max-width: 700px) 100vw, 700px\" \/><\/figure><\/div>\n\n\n\n<div class=\"wp-block-column is-layout-flow wp-block-column-is-layout-flow\" style=\"flex-basis:66.66%\">\n<h3 class=\"wp-block-heading\">LA FENICE<\/h3>\n\n\n\n<p>Ubicado en Punta Poppy, en el coraz\u00f3n de Las Terrenas, La Fenice ofrece alquileres de apartamentos para hasta 4 personas en una residencia privada con piscina. El apartamento tiene una terraza con vista a la piscina, una cocina totalmente equipada y todo lo necesario para una relajante estad\u00eda en Las Terrenas.<\/p>\n\n\n\n<p>Es el lugar perfecto para familias peque\u00f1as o parejas que desean privacidad y su propio espacio. La ubicaci\u00f3n tambi\u00e9n es ideal, con todo accesible a poca distancia.<\/p>\n<\/div>\n<\/div>\n\n<div class=\"wp-block-buttons is-content-justification-center is-layout-flex wp-block-buttons-is-layout-flex\">\n<div class=\"wp-block-button\"><a class=\"wp-block-button__link has-background\" href=\"https:\/\/kitesurflasterrenas.com\/es\/contacto\/\" style=\"background-color:#1a9edb\" target=\"_blank\" rel=\"noreferrer noopener\"><strong>CONT\u00c1CTANOS AHORA PARA RESERVAR SU ALOJAMIENTO EN LAS TERRENAS<\/strong><\/a><\/div>\n<\/div>\n","protected":false},"excerpt":{"rendered":"<p>KiteWorld puede ayudarte a reservar los mejores alojamientos en Las Terrenas, cerca de algunos de los mejores lugares para practicar el kitesurf en la Rep\u00fablica Dominicana, de acuerdo con tu presupuesto y lo que est\u00e1s buscando. No dudes en ponerte en contacto con nosotros y te ayudaremos a &#8230; <a title=\"ALOJAMIENTOS EN LAS TERRENAS &#8211; RESERVE TU ESTANCIA AHORA!\" class=\"read-more\" href=\"https:\/\/kitesurflasterrenas.com\/es\/alojamientos-las-terrenas\/\" aria-label=\"M\u00e1s en ALOJAMIENTOS EN LAS TERRENAS &#8211; RESERVE TU ESTANCIA AHORA!\">Leer m\u00e1s<\/a><\/p>\n","protected":false},"author":2,"featured_media":4745,"parent":0,"menu_order":0,"comment_status":"closed","ping_status":"closed","template":"elementor_header_footer","meta":{"_joinchat":[],"footnotes":""},"class_list":{"0":"post-4819","1":"page","2":"type-page","3":"status-publish","4":"has-post-thumbnail","6":"resize-featured-image"},"_links":{"self":[{"href":"https:\/\/kitesurflasterrenas.com\/es\/wp-json\/wp\/v2\/pages\/4819","targetHints":{"allow":["GET"]}}],"collection":[{"href":"https:\/\/kitesurflasterrenas.com\/es\/wp-json\/wp\/v2\/pages"}],"about":[{"href":"https:\/\/kitesurflasterrenas.com\/es\/wp-json\/wp\/v2\/types\/page"}],"author":[{"embeddable":true,"href":"https:\/\/kitesurflasterrenas.com\/es\/wp-json\/wp\/v2\/users\/2"}],"replies":[{"embeddable":true,"href":"https:\/\/kitesurflasterrenas.com\/es\/wp-json\/wp\/v2\/comments?post=4819"}],"version-history":[{"count":5,"href":"https:\/\/kitesurflasterrenas.com\/es\/wp-json\/wp\/v2\/pages\/4819\/revisions"}],"predecessor-version":[{"id":4848,"href":"https:\/\/kitesurflasterrenas.com\/es\/wp-json\/wp\/v2\/pages\/4819\/revisions\/4848"}],"wp:featuredmedia":[{"embeddable":true,"href":"https:\/\/kitesurflasterrenas.com\/es\/wp-json\/wp\/v2\/media\/4745"}],"wp:attachment":[{"href":"https:\/\/kitesurflasterrenas.com\/es\/wp-json\/wp\/v2\/media?parent=4819"}],"curies":[{"name":"wp","href":"https:\/\/api.w.org\/{rel}","templated":true}]}}