{"id":4815,"date":"2021-03-15T15:04:21","date_gmt":"2021-03-15T19:04:21","guid":{"rendered":"https:\/\/kitesurflasterrenas.com\/como-llegar-las-terrenas-samana\/"},"modified":"2021-03-15T15:04:30","modified_gmt":"2021-03-15T19:04:30","slug":"como-llegar-las-terrenas-samana","status":"publish","type":"page","link":"https:\/\/kitesurflasterrenas.com\/es\/como-llegar-las-terrenas-samana\/","title":{"rendered":"VUELOS A LAS TERRENAS Y A LA REP\u00daBLICA DOMINICANA"},"content":{"rendered":"\n<p>Llegar a Las Terrenas es bastante f\u00e1cil, hay muchas conexiones de vuelos internacionales a la Rep\u00fablica Dominicana y moverse por el pa\u00eds tambi\u00e9n es bastante f\u00e1cil. No hay aeropuerto en Las Terrenas, pero aqu\u00ed se explica c\u00f3mo llegar a Las Terrenas desde los aeropuertos m\u00e1s cercanos:<\/p>\n\n<h2 class=\"wp-block-heading\">Vuelos a Las Terrenas<\/h2>\n\n<p><strong>El aeropuerto m\u00e1s cercano a Las Terrenas es Samana El Catey (AZS)<\/strong> que ofrece un par de vuelos internacionales a Toronto (YYZ), Montreal (YUL), Ottawa (YOW), y Frankfurt (FRA). Los vuelos a Las Terrenas son escasos y aterrizar en Saman\u00e1 no es siempre la mejor opci\u00f3n.<\/p>\n\n<p><strong>Lo m\u00e1s f\u00e1cil es tomar un vuelo hasta Santo Domingo,<\/strong> un de los aeropuertos m\u00e1s grande y el m\u00e1s cercano a Las Terrenas, con muchas m\u00e1s conexiones a\u00e9reas que en Saman\u00e1.<strong> Tambi\u00e9n puedes aterrizar en Punta Cana,<\/strong> no es el aeropuerto m\u00e1s cercano a Las Terrenas, pero es el m\u00e1s grande, y normalmente podr\u00e1s encontrar boletos m\u00e1s baratos, aunque te tomar\u00e1 4 horas llegar a Las Terrenas.<\/p>\n\n<h2 class=\"wp-block-heading\">\u00bfQu\u00e9 aerol\u00edneas vuelan a Saman\u00e1, Rep\u00fablica Dominicana?<\/h2>\n\n<ul class=\"wp-block-list\"><li>Air Canada<\/li><li>Air Transat<\/li><li>West Jet<\/li><li>Condor<\/li><\/ul>\n<p><em><strong>Vuelos a Las Terrenas desde Canad\u00e1:<\/strong><\/em><\/p>\n<div>Montr\u00e9al (YUL) a Samana (AZS) Air Canada\u00a0<a href=\"http:\/\/www.aircanada.com\/\" target=\"_blank\" rel=\"noopener noreferrer\" data-saferedirecturl=\"https:\/\/www.google.com\/url?q=http:\/\/www.aircanada.com&#038;source=gmail&#038;ust=1579804862125000&#038;usg=AFQjCNH7VOCTRx-HvCfcDM3DOL5cLjpssQ\">www.aircanada.com<\/a>, Air Transat\u00a0<a href=\"http:\/\/www.airtransat.com\/\" target=\"_blank\" rel=\"noopener noreferrer\" data-saferedirecturl=\"https:\/\/www.google.com\/url?q=http:\/\/www.airtransat.com&#038;source=gmail&#038;ust=1579804862125000&#038;usg=AFQjCNFqWbwOQHol1zN5lZo-4j-N8tu72A\">www.airtransat.com<\/a><\/div>\r\n<div>Toronto (YYZ) a Samana (AZS) Air Canada\u00a0<a href=\"http:\/\/www.aircanada.com\/\" target=\"_blank\" rel=\"noopener noreferrer\" data-saferedirecturl=\"https:\/\/www.google.com\/url?q=http:\/\/www.aircanada.com&#038;source=gmail&#038;ust=1579804862125000&#038;usg=AFQjCNH7VOCTRx-HvCfcDM3DOL5cLjpssQ\">www.aircanada.com<\/a>, Air Transat\u00a0<a href=\"http:\/\/www.airtransat.com\/\" target=\"_blank\" rel=\"noopener noreferrer\" data-saferedirecturl=\"https:\/\/www.google.com\/url?q=http:\/\/www.airtransat.com&#038;source=gmail&#038;ust=1579804862125000&#038;usg=AFQjCNFqWbwOQHol1zN5lZo-4j-N8tu72A\">www.airtransat.com<\/a>, WestJet\u00a0<a href=\"http:\/\/www.westjet.com\/\" target=\"_blank\" rel=\"noopener noreferrer\" data-saferedirecturl=\"https:\/\/www.google.com\/url?q=http:\/\/www.westjet.com&#038;source=gmail&#038;ust=1579804862125000&#038;usg=AFQjCNGQ5dl1fa9RcvMChswMLV2splm7Fg\">www.westjet.com<\/a><\/div>\r\n<div>Ottawa (YOW) a Samana (AZS) Air Transat\u00a0<a href=\"http:\/\/www.airtransat.com\/\" target=\"_blank\" rel=\"noopener noreferrer\" data-saferedirecturl=\"https:\/\/www.google.com\/url?q=http:\/\/www.airtransat.com&#038;source=gmail&#038;ust=1579804862125000&#038;usg=AFQjCNFqWbwOQHol1zN5lZo-4j-N8tu72A\">www.airtransat.com<\/a><\/div>\r\n<div>Quebec City (YQB) a Samana ( AZS) Air Transat\u00a0<a href=\"http:\/\/www.airtransat.com\/\" target=\"_blank\" rel=\"noopener noreferrer\" data-saferedirecturl=\"https:\/\/www.google.com\/url?q=http:\/\/www.airtransat.com&#038;source=gmail&#038;ust=1579804862125000&#038;usg=AFQjCNFqWbwOQHol1zN5lZo-4j-N8tu72A\">www.airtransat.com<\/a><\/div>\r\n<div>\u00a0<\/div>\r\n<div>\u00a0<\/div>\r\n<div><strong><em>Vuelos a Las Terrenas desde Alemania:<\/em><\/strong><\/div>\r\n<div>\u00a0<\/div>\r\n<div>Francfort (FRA) a Samana (AZS) Condor <a href=\"http:\/\/www.condor.com\" target=\"_blank\" rel=\"noopener\"><span class=\"s1\">www.condor.com<\/span><\/a><\/div>\r\n<div>\u00a0<\/div>\r\n\n<h2 class=\"wp-block-heading\">Vuelos a la Rep\u00fablica Dominicana<\/h2>\n\n<p>Llegar a la Rep\u00fablica Dominicana es bastante f\u00e1cil, hay dos aeropuertos principales con conexiones a\u00e9reas desde todo el mundo, y tienen vuelos a la mayor\u00eda de los principales destinos internacionales. Una vez all\u00ed, el pa\u00eds no es tan grande y las condiciones de la carretera son lo suficientemente buenas como para llegar r\u00e1pidamente a su destino.<\/p>\n\n<p>Tu mejor opci\u00f3n al considerar qu\u00e9 vuelos a Las Terrenas debes tomar es optar por aterrizar en Santo Domingo. Desde el aeropuerto, puedes tomar f\u00e1cilmente un taxi o tomar un autob\u00fas a Las Terrenas. Estar\u00e1s all\u00ed en menos de 2 horas.<\/p>\n\n<h3 class=\"wp-block-heading\">Vuelos a Santo Domingo:<\/h3>\n<div class=\"title-h6\"><em><strong>Desde EEUU:<\/strong><\/em><\/div>\r\n<div>\u00a0<\/div>\r\n<div>Miami FL (MIA) a Santo Domingo (SDQ) American Airlines\u00a0<a href=\"http:\/\/www.aa.com\/\" target=\"_blank\" rel=\"noopener noreferrer\" data-saferedirecturl=\"https:\/\/www.google.com\/url?q=http:\/\/www.aa.com&#038;source=gmail&#038;ust=1579804862125000&#038;usg=AFQjCNE3nL0P06axw2hSOTGCW7wISjyLhg\">www.aa.com<\/a><\/div>\r\n<div>New York (JFK) a Santo Domingo (SDQ) Delta Airlines\u00a0<a href=\"http:\/\/www.delta.com\/\" target=\"_blank\" rel=\"noopener noreferrer\" data-saferedirecturl=\"https:\/\/www.google.com\/url?q=http:\/\/www.delta.com&#038;source=gmail&#038;ust=1579804862125000&#038;usg=AFQjCNEHIuJgK3Qp4eA9_5SKUKgNyNUpZQ\">www.delta.com<\/a>, JetBlue\u00a0<a href=\"http:\/\/www.jetblue.com\/\" target=\"_blank\" rel=\"noopener noreferrer\" data-saferedirecturl=\"https:\/\/www.google.com\/url?q=http:\/\/www.jetblue.com&#038;source=gmail&#038;ust=1579804862125000&#038;usg=AFQjCNGzoq6XtJKALCNDqKGGlZ37MjIsyA\">www.jetblue.com<\/a><\/div>\r\n<div>Newark (EWR) a Santo Domingo (SDQ) United\u00a0<a href=\"http:\/\/www.united.com\/\" target=\"_blank\" rel=\"noopener noreferrer\" data-saferedirecturl=\"https:\/\/www.google.com\/url?q=http:\/\/www.united.com&#038;source=gmail&#038;ust=1579804862125000&#038;usg=AFQjCNHYuNSwlDysPu59LlD6KxpO2BDcYw\">www.united.com<\/a><\/div>\r\n<div>Atlanta (ATL) a Santo Domingo (SDQ) Delta Airlines\u00a0<a href=\"http:\/\/www.delta.com\/\" target=\"_blank\" rel=\"noopener noreferrer\" data-saferedirecturl=\"https:\/\/www.google.com\/url?q=http:\/\/www.delta.com&#038;source=gmail&#038;ust=1579804862125000&#038;usg=AFQjCNEHIuJgK3Qp4eA9_5SKUKgNyNUpZQ\">www.delta.com<\/a><\/div>\r\n<div>\u00a0<\/div>\r\n\n<p class=\"title-h6\"><strong><em>Desde Francia:<\/em><\/strong><\/p>\n<div>Paris (CDG) a Santo Domingo (SDQ) Air France <a href=\"http:\/\/www.airfrance.fr\" target=\"_blank\" rel=\"noopener\"><span class=\"s1\">www.airfrance.fr<\/span><\/a>, Delta Airlines <a href=\"http:\/\/www.delta.com\" target=\"_blank\" rel=\"noopener\"><span class=\"s1\">www.delta.com<\/span><\/a>, American Airlines <a href=\"http:\/\/www.aa.com\" target=\"_blank\" rel=\"noopener\"><span class=\"s1\">www.aa.com<\/span><\/a><\/div>\r\n<div>Paris (ORY) a Santo Domingo (SDQ) Air Caraibes <a href=\"http:\/\/www.aircaraibes.com\" target=\"_blank\" rel=\"noopener\"><span class=\"s1\">www.aircaraibes.com<\/span><\/a>, Ib\u00e9ria <a href=\"http:\/\/www.iberia.com\" target=\"_blank\" rel=\"noopener\"><span class=\"s1\">www.iberia.com<\/span><\/a>, Air Europa <a href=\"http:\/\/www.aireuropa.com\" target=\"_blank\" rel=\"noopener\"><span class=\"s1\">www.aireuropa.com<\/span><\/a><\/div>\r\n<div>Lyon (LYS) a Santo Domingo (SDQ) Ib\u00e9ria <a href=\"http:\/\/www.iberia.com\" target=\"_blank\" rel=\"noopener\"><span class=\"s1\">www.iberia.com<\/span><\/a>, Air France <a href=\"http:\/\/www.airfrance.com\" target=\"_blank\" rel=\"noopener\"><span class=\"s1\">www.airfrance.com<\/span><\/a><\/div>\r\n<div>Marseille (MRS) a Santo Domingo (SDQ) Ib\u00e9ria <a href=\"http:\/\/www.iberia.com\" target=\"_blank\" rel=\"noopener\"><span class=\"s1\">www.iberia.com<\/span><\/a>, Air France <a href=\"http:\/\/www.airfrance.com\" target=\"_blank\" rel=\"noopener\"><span class=\"s1\">www.airfrance.com<\/span><\/a><\/div>\r\n\n<p>Bordeaux (BOD) a Santo Domingo (SDQ) Ib\u00e9ria <a href=\"http:\/\/www.iberia.com\" target=\"_blank\" rel=\"noopener\"><span class=\"s1\">www.iberia.com<\/span><\/a>, Air France <a href=\"http:\/\/www.airfrance.com\" target=\"_blank\" rel=\"noopener\"><span class=\"s1\">www.airfrance.com<\/span><\/a><\/p>\n\n<p class=\"title-h6\"><strong><em>Desde B\u00e9lgica:<\/em><\/strong><\/p>\n\n<p>Bruselas (BRU) a Santo Domingo (SDQ) Tui Fly <a href=\"http:\/\/www.tuifly.be\" target=\"_blank\" rel=\"noopener\"><span class=\"s1\">www.tuifly.be<\/span><\/a><\/p>\n\n<p class=\"title-h6\"><em><strong>Desde Alemania:<\/strong><\/em><\/p>\n\n<p>Munich (MUC) a Santo Domingo (SDQ) Air Europa <a href=\"http:\/\/www.aireuropa.com\" target=\"_blank\" rel=\"noopener\"><span class=\"s1\">www.aireuropa.com<\/span><\/a>, Delta Airlines <a href=\"http:\/\/www.delta.com\" target=\"_blank\" rel=\"noopener\"><span class=\"s1\">www.delta.com<\/span><\/a>, Ib\u00e9ria <a href=\"http:\/\/www.iberia.com\" target=\"_blank\" rel=\"noopener\"><span class=\"s1\">www.iberia.com<\/span><\/a>, Air France <a href=\"http:\/\/www.airfrance.com\" target=\"_blank\" rel=\"noopener\"><span class=\"s1\">www.airfrance.com<\/span><\/a><\/p>\n\n<p class=\"title-h6\"><em><strong>Desde el Reino Unido:<\/strong><\/em><\/p>\n\n<p class=\"p1\">Londres (LHR) a Santo Domingo (SDQ) British Airways <a href=\"http:\/\/www.britishairways.com\" target=\"_blank\" rel=\"noopener\"><span class=\"s1\">www.britishairways.com<\/span><\/a>, Air Europa <a href=\"http:\/\/www.aireuropa.com\" target=\"_blank\" rel=\"noopener\"><span class=\"s1\">www.aireuropa.com<\/span><\/a>, Delta Airlines <a href=\"http:\/\/www.delta.com\" target=\"_blank\" rel=\"noopener\"><span class=\"s1\">www.delta.com<\/span><\/a>, Ib\u00e9ria <a href=\"http:\/\/www.iberia.com\" target=\"_blank\" rel=\"noopener\"><span class=\"s1\">www.iberia.com<\/span><\/a><\/p>\n\n<p class=\"title-h6\"><em><strong>Desde Espa\u00f1a:<\/strong><\/em><\/p>\n\n<p class=\"p1\">Madrid (MAD) a Santo Domingo (SDQ) Ib\u00e9ria <a href=\"http:\/\/www.iberia.com\" target=\"_blank\" rel=\"noopener\"><span class=\"s1\">www.iberia.com<\/span><\/a>, Air Europa <a href=\"http:\/\/www.aireuropa.com\" target=\"_blank\" rel=\"noopener\"><span class=\"s1\">www.aireuropa.com<\/span><\/a><\/p>\n\n<h2 class=\"wp-block-heading\">Como ir de Punta Cana a Las Terrenas<\/h2>\n\n<p>La opci\u00f3n m\u00e1s c\u00f3moda para ir de Punta Cana a Las Terrenas es contratar un conductor, te costar\u00e1 alrededor de 300 a 350 USD, si no viajas con un grupo grande, puedes encontrar f\u00e1cilmente personas para compartir el viaje contigo. Podemos ayudarte a organizar el transporte si lo necesitas, solo <a href=\"https:\/\/kitesurflasterrenas.com\/es\/contacto\/\" target=\"_blank\" rel=\"noopener\">cont\u00e1ctenos.<\/a><\/p>\n\n<p>Tambi\u00e9n hay autobuses p\u00fablicos que puedes tomar. Sin embargo, no hay rutas directas, tendr\u00e1s que cambiar de autob\u00fas cerca de Santo Domingo. Para llegar a la parada de autob\u00fas, toma un taxi desde el aeropuerto hasta <strong>la parada de autob\u00fas \u00abCruce de Veron\u00bb,<\/strong> la empresa que opera esta l\u00ednea de autob\u00fas es<strong> \u00abEspresso Bavaro\u00bb.<\/strong><\/p>\n\n<p><em>Horarios:<\/em> 7 am \u2013 9 am \u2013 11 am \u2013 1 pm \u2013 3 pm \u2013 4 pm (siempre lleno, compra tu boleto 30 min antes)<\/p>\n\n<p>B\u00e1jate del autob\u00fas antes de Santo Domingo, en la estaci\u00f3n de autobuses \u00ab<strong>Parada Samana<\/strong>\u00bb &#8211; la empresa que opera la l\u00ednea a Las Terrenas se llama \u00ab<strong>Transporte Las Terrenas<\/strong>\u00bb<\/p>\n\n<p><em>Horarios<\/em>: 8:50 am \u2013 9:50 am \u2013 11:20 am \u2013 2 pm \u2013 3:20 pm \u2013 6:20 pm<\/p>\n\n<h2 class=\"wp-block-heading\">Como ir de Santo Domingo a Las Terrenas<\/h2>\n\n<p>Dependiendo de la hora a la que aterrice tu vuelo, podr\u00eda ser m\u00e1s f\u00e1cil alquilar un autom\u00f3vil con conductor, ya que el \u00faltimo autob\u00fas del d\u00eda sale hacia Las Terrenas a las 6:20 p.m. Desde el aeropuerto, un taxi le costar\u00e1 alrededor de $150, tambi\u00e9n puedes encontrar f\u00e1cilmente personas que lleguen en el mismo vuelo que ti para compartir el taxi.<\/p>\n\n<p>Si vas a tomar el bus, desde el aeropuerto, toma un taxi hasta la parada de bus \u00ab<strong>Parada Samana<\/strong>\u00bb y toma el bus de la empresa \u00ab<strong>Transporte Las Terrenas<\/strong>\u00ab.<\/p>\n\n<p><em>Horarios:<\/em> 8:50 am \u2013 9:50 am \u2013 11:20 am \u2013 2 pm \u2013 3:20 pm \u2013 6:20 pm<\/p>\n\n<p>Tardar\u00e1s alrededor de 2 horas en llegar a Las Terrenas desde el aeropuerto de Santo Domingo.<\/p>\n","protected":false},"excerpt":{"rendered":"<p>Llegar a Las Terrenas es bastante f\u00e1cil, hay muchas conexiones de vuelos internacionales a la Rep\u00fablica Dominicana y moverse por el pa\u00eds tambi\u00e9n es bastante f\u00e1cil. No hay aeropuerto en Las Terrenas, pero aqu\u00ed se explica c\u00f3mo llegar a Las Terrenas desde los aeropuertos m\u00e1s cercanos: Vuelos a &#8230; <a title=\"VUELOS A LAS TERRENAS Y A LA REP\u00daBLICA DOMINICANA\" class=\"read-more\" href=\"https:\/\/kitesurflasterrenas.com\/es\/como-llegar-las-terrenas-samana\/\" aria-label=\"M\u00e1s en VUELOS A LAS TERRENAS Y A LA REP\u00daBLICA DOMINICANA\">Leer m\u00e1s<\/a><\/p>\n","protected":false},"author":2,"featured_media":4747,"parent":0,"menu_order":0,"comment_status":"closed","ping_status":"closed","template":"","meta":{"_joinchat":[],"footnotes":""},"class_list":{"0":"post-4815","1":"page","2":"type-page","3":"status-publish","4":"has-post-thumbnail","6":"resize-featured-image"},"_links":{"self":[{"href":"https:\/\/kitesurflasterrenas.com\/es\/wp-json\/wp\/v2\/pages\/4815","targetHints":{"allow":["GET"]}}],"collection":[{"href":"https:\/\/kitesurflasterrenas.com\/es\/wp-json\/wp\/v2\/pages"}],"about":[{"href":"https:\/\/kitesurflasterrenas.com\/es\/wp-json\/wp\/v2\/types\/page"}],"author":[{"embeddable":true,"href":"https:\/\/kitesurflasterrenas.com\/es\/wp-json\/wp\/v2\/users\/2"}],"replies":[{"embeddable":true,"href":"https:\/\/kitesurflasterrenas.com\/es\/wp-json\/wp\/v2\/comments?post=4815"}],"version-history":[{"count":3,"href":"https:\/\/kitesurflasterrenas.com\/es\/wp-json\/wp\/v2\/pages\/4815\/revisions"}],"predecessor-version":[{"id":4818,"href":"https:\/\/kitesurflasterrenas.com\/es\/wp-json\/wp\/v2\/pages\/4815\/revisions\/4818"}],"wp:featuredmedia":[{"embeddable":true,"href":"https:\/\/kitesurflasterrenas.com\/es\/wp-json\/wp\/v2\/media\/4747"}],"wp:attachment":[{"href":"https:\/\/kitesurflasterrenas.com\/es\/wp-json\/wp\/v2\/media?parent=4815"}],"curies":[{"name":"wp","href":"https:\/\/api.w.org\/{rel}","templated":true}]}}