{"id":4809,"date":"2021-03-15T14:10:21","date_gmt":"2021-03-15T18:10:21","guid":{"rendered":"https:\/\/kitesurflasterrenas.com\/republica-dominicana-las-terrenas\/"},"modified":"2021-03-15T14:11:06","modified_gmt":"2021-03-15T18:11:06","slug":"republica-dominicana-las-terrenas","status":"publish","type":"page","link":"https:\/\/kitesurflasterrenas.com\/es\/republica-dominicana-las-terrenas\/","title":{"rendered":"Sobre Las Terrenas y la Rep\u00fablica Dominicana"},"content":{"rendered":"<p>[vc_row][vc_column][vc_empty_space][\/vc_column][\/vc_row][vc_row][vc_column width=\u00bb1\/3&#8243;][vc_icon icon_fontawesome=\u00bbfas fa-money-bill-alt\u00bb color=\u00bbpeacoc\u00bb size=\u00bbxl\u00bb align=\u00bbcenter\u00bb][vc_column_text]<\/p>\n<h3 class=\"title-h4\" style=\"text-align: center;\">Moneda en la Rep\u00fablica Dominicana<\/h3>\n<p>[\/vc_column_text][vc_column_text]La moneda local utilizada es el peso dominicano. Puedes cambiar d\u00f3lares, euros y d\u00f3lares canadienses f\u00e1cilmente en Las Terrenas a un buen precio. Evites cambiar dinero en los aeropuertos ya que sus tarifas son terribles.<\/p>\n<p>Existen varios bancos y cajeros autom\u00e1ticos donde puedes retirar DOP con tu tarjeta de cr\u00e9dito con un cargo de alrededor de 200 pesos adem\u00e1s de tus comisiones bancarias. La mayor\u00eda de los lugares aceptan tarjetas de cr\u00e9dito, pero siempre guarda algo de efectivo por si acaso.[\/vc_column_text][\/vc_column][vc_column width=\u00bb1\/3&#8243;][vc_icon icon_fontawesome=\u00bbfas fa-plane-arrival\u00bb color=\u00bbpeacoc\u00bb size=\u00bbxl\u00bb align=\u00bbcenter\u00bb][vc_column_text]<\/p>\n<h3 class=\"title-h4\" style=\"text-align: center;\">Vuelos a la Rep\u00fablica Dominicana<\/h3>\n<p>[\/vc_column_text][vc_column_text]La Rep\u00fablica Dominicana tiene 2 aeropuertos internacionales importantes con conexiones a\u00e9reas desde todas partes del mundo. El aeropuerto m\u00e1s cercano a Las Terrenas es Samana El Catey (AZS), pero ofrece opciones de vuelo limitadas, lo mejor es aterrizar en Santo Domingo Las Am\u00e9ricas (SDQ). Desde all\u00ed, es un traslado de 2 horas desde el aeropuerto a Las Terrenas en autob\u00fas local, coche privado o taxi. Tambi\u00e9n puedes aterrizar en Punta Cana, pero tardar\u00e1s m\u00e1s en llegar a Las Terrenas.[\/vc_column_text][vc_btn title=\u00bbMAS INFORMACI\u00d3NES\u00bb color=\u00bbprimary\u00bb align=\u00bbcenter\u00bb link=\u00bburl:https%3A%2F%2Fkitesurflasterrenas.com%2Fgetting-to-las-terrenas-flights-bus-taxi%2F|title:VUELOS%20A%20LAS%20TERRENAS%20Y%20A%20LA%20REP%C3%9ABLICA%20DOMINICANA|target:_blank|\u00bb][\/vc_column][vc_column width=\u00bb1\/3&#8243;][vc_icon icon_fontawesome=\u00bbfas fa-hotel\u00bb color=\u00bbpeacoc\u00bb size=\u00bbxl\u00bb align=\u00bbcenter\u00bb][vc_column_text]<\/p>\n<h3 class=\"title-h4\" style=\"text-align: center;\">Hoteles en Las Terrenas<\/h3>\n<p>[\/vc_column_text][vc_column_text]En Las Terrenas encontrar\u00e1s multitud de opciones de alojamiento, como hoteles, villas privadas, airbnbs &#8230; Podemos ayudarte a encontrar el que mejor se adapte a ti. Reservar directamente con nosotros te garantizar\u00e1 el precio m\u00e1s bajo, con opciones cerca de los spots de kitesurf.<\/p>\n<p>Todos los hoteles y villas que ofrecemos para reservar est\u00e1n convenientemente ubicados cerca de la playa, restaurantes y bares. Tambi\u00e9n tenemos un par de ubicaciones m\u00e1s remotas si busca privacidad y algo de paz y tranquilidad.[\/vc_column_text][vc_btn title=\u00bbRESERVA AHORA\u00bb color=\u00bbprimary\u00bb align=\u00bbcenter\u00bb link=\u00bburl:https%3A%2F%2Fkitesurflasterrenas.com%2Faccommodations-in-las-terrenas%2F|title:VUELOS%20A%20LAS%20TERRENAS%20Y%20A%20LA%20REP%C3%9ABLICA%20DOMINICANA|target:_blank|\u00bb][\/vc_column][vc_column][\/vc_column][\/vc_row][vc_row][vc_column][vc_column_text]<\/p>\n<h2>VIENTO Y KITESURF EN REP\u00daBLICA DOMINICANA<\/h2>\n<p>&nbsp;[\/vc_column_text][vc_empty_space][\/vc_column][\/vc_row][vc_row][vc_column width=\u00bb1\/2&#8243;][vc_icon icon_fontawesome=\u00bbfas fa-wind\u00bb color=\u00bbgreen\u00bb size=\u00bbxl\u00bb align=\u00bbcenter\u00bb][vc_column_text]<\/p>\n<h3 class=\"title-h4\" style=\"text-align: center;\">VIENTO y CLIMA<\/h3>\n<p>[\/vc_column_text][vc_column_text]La mejor temporada para el kitesurf en Rep\u00fablica Dominicana es desde diciembre hasta septiembre, es cuando encontrar\u00e1s el mejor viento. Las Terrenas tiene un viento t\u00e9rmico s\u00faper constante (alrededor de 20 nudos) perfecto para todos los niveles.<\/p>\n<p>La temperatura del aire es de 30 \u00b0 C durante todo el a\u00f1o y la temperatura del agua de 28 \u00b0 C, por lo que no es necesario llevar traje de neopreno. Usualmente el clima es soleado con vientos alisios durante la temporada de kitesurf.[\/vc_column_text][vc_btn title=\u00bbESTAD\u00cdSTICAS DE VIENTO\u00bb color=\u00bbprimary\u00bb align=\u00bbcenter\u00bb link=\u00bburl:https%3A%2F%2Fkitesurflasterrenas.com%2Fdominican-republic-wind-waves-forecast%2F|title:VUELOS%20A%20LAS%20TERRENAS%20Y%20A%20LA%20REP%C3%9ABLICA%20DOMINICANA|target:_blank|\u00bb][\/vc_column][vc_column width=\u00bb1\/2&#8243;][vc_icon icon_fontawesome=\u00bbfas fa-map-marker-alt\u00bb color=\u00bbgreen\u00bb size=\u00bbxl\u00bb align=\u00bbcenter\u00bb][vc_column_text]<\/p>\n<h3 class=\"title-h4\" style=\"text-align: center;\">LOS SPOTS DE KITESURF<\/h3>\n<p>[\/vc_column_text][vc_column_text]La Rep\u00fablica Dominicana ofrece algunos de los mejores y m\u00e1s hermosos lugares para practicar kitesurf en el Caribe con incre\u00edbles condiciones de viento de diciembre a septiembre. Puede encontrar todo tipo de condiciones, desde aguas tranquilas con un viento constante de 20 nudos hasta un viento de 30 nudos con grandes olas.[\/vc_column_text][vc_btn title=\u00bbDESCUBRE LOS MEJORES SPOTS DE KITE\u00bb color=\u00bbprimary\u00bb align=\u00bbcenter\u00bb link=\u00bburl:https%3A%2F%2Fkitesurflasterrenas.com%2Fkitesurf-spots-dominican-republic-cabarete%2F|title:VUELOS%20A%20LAS%20TERRENAS%20Y%20A%20LA%20REP%C3%9ABLICA%20DOMINICANA|target:_blank|\u00bb][\/vc_column][\/vc_row][vc_row][vc_column][vc_column_text]<\/p>\n<h2>INFORMACIONES \u00daTILES SOBRE LA REP\u00daBLICA DOMINICANA<\/h2>\n<p><strong>DINERO<\/strong> Peso dominicano (RD $). Puedes cambiar d\u00f3lares, euros y d\u00f3lares canadienses.<br \/>\n<strong>IDIOMA:<\/strong> espa\u00f1ol. Se habla ingl\u00e9s en las zonas tur\u00edsticas.<br \/>\n<strong>DIFERENCIA HORARIA<\/strong> GMT &#8211; 5 horas<br \/>\n<strong>ELECTRICIDAD<\/strong> Corriente alterna de 110\/120 voltios, 60 hertz. Se recomienda un adaptador americano.<br \/>\n<strong>VACUNAS<\/strong> solo las comunes, nada especial.<br \/>\n<strong>VISA<\/strong> no se necesita visa para la mayor\u00eda de los pa\u00edses<br \/>\n<strong>TEL\u00c9FONO<\/strong> El c\u00f3digo de marcaci\u00f3n es +1. Es posible comprar una tarjeta SIM local para una conexi\u00f3n internet 3G en todas partes<br \/>\n<strong>CLIMA<\/strong> El clima es tropical con temperaturas alrededor de 28-30 grados. Temporada de lluvias desde septiembre hasta diciembre.<br \/>\n<strong>TEMPERATURA DEL AGUA<\/strong> no se necesita traje de neopreno mar alrededor de 28 \u00b0 C durante todo el a\u00f1o<br \/>\n<strong>VIENTO<\/strong> desde diciembre hasta septiembre, los mejores meses son febrero, marzo y abril en invierno y julio \/ agosto en verano.<br \/>\n<strong>OLAS<\/strong> desde octubre hasta el fin de marzo[\/vc_column_text][\/vc_column][\/vc_row][vc_row][vc_column][vc_column_text]<\/p>\n<h2>EXCURSIONES Y TOURS EN LAS TERRENAS<\/h2>\n<p>Hay muchas cosas que hacer en Las Terrenas y sus alrededores. Podemos organizar recorridos privados en la Pen\u00ednsula de Saman\u00e1 y m\u00e1s all\u00e1, desde tirolesa a trav\u00e9s de la jungla hasta nadar en una refrescante cascada, y todo lo dem\u00e1s.<\/p>\n<p>Si te gusta la naturaleza y quieres un poco de aventura, Las Terrenas te encantar\u00e1. Puedes hacer excursiones de un d\u00eda y excursiones de medio d\u00eda para visitar la pen\u00ednsula, realizar excursiones en barco (pesca, snorkel, playas remotas, avistamiento de ballenas &#8230;), pasar un rato relaj\u00e1ndote en la playa y, por supuesto, \u00a1<a href=\"https:\/\/kitesurflasterrenas.com\/es\/kiteworld-escuela-kitesurf-republica-dominicana\/\" target=\"_blank\" rel=\"noopener\">probar el kitesurf<\/a>![\/vc_column_text][vc_btn title=\u00bbDESCUBRE NUESTRAS EXCURSIONES\u00bb color=\u00bbprimary\u00bb align=\u00bbcenter\u00bb link=\u00bburl:https%3A%2F%2Fkitesurflasterrenas.com%2Fexcursions-tours-dominican-republic%2F|target:_blank|\u00bb][\/vc_column][\/vc_row]<\/p>\n","protected":false},"excerpt":{"rendered":"<p>[vc_row][vc_column][vc_empty_space][\/vc_column][\/vc_row][vc_row][vc_column width=\u00bb1\/3&#8243;][vc_icon icon_fontawesome=\u00bbfas fa-money-bill-alt\u00bb color=\u00bbpeacoc\u00bb size=\u00bbxl\u00bb align=\u00bbcenter\u00bb][vc_column_text] Moneda en la Rep\u00fablica Dominicana [\/vc_column_text][vc_column_text]La moneda local utilizada es el peso dominicano. Puedes cambiar d\u00f3lares, euros y d\u00f3lares canadienses f\u00e1cilmente en Las Terrenas a un buen precio. Evites cambiar dinero en los aeropuertos ya que sus tarifas son terribles. Existen &#8230; <a title=\"Sobre Las Terrenas y la Rep\u00fablica Dominicana\" class=\"read-more\" href=\"https:\/\/kitesurflasterrenas.com\/es\/republica-dominicana-las-terrenas\/\" aria-label=\"M\u00e1s en Sobre Las Terrenas y la Rep\u00fablica Dominicana\">Leer m\u00e1s<\/a><\/p>\n","protected":false},"author":2,"featured_media":4591,"parent":0,"menu_order":0,"comment_status":"closed","ping_status":"closed","template":"","meta":{"_joinchat":[],"footnotes":""},"class_list":{"0":"post-4809","1":"page","2":"type-page","3":"status-publish","4":"has-post-thumbnail","6":"resize-featured-image"},"_links":{"self":[{"href":"https:\/\/kitesurflasterrenas.com\/es\/wp-json\/wp\/v2\/pages\/4809","targetHints":{"allow":["GET"]}}],"collection":[{"href":"https:\/\/kitesurflasterrenas.com\/es\/wp-json\/wp\/v2\/pages"}],"about":[{"href":"https:\/\/kitesurflasterrenas.com\/es\/wp-json\/wp\/v2\/types\/page"}],"author":[{"embeddable":true,"href":"https:\/\/kitesurflasterrenas.com\/es\/wp-json\/wp\/v2\/users\/2"}],"replies":[{"embeddable":true,"href":"https:\/\/kitesurflasterrenas.com\/es\/wp-json\/wp\/v2\/comments?post=4809"}],"version-history":[{"count":5,"href":"https:\/\/kitesurflasterrenas.com\/es\/wp-json\/wp\/v2\/pages\/4809\/revisions"}],"predecessor-version":[{"id":4814,"href":"https:\/\/kitesurflasterrenas.com\/es\/wp-json\/wp\/v2\/pages\/4809\/revisions\/4814"}],"wp:featuredmedia":[{"embeddable":true,"href":"https:\/\/kitesurflasterrenas.com\/es\/wp-json\/wp\/v2\/media\/4591"}],"wp:attachment":[{"href":"https:\/\/kitesurflasterrenas.com\/es\/wp-json\/wp\/v2\/media?parent=4809"}],"curies":[{"name":"wp","href":"https:\/\/api.w.org\/{rel}","templated":true}]}}