{"id":4708,"date":"2021-03-12T10:01:19","date_gmt":"2021-03-12T14:01:19","guid":{"rendered":"https:\/\/kitesurflasterrenas.com\/precios\/"},"modified":"2025-11-21T09:18:15","modified_gmt":"2025-11-21T13:18:15","slug":"precios","status":"publish","type":"page","link":"https:\/\/kitesurflasterrenas.com\/es\/precios\/","title":{"rendered":"Precios &#8211; Cursos y alquiler de equipos"},"content":{"rendered":"\n<h3 class=\"wp-block-heading\">WINGFOILING LECCIONES &#8211; PRECIO ( usd )\u00a0<\/h3>\n\n<figure class=\"wp-block-table\"><table class=\"has-fixed-layout\"><tbody><tr><td class=\"has-text-align-left\" data-align=\"left\"><\/td><td class=\"has-text-align-center\" data-align=\"center\"><strong>PRIVADA ( 1 wing \/ 1 pers )<\/strong><\/td><td class=\"has-text-align-center\" data-align=\"center\"><strong>GROUPAL ( 1 wing \/ 2 pers )<\/strong><\/td><\/tr><tr><td class=\"has-text-align-left\" data-align=\"left\">Descubre 3h &#8211; ( 1 dia )<\/td><td class=\"has-text-align-center\" data-align=\"center\">240$<\/td><td class=\"has-text-align-center\" data-align=\"center\">180$ \/ pers<\/td><\/tr><tr><td class=\"has-text-align-left\" data-align=\"left\">Enganchado 6h &#8211; ( 3 dias ) <\/td><td class=\"has-text-align-center\" data-align=\"center\">450$<\/td><td class=\"has-text-align-center\" data-align=\"center\">330$ \/ pers<\/td><\/tr><tr><td class=\"has-text-align-left\" data-align=\"left\">Semana intensiva &#8211; ( 7 dias )<\/td><td class=\"has-text-align-center\" data-align=\"center\">850$<\/td><td class=\"has-text-align-center\" data-align=\"center\"><\/td><\/tr><\/tbody><\/table><\/figure>\n<div class=\"container\">\n<h3>CURSOS DE KITESURF &#8211; PRECIOS<\/h3>\n<table class=\"table\">\n<thead>\n<tr>\n<th><\/th>\n<th>PRIVADO ( 1 kite \/ 1 pers )<\/th>\n<th>GROUPO ( 1 kite \/ 2 pers )<\/th>\n<\/tr>\n<\/thead>\n<tbody>\n<tr>\n<td>INICIACI\u00d3N 15 MIN<\/td>\n<td style=\"text-align: center;\">\n<pre><b>GRATIS<\/b><\/pre>\n<\/td>\n<td style=\"text-align: center;\">\n<pre><b>GRATIS<\/b><\/pre>\n<\/td>\n<\/tr>\n<tr>\n<td>Discovery 3h<\/td>\n<td style=\"text-align: center;\">225$<\/td>\n<td style=\"text-align: center;\">150$ \/ pers<\/td>\n<\/tr>\n<tr>\n<td>Hooked 6h<\/td>\n<td style=\"text-align: center;\">420$<\/td>\n<td style=\"text-align: center;\">260$ \/ pers<\/td>\n<\/tr>\n<tr>\n<td>Semana intensiva<\/td>\n<td style=\"text-align: center;\">790$<\/td>\n<td style=\"text-align: center;\"><\/td>\n<\/tr>\n<\/tbody>\n<\/table>\n<pre><em>Certificaci\u00f3n en l\u00ednea despu\u00e9s de 6 horas de lecciones: vea el detalle de cada paquete<a href=\"https:\/\/kitesurflasterrenas.com\/es\/kitesurf-leccion-las-terrenas-republica-dominicana\/\" target=\"_blank\" rel=\"noopener\"> aqui&gt;&gt;<\/a><\/em><\/pre>\n<h3>ALQUILER DE EQUIPO DE KITESURF<\/h3>\n<table>\n<thead>\n<tr>\n<th><\/th>\n<th>SOLO TABLA<\/th>\n<th>EQUIPO COMPLETO<\/th>\n<th>SUPERVISI\u00d3N<\/th>\n<\/tr>\n<\/thead>\n<tbody>\n<tr>\n<td>2 HORAS<\/td>\n<td style=\"text-align: center;\">30$<\/td>\n<td style=\"text-align: center;\">70$<\/td>\n<td style=\"text-align: center;\">40$<\/td>\n<\/tr>\n<tr>\n<td>1 D\u00cdA<\/td>\n<td style=\"text-align: center;\">50$<\/td>\n<td style=\"text-align: center;\">90$<\/td>\n<td><\/td>\n<\/tr>\n<tr>\n<td>1 SEMANA<\/td>\n<td style=\"text-align: center;\">210$<\/td>\n<td style=\"text-align: center;\">420$<\/td>\n<\/tr>\n<\/tbody>\n<\/table>\n<\/div>\n<p><\/p>\n<table>\n<thead>\n<tr>\n<th><\/th>\n<th>HYDROFOIL<\/th>\n<\/tr>\n<\/thead>\n<tbody>\n<tr>\n<td>1 HORA<\/td>\n<td style=\"text-align: center;\">50$<\/td>\n<\/tr>\n<\/tbody>\n<\/table>\n<p><\/p>\n<h3>COACHING AVANZADO<\/h3>\n<p><\/p>\n<table>\n<thead>\n<tr>\n<th><\/th>\n<th>RADIO<\/th>\n<th>RADIO + VIDEO ( 1h debriefing )<\/th>\n<\/tr>\n<\/thead>\n<tbody>\n<tr>\n<td>1 HORA<\/td>\n<td style=\"text-align: center;\">90$<\/td>\n<td style=\"text-align: center;\">100$<\/td>\n<\/tr>\n<tr>\n<td>1 SEMANA<\/td>\n<td style=\"text-align: center;\">490$<\/td>\n<td style=\"text-align: center;\">590$<\/td>\n<td><\/td>\n<\/tr>\n<\/tbody>\n<\/table>\n<p><\/p>\n<h3>CURSOS DE KITE FOILING<\/h3>\n<p><\/p>\n<table>\n<thead>\n<tr>\n<th><\/th>\n<th>EQUIPO COMPLETO<\/th>\n<th>SOLO EL FOIL<\/th>\n<th>SOLO EL CURSO<\/th>\n<\/tr>\n<\/thead>\n<tbody>\n<tr>\n<td>1 HORA<\/td>\n<td style=\"text-align: center;\">90$<\/td>\n<td style=\"text-align: center;\">80$<\/td>\n<td style=\"text-align: center;\">70$<\/td>\n<\/tr>\n<tr>\n<td>3 D\u00cdAS<\/td>\n<td style=\"text-align: center;\">590$<\/td>\n<td><\/td>\n<\/tr>\n<\/tbody>\n<\/table>\n<p><\/p>\n<h3>CURSOS DE SURF<\/h3>\n\n<figure class=\"wp-block-table is-style-regular\"><table><tbody><tr><td><\/td><td class=\"has-text-align-center\" data-align=\"center\"><strong>CURSOS<\/strong><\/td><td class=\"has-text-align-center\" data-align=\"center\">ALQUILER DE TABLAS DE SURF<\/td><\/tr><tr><td>1 HORA<\/td><td class=\"has-text-align-center\" data-align=\"center\">30$<\/td><td class=\"has-text-align-center\" data-align=\"center\">10$<\/td><\/tr><tr><td>1 D\u00cdA<\/td><td class=\"has-text-align-center\" data-align=\"center\">&#8211;<\/td><td class=\"has-text-align-center\" data-align=\"center\">30$<\/td><\/tr><\/tbody><\/table><\/figure>\n\n<h3 class=\"wp-block-heading\">ALQUILER DE PADDLE Y KAYAK<\/h3>\n\n<figure class=\"wp-block-table\"><table><tbody><tr><td><\/td><td class=\"has-text-align-center\" data-align=\"center\"><strong>STAND UP PADDLE<\/strong><\/td><td class=\"has-text-align-center\" data-align=\"center\"><strong>STEP PADDLE<\/strong><\/td><td class=\"has-text-align-center\" data-align=\"center\"><strong>KAYAK<\/strong><\/td><\/tr><tr><td>1 HORA<\/td><td class=\"has-text-align-center\" data-align=\"center\">10$<\/td><td class=\"has-text-align-center\" data-align=\"center\">20$<\/td><td class=\"has-text-align-center\" data-align=\"center\">10$<\/td><\/tr><tr><td>1 D\u00cdA<\/td><td class=\"has-text-align-center\" data-align=\"center\">50$<\/td><td class=\"has-text-align-center\" data-align=\"center\">100$<\/td><td class=\"has-text-align-center\" data-align=\"center\">40$<\/td><\/tr><\/tbody><\/table><\/figure>\n","protected":false},"excerpt":{"rendered":"<p>WINGFOILING LECCIONES &#8211; PRECIO ( usd )\u00a0 PRIVADA ( 1 wing \/ 1 pers ) GROUPAL ( 1 wing \/ 2 pers ) Descubre 3h &#8211; ( 1 dia ) 240$ 180$ \/ pers Enganchado 6h &#8211; ( 3 dias ) 450$ 330$ \/ pers Semana intensiva &#8211; &#8230; <a title=\"Precios &#8211; Cursos y alquiler de equipos\" class=\"read-more\" href=\"https:\/\/kitesurflasterrenas.com\/es\/precios\/\" aria-label=\"M\u00e1s en Precios &#8211; Cursos y alquiler de equipos\">Leer m\u00e1s<\/a><\/p>\n","protected":false},"author":2,"featured_media":0,"parent":0,"menu_order":0,"comment_status":"closed","ping_status":"closed","template":"","meta":{"_joinchat":[],"footnotes":""},"class_list":["post-4708","page","type-page","status-publish"],"_links":{"self":[{"href":"https:\/\/kitesurflasterrenas.com\/es\/wp-json\/wp\/v2\/pages\/4708","targetHints":{"allow":["GET"]}}],"collection":[{"href":"https:\/\/kitesurflasterrenas.com\/es\/wp-json\/wp\/v2\/pages"}],"about":[{"href":"https:\/\/kitesurflasterrenas.com\/es\/wp-json\/wp\/v2\/types\/page"}],"author":[{"embeddable":true,"href":"https:\/\/kitesurflasterrenas.com\/es\/wp-json\/wp\/v2\/users\/2"}],"replies":[{"embeddable":true,"href":"https:\/\/kitesurflasterrenas.com\/es\/wp-json\/wp\/v2\/comments?post=4708"}],"version-history":[{"count":10,"href":"https:\/\/kitesurflasterrenas.com\/es\/wp-json\/wp\/v2\/pages\/4708\/revisions"}],"predecessor-version":[{"id":7234,"href":"https:\/\/kitesurflasterrenas.com\/es\/wp-json\/wp\/v2\/pages\/4708\/revisions\/7234"}],"wp:attachment":[{"href":"https:\/\/kitesurflasterrenas.com\/es\/wp-json\/wp\/v2\/media?parent=4708"}],"curies":[{"name":"wp","href":"https:\/\/api.w.org\/{rel}","templated":true}]}}