{"id":4636,"date":"2021-03-06T13:56:49","date_gmt":"2021-03-06T17:56:49","guid":{"rendered":"https:\/\/kitesurflasterrenas.com\/hydro-foil\/"},"modified":"2021-03-12T09:27:58","modified_gmt":"2021-03-12T13:27:58","slug":"hydro-foil","status":"publish","type":"page","link":"https:\/\/kitesurflasterrenas.com\/es\/hydro-foil\/","title":{"rendered":"Hydrofoil en Las Terrenas, Rep\u00fablica Dominicana"},"content":{"rendered":"\n<p>KiteWorld ofrece lecciones de hidrofoil y clases de iniciaci\u00f3n para kitesurfistas que quieran probar algo nuevo y desafiarse a s\u00ed mismos. Es muy divertido y lleva el kitesurf a un nivel completamente nuevo. Nuestros instructores certificados te ense\u00f1ar\u00e1n todos los aspectos b\u00e1sicos y de seguridad del kite foiling para que puedas probar este nuevo deporte durante sus vacaciones en Las Terrenas.<\/p>\n\n<h3 class=\"styled-subtitle wp-block-heading\"><strong>\u00a1Descubre el kitefoil en Las Terrenas!<\/strong><\/h3>\n\n<p>Un hidrofoil es b\u00e1sicamente un ala grande que se agrega debajo de un tipo especial de tabla de surf. Es bastante nuevo y comenz\u00f3 a ganar popularidad hace unos 10 a\u00f1os. Al principio, se utiliz\u00f3 principalmente para el esqu\u00ed acu\u00e1tico y los veleros, pero poco despu\u00e9s lleg\u00f3 al kitesurf. Hace que el barco o la tabla se eleve por encima del agua y gane velocidad.<\/p>\n\n<p>En 2014, <strong>la industria del kitesurf se dio cuenta de lo interesante que podr\u00eda ser a\u00f1adir un hydrofoil a un carcaj de kite, creando una forma completamente nueva de practicar el kitesurf.<\/strong><\/p>\n\n<p>El kitefoiling no requiere mucho viento, puedes empezar a hacerlo incluso con viento d\u00e9bil, y una vez que est\u00e1s arriba, flotas con apenas resistencia. Es un deporte incre\u00edble para las personas que son buenas en el kitesurf y quieren <strong>descubrir nuevas sensaciones<\/strong> y aprender una nueva habilidad. Es genial para las personas que aman el agua y est\u00e1n preparadas para un nuevo desaf\u00edo. Aprender a hacer kitefoil puede ser un poco complicado, pero una vez que lo dominas, es simplemente incre\u00edble.<\/p>\n\n<h3 class=\"wp-block-heading\">\u00a0<\/h3>\n\n<h3 class=\"wp-block-heading\">\u00a1Ahora es posible probar kitefoil en nuestro centro de kitesurf!<\/h3>\n\n<p>En <a href=\"https:\/\/kitesurflasterrenas.com\/es\/kiteworld-escuela-kitesurf-republica-dominicana\/\" target=\"_blank\" rel=\"noopener\">KiteWorld<\/a> creemos que nada es imposible, somos la \u00fanica escuela en Rep\u00fablica Dominicana que ofrece lecciones de hidrofoil. Hemos desarrollado un programa especial para ense\u00f1ar este nuevo deporte de forma segura y que te permitir\u00e1 mejorar y ver resultados r\u00e1pidamente.<\/p>\n\n<p><strong>El kite foiling es solo para riders avanzados.<\/strong> KiteWorld ofrece lecciones de hidrofoil utilizando una l\u00e1mina de ense\u00f1anza especial con un m\u00e1stil corto para una progresi\u00f3n m\u00e1s f\u00e1cil. Aprender el kite foiling es a menudo m\u00e1s dif\u00edcil de lo que parece y puede ser peligroso. No dude en contactarnos para cualquier consulta que puedes tener.<\/p>\n\n<p>Durante tu primera lecci\u00f3n, <strong>aprender\u00e1s acerca de los principios del hidrofoil, c\u00f3mo funciona, la f\u00edsica detr\u00e1s, para que una vez que est\u00e1s en el agua, comprendas mejor c\u00f3mo posicionarse.<\/strong><\/p>\n\n<p>Luego te ense\u00f1aremos las mejores condiciones para practicar el kite foiling y los <strong>aspectos de seguridad<\/strong> que debes conocer antes de salir al agua. <strong>Te ense\u00f1aremos c\u00f3mo meterte en el agua mientras haces body dragging con la tabla, c\u00f3mo iniciar desde el agua en la tabla y la forma correcta de montar y levantar el m\u00e1stil corto.<\/strong><\/p>\n\n<p>Una vez que la tabla est\u00e1 fuera del agua, el hidroplano entra en acci\u00f3n. Al principio, subir\u00e1s y bajar\u00e1s, saldr\u00e1s del agua y volver\u00e1s a caer hasta que te acostumbres, luego podr\u00e1s equilibrar tu peso y montar la tabla completamente afuera del agua.<\/p>\n\n<p><strong>Aprender\u00e1s:<\/strong><\/p>\n\n<ul class=\"wp-block-list\"><li>C\u00f3mo configurar el foil;<\/li><li>Aspectos de seguridad (caminar, body dragging);<\/li><li>C\u00f3mo empezar desde la agua con la tabla;<\/li><li>Montar y levantar el m\u00e1stil corto;<\/li><li>C\u00f3mo reducir la velocidad;<\/li><li>T\u00e9cnicas de riding;<\/li><\/ul>\n<p>Se recomienda tomar el paquete de 3 d\u00edas, o al menos 2 lecciones si realmente quieres aprender y dominar el kite foiling. Realmente es diferente al kitesurf, es un estilo de riding y un posicionamiento del cuerpo completamente nuevos que tendr\u00e1s que aprender. Una vez que lo dominas, es muy divertido.<\/p>\n\n<h3 class=\"wp-block-heading\">KITE HYDROFOIL CLASES &#8211; PRECIOS<\/h3>\n\n<figure class=\"wp-block-table\"><table><thead><tr><th>\u00a0<\/th><th>EQUIPO COMPLETO + CLASE<\/th><th>SOLO FOIL<\/th><th>SOLO CLASE<\/th><\/tr><\/thead><tbody><tr><td>1 HORA<\/td><td>150$<\/td><td>50$<\/td><td>100$<\/td><\/tr><tr><td>3 DIAS<\/td><td>590$<\/td><td>\u00a0<\/td><\/tr><\/tbody><\/table><\/figure>\n<div class=\"wp-block-buttons aligncenter is-layout-flex wp-block-buttons-is-layout-flex\">\n<div class=\"wp-block-button\"><a class=\"wp-block-button__link has-background\" href=\"https:\/\/kitesurflasterrenas.com\/es\/contacto\/\" style=\"background-color:#0071a1\"><strong>\u00bfLISTO PARA UN NUEVO RETO? \u00a1CONT\u00c1CTANOS AHORA!<\/strong><\/a><\/div>\n<\/div>\n","protected":false},"excerpt":{"rendered":"<p>KiteWorld ofrece lecciones de hidrofoil y clases de iniciaci\u00f3n para kitesurfistas que quieran probar algo nuevo y desafiarse a s\u00ed mismos. Es muy divertido y lleva el kitesurf a un nivel completamente nuevo. Nuestros instructores certificados te ense\u00f1ar\u00e1n todos los aspectos b\u00e1sicos y de seguridad del kite foiling &#8230; <a title=\"Hydrofoil en Las Terrenas, Rep\u00fablica Dominicana\" class=\"read-more\" href=\"https:\/\/kitesurflasterrenas.com\/es\/hydro-foil\/\" aria-label=\"M\u00e1s en Hydrofoil en Las Terrenas, Rep\u00fablica Dominicana\">Leer m\u00e1s<\/a><\/p>\n","protected":false},"author":2,"featured_media":4639,"parent":0,"menu_order":0,"comment_status":"closed","ping_status":"closed","template":"","meta":{"_joinchat":[],"footnotes":""},"class_list":{"0":"post-4636","1":"page","2":"type-page","3":"status-publish","4":"has-post-thumbnail","6":"resize-featured-image"},"_links":{"self":[{"href":"https:\/\/kitesurflasterrenas.com\/es\/wp-json\/wp\/v2\/pages\/4636","targetHints":{"allow":["GET"]}}],"collection":[{"href":"https:\/\/kitesurflasterrenas.com\/es\/wp-json\/wp\/v2\/pages"}],"about":[{"href":"https:\/\/kitesurflasterrenas.com\/es\/wp-json\/wp\/v2\/types\/page"}],"author":[{"embeddable":true,"href":"https:\/\/kitesurflasterrenas.com\/es\/wp-json\/wp\/v2\/users\/2"}],"replies":[{"embeddable":true,"href":"https:\/\/kitesurflasterrenas.com\/es\/wp-json\/wp\/v2\/comments?post=4636"}],"version-history":[{"count":3,"href":"https:\/\/kitesurflasterrenas.com\/es\/wp-json\/wp\/v2\/pages\/4636\/revisions"}],"predecessor-version":[{"id":4645,"href":"https:\/\/kitesurflasterrenas.com\/es\/wp-json\/wp\/v2\/pages\/4636\/revisions\/4645"}],"wp:featuredmedia":[{"embeddable":true,"href":"https:\/\/kitesurflasterrenas.com\/es\/wp-json\/wp\/v2\/media\/4639"}],"wp:attachment":[{"href":"https:\/\/kitesurflasterrenas.com\/es\/wp-json\/wp\/v2\/media?parent=4636"}],"curies":[{"name":"wp","href":"https:\/\/api.w.org\/{rel}","templated":true}]}}