{"id":4620,"date":"2021-03-06T13:03:04","date_gmt":"2021-03-06T17:03:04","guid":{"rendered":"https:\/\/kitesurflasterrenas.com\/clases-kitesurf-ninos\/"},"modified":"2021-03-26T10:00:12","modified_gmt":"2021-03-26T14:00:12","slug":"clases-kitesurf-ninos","status":"publish","type":"page","link":"https:\/\/kitesurflasterrenas.com\/es\/clases-kitesurf-ninos\/","title":{"rendered":"Clases de kitesurf para ni\u00f1os en le Rep\u00fablica Dominicana"},"content":{"rendered":"\n<h2 class=\"wp-block-heading\">Descubra el kitesurf para ni\u00f1os en uno de los mejores lugares del mundo para principiantes.<\/h2>\n\n<p><strong><a href=\"https:\/\/kitesurflasterrenas.com\/es\/kiteworld-escuela-kitesurf-republica-dominicana\/\" target=\"_blank\" rel=\"noopener\">KiteWorld Las Terrenas<\/a> ofrece clases de kitesurf para ni\u00f1os y adolescentes para que aprendan a hacer kitesurf a un ritmo adaptado y en condiciones adecuadas, con el equipo apropiado.<\/strong> \u00a1Nuestra escuela elegir\u00e1 las mejores condiciones clim\u00e1ticas, el lugar de aprendizaje y el equipo, de acuerdo con sus tama\u00f1os m\u00e1s peque\u00f1os y livianos, para que puedan aprender en perfectas condiciones!<\/p>\n\n<p>Usualmente, tratamos de agrupar las lecciones de los ni\u00f1os, reuni\u00e9ndolos para que est\u00e9n rodeados de otros ni\u00f1os y puedan aprender mientras se divierten.<\/p>\n\n<div class=\"wp-block-columns is-layout-flex wp-container-core-columns-is-layout-9d6595d7 wp-block-columns-is-layout-flex\">\n<div class=\"wp-block-column is-layout-flow wp-block-column-is-layout-flow\" style=\"flex-basis:100%\">\n<h2 class=\"wp-block-heading\">Kitesurf para ni\u00f1os &#8211; \u00bfA qu\u00e9 edad pueden empezar?<\/h2>\n<\/div>\n<\/div>\n\n<p>No hay una edad espec\u00edfica para empezar a aprender a hacer kitesurf, depende m\u00e1s del peso del ni\u00f1o. Debe pesar al menos 40 kg (alrededor de 90 libras), es decir, alrededor de 8 a 10 a\u00f1os. Tambi\u00e9n depende principalmente de su motivaci\u00f3n. Necesitan sentirse seguros en el agua y tambi\u00e9n tener buenas habilidades para nadar.<\/p>\n\n<h2 class=\"wp-block-heading\">Kitesurf para ni\u00f1os &#8211; \u00bfCu\u00e1les son las condiciones ideales (lugar, viento, agua &#8230;)?<\/h2>\n\n<p>Las Terrenas es un lugar perfecto para que los ni\u00f1os aprendan kitesurf, ya que no est\u00e1 lleno de gente. Las condiciones tambi\u00e9n son ideales con un viento alisio constante, alrededor de 20 nudos y aguas cristalinas planas y poco profundas.<\/p>\n\n<h2 class=\"wp-block-heading\">Kitesurf para ni\u00f1os &#8211; \u00bfQu\u00e9 equipo?<\/h2>\n\n<p>El equipo no var\u00eda mucho, comenzamos con un kite de 1 metro con l\u00edneas m\u00e1s cortas y usamos todo el equipo de seguridad (arneses, chalecos salvavidas y cascos)<\/p>\n\n<h2 class=\"wp-block-heading\">Kitesurf para ni\u00f1os &#8211; Nuestra pedagog\u00eda<\/h2>\n\n<p><br\/>Adem\u00e1s de un lugar elegido apropiadamente, condiciones de viento \u00f3ptimas y equipo adaptado, ense\u00f1ar kitesurf a los ni\u00f1os requiere una pedagog\u00eda adaptada.<\/p>\n\n<p>Los ni\u00f1os generalmente se cansan r\u00e1pidamente y no tienen el mismo enfoque que los adultos, en KiteWorld adaptamos nuestras lecciones para satisfacer las necesidades y temperamentos de los ni\u00f1os. Cada ni\u00f1o es diferente y requiere m\u00e9todos de ense\u00f1anza espec\u00edficos, <strong> nuestro personal est\u00e1 capacitado para adaptar las lecciones y el estilo de ense\u00f1anza a cada ni\u00f1o, para que se sientan seguros y aprendan mientras se divierten. <\/strong><\/p>\n\n<p>Las lecciones duran de 2,5 a 3 horas con muchos tiempos de descansos y tiempo para divertirse en el agua. El objetivo es hacerlos sentir seguros, ayudarlos a dominar los conceptos b\u00e1sicos del kitesurf y \u00a1que se diviertan!<\/p>\n\n<p><strong>Con m\u00e1s de 10 a\u00f1os de experiencia ense\u00f1ando kitesurf en la Rep\u00fablica Dominicana, Kiteworld ha desarrollado un m\u00e9todo de aprendizaje espec\u00edfico para ni\u00f1os peque\u00f1os.<\/strong> \u00a1El \u00fanico requisito previo importante es que deben sentirse c\u00f3modos en el agua con buenas habilidades para nadar!<\/p>\n\n<p><strong>No importa mucho la edad del alumno ya que evaluaremos su nivel de comprensi\u00f3n as\u00ed como su motivaci\u00f3n durante la iniciaci\u00f3n gratuita:<\/strong> volar un mini kite de 1 metro cuadrado en la playa con un viento suave. El \u00fanico l\u00edmite real para el kitesurf para ni\u00f1os es el peso del ni\u00f1o.<\/p>\n\n<div class=\"wp-block-image\"><figure class=\"aligncenter size-large is-resized\"><img fetchpriority=\"high\" decoding=\"async\" src=\"https:\/\/kitesurflasterrenas.com\/wp-content\/uploads\/2020\/06\/kitefam-scaled-1024x1024.jpg\" alt=\"kitesurf en familia en la Republica Dominicana\" class=\"wp-image-1711\" width=\"418\" height=\"418\" srcset=\"https:\/\/kitesurflasterrenas.com\/wp-content\/uploads\/2020\/06\/kitefam-scaled-1024x1024.jpg 1024w, https:\/\/kitesurflasterrenas.com\/wp-content\/uploads\/2020\/06\/kitefam-scaled-300x300.jpg 300w, https:\/\/kitesurflasterrenas.com\/wp-content\/uploads\/2020\/06\/kitefam-scaled-150x150.jpg 150w, https:\/\/kitesurflasterrenas.com\/wp-content\/uploads\/2020\/06\/kitefam-scaled-768x768.jpg 768w, https:\/\/kitesurflasterrenas.com\/wp-content\/uploads\/2020\/06\/kitefam-scaled-1536x1536.jpg 1536w, https:\/\/kitesurflasterrenas.com\/wp-content\/uploads\/2020\/06\/kitefam-scaled-2048x2048.jpg 2048w\" sizes=\"(max-width: 418px) 100vw, 418px\" \/><\/figure><\/div>\n\n<p>Nos complace mucho compartir nuestra pasi\u00f3n por el kitesurf con la nueva generaci\u00f3n que es el futuro de este deporte relativamente nuevo. Por eso les ofrecemos una gama de equipos adecuados para ellos con arneses, chalecos salvavidas y cascos en tallas para ni\u00f1os.<\/p>\n\n<p><strong>Para la ense\u00f1anza del kitesurf a los ni\u00f1os utilizamos kites con l\u00edneas m\u00e1s cortas que tienen muchas ventajas:<\/strong><\/p>\n\n<ul class=\"wp-block-list\"><li>Se genera mucha menos potencia porque el kite no tiene tiempo para acelerar;<\/li><li>Una aprehensi\u00f3n reducida de la altura de vuelo que normalmente es de 25 m;<\/li><li>Di\u00e1logo facilitado con el alumno para aprender con seguridad las delicadas maniobras de aterrizaje y despegue;<\/li><li>Proporciona un mayor margen de seguridad durante la lecci\u00f3n de activaci\u00f3n de los sistemas de seguridad en la playa;<\/li><\/ul>\n<p>La metodolog\u00eda se simplifica lo m\u00e1s posible para que los ejercicios sean divertidos sin demasiada explicaci\u00f3n te\u00f3rica con m\u00e1s \u00e9nfasis en el aprendizaje por error. Se prestar\u00e1 especial atenci\u00f3n durante el curso de kitesurf, donde el<a href=\"http:\/\/www.onelaunchkiteboarding.com\/ecoles-etranger\/republique-dominicaine-las-terrenas\/\" target=\"_blank\" rel=\"noopener\"> instructor certificado<\/a> siempre estar\u00e1 enganchado detr\u00e1s del joven estudiante hasta que se sienta seguro de s\u00ed mismo.<\/p>\n\n<div class=\"wp-block-buttons aligncenter is-layout-flex wp-block-buttons-is-layout-flex\">\n<div class=\"wp-block-button\"><a class=\"wp-block-button__link has-background\" href=\"https:\/\/kitesurflasterrenas.com\/es\/contacto\/\" style=\"background-color:#0071a1\"><strong>\u00a1CONT\u00c1CTENOS PARA M\u00c1S INFORMACI\u00d3N O PARA RESERVAR SU PRUEBA DE KITESURF GRATIS!<\/strong><\/a><\/div>\n<\/div>\n","protected":false},"excerpt":{"rendered":"<p>Descubra el kitesurf para ni\u00f1os en uno de los mejores lugares del mundo para principiantes. KiteWorld Las Terrenas ofrece clases de kitesurf para ni\u00f1os y adolescentes para que aprendan a hacer kitesurf a un ritmo adaptado y en condiciones adecuadas, con el equipo apropiado. \u00a1Nuestra escuela elegir\u00e1 las &#8230; <a title=\"Clases de kitesurf para ni\u00f1os en le Rep\u00fablica Dominicana\" class=\"read-more\" href=\"https:\/\/kitesurflasterrenas.com\/es\/clases-kitesurf-ninos\/\" aria-label=\"M\u00e1s en Clases de kitesurf para ni\u00f1os en le Rep\u00fablica Dominicana\">Leer m\u00e1s<\/a><\/p>\n","protected":false},"author":2,"featured_media":4624,"parent":0,"menu_order":0,"comment_status":"closed","ping_status":"closed","template":"","meta":{"_joinchat":[],"footnotes":""},"class_list":{"0":"post-4620","1":"page","2":"type-page","3":"status-publish","4":"has-post-thumbnail","6":"resize-featured-image"},"_links":{"self":[{"href":"https:\/\/kitesurflasterrenas.com\/es\/wp-json\/wp\/v2\/pages\/4620","targetHints":{"allow":["GET"]}}],"collection":[{"href":"https:\/\/kitesurflasterrenas.com\/es\/wp-json\/wp\/v2\/pages"}],"about":[{"href":"https:\/\/kitesurflasterrenas.com\/es\/wp-json\/wp\/v2\/types\/page"}],"author":[{"embeddable":true,"href":"https:\/\/kitesurflasterrenas.com\/es\/wp-json\/wp\/v2\/users\/2"}],"replies":[{"embeddable":true,"href":"https:\/\/kitesurflasterrenas.com\/es\/wp-json\/wp\/v2\/comments?post=4620"}],"version-history":[{"count":3,"href":"https:\/\/kitesurflasterrenas.com\/es\/wp-json\/wp\/v2\/pages\/4620\/revisions"}],"predecessor-version":[{"id":4631,"href":"https:\/\/kitesurflasterrenas.com\/es\/wp-json\/wp\/v2\/pages\/4620\/revisions\/4631"}],"wp:featuredmedia":[{"embeddable":true,"href":"https:\/\/kitesurflasterrenas.com\/es\/wp-json\/wp\/v2\/media\/4624"}],"wp:attachment":[{"href":"https:\/\/kitesurflasterrenas.com\/es\/wp-json\/wp\/v2\/media?parent=4620"}],"curies":[{"name":"wp","href":"https:\/\/api.w.org\/{rel}","templated":true}]}}