{"id":4601,"date":"2021-03-05T16:30:47","date_gmt":"2021-03-05T20:30:47","guid":{"rendered":"https:\/\/kitesurflasterrenas.com\/clases-kitesurf-terrenas-republica-dominicana\/"},"modified":"2025-06-29T11:41:14","modified_gmt":"2025-06-29T15:41:14","slug":"clases-kitesurf-terrenas-republica-dominicana","status":"publish","type":"page","link":"https:\/\/kitesurflasterrenas.com\/es\/clases-kitesurf-terrenas-republica-dominicana\/","title":{"rendered":"Clases de kitesurf en Las Terrenas, Rep\u00fablica Dominicana"},"content":{"rendered":"\n<h3 class=\"wp-block-heading styled-subtitle\"><strong>Kiteworld Las Terrenas ofrece las mejores clases de kitesurf en la Rep\u00fablica Dominicana&#13;\n<\/strong><\/h3>\n\n<p>Aprende a hacer kitesurf en las Rep\u00fablica Dominicana en uno de los m<a href=\"https:\/\/kitesurflasterrenas.com\/es\/spots-kitesurf-republica-dominicana\/\" target=\"_blank\" rel=\"noopener\">ejores lugares para practicar kitesurf<\/a> del mundo con nuestro equipo de instructores capacitados y certificados. Las Terrenas, en el coraz\u00f3n del Caribe, ofrece incre\u00edbles condiciones de viento para aprender kitesurf de diciembre a septiembre. Perfecto para principiantes, el lugar principal de kitesurf ofrece agua plana, viento constante y est\u00e1 lejos de las multitudes al contrario de Cabarete.<\/p>\n\n<h2 class=\"wp-block-heading\">Nuestros paquetes de clases de kitesurf:<\/h2>\n<div class=\"gb-grid-wrapper gb-grid-wrapper-11e9a45c\">\n<div class=\"gb-grid-column gb-grid-column-b6dddcba\"><div class=\"gb-container gb-container-b6dddcba\"><div class=\"gb-inside-container\">\n<div class=\"gb-container gb-container-b37d841c\"><div class=\"gb-inside-container\">\n\n<h4 class=\"wp-block-heading has-text-align-center\"><strong>DESCUBRIR<\/strong><br\/>3 horas &#8211; 1 dia<\/h4>\n\n\n\n<p class=\"has-text-align-center\">Si nunca antes has practicado ning\u00fan otro deporte acu\u00e1tico, puedes aprender kitesurf con nosotros y experimentar sensaciones incre\u00edbles y divertidas, en un entorno seguro.<br\/>\u00bfSolo en Las Terrenas por uno o dos d\u00edas? Con este paquete podr\u00e1s probar el kitesurf. Al final ser\u00e1 capaz de empezar desde el agua.<\/p>\n\n\n\n<p class=\"has-text-align-left\"><strong>El paquete incluye:<\/strong><\/p>\n\n\n\n<ul class=\"wp-block-list\">\n<li>1h de pilotaje en la arena<\/li>\n\n\n\n<li>1h of body dragging<\/li>\n\n\n\n<li>1h de water starts<\/li>\n\n\n\n<li>Perfecto para una tarde divertida<\/li>\n\n\n\n<li>lycra manga largas<\/li>\n<\/ul>\n\n\n\n<p class=\"has-text-align-center has-large-font-size\"><strong>$225<\/strong><\/p>\n\n<\/div><\/div>\n<\/div><\/div><\/div>\n\n<div class=\"gb-grid-column gb-grid-column-b9759731\"><div class=\"gb-container gb-container-b9759731\"><div class=\"gb-inside-container\">\n<div class=\"gb-container gb-container-6d4f22f7\"><div class=\"gb-inside-container\">\n\n<h4 class=\"wp-block-heading has-text-align-center\"><strong>ENGANCHADO<\/strong><br\/>6 horas &#8211; 3 dias<\/h4>\n\n\n\n<p class=\"has-text-align-center\">Esta es la mejor soluci\u00f3n si quieres independizarte y poder hacer kitesurf solo. Es la forma m\u00e1s r\u00e1pida, con un instructor privado. Despu\u00e9s de este curso, podr\u00e1s controlar tu kite de forma segura en cada situaci\u00f3n y montar la tabla. Recibir\u00e1s tu certificaci\u00f3n IKO.<\/p>\n\n\n\n<p><strong>El paquete incluye:<\/strong><\/p>\n\n\n\n<ul class=\"wp-block-list\">\n<li>Montaje de equipo, ventana de viento, despegue \/ aterrizaje<\/li>\n\n\n\n<li>Aprende el body drag, como rescatar la tabla y el water start<\/li>\n\n\n\n<li>Radio para una progresi\u00f3n mas rapida, lycra<\/li>\n<\/ul>\n\n\n\n<p class=\"has-text-align-center has-large-font-size\"><strong>$420<\/strong><\/p>\n\n<\/div><\/div>\n<\/div><\/div><\/div>\n\n<div class=\"gb-grid-column gb-grid-column-f9e9b9e2\"><div class=\"gb-container gb-container-f9e9b9e2\"><div class=\"gb-inside-container\">\n<div class=\"gb-container gb-container-087913ad\"><div class=\"gb-inside-container\">\n\n<h4 class=\"wp-block-heading has-text-align-center\"><strong>INTENSIVO<\/strong><br\/>7 d\u00edas<\/h4>\n\n\n\n<p class=\"has-text-align-center\">\u00bfQuieres aprender los conceptos b\u00e1sicos del kitesurf y m\u00e1s? Este paquete est\u00e1 hecho para los amantes del deporte que realmente quieren sumergirse profundamente en el kitesurf y aprender a montar como un profesional. Lo haremos completamente independiente y muy c\u00f3modo con la configuraci\u00f3n de su equipo. Al final del curso, obtendr\u00e1s tu certificaci\u00f3n IKO.<\/p>\n\n\n\n<p class=\"has-text-align-left\"><strong>El paquete incluye:<\/strong><\/p>\n\n\n\n<ul class=\"wp-block-list\">\n<li>8h de clase divido en 4 dias <\/li>\n\n\n\n<li>3 dias mas de alquiler con supervision<\/li>\n\n\n\n<li>Radio, lycra<\/li>\n<\/ul>\n\n\n\n<p class=\"has-text-align-center has-large-font-size\"><strong>$790<\/strong><\/p>\n\n<\/div><\/div>\n<\/div><\/div><\/div>\n<\/div>\n<div style=\"height:100px\" aria-hidden=\"true\" class=\"wp-block-spacer\"><\/div>\n\n<div class=\"wp-block-columns is-layout-flex wp-container-core-columns-is-layout-9d6595d7 wp-block-columns-is-layout-flex\">\n<div class=\"wp-block-column is-layout-flow wp-block-column-is-layout-flow\">\n<h4 class=\"wp-block-heading has-text-align-center\"><strong>CLASES EN GRUPO<\/strong><\/h4>\n\n\n\n<p class=\"has-text-align-center\">Ideal para familias o parejas que quieran tomar lecciones juntas. Estas clases de kitesurf le permitir\u00e1n aprender kitesurf mientras aprovecha los ahorros de las tarifas grupales. 2 estudiantes juntos compartiendo 1 equipo.<\/p>\n\n\n\n<p class=\"has-text-align-center has-large-font-size\"><strong>2 horas &#8211; 100$ \/ persona<\/strong><\/p>\n<\/div>\n\n\n\n<div class=\"wp-block-column is-layout-flow wp-block-column-is-layout-flow\">\n<h4 class=\"wp-block-heading has-text-align-center\"><strong>CLASES PARA NI\u00d1OS<\/strong><\/h4>\n\n\n\n<p class=\"has-text-align-center\">La primera lecci\u00f3n de kitesurf puede comenzar a los 8 a\u00f1os, principalmente depende de su peso y motivaci\u00f3n. Los ni\u00f1os que pesen m\u00e1s de 40 kilos (aproximadamente 90 libras) pueden comenzar a aprender a hacer kitesurf.<\/p>\n\n\n\n<p class=\"has-text-align-center has-large-font-size\"><strong>Prueba gratis<\/strong><\/p>\n<\/div>\n<\/div>\n\n<h2 class=\"wp-block-heading\">CLASES AVANZADAS<\/h2>\n\n<h3 class=\"wp-block-heading\"><strong>Aprende nuevos trucos de kitesurf o descubre el hidrofoil<\/strong><\/h3>\n\n<p>Somos la \u00fanica escuela en la Rep\u00fablica Dominicana afiliada a <a href=\"http:\/\/www.onelaunchkiteboarding.com\/\" target=\"_blank\" rel=\"noopener\">One Launch Kiteboarding<\/a>. Ense\u00f1amos a trav\u00e9s de m\u00e9todos especiales de coaching para optimizar los resultados mientras nos divertimos. Ofrecemos lecciones de calidad con radio y con video en c\u00e1mara lenta para analizar la forma en que conduces para establecer nuevas metas de acuerdo a tu nivel y corregir peque\u00f1os errores.<\/p>\n<div class=\"gb-grid-wrapper gb-grid-wrapper-37a6928a\">\n<div class=\"gb-grid-column gb-grid-column-4f3c0a89\"><div class=\"gb-container gb-container-4f3c0a89\"><div class=\"gb-inside-container\">\n<div class=\"gb-container gb-container-9e6ea422\"><div class=\"gb-inside-container\">\n\n<h4 class=\"wp-block-heading has-text-align-center\"><strong>HYDROFOIL<\/strong><\/h4>\n\n\n\n<p class=\"has-text-align-center\">Un hydro foil es un ala grande debajo de una especie de tabla de surf, agregada a tu carcaj de kite, lo que te da un impulso completamente nuevo.<\/p>\n\n\n\n<p class=\"has-text-align-center\">Solo para riders avanzados, probar el kitefoiling te desafiar\u00e1 y te har\u00e1 sentir nuevas sensaciones.<\/p>\n\n\n\n<p class=\"has-text-align-center\">KiteWorld ofrece lecciones de kitefoiling utilizando un foil con un m\u00e1stil corto para una progresi\u00f3n m\u00e1s f\u00e1cil.<\/p>\n\n\n\n<p class=\"has-text-align-center\"><strong><a class=\"rank-math-link\" href=\"https:\/\/kitesurflasterrenas.com\/es\/hydro-foil\/\" target=\"_blank\" rel=\"noreferrer noopener\" aria-label=\"Descubre el hydro foil. (opens in a new tab)\">Descubre el hydro foil.<\/a><\/strong><\/p>\n\n<\/div><\/div>\n<\/div><\/div><\/div>\n\n<div class=\"gb-grid-column gb-grid-column-72e00f0a\"><div class=\"gb-container gb-container-72e00f0a\"><div class=\"gb-inside-container\">\n<div class=\"gb-container gb-container-de1209dd\"><div class=\"gb-inside-container\">\n\n<h4 class=\"wp-block-heading has-text-align-center\"><strong>COACHING<\/strong><\/h4>\n\n\n\n<p class=\"has-text-align-center\">Estamos orgullosos de ser una escuela afiliada a <a href=\"http:\/\/www.onelaunchkiteboarding.com\/\" target=\"_blank\" rel=\"noopener\">ONE LAUNCH KITEBOARDING<\/a> y te ayudaremos a pasar al siguiente nivel. Empiece a saltar, a hacer giros de potencia, a cambiar de marcha o a retroceder y luego realice una sesi\u00f3n de entrenamiento avanzado uno a uno con un instructor de nivel 3. Primero, te filmamos en c\u00e1mara lenta para analizar tu t\u00e9cnica y establecer objetivos de aprendizaje para tu pr\u00f3xima sesi\u00f3n. Durante la lecci\u00f3n, te guiaremos con un walkie-talkie para una progresi\u00f3n m\u00e1s r\u00e1pida. Al final del d\u00eda, hacemos un debriefing para hablar sobre lo que has logrado y en lo que te puedes mejorar.<\/p>\n\n\n\n<p class=\"has-text-align-center has-large-font-size\"><strong>$90 \/ hours<\/strong><\/p>\n\n\n\n<p><\/p>\n\n<\/div><\/div>\n<\/div><\/div><\/div>\n\n<div class=\"gb-grid-column gb-grid-column-9967238c\"><div class=\"gb-container gb-container-9967238c\"><div class=\"gb-inside-container\">\n<div class=\"gb-container gb-container-ee0e1075\"><div class=\"gb-inside-container\">\n\n<h4 class=\"wp-block-heading has-text-align-center\"><strong>REFRESH<\/strong><\/h4>\n\n\n\n<p class=\"has-text-align-center\">Si ha pasado mucho tiempo desde la \u00faltima vez que practicaste kitesurf, te ayudaremos a refrescar tus habilidades.<\/p>\n\n\n\n<ul class=\"wp-block-list\">\n<li>2 horas de clase privada<\/li>\n\n\n\n<li>Ajustada a tu nivel y seg\u00fan tus deseos<\/li>\n\n\n\n<li>Radio para una progresi\u00f3n rapida <\/li>\n<\/ul>\n\n\n\n<p class=\"has-text-align-center has-large-font-size\">$150<\/p>\n\n\n\n<p><\/p>\n\n\n\n<p><\/p>\n\n<\/div><\/div>\n<\/div><\/div><\/div>\n<\/div>\n<p><\/p>\n<div class=\"wp-block-image wp-block-image aligncenter size-large is-resized\">\n<figure ><img fetchpriority=\"high\" decoding=\"async\" width=\"1024\" height=\"768\" src=\"https:\/\/kitesurflasterrenas.com\/wp-content\/uploads\/2021\/09\/kiteboarding-gear-dominican-republic-1024x768.jpg\" alt=\"equipo kitesurf republica dominicana\" class=\"wp-image-5485\" srcset=\"https:\/\/kitesurflasterrenas.com\/wp-content\/uploads\/2021\/09\/kiteboarding-gear-dominican-republic-1024x768.jpg 1024w, https:\/\/kitesurflasterrenas.com\/wp-content\/uploads\/2021\/09\/kiteboarding-gear-dominican-republic-300x225.jpg 300w, https:\/\/kitesurflasterrenas.com\/wp-content\/uploads\/2021\/09\/kiteboarding-gear-dominican-republic-768x576.jpg 768w, https:\/\/kitesurflasterrenas.com\/wp-content\/uploads\/2021\/09\/kiteboarding-gear-dominican-republic-1536x1152.jpg 1536w, https:\/\/kitesurflasterrenas.com\/wp-content\/uploads\/2021\/09\/kiteboarding-gear-dominican-republic-2048x1536.jpg 2048w\" sizes=\"(max-width: 1024px) 100vw, 1024px\" \/><\/figure>\n<\/div>\n<h2 class=\"wp-block-heading\">RENTA DE EQUIPO<\/h2>\n\n<p>Si eliges viajar ligero o simplemente quieres ahorrar en exceso de equipaje, puedes alquilar tu equipo de kitesurf aqu\u00ed en <a href=\"https:\/\/kitesurflasterrenas.com\/es\/kiteworld-escuela-kitesurf-republica-dominicana\/\" target=\"_blank\" rel=\"noopener\">KiteWorld Las Terrenas<\/a>. Tenemos las \u00faltimas kites y tablas de <a href=\"https:\/\/www.duotonesports.com\/\" target=\"_blank\" rel=\"noopener\">Duotone<\/a> disponibles para alquilar. Compra un paquete por un d\u00eda completo o por una semana con descuento que le da acceso a todos los tama\u00f1os de kites y tablas disponibles en nuestro centro de kites.<\/p>\n\n<p><strong><em>El alquiler de kites est\u00e1 disponible solo para kitesurfistas experimentados y los riders son responsables de todos los da\u00f1os causados \u200b\u200bal kite. \u00a0<\/em><\/strong><\/p>\n\n<p>La supervisi\u00f3n es para aquellos que no pueden permanecer upwind o que necesitan ayuda, o si tu instructor cree que no est\u00e1s listo para practicar solo. La supervisi\u00f3n incluye todo el equipo que necesitas m\u00e1s un asistente que se quedar\u00e1 contigo y te vigilar\u00e1 de cerca por tu seguridad.<\/p>\n\n<p>Todos los alquileres sin supervisi\u00f3n est\u00e1n sujetos a t\u00e9rminos y un dep\u00f3sito. Debes tener un nivel alto de autonom\u00eda y poder navegar upwind para alquilar sin supervisi\u00f3n.<\/p>\n\n<p>Si no tienes una tarjeta IKO Kiteboarder, se te puede dar una breve evaluaci\u00f3n.<\/p>\n","protected":false},"excerpt":{"rendered":"<p>Kiteworld Las Terrenas ofrece las mejores clases de kitesurf en la Rep\u00fablica Dominicana&#13; Aprende a hacer kitesurf en las Rep\u00fablica Dominicana en uno de los mejores lugares para practicar kitesurf del mundo con nuestro equipo de instructores capacitados y certificados. Las Terrenas, en el coraz\u00f3n del Caribe, ofrece &#8230; <a title=\"Clases de kitesurf en Las Terrenas, Rep\u00fablica Dominicana\" class=\"read-more\" href=\"https:\/\/kitesurflasterrenas.com\/es\/clases-kitesurf-terrenas-republica-dominicana\/\" aria-label=\"M\u00e1s en Clases de kitesurf en Las Terrenas, Rep\u00fablica Dominicana\">Leer m\u00e1s<\/a><\/p>\n","protected":false},"author":2,"featured_media":4602,"parent":0,"menu_order":0,"comment_status":"closed","ping_status":"closed","template":"","meta":{"_joinchat":[],"footnotes":""},"class_list":{"0":"post-4601","1":"page","2":"type-page","3":"status-publish","4":"has-post-thumbnail","6":"resize-featured-image"},"_links":{"self":[{"href":"https:\/\/kitesurflasterrenas.com\/es\/wp-json\/wp\/v2\/pages\/4601","targetHints":{"allow":["GET"]}}],"collection":[{"href":"https:\/\/kitesurflasterrenas.com\/es\/wp-json\/wp\/v2\/pages"}],"about":[{"href":"https:\/\/kitesurflasterrenas.com\/es\/wp-json\/wp\/v2\/types\/page"}],"author":[{"embeddable":true,"href":"https:\/\/kitesurflasterrenas.com\/es\/wp-json\/wp\/v2\/users\/2"}],"replies":[{"embeddable":true,"href":"https:\/\/kitesurflasterrenas.com\/es\/wp-json\/wp\/v2\/comments?post=4601"}],"version-history":[{"count":10,"href":"https:\/\/kitesurflasterrenas.com\/es\/wp-json\/wp\/v2\/pages\/4601\/revisions"}],"predecessor-version":[{"id":6391,"href":"https:\/\/kitesurflasterrenas.com\/es\/wp-json\/wp\/v2\/pages\/4601\/revisions\/6391"}],"wp:featuredmedia":[{"embeddable":true,"href":"https:\/\/kitesurflasterrenas.com\/es\/wp-json\/wp\/v2\/media\/4602"}],"wp:attachment":[{"href":"https:\/\/kitesurflasterrenas.com\/es\/wp-json\/wp\/v2\/media?parent=4601"}],"curies":[{"name":"wp","href":"https:\/\/api.w.org\/{rel}","templated":true}]}}