{"id":4579,"date":"2021-03-05T15:19:55","date_gmt":"2021-03-05T19:19:55","guid":{"rendered":"https:\/\/kitesurflasterrenas.com\/kiteworld-escuela-kitesurf-republica-dominicana\/"},"modified":"2022-02-12T07:46:13","modified_gmt":"2022-02-12T11:46:13","slug":"kiteworld-escuela-kitesurf-republica-dominicana","status":"publish","type":"page","link":"https:\/\/kitesurflasterrenas.com\/es\/kiteworld-escuela-kitesurf-republica-dominicana\/","title":{"rendered":"Bienvenidos a KiteWorld, escuela de kitesurf en Las Terrenas"},"content":{"rendered":"\n<p>Nuestra escuela de kitesurf en Rep\u00fablica Dominicana ofrece clases de kitesurf para principiantes, as\u00ed como coaching avanzado para aquellos que ya saben c\u00f3mo hacer kitesurf. Tambi\u00e9n alquilamos todo el material que necesitas para hacer kitesurf si no necesitas clases, con material de calidad de <strong>Duotone Kiteboarding e Ion Sport.<\/strong><\/p>\n\n<p>En nuestra escuela encontrar\u00e1s alquiler de tablas de paddle y surf, as\u00ed como clases de surf. Todos nuestros profesores est\u00e1n certificados y te ayudar\u00e1n a alcanzar tus metas mientras te diviertes.<\/p>\n\n<h2 class=\"wp-block-heading\">Kitesurfing en Las Terrenas:<\/h2>\n\n<p>Ubicado en la costa este de la Rep\u00fablica Dominicana, Las Terrenas est\u00e1 a solo 2 horas del lugar de kitesurf de fama mundial: Cabarete. Con vientos alisios constantes, agua c\u00e1lida y olas casi todo el a\u00f1o, Las Terrenas es el lugar ideal para practicar kitesurf, que seas un principiante que deseas aprender kitesurf o un kiteboarder experimentado que busque un entrenamiento avanzado.<\/p>\n\n<p>En Cabarete, a menudo te encontrar\u00e1s practicando kitesurf con m\u00e1s de 200 kites, mientras que en Las Terrenas, un peque\u00f1o pueblo de pescadores, es posible que tengas el mar para ti solo. En Las Terrenas, encontrar\u00e1s un lugar secreto dentro de una laguna con agua lisa y cristalina perfecta para todos los niveles. Las Terrenas es uno de los mejores lugares para practicar kitesurf en la Rep\u00fablica Dominicana.<\/p>\n\n<p>Tambi\u00e9n es un lugar perfecto para principiantes, ya que no est\u00e1 abarrotado y las condiciones del agua y del viento son \u00f3ptimas para aprender a practicar kitesurf.<\/p>\n\n<p>Las Terrenas es tambi\u00e9n un lugar perfecto para sus vacaciones, con muchas <a href=\"https:\/\/kitesurflasterrenas.com\/es\/excursiones-tours-republica-dominicana\/\" target=\"_blank\" rel=\"noopener\">atracciones y actividades naturales<\/a> que te mantendr\u00e1n ocupado. Tambi\u00e9n encontrar\u00e1s algunas de las mejores playas de la Rep\u00fablica Dominicana, con aguas cristalinas y cocoteros por todas partes.<\/p>\n\n<figure class=\"wp-block-image size-large\"><img fetchpriority=\"high\" decoding=\"async\" width=\"1024\" height=\"682\" src=\"https:\/\/kitesurflasterrenas.com\/wp-content\/uploads\/2021\/02\/Dominican-Republic-1.jpg\" alt=\"Kitesurf en la Republica Dominicana\" class=\"wp-image-4584\" srcset=\"https:\/\/kitesurflasterrenas.com\/wp-content\/uploads\/2021\/02\/Dominican-Republic-1.jpg 1024w, https:\/\/kitesurflasterrenas.com\/wp-content\/uploads\/2021\/02\/Dominican-Republic-1-300x200.jpg 300w, https:\/\/kitesurflasterrenas.com\/wp-content\/uploads\/2021\/02\/Dominican-Republic-1-768x512.jpg 768w\" sizes=\"(max-width: 1024px) 100vw, 1024px\" \/><\/figure>\n<div class=\"wp-block-buttons is-content-justification-center is-layout-flex wp-block-buttons-is-layout-flex\">\n<div class=\"wp-block-button is-style-fill\"><a class=\"wp-block-button__link has-white-color has-text-color has-background\" href=\"https:\/\/kitesurflasterrenas.com\/es\/contacto\/\" style=\"border-radius:20px;background-color:#1a9edb\" rel=\"https:\/\/kitesurflasterrenas.com\/contact\/\">\u00bfLISTO PARA VISITAR NUESTRO PARA\u00cdSO? &#8211; \u00a1CONT\u00c1CTANOS AHORA!<\/a><\/div>\n<\/div>\n\n<h2 class=\"wp-block-heading\">Nuestra escuela de kitesurf en la Rep\u00fablica Dominicana<\/h2>\n\n<ul class=\"wp-block-list\"><li>Instructores certificados con metodolog\u00eda de ense\u00f1anza optimizada de calidad y segura;<\/li><li>Hablamos ingl\u00e9s, franc\u00e9s, espa\u00f1ol y portugu\u00e9s;<\/li><li>Cursos con walkie-talkie para resultados r\u00e1pidos;<\/li><li>Ambiente amistoso;<\/li><\/ul>\n<p>Nuestra escuela de kitesurf, KiteWorld, fue creada en 2013 con la idea de impulsar a la comunidad local de kitesurf y llevar los m\u00e9todos de ense\u00f1anza al siguiente nivel. Antes de eso, los dominicanos involucrados en el kiteboarding eran ayudantes y no instructores, por eso comenzamos un programa de caridad para organizar un curso de instructor de alto nivel a un costo asequible para los locales.<\/p>\n\n<p>Aprendieron a ense\u00f1ar kitesurf correctamente, de acuerdo con los est\u00e1ndares de seguridad con un m\u00e9todo de prueba y error. El curso tambi\u00e9n incluye clases sobre la teor\u00eda del vuelo de cometas, las condiciones clim\u00e1ticas y la psicolog\u00eda de los estudiantes. El diploma de kitesurf que obtienen es reconocido en todo el mundo, dando a la gente local la oportunidad de salir de la Rep\u00fablica Dominicana y descubrir el mundo mientras dan lecciones de kitesurf.<\/p>\n\n<figure class=\"wp-block-image size-large\"><img decoding=\"async\" width=\"1024\" height=\"682\" src=\"https:\/\/kitesurflasterrenas.com\/wp-content\/uploads\/2021\/02\/PORTILLO-kitesurfing-spot-in-the-Dominican-Republic-1.jpg\" alt=\"PORTILLO, spot de kitesurf en la Republica Dominicana\" class=\"wp-image-4587\" srcset=\"https:\/\/kitesurflasterrenas.com\/wp-content\/uploads\/2021\/02\/PORTILLO-kitesurfing-spot-in-the-Dominican-Republic-1.jpg 1024w, https:\/\/kitesurflasterrenas.com\/wp-content\/uploads\/2021\/02\/PORTILLO-kitesurfing-spot-in-the-Dominican-Republic-1-300x200.jpg 300w, https:\/\/kitesurflasterrenas.com\/wp-content\/uploads\/2021\/02\/PORTILLO-kitesurfing-spot-in-the-Dominican-Republic-1-768x512.jpg 768w\" sizes=\"(max-width: 1024px) 100vw, 1024px\" \/><\/figure>\n<p>KiteWorld es m\u00e1s que una escuela de kitesurf cl\u00e1sica, con clases de kitesurf ense\u00f1ando a nuevos estudiantes. Nuestro objetivo es compartir nuestra pasi\u00f3n por este incre\u00edble deporte y hacerlo accesible y asequible para todos.<\/p>\n\n<p><strong>Kiteworld Las Terrenas ofrece clases de kitesurf y alquiler de equipos en la Rep\u00fablica Dominicana, ofreciendo lo \u00faltimo y lo mejor en equipo de Duotone Kiteboarding e Ion sport.<\/strong><\/p>\n\n<p>Kiteworld Las Terrenas es orgulloso de ser parte de la comunidad de <a href=\"http:\/\/www.onelaunchkiteboarding.com\" target=\"_blank\" rel=\"noopener\">One Launch Kiteboarding<\/a>. Esta red te ofrece una lista de escuelas de kitesurf de calidad en todo el mundo con estrictas condiciones de ense\u00f1anza. Adem\u00e1s, tienes acceso gratuito a <a href=\"https:\/\/www.youtube.com\/watch?v=DLWpfzTfYQE&amp;list=PLPwaCfpntpbr9-nf4BjrzEYv91XZqtMkN\" target=\"_blank\" rel=\"noopener\">video tutoriales de kitesurf<\/a> para perfeccionar tus conocimientos y mejorar tu nivel. \u00a1Obt\u00e9n tu certificaci\u00f3n de kitesurf al final de tu curso de kitesurf!<\/p>\n\n<p>No olvide completar el <a href=\"https:\/\/docs.google.com\/forms\/d\/e\/1FAIpQLSfjGX1bsoPQ9rC7ZORnr_8-IS87cVfBqBBVUWhLFzlfdhc46w\/viewform\" target=\"_blank\" rel=\"noopener\">formulario OLK<\/a> despu\u00e9s de tu lecci\u00f3n para mantener la calidad.<\/p>\n\n<p>M\u00e1s que una escuela de kitesurf, tambi\u00e9n ofrecemos lecciones y alquiler de equipos para una amplia gama de deportes acu\u00e1ticos. Damos <a href=\"https:\/\/kitesurflasterrenas.com\/es\/escuela-surf-las-terrenas-republica-dominicana\/\" target=\"_blank\" rel=\"noopener\">clases de surf<\/a>, adem\u00e1s de alquiler de tablas de surf y de paddleboards. Nuestra escuela tambi\u00e9n puede ayudarte a encontrar un <a href=\"https:\/\/kitesurflasterrenas.com\/es\/alojamientos-las-terrenas\/\" target=\"_blank\" rel=\"noopener\">hotel o una villa privada<\/a> dentro de tu presupuesto, y organizar <a href=\"https:\/\/kitesurflasterrenas.com\/es\/excursiones-tours-republica-dominicana\/\" target=\"_blank\" rel=\"noopener\">actividades y excursiones<\/a> para cuando no estas en el agua, para que puedas tener unas vacaciones sin preocupaciones en la Rep\u00fablica Dominicana. No dudas en contactarnos para obtener m\u00e1s informaci\u00f3n o para cualquier consulta sobre su viaje a Las Terrenas.<\/p>\n\n<p>Para las personas que est\u00e1n realmente interesadas en el kitesurf, ofrecemos <a class=\"rank-math-link\" href=\"https:\/\/kitesurflasterrenas.com\/es\/crucero-kitesurf-republica-dominicana\/\" target=\"_blank\" rel=\"noreferrer noopener\" aria-label=\"cruceros de kitesurf (opens in a new tab)\">cruceros de kitesurf<\/a> &#8211; pasa una semana practicando kitesurf desde nuestro catamar\u00e1n, llegando a lugares \u00e9picos de kitesurf que no se pueden alcanzar desde la playa.<\/p>\n\n<div class=\"wp-block-buttons is-content-justification-center is-layout-flex wp-block-buttons-is-layout-flex\">\n<div class=\"wp-block-button is-style-fill\"><a class=\"wp-block-button__link has-white-color has-text-color has-background\" href=\"https:\/\/kitesurflasterrenas.com\/es\/contacto\/\" style=\"border-radius:20px;background-color:#1a9edb\" rel=\"https:\/\/kitesurflasterrenas.com\/contact\/\"><strong>\u00bfLISTO PARA VISITAR NUESTRO PARA\u00cdSO? &#8211; \u00a1CONT\u00c1CTANOS AHORA!<\/strong><\/a><\/div>\n<\/div>\n\n<h2 class=\"wp-block-heading\">KiteWorld &#8211; Conoce a nuestro equipo<\/h2>\n\n<div class=\"wp-block-columns is-layout-flex wp-container-core-columns-is-layout-9d6595d7 wp-block-columns-is-layout-flex\">\n<div class=\"wp-block-column is-layout-flow wp-block-column-is-layout-flow\" style=\"flex-basis:33.33%\"><\/div>\n\n\n\n<div class=\"wp-block-column is-layout-flow wp-block-column-is-layout-flow\" style=\"flex-basis:66.66%\"><\/div>\n<\/div>\n\n<div class=\"wp-block-columns is-layout-flex wp-container-core-columns-is-layout-9d6595d7 wp-block-columns-is-layout-flex\">\n<div class=\"wp-block-column is-layout-flow wp-block-column-is-layout-flow\" style=\"flex-basis:33.33%\">\n<figure class=\"wp-block-image size-large\"><img decoding=\"async\" width=\"540\" height=\"801\" src=\"https:\/\/kitesurflasterrenas.com\/wp-content\/uploads\/2021\/02\/Fritz-Kiteboarding-instructor.jpg\" alt=\"Fritz - Instructor de kitesurf en Las Terrenas\" class=\"wp-image-4590\" srcset=\"https:\/\/kitesurflasterrenas.com\/wp-content\/uploads\/2021\/02\/Fritz-Kiteboarding-instructor.jpg 540w, https:\/\/kitesurflasterrenas.com\/wp-content\/uploads\/2021\/02\/Fritz-Kiteboarding-instructor-202x300.jpg 202w\" sizes=\"(max-width: 540px) 100vw, 540px\" \/><\/figure><\/div>\n\n\n\n<div class=\"wp-block-column is-layout-flow wp-block-column-is-layout-flow\" style=\"flex-basis:66.66%\">\n<h3 class=\"wp-block-heading\">Fritz &#8211; Profesor de kitesurf<\/h3>\n\n\n\n<p>Fritz naci\u00f3 en Hait\u00ed y vivi\u00f3 en un municipio con su familia, donde realiz\u00f3 toda su educaci\u00f3n escolar hasta la universidad. En 2008, su hermana lo invit\u00f3 a la Rep\u00fablica Dominicana donde comenz\u00f3 a trabajar en construcci\u00f3n y jardiner\u00eda.<\/p>\n\n\n\n<p>M\u00e1s tarde conoci\u00f3 a un franc\u00e9s, Leif Leiriche, el primer instructor de kitesurf en la Rep\u00fablica Dominicana. Le ofreci\u00f3 a Fritz su primer trabajo regular en Las Terrenas y le dio lecciones de kitesurf para que pudiera construirse un futuro mejor.<\/p>\n\n\n\n<p>Despu\u00e9s de 5 a\u00f1os trabajando en la escuela de kitesurf de Leif, Leif lo ayud\u00f3 a construir el primer hotel y escuela de kitesurf en Hait\u00ed. En 2017, tom\u00f3 el curso de instructor de kite ofrecido por KiteWorld; la primera escuela oficial en Las Terrenas que ofrece un nuevo m\u00e9todo de ense\u00f1anza de kitesurf.<\/p>\n\n\n\n<p>La crisis en Hait\u00ed se agrav\u00f3 tanto que tuvo que regresar a Rep\u00fablica Dominicana. Desde el a\u00f1o pasado forma parte del equipo de KiteWorld donde da clases de kitesurf en franc\u00e9s e ingl\u00e9s. Ha sido una adici\u00f3n bienvenida a la comunidad de kitesurf en Las Terrenas y tiene como objetivo compartir su pasi\u00f3n y amor por el kitesurf.<\/p>\n\n\n\n<p>Tambi\u00e9n es un experto en la reparaci\u00f3n de kites y su dicho favorito es \u00abnada es imposible\u00bb.<\/p>\n<\/div>\n<\/div>\n","protected":false},"excerpt":{"rendered":"<p>Nuestra escuela de kitesurf en Rep\u00fablica Dominicana ofrece clases de kitesurf para principiantes, as\u00ed como coaching avanzado para aquellos que ya saben c\u00f3mo hacer kitesurf. Tambi\u00e9n alquilamos todo el material que necesitas para hacer kitesurf si no necesitas clases, con material de calidad de Duotone Kiteboarding e Ion &#8230; <a title=\"Bienvenidos a KiteWorld, escuela de kitesurf en Las Terrenas\" class=\"read-more\" href=\"https:\/\/kitesurflasterrenas.com\/es\/kiteworld-escuela-kitesurf-republica-dominicana\/\" aria-label=\"M\u00e1s en Bienvenidos a KiteWorld, escuela de kitesurf en Las Terrenas\">Leer m\u00e1s<\/a><\/p>\n","protected":false},"author":2,"featured_media":4582,"parent":0,"menu_order":0,"comment_status":"closed","ping_status":"closed","template":"","meta":{"_joinchat":[],"footnotes":""},"class_list":{"0":"post-4579","1":"page","2":"type-page","3":"status-publish","4":"has-post-thumbnail","6":"resize-featured-image"},"_links":{"self":[{"href":"https:\/\/kitesurflasterrenas.com\/es\/wp-json\/wp\/v2\/pages\/4579","targetHints":{"allow":["GET"]}}],"collection":[{"href":"https:\/\/kitesurflasterrenas.com\/es\/wp-json\/wp\/v2\/pages"}],"about":[{"href":"https:\/\/kitesurflasterrenas.com\/es\/wp-json\/wp\/v2\/types\/page"}],"author":[{"embeddable":true,"href":"https:\/\/kitesurflasterrenas.com\/es\/wp-json\/wp\/v2\/users\/2"}],"replies":[{"embeddable":true,"href":"https:\/\/kitesurflasterrenas.com\/es\/wp-json\/wp\/v2\/comments?post=4579"}],"version-history":[{"count":7,"href":"https:\/\/kitesurflasterrenas.com\/es\/wp-json\/wp\/v2\/pages\/4579\/revisions"}],"predecessor-version":[{"id":6087,"href":"https:\/\/kitesurflasterrenas.com\/es\/wp-json\/wp\/v2\/pages\/4579\/revisions\/6087"}],"wp:featuredmedia":[{"embeddable":true,"href":"https:\/\/kitesurflasterrenas.com\/es\/wp-json\/wp\/v2\/media\/4582"}],"wp:attachment":[{"href":"https:\/\/kitesurflasterrenas.com\/es\/wp-json\/wp\/v2\/media?parent=4579"}],"curies":[{"name":"wp","href":"https:\/\/api.w.org\/{rel}","templated":true}]}}