{"id":4544,"date":"2021-03-04T10:12:35","date_gmt":"2021-03-04T14:12:35","guid":{"rendered":"https:\/\/kitesurflasterrenas.com\/kitesurf-republica-dominicana\/"},"modified":"2021-12-14T13:10:01","modified_gmt":"2021-12-14T17:10:01","slug":"kitesurf-republica-dominicana","status":"publish","type":"page","link":"https:\/\/kitesurflasterrenas.com\/es\/kitesurf-republica-dominicana\/","title":{"rendered":"Kitesurf en Las Terrenas, Rep\u00fablica Dominicana Escuela de kiteboarding"},"content":{"rendered":"<p>[vc_row css=\u00bb.vc_custom_1639407571456{margin-right: 10px !important;margin-left: 10px !important;}\u00bb][vc_column][vc_empty_space][vc_column_text css_animation=\u00bbnone\u00bb]<\/p>\n<h2 style=\"text-align: center;\">KITEWORLD : Escuela de kitesurf en Rep\u00fablica Dominicana<\/h2>\n<p>Bienvenido a nuestra escuela de kitesurf en Las Terrenas, un peque\u00f1o rinc\u00f3n del para\u00edso en el norte de la Rep\u00fablica Dominicana, donde podr\u00e1s relajarte y descubrir la naturaleza. \u00danase a nosotros para aprender kitesurf o mejorar sus habilidades. Sea cual sea tu nivel, nuestro equipo de profesores se adaptar\u00e1 a tus necesidades en un entorno id\u00edlico y c\u00e1lido. Compartiremos contigo nuestra pasi\u00f3n por el kitesurf y nuestra escuela te dar\u00e1 los mejores consejos para una experiencia exitosa en Rep\u00fablica Dominicana.<\/p>\n<p>Tambi\u00e9n podemos ayudarte a organizar tus vacaciones: transporte, alquiler y reserva de alojamiento, tours y visitas a puntos de inter\u00e9s alrededor de Las Terrenas, alquiler de material &#8230;<\/p>\n<h5>Escuela de surf n \u00b0 1 en Rep\u00fablica Dominicana desde 2013, abierta a principiantes, ni\u00f1os y kiters avanzados.<\/h5>\n<p>[\/vc_column_text][vc_row_inner][vc_column_inner width=\u00bb1\/3&#8243;][vc_column_text]<\/p>\n<h2 style=\"text-align: center;\">Escuela de Kitesurf<\/h2>\n<p style=\"text-align: center;\">Ense\u00f1amos a ni\u00f1os, principiantes y expertos con instructores certificados. \u00a1Nuestro equipo es el \u00fanico en Las Terrenas que habla ingl\u00e9s y franc\u00e9s con fluidez!<\/p>\n<p>[\/vc_column_text][\/vc_column_inner][vc_column_inner width=\u00bb1\/3&#8243;][vc_column_text]<\/p>\n<h2 style=\"text-align: center;\">Renta de Kitesurf<\/h2>\n<p>Desde principiantes hasta kitesurfistas independientes, Kiteworld tiene todo el equipo de alquiler de kitesurf en Las Terrenas: equipo para ni\u00f1os, principiantes y kiters avanzados (alas, tablas, foils, kayaks, cascos, etc.)[\/vc_column_text][\/vc_column_inner][vc_column_inner width=\u00bb1\/3&#8243;][vc_column_text]<\/p>\n<h2 style=\"text-align: center;\">Cruceros de kitesurf<\/h2>\n<p style=\"text-align: center;\">Desde Las Terrenas, descubre paisajes impresionantes (cascada El Lim\u00f3n, tirolesa en Saman\u00e1 a trav\u00e9s de la exuberante jungla, ballenas) y los mejores lugares para practicar kitesurf en Rep\u00fablica Dominicana.<\/p>\n<p>[\/vc_column_text][\/vc_column_inner][\/vc_row_inner][vc_btn title=\u00bb<b>Viento en directo de la estaci\u00f3n Holfuy<b>\u00bb style=\u00bbflat\u00bb shape=\u00bbround\u00bb color=\u00bbwarning\u00bb align=\u00bbcenter\u00bb i_icon_fontawesome=\u00bbfas fa-wind\u00bb add_icon=\u00bbtrue\u00bb link=\u00bburl:https%3A%2F%2Fkitesurflasterrenas.com%2Fdominican-republic-wind-waves-forecast%2F|title:LIVE%20WIND\u00bb css=\u00bb.vc_custom_1639236718460{margin-top: 50px !important;}\u00bb][vc_empty_space height=\u00bb15px\u00bb][\/vc_column][\/vc_row][vc_row content_placement=\u00bbtop\u00bb css_animation=\u00bbfadeIn\u00bb css=\u00bb.vc_custom_1639407255432{background-color: #f2f2f2 !important;}\u00bb][vc_column width=\u00bb1\/4&#8243;][vc_single_image image=\u00bb4608&#8243; img_size=\u00bb300&#215;200&#8243; alignment=\u00bbcenter\u00bb title=\u00bbClases de Kitesurf\u00bb][vc_column_text]<\/b><\/b><\/p>\n<p style=\"text-align: center;\"><em>Principiante hasta advan\u00e7ado (foil, freestyle, surf)<\/em><\/p>\n<p style=\"text-align: center;\">Las Terrenas es el mejor spot en Republica Dominicana con agua plana y poca gente navegando. Juntanos para aprender lo mejor del kitesurf.<\/p>\n<p>[\/vc_column_text][vc_btn title=\u00bbReserva Ahora\u00bb style=\u00bbflat\u00bb shape=\u00bbround\u00bb color=\u00bbwarning\u00bb align=\u00bbcenter\u00bb button_block=\u00bbtrue\u00bb link=\u00bburl:https%3A%2F%2Fkitesurflasterrenas.com%2Fes%2Fclases-kitesurf-terrenas-republica-dominicana%2F|title:Clases\u00bb css=\u00bb.vc_custom_1639501792596{margin-top: 50px !important;}\u00bb][\/vc_column][vc_column width=\u00bb1\/4&#8243;][vc_single_image image=\u00bb4568&#8243; img_size=\u00bb300&#215;200&#8243; alignment=\u00bbcenter\u00bb title=\u00bbAlquiler\u00bb][vc_column_text]<\/p>\n<p style=\"text-align: center;\"><em>DUOTONE &amp; ION<\/em><\/p>\n<p style=\"text-align: center;\">Ofrecemos equipos de kitesurf de la mejor calidad de Duotone e Ion, marcas de renombre mundial y l\u00edderes en el mercado. Perfecto para riders avanzados que quieren hacer kitesurf sin ayuda.<\/p>\n<p>[\/vc_column_text][vc_btn title=\u00bbAlquila un kite\u00bb style=\u00bbflat\u00bb shape=\u00bbround\u00bb color=\u00bbwarning\u00bb align=\u00bbcenter\u00bb button_block=\u00bbtrue\u00bb link=\u00bburl:https%3A%2F%2Fkitesurflasterrenas.com%2Fes%2Fprecios%2F|title:alquila%20un%20kite\u00bb css=\u00bb.vc_custom_1639406846409{margin-top: 50px !important;}\u00bb][\/vc_column][vc_column width=\u00bb1\/4&#8243;][vc_single_image image=\u00bb1504&#8243; img_size=\u00bb300&#215;200&#8243; alignment=\u00bbcenter\u00bb title=\u00bbHoteles\u00bb][vc_column_text]<\/p>\n<p style=\"text-align: center;\"><em>Hoteles, complejos tur\u00edsticos o villas privadas<\/em><\/p>\n<p style=\"text-align: center;\">Descubre nuestra selecci\u00f3n de los mejores alojamientos\u00a0 para todos los presupuestos, desde hostales hasta lujosas villas, en ubicaciones convenientes cerca de los mejores lugares.<\/p>\n<p>[\/vc_column_text][vc_btn title=\u00bbVer M\u00e1s\u00bb style=\u00bbflat\u00bb shape=\u00bbround\u00bb color=\u00bbwarning\u00bb align=\u00bbcenter\u00bb button_block=\u00bbtrue\u00bb link=\u00bburl:https%3A%2F%2Fkitesurflasterrenas.com%2Fes%2Falojamientos-las-terrenas%2F|title:alojamientos\u00bb css=\u00bb.vc_custom_1639406854660{margin-top: 50px !important;}\u00bb][\/vc_column][vc_column width=\u00bb1\/4&#8243;][vc_single_image image=\u00bb4706&#8243; img_size=\u00bb300&#215;200&#8243; alignment=\u00bbcenter\u00bb title=\u00bbExcursiones\u00bb][vc_column_text]<\/p>\n<p style=\"text-align: center;\"><em>Excursiones en Saman\u00e1<\/em><\/p>\n<p style=\"text-align: center;\">Descubra la Pen\u00ednsula de Saman\u00e1 con nuestras excursiones, desde aventuras en la jungla hasta actividades culturales, y todo lo dem\u00e1s, perfecto cuando est\u00e1 esperando que empeze el viento.<\/p>\n<p>[\/vc_column_text][vc_btn title=\u00bbDescubrir\u00bb style=\u00bbflat\u00bb shape=\u00bbround\u00bb color=\u00bbwarning\u00bb align=\u00bbcenter\u00bb button_block=\u00bbtrue\u00bb link=\u00bburl:https%3A%2F%2Fkitesurflasterrenas.com%2Fes%2Fexcursiones-tours-republica-dominicana%2F|title:excursiones\u00bb css=\u00bb.vc_custom_1639406865981{margin-top: 50px !important;}\u00bb][\/vc_column][\/vc_row][vc_row][vc_column width=\u00bb2\/3&#8243; css=\u00bb.vc_custom_1639238150295{padding-left: 50px !important;}\u00bb][vc_column_text css_animation=\u00bbnone\u00bb]<\/p>\n<h4 style=\"text-align: left;\">KITESURF EN LAS TERRENAS<\/h4>\n<p>[\/vc_column_text][vc_column_text css_animation=\u00bbbottom-to-top\u00bb]<\/p>\n<ul>\n<li style=\"max-width: 600px;\">Laguna de aguas tranquilas y poco profundas, ideal para todos los niveles.<\/li>\n<li style=\"max-width: 600px;\">Frente al resort todo incluido <a href=\"https:\/\/kitesurflasterrenas.com\/es\/alojamientos-las-terrenas\/\">Gran Bahia Principe El Portillo.<\/a><\/li>\n<li style=\"max-width: 600px;\"><a href=\"https:\/\/kitesurflasterrenas.com\/es\/clima-viento-pronotisco-republica-dominicana\/\">Vientos alisios constantes y agua c\u00e1lida durante todo el a\u00f1o.<\/a><\/li>\n<li style=\"max-width: 600px;\">Lugar secreto para escapar de las multitudes.<\/li>\n<li style=\"max-width: 600px;\">Muchas <a href=\"https:\/\/kitesurflasterrenas.com\/es\/excursiones-tours-republica-dominicana\/\" target=\"_blank\" rel=\"noopener\">opciones de excursiones<\/a> de medio d\u00eda para aquellos que no practican kitesurf o en d\u00edas de viento suave.<\/li>\n<li style=\"max-width: 600px;\">\u00a1Sin sargazo \/ algas!<\/li>\n<li style=\"max-width: 600px;\">A 2 horas en coche del spot de kitesurf de renombre mundial de la Rep\u00fablica Dominicana: Cabarete.<\/li>\n<\/ul>\n<p>[\/vc_column_text][vc_btn title=\u00bb<b>\u00a1Elige tus clases!<b>\u00bb style=\u00bbflat\u00bb shape=\u00bbround\u00bb color=\u00bbwarning\u00bb size=\u00bblg\u00bb align=\u00bbcenter\u00bb i_icon_fontawesome=\u00bbfas fa-snowboarding\u00bb add_icon=\u00bbtrue\u00bb link=\u00bburl:https%3A%2F%2Fkitesurflasterrenas.com%2Fes%2Fkiteworld-escuela-kitesurf-republica-dominicana%2F\u00bb css=\u00bb.vc_custom_1639238430701{margin-top: 50px !important;}\u00bb][\/vc_column][vc_column width=\u00bb1\/3&#8243;][vc_single_image image=\u00bb5292&#8243; img_size=\u00bbfull\u00bb][\/vc_column][\/vc_row][vc_row][vc_column][vc_column_text][trustindex no-registration=tripadvisor][\/vc_column_text][\/vc_column][\/vc_row][vc_row][vc_column width=\u00bb1\/4&#8243;][vc_column_text css_animation=\u00bbbounceInLeft\u00bb]<\/b><\/b><\/p>\n<h3 style=\"text-align: center;\">DESCUBRE NUESTROS CRUCEROS DE KITESURF<\/h3>\n<h4 style=\"text-align: center;\"><em>\u00a1Por primera vez en la Rep\u00fablica Dominicana!<\/em><\/h4>\n<p style=\"text-align: center;\">Si est\u00e1s buscando una forma \u00fanica de pasar tus pr\u00f3ximas vacaciones, \u00a1no busca m\u00e1s! Qu\u00e9date en nuestro catamar\u00e1n y te llevaremos a navegar a los mejores lugares para practicar kitesurf en el pa\u00eds para una experiencia que no olvidar\u00e1s.<\/p>\n<p>[\/vc_column_text][vc_btn title=\u00bbM\u00e1s informaciones\u00bb style=\u00bbflat\u00bb shape=\u00bbround\u00bb color=\u00bbwarning\u00bb align=\u00bbcenter\u00bb i_icon_fontawesome=\u00bbfas fa-ship\u00bb button_block=\u00bbtrue\u00bb add_icon=\u00bbtrue\u00bb link=\u00bburl:https%3A%2F%2Fkitesurflasterrenas.com%2Fes%2Fcrucero-kitesurf-republica-dominicana%2F|title:crucero%20kitesurf\u00bb css=\u00bb.vc_custom_1639407367225{margin-top: 50px !important;}\u00bb][\/vc_column][vc_column width=\u00bb3\/4&#8243;][vc_single_image image=\u00bb4653&#8243; img_size=\u00bbfull\u00bb alignment=\u00bbcenter\u00bb][\/vc_column][\/vc_row][vc_row][vc_column][vc_text_separator title=\u00bbNuestros socios\u00bb][vc_row_inner][vc_column_inner width=\u00bb1\/3&#8243;][vc_single_image image=\u00bb5983&#8243; alignment=\u00bbcenter\u00bb onclick=\u00bbcustom_link\u00bb link=\u00bbhttp:\/\/www.flysurf.com\/\u00bb][\/vc_column_inner][vc_column_inner width=\u00bb1\/3&#8243;][vc_single_image image=\u00bb4567&#8243; alignment=\u00bbcenter\u00bb onclick=\u00bbcustom_link\u00bb link=\u00bbhttp:\/\/www.onelaunchkiteboarding.com\/\u00bb][\/vc_column_inner][vc_column_inner width=\u00bb1\/3&#8243;][vc_single_image image=\u00bb5987&#8243; alignment=\u00bbcenter\u00bb onclick=\u00bbcustom_link\u00bb link=\u00bbhttps:\/\/www.duotonesports.com\/\u00bb][\/vc_column_inner][\/vc_row_inner][\/vc_column][\/vc_row]<\/p>\n","protected":false},"excerpt":{"rendered":"<p>[vc_row css=\u00bb.vc_custom_1639407571456{margin-right: 10px !important;margin-left: 10px !important;}\u00bb][vc_column][vc_empty_space][vc_column_text css_animation=\u00bbnone\u00bb] KITEWORLD : Escuela de kitesurf en Rep\u00fablica Dominicana Bienvenido a nuestra escuela de kitesurf en Las Terrenas, un peque\u00f1o rinc\u00f3n del para\u00edso en el norte de la Rep\u00fablica Dominicana, donde podr\u00e1s relajarte y descubrir la naturaleza. \u00danase a nosotros para aprender &#8230; <a title=\"Kitesurf en Las Terrenas, Rep\u00fablica Dominicana Escuela de kiteboarding\" class=\"read-more\" href=\"https:\/\/kitesurflasterrenas.com\/es\/kitesurf-republica-dominicana\/\" aria-label=\"M\u00e1s en Kitesurf en Las Terrenas, Rep\u00fablica Dominicana Escuela de kiteboarding\">Leer m\u00e1s<\/a><\/p>\n","protected":false},"author":2,"featured_media":4555,"parent":0,"menu_order":0,"comment_status":"closed","ping_status":"closed","template":"","meta":{"_joinchat":[],"footnotes":""},"class_list":{"0":"post-4544","1":"page","2":"type-page","3":"status-publish","4":"has-post-thumbnail","6":"resize-featured-image"},"_links":{"self":[{"href":"https:\/\/kitesurflasterrenas.com\/es\/wp-json\/wp\/v2\/pages\/4544","targetHints":{"allow":["GET"]}}],"collection":[{"href":"https:\/\/kitesurflasterrenas.com\/es\/wp-json\/wp\/v2\/pages"}],"about":[{"href":"https:\/\/kitesurflasterrenas.com\/es\/wp-json\/wp\/v2\/types\/page"}],"author":[{"embeddable":true,"href":"https:\/\/kitesurflasterrenas.com\/es\/wp-json\/wp\/v2\/users\/2"}],"replies":[{"embeddable":true,"href":"https:\/\/kitesurflasterrenas.com\/es\/wp-json\/wp\/v2\/comments?post=4544"}],"version-history":[{"count":44,"href":"https:\/\/kitesurflasterrenas.com\/es\/wp-json\/wp\/v2\/pages\/4544\/revisions"}],"predecessor-version":[{"id":6036,"href":"https:\/\/kitesurflasterrenas.com\/es\/wp-json\/wp\/v2\/pages\/4544\/revisions\/6036"}],"wp:featuredmedia":[{"embeddable":true,"href":"https:\/\/kitesurflasterrenas.com\/es\/wp-json\/wp\/v2\/media\/4555"}],"wp:attachment":[{"href":"https:\/\/kitesurflasterrenas.com\/es\/wp-json\/wp\/v2\/media?parent=4544"}],"curies":[{"name":"wp","href":"https:\/\/api.w.org\/{rel}","templated":true}]}}